{"id":28923,"date":"2024-09-28T10:03:03","date_gmt":"2024-09-28T10:03:03","guid":{"rendered":"https:\/\/jxgchocolate.com\/?post_type=product&#038;p=28923"},"modified":"2025-03-08T06:04:26","modified_gmt":"2025-03-08T06:04:26","slug":"mini-sunflower-seeds-chocolate-wholesale","status":"publish","type":"product","link":"https:\/\/jxgchocolate.com\/de\/produkt\/mini-sunflower-seeds-chocolate-wholesale\/","title":{"rendered":"Mini Sonnenblumenkerne Schokolade Gro\u00dfhandel mit konkurrenzf\u00e4higem Preis"},"content":{"rendered":"<div class=\"wp-block-columns is-layout-flex wp-container-core-columns-is-layout-9d6595d7 wp-block-columns-is-layout-flex\">\n<div class=\"wp-block-column is-layout-flow wp-block-column-is-layout-flow\">\n<h2 class=\"wp-block-heading\">Premium Mini Sonnenblumenkerne Schokolade Gro\u00dfhandel Merkmale:<\/h2>\n\n\n\n<ul class=\"wp-block-list\">\n<li><strong>Mehr Tragbarkeit:<\/strong> Aufgrund seiner geringen Gr\u00f6\u00dfe ist dieser Mini-Sonnenblumenkern-Schokoladen-Gro\u00dfhandel tragbar und kann \u00fcberall und jederzeit verzehrt werden, was ihn zu einer perfekten Option f\u00fcr die Mitnahme in einer Handtasche oder einem Portemonnaie macht.<\/li>\n\n\n\n<li><strong>Einzigartige Geschmacksrichtung:<\/strong> Unsere Gro\u00dfhandelsschokolade mit Sonnenblumenkernen ist eine perfekte Kombination aus dem Reichtum der Schokolade und dem nussigen Knacken der Sonnenblumenkerne, um einen einzigartigen Geschmack in der besten Mischung der beiden zu erzeugen.<\/li>\n\n\n\n<li><strong>Kontrollieren Sie die Portionsgr\u00f6\u00dfe: <\/strong>Aufgrund der bescheidenen Gr\u00f6\u00dfe jeder Schokolade, unsere Mini-Sonnenblumenkerne Schokolade Gro\u00dfhandel erm\u00f6glicht es den Kunden, ihre Portionsgr\u00f6\u00dfe zu kontrollieren und nicht zu viel Kalorien auf einmal nehmen.<\/li>\n\n\n\n<li><strong>Multigeschmacksvielfalt: <\/strong>Unsere Gro\u00dfhandel Sonnenblumenkerne Schokolade bieten mehrere verschiedene Geschmacksrichtungen auf dem Markt, um verschiedene Kunden Interessen wie Milchschokolade, dunkle Schokolade, wei\u00dfe Schokolade und so weiter zu erf\u00fcllen.<\/li>\n<\/ul>\n<\/div>\n\n\n\n<div class=\"wp-block-column is-layout-flow wp-block-column-is-layout-flow\">\n<figure class=\"wp-block-image size-full\"><img fetchpriority=\"high\" decoding=\"async\" width=\"1800\" height=\"1500\" src=\"https:\/\/jxgchocolate.com\/wp-content\/uploads\/2024\/09\/Competitive-Price-Mini-Sunflower-Seeds-Chocolate-Wholesale-Suppliers1.webp\" alt=\"Konkurrenzf\u00e4higer Preis Mini Sonnenblumenkerne Schokolade Gro\u00dfhandel-1\" class=\"wp-image-28928\" srcset=\"https:\/\/jxgchocolate.com\/wp-content\/uploads\/2024\/09\/Competitive-Price-Mini-Sunflower-Seeds-Chocolate-Wholesale-Suppliers1.webp 1800w, https:\/\/jxgchocolate.com\/wp-content\/uploads\/2024\/09\/Competitive-Price-Mini-Sunflower-Seeds-Chocolate-Wholesale-Suppliers1-360x300.webp 360w, https:\/\/jxgchocolate.com\/wp-content\/uploads\/2024\/09\/Competitive-Price-Mini-Sunflower-Seeds-Chocolate-Wholesale-Suppliers1-768x640.webp 768w, https:\/\/jxgchocolate.com\/wp-content\/uploads\/2024\/09\/Competitive-Price-Mini-Sunflower-Seeds-Chocolate-Wholesale-Suppliers1-14x12.webp 14w, https:\/\/jxgchocolate.com\/wp-content\/uploads\/2024\/09\/Competitive-Price-Mini-Sunflower-Seeds-Chocolate-Wholesale-Suppliers1-430x358.webp 430w, https:\/\/jxgchocolate.com\/wp-content\/uploads\/2024\/09\/Competitive-Price-Mini-Sunflower-Seeds-Chocolate-Wholesale-Suppliers1-700x583.webp 700w, https:\/\/jxgchocolate.com\/wp-content\/uploads\/2024\/09\/Competitive-Price-Mini-Sunflower-Seeds-Chocolate-Wholesale-Suppliers1-150x125.webp 150w\" sizes=\"(max-width: 1800px) 100vw, 1800px\" \/><\/figure>\n<\/div>\n<\/div>\n\n\n\n<p><\/p>","protected":false},"excerpt":{"rendered":"<p>Willkommen im Gro\u00dfhandel Sonnenblumenkerne Schokolade zu kaufen. Unsere Mini-Sonnenblumenkerne Schokolade Gro\u00dfhandel hat knusprige Sonnenblumenkerne Kern und mit glatter Schokolade \u00fcberzogen. Sie hat einen starken Geschmack und ist s\u00fc\u00df, aber nicht klebrig. Sie ist bei Kunden aller Altersgruppen sehr beliebt. Durch die Verwendung hochwertiger Rohstoffe ist sie f\u00fcr Snackshops, Superm\u00e4rkte und andere Gro\u00dfh\u00e4ndler geeignet.<\/p>\n<table width=\"275\">\n<tbody>\n<tr>\n<td width=\"108\">Hersteller<\/td>\n<td width=\"167\">Gl\u00fccksfrucht<\/td>\n<\/tr>\n<tr>\n<td>MODELL NR.<\/td>\n<td>JXG40<\/td>\n<\/tr>\n<tr>\n<td>Typ<\/td>\n<td>Sonnenblumenkerne Schokolade\u00a0<\/td>\n<\/tr>\n<tr>\n<td>Verpackung<\/td>\n<td>Verpackung der Tasche<\/td>\n<\/tr>\n<tr>\n<td>Spezifikation<\/td>\n<td>20 kleine Beutel<\/td>\n<\/tr>\n<tr>\n<td>Gr\u00f6\u00dfe des Kartons<\/td>\n<td>53*33*37.5cm<\/td>\n<\/tr>\n<tr>\n<td>N.W \/SET<\/td>\n<td>23g*20St\u00fcck*12Beutel<\/td>\n<\/tr>\n<tr>\n<td>Farbe<\/td>\n<td>Als Bild<\/td>\n<\/tr>\n<tr>\n<td>MOQ<\/td>\n<td>500 Kartons<\/td>\n<\/tr>\n<tr>\n<td>Personalisierung<\/td>\n<td>Verpackung\/LOGO<\/td>\n<\/tr>\n<\/tbody>\n<\/table>","protected":false},"featured_media":28929,"comment_status":"closed","ping_status":"closed","template":"","meta":[],"product_cat":[72],"product_tag":[],"class_list":{"0":"post-28923","1":"product","2":"type-product","3":"status-publish","4":"has-post-thumbnail","6":"product_cat-wholesale-chocolate-covered-sunflower-seeds","8":"first","9":"instock","10":"shipping-taxable","11":"product-type-simple"},"_links":{"self":[{"href":"https:\/\/jxgchocolate.com\/de\/wp-json\/wp\/v2\/product\/28923","targetHints":{"allow":["GET"]}}],"collection":[{"href":"https:\/\/jxgchocolate.com\/de\/wp-json\/wp\/v2\/product"}],"about":[{"href":"https:\/\/jxgchocolate.com\/de\/wp-json\/wp\/v2\/types\/product"}],"replies":[{"embeddable":true,"href":"https:\/\/jxgchocolate.com\/de\/wp-json\/wp\/v2\/comments?post=28923"}],"version-history":[{"count":0,"href":"https:\/\/jxgchocolate.com\/de\/wp-json\/wp\/v2\/product\/28923\/revisions"}],"wp:featuredmedia":[{"embeddable":true,"href":"https:\/\/jxgchocolate.com\/de\/wp-json\/wp\/v2\/media\/28929"}],"wp:attachment":[{"href":"https:\/\/jxgchocolate.com\/de\/wp-json\/wp\/v2\/media?parent=28923"}],"wp:term":[{"taxonomy":"product_cat","embeddable":true,"href":"https:\/\/jxgchocolate.com\/de\/wp-json\/wp\/v2\/product_cat?post=28923"},{"taxonomy":"product_tag","embeddable":true,"href":"https:\/\/jxgchocolate.com\/de\/wp-json\/wp\/v2\/product_tag?post=28923"}],"curies":[{"name":"wp","href":"https:\/\/api.w.org\/{rel}","templated":true}]}}