{"id":28932,"date":"2024-09-28T10:18:58","date_gmt":"2024-09-28T10:18:58","guid":{"rendered":"https:\/\/jxgchocolate.com\/?post_type=product&#038;p=28932"},"modified":"2025-03-08T06:07:08","modified_gmt":"2025-03-08T06:07:08","slug":"milk-tea-chocolate-sunflower-seeds-bulk","status":"publish","type":"product","link":"https:\/\/jxgchocolate.com\/de\/produkt\/milk-tea-chocolate-sunflower-seeds-bulk\/","title":{"rendered":"Milk Tea Chocolate Sonnenblumenkerne Bulk zu attraktivem Preis"},"content":{"rendered":"<div class=\"wp-block-columns is-layout-flex wp-container-core-columns-is-layout-9d6595d7 wp-block-columns-is-layout-flex\">\n<div class=\"wp-block-column is-layout-flow wp-block-column-is-layout-flow\">\n<h2 class=\"wp-block-heading\">Premium Milk Tea Chocolate Sonnenblumenkerne Bulk Eigenschaften:<\/h2>\n\n\n\n<ul class=\"wp-block-list\">\n<li><strong>Lange Haltbarkeitsdauer: <\/strong>Unsere Milchschokoladen-Sonnenblumenkerne in loser Sch\u00fcttung haben einen duftenden und knusprigen Geschmack, mit prallen Partikeln. Das einzigartige Herstellungsverfahren garantiert eine Haltbarkeit von bis zu 10 Monaten.<\/li>\n\n\n\n<li><strong>Gute Verpackung: <\/strong>Unabh\u00e4ngige kleine Verpackung kann effektiv den urspr\u00fcnglichen Geschmack und das Aroma der Gro\u00dfhandel Schokolade \u00fcberzogen Sonnenblumenkerne zu erhalten. Der Nettoinhalt von 23 Gramm ist besser geeignet f\u00fcr jede \u00d6ffnung und Verkostung, s\u00fc\u00df, aber nicht fettig, schmelzen in den Mund und Herz.<\/li>\n\n\n\n<li><strong>Einzigartige Kombination:<\/strong> Unsere Milch-Tee-Schokoladen-Sonnenblumenkerne in loser Sch\u00fcttung mit Yashi Dangcong-Teegeschmack verbinden \u00f6stliche Teeelemente mit westlicher Schokolade und schaffen so eine geheimnisvolle Kombination aus Reichhaltigkeit, S\u00fc\u00dfe und Frische. Es ist ein chinesischer Tee, der gekaut und gegessen werden kann.<\/li>\n\n\n\n<li><strong>Besonderer Geschmack: <\/strong>Diese mit Gro\u00dfhandelsschokolade \u00fcberzogenen Sonnenblumenkerne mit Yashi Dancong-Teegeschmack verk\u00f6rpern beim Kauen den chinesischen Geschmack von Schokolade. Es ist leicht, s\u00fc\u00df und angenehm, mit einem leicht beschwipsten Tee-Aroma, das schwer ist, das chinesische Gef\u00fchl zu l\u00f6schen.<\/li>\n<\/ul>\n<\/div>\n\n\n\n<div class=\"wp-block-column is-layout-flow wp-block-column-is-layout-flow\">\n<figure class=\"wp-block-image size-full\"><img fetchpriority=\"high\" decoding=\"async\" width=\"1800\" height=\"1500\" src=\"https:\/\/jxgchocolate.com\/wp-content\/uploads\/2024\/09\/Bulk-Chocolate-Covered-Sunflower-Seeds-with-Yashi-Dancong-Tea-Flavor3.webp\" alt=\"Milch-Tee-Schokoladen-Sonnenblumenkerne Bulk mit Tee-Geschmack-3\" class=\"wp-image-28936\" srcset=\"https:\/\/jxgchocolate.com\/wp-content\/uploads\/2024\/09\/Bulk-Chocolate-Covered-Sunflower-Seeds-with-Yashi-Dancong-Tea-Flavor3.webp 1800w, https:\/\/jxgchocolate.com\/wp-content\/uploads\/2024\/09\/Bulk-Chocolate-Covered-Sunflower-Seeds-with-Yashi-Dancong-Tea-Flavor3-360x300.webp 360w, https:\/\/jxgchocolate.com\/wp-content\/uploads\/2024\/09\/Bulk-Chocolate-Covered-Sunflower-Seeds-with-Yashi-Dancong-Tea-Flavor3-768x640.webp 768w, https:\/\/jxgchocolate.com\/wp-content\/uploads\/2024\/09\/Bulk-Chocolate-Covered-Sunflower-Seeds-with-Yashi-Dancong-Tea-Flavor3-14x12.webp 14w, https:\/\/jxgchocolate.com\/wp-content\/uploads\/2024\/09\/Bulk-Chocolate-Covered-Sunflower-Seeds-with-Yashi-Dancong-Tea-Flavor3-430x358.webp 430w, https:\/\/jxgchocolate.com\/wp-content\/uploads\/2024\/09\/Bulk-Chocolate-Covered-Sunflower-Seeds-with-Yashi-Dancong-Tea-Flavor3-700x583.webp 700w, https:\/\/jxgchocolate.com\/wp-content\/uploads\/2024\/09\/Bulk-Chocolate-Covered-Sunflower-Seeds-with-Yashi-Dancong-Tea-Flavor3-150x125.webp 150w\" sizes=\"(max-width: 1800px) 100vw, 1800px\" \/><\/figure>\n<\/div>\n<\/div>\n\n\n\n<p><\/p>","protected":false},"excerpt":{"rendered":"<p>Willkommen im Gro\u00dfhandel Schokolade Sonnenblumenkerne zu kaufen. Diese Milch-Tee-Schokolade Sonnenblumenkerne lose kombiniert hochwertige Schokolade mit dem einzigartigen Geschmack von chinesischem Tee. Sie umh\u00fcllt die knusprigen Sonnenblumenkerne mit seidiger Schokolade und vermischt sie mit einem leichten Tee-Aroma, was ein vielschichtiges Geschmackserlebnis ergibt. Es ist ein innovativer und einzigartiger Schokoladensnack.<\/p>\n<table width=\"275\">\n<tbody>\n<tr>\n<td width=\"108\">Hersteller<\/td>\n<td width=\"167\">Gl\u00fccksfrucht<\/td>\n<\/tr>\n<tr>\n<td>MODELL NR.<\/td>\n<td>JXG341<\/td>\n<\/tr>\n<tr>\n<td>Typ<\/td>\n<td>Sonnenblumenkerne Schokolade<\/td>\n<\/tr>\n<tr>\n<td>Verpackung<\/td>\n<td>Verpackung der Tasche<\/td>\n<\/tr>\n<tr>\n<td>Spezifikation<\/td>\n<td>20 Taschen<\/td>\n<\/tr>\n<tr>\n<td>Gr\u00f6\u00dfe des Kartons<\/td>\n<td>53*33*37.5cm<\/td>\n<\/tr>\n<tr>\n<td>N.W \/SET<\/td>\n<td>23g*20St\u00fcck*12Beutel<\/td>\n<\/tr>\n<tr>\n<td>Farbe<\/td>\n<td>Als Bild<\/td>\n<\/tr>\n<tr>\n<td>MOQ<\/td>\n<td>500 Kartons<\/td>\n<\/tr>\n<tr>\n<td>Personalisierung<\/td>\n<td>Verpackung\/LOGO<\/td>\n<\/tr>\n<\/tbody>\n<\/table>","protected":false},"featured_media":28935,"comment_status":"closed","ping_status":"closed","template":"","meta":[],"product_cat":[72],"product_tag":[],"class_list":{"0":"post-28932","1":"product","2":"type-product","3":"status-publish","4":"has-post-thumbnail","6":"product_cat-wholesale-chocolate-covered-sunflower-seeds","8":"first","9":"instock","10":"shipping-taxable","11":"product-type-simple"},"_links":{"self":[{"href":"https:\/\/jxgchocolate.com\/de\/wp-json\/wp\/v2\/product\/28932","targetHints":{"allow":["GET"]}}],"collection":[{"href":"https:\/\/jxgchocolate.com\/de\/wp-json\/wp\/v2\/product"}],"about":[{"href":"https:\/\/jxgchocolate.com\/de\/wp-json\/wp\/v2\/types\/product"}],"replies":[{"embeddable":true,"href":"https:\/\/jxgchocolate.com\/de\/wp-json\/wp\/v2\/comments?post=28932"}],"version-history":[{"count":0,"href":"https:\/\/jxgchocolate.com\/de\/wp-json\/wp\/v2\/product\/28932\/revisions"}],"wp:featuredmedia":[{"embeddable":true,"href":"https:\/\/jxgchocolate.com\/de\/wp-json\/wp\/v2\/media\/28935"}],"wp:attachment":[{"href":"https:\/\/jxgchocolate.com\/de\/wp-json\/wp\/v2\/media?parent=28932"}],"wp:term":[{"taxonomy":"product_cat","embeddable":true,"href":"https:\/\/jxgchocolate.com\/de\/wp-json\/wp\/v2\/product_cat?post=28932"},{"taxonomy":"product_tag","embeddable":true,"href":"https:\/\/jxgchocolate.com\/de\/wp-json\/wp\/v2\/product_tag?post=28932"}],"curies":[{"name":"wp","href":"https:\/\/api.w.org\/{rel}","templated":true}]}}