{"id":28957,"date":"2024-10-12T08:43:02","date_gmt":"2024-10-12T08:43:02","guid":{"rendered":"https:\/\/jxgchocolate.com\/?post_type=product&#038;p=28957"},"modified":"2025-03-08T06:33:37","modified_gmt":"2025-03-08T06:33:37","slug":"wholesale-chocolate-coated-sunflower-seeds","status":"publish","type":"product","link":"https:\/\/jxgchocolate.com\/de\/produkt\/wholesale-chocolate-coated-sunflower-seeds\/","title":{"rendered":"Gro\u00dfhandel Schokolade beschichtet Sonnenblumenkerne zu g\u00fcnstigen Preisen"},"content":{"rendered":"<div class=\"wp-block-columns is-layout-flex wp-container-core-columns-is-layout-9d6595d7 wp-block-columns-is-layout-flex\">\n<div class=\"wp-block-column is-layout-flow wp-block-column-is-layout-flow\">\n<h2 class=\"wp-block-heading\">Premium-Gro\u00dfhandel Schokolade \u00fcberzogene Sonnenblumenkerne Merkmale:<\/h2>\n\n\n\n<ul class=\"wp-block-list\">\n<li><strong>Einzigartiger Geschmack: <\/strong>Unsere mit Schokolade \u00fcberzogenen Sonnenblumenkerne f\u00fcr den Gro\u00dfhandel verbinden die S\u00fc\u00dfe von Schokolade mit der Knackigkeit von Sonnenblumenkernen und schaffen durch die perfekte Verschmelzung der beiden Zutaten ein einzigartiges Geschmackserlebnis.<\/li>\n\n\n\n<li><strong>Vielf\u00e4ltige Geschmacksoptionen: <\/strong>Es kann mehrere Geschmacksrichtungen von Sonnenblumenkernschokolade auf dem Markt geben, z. B. Milchschokolade, dunkle Schokolade, wei\u00dfe Schokolade usw., um den Geschmacksvorlieben der verschiedenen Verbraucher gerecht zu werden.<\/li>\n\n\n\n<li><strong>Kostenwirksamkeit: <\/strong>Im Vergleich zu anderen Schokoladenprodukten sind unsere mit Schokolade \u00fcberzogenen Sonnenblumenkerne im Gro\u00dfhandel erschwinglicher und eine der kosteng\u00fcnstigsten Snackoptionen.<\/li>\n\n\n\n<li><strong>Verpackungsdesign: <\/strong>Unsere Gro\u00dfhandelssonnenblumenkernschokolade nimmt exquisite unabh\u00e4ngige Verpackung an, die nicht nur f\u00fcr Hygiene bequem ist, aber auch die Geschenkattribute des Produktes erh\u00f6ht, passend als Feiertagsgeschenke oder t\u00e4gliche kleine Geschenke.<\/li>\n<\/ul>\n<\/div>\n\n\n\n<div class=\"wp-block-column is-layout-flow wp-block-column-is-layout-flow\">\n<figure class=\"wp-block-image size-full\"><img fetchpriority=\"high\" decoding=\"async\" width=\"1800\" height=\"1500\" src=\"https:\/\/jxgchocolate.com\/wp-content\/uploads\/2024\/10\/Wholesale-Chocolate-Covered-Sunflower-Seeds-Bulk-With-Box-Packaging2.webp\" alt=\"Gro\u00dfhandel Schokolade beschichtet Sonnenblumenkerne in Box-Paket-2\" class=\"wp-image-28961\" srcset=\"https:\/\/jxgchocolate.com\/wp-content\/uploads\/2024\/10\/Wholesale-Chocolate-Covered-Sunflower-Seeds-Bulk-With-Box-Packaging2.webp 1800w, https:\/\/jxgchocolate.com\/wp-content\/uploads\/2024\/10\/Wholesale-Chocolate-Covered-Sunflower-Seeds-Bulk-With-Box-Packaging2-360x300.webp 360w, https:\/\/jxgchocolate.com\/wp-content\/uploads\/2024\/10\/Wholesale-Chocolate-Covered-Sunflower-Seeds-Bulk-With-Box-Packaging2-768x640.webp 768w, https:\/\/jxgchocolate.com\/wp-content\/uploads\/2024\/10\/Wholesale-Chocolate-Covered-Sunflower-Seeds-Bulk-With-Box-Packaging2-14x12.webp 14w, https:\/\/jxgchocolate.com\/wp-content\/uploads\/2024\/10\/Wholesale-Chocolate-Covered-Sunflower-Seeds-Bulk-With-Box-Packaging2-430x358.webp 430w, https:\/\/jxgchocolate.com\/wp-content\/uploads\/2024\/10\/Wholesale-Chocolate-Covered-Sunflower-Seeds-Bulk-With-Box-Packaging2-700x583.webp 700w, https:\/\/jxgchocolate.com\/wp-content\/uploads\/2024\/10\/Wholesale-Chocolate-Covered-Sunflower-Seeds-Bulk-With-Box-Packaging2-150x125.webp 150w\" sizes=\"(max-width: 1800px) 100vw, 1800px\" \/><\/figure>\n<\/div>\n<\/div>","protected":false},"excerpt":{"rendered":"<p>Willkommen im Gro\u00dfhandel Schokolade beschichtet Sonnenblumenkerne zu kaufen. Unsere Bulk-Sonnenblumenkerne Schokolade haben unabh\u00e4ngige kleine Verpackung, die besser f\u00fcr die Lagerung und einfacher f\u00fcr tragbare teilen ist. Es ist ein gro\u00dfes Geschenk f\u00fcr Verwandte und Freunde.<\/p>\n<table style=\"height: 329px;\" width=\"271\">\n<tbody>\n<tr>\n<td width=\"108\">Hersteller<\/td>\n<td width=\"167\">Gl\u00fccksfrucht<\/td>\n<\/tr>\n<tr>\n<td>MODELL NR.<\/td>\n<td>JXG342<\/td>\n<\/tr>\n<tr>\n<td>Typ<\/td>\n<td>Sonnenblumenkerne Schokolade<\/td>\n<\/tr>\n<tr>\n<td>Verpackung<\/td>\n<td>Verpackung der Tasche<\/td>\n<\/tr>\n<tr>\n<td>Spezifikation<\/td>\n<td>20 Taschen<\/td>\n<\/tr>\n<tr>\n<td>Gr\u00f6\u00dfe des Kartons<\/td>\n<td>58*35.5*37.5cm<\/td>\n<\/tr>\n<tr>\n<td>N.W \/SET<\/td>\n<td>23g*20St\u00fcck*12Beutel<\/td>\n<\/tr>\n<tr>\n<td>Farbe<\/td>\n<td>Als Bild<\/td>\n<\/tr>\n<tr>\n<td>MOQ<\/td>\n<td>500 Kartons<\/td>\n<\/tr>\n<tr>\n<td>Personalisierung<\/td>\n<td>Verpackung\/LOGO<\/td>\n<\/tr>\n<\/tbody>\n<\/table>","protected":false},"featured_media":28960,"comment_status":"closed","ping_status":"closed","template":"","meta":[],"product_cat":[72],"product_tag":[],"class_list":{"0":"post-28957","1":"product","2":"type-product","3":"status-publish","4":"has-post-thumbnail","6":"product_cat-wholesale-chocolate-covered-sunflower-seeds","8":"first","9":"instock","10":"shipping-taxable","11":"product-type-simple"},"_links":{"self":[{"href":"https:\/\/jxgchocolate.com\/de\/wp-json\/wp\/v2\/product\/28957","targetHints":{"allow":["GET"]}}],"collection":[{"href":"https:\/\/jxgchocolate.com\/de\/wp-json\/wp\/v2\/product"}],"about":[{"href":"https:\/\/jxgchocolate.com\/de\/wp-json\/wp\/v2\/types\/product"}],"replies":[{"embeddable":true,"href":"https:\/\/jxgchocolate.com\/de\/wp-json\/wp\/v2\/comments?post=28957"}],"version-history":[{"count":0,"href":"https:\/\/jxgchocolate.com\/de\/wp-json\/wp\/v2\/product\/28957\/revisions"}],"wp:featuredmedia":[{"embeddable":true,"href":"https:\/\/jxgchocolate.com\/de\/wp-json\/wp\/v2\/media\/28960"}],"wp:attachment":[{"href":"https:\/\/jxgchocolate.com\/de\/wp-json\/wp\/v2\/media?parent=28957"}],"wp:term":[{"taxonomy":"product_cat","embeddable":true,"href":"https:\/\/jxgchocolate.com\/de\/wp-json\/wp\/v2\/product_cat?post=28957"},{"taxonomy":"product_tag","embeddable":true,"href":"https:\/\/jxgchocolate.com\/de\/wp-json\/wp\/v2\/product_tag?post=28957"}],"curies":[{"name":"wp","href":"https:\/\/api.w.org\/{rel}","templated":true}]}}