{"id":28984,"date":"2024-11-02T07:40:36","date_gmt":"2024-11-02T07:40:36","guid":{"rendered":"https:\/\/jxgchocolate.com\/?post_type=product&#038;p=28984"},"modified":"2024-11-02T07:40:38","modified_gmt":"2024-11-02T07:40:38","slug":"bulk-chocolate-covered-sunflower-seeds-2","status":"publish","type":"product","link":"https:\/\/jxgchocolate.com\/de\/produkt\/bulk-chocolate-covered-sunflower-seeds-2\/","title":{"rendered":"Sonnenblumenkerne mit Schokoladen\u00fcberzug und China-Tee-Geschmack (Bulk)"},"content":{"rendered":"<div class=\"wp-block-columns is-layout-flex wp-container-core-columns-is-layout-9d6595d7 wp-block-columns-is-layout-flex\">\n<div class=\"wp-block-column is-layout-flow wp-block-column-is-layout-flow\">\n<h2 class=\"wp-block-heading\">Premium Bulk-Sonnenblumenkerne mit Schokoladen\u00fcberzug Merkmale:<\/h2>\n\n\n\n<ul class=\"wp-block-list\">\n<li><strong>Einzigartige Geschmackskombination: <\/strong>Diese schokoladenumh\u00fcllten Sonnenblumenkerne vereinen auf raffinierte Weise das einzigartige Aroma des Yashi Dancong-Tees mit dem knusprigen Geschmack von Sonnenblumenkernen und schaffen so ein noch nie dagewesenes Geschmackserlebnis. Das einzigartige komplexe Aroma von Mandel und Gei\u00dfblatt im Yashi Dancong-Tee, kombiniert mit der S\u00fc\u00dfe von Schokolade und der Knusprigkeit von Sonnenblumenkernen, bietet den Verbrauchern ein v\u00f6llig neues Geschmackserlebnis.<\/li>\n\n\n\n<li><strong>Kultureller Wert: <\/strong>Der Yashi Dancong-Tee ist einer der ber\u00fchmtesten traditionellen Teesorten Chinas und verf\u00fcgt \u00fcber ein tiefes kulturelles Erbe. Ihn in Schokolade zu integrieren, ist nicht nur eine Innovation bei den Zutaten, sondern auch ein kulturelles Erbe und eine F\u00f6rderung. Unsere Sonnenblumenkerne in loser Sch\u00fcttung erm\u00f6glichen es mehr jungen Verbrauchern, die chinesische Teekultur auf diese innovative Weise zu verstehen und zu erleben.<\/li>\n\n\n\n<li><strong>Gesundheitskonzept:<\/strong> Der Yashi Dancong-Tee selbst enth\u00e4lt reichlich Antioxidantien, die das Immunsystem st\u00e4rken und die Verdauung f\u00f6rdern k\u00f6nnen. Und Sonnenblumenkerne sind reich an N\u00e4hrstoffen wie unges\u00e4ttigten Fetts\u00e4uren, Eiwei\u00df und Vitamin E. In Kombination mit Schokolade bewahren diese Sonnenblumenkerne mit Schokoladen\u00fcberzug nicht nur die K\u00f6stlichkeit von Schokolade, sondern erh\u00f6hen auch den N\u00e4hrwert des Lebensmittels.<\/li>\n\n\n\n<li><strong>Die Anl\u00e4sse sind vielf\u00e4ltig:<\/strong> Ob als kleiner Snack f\u00fcr den Nachmittagstee, als Freizeit-Snack im B\u00fcro oder als gemeinsames Essen bei Familientreffen - Yashi Dancong Sonnenblumenkerne mit Schokoladengeschmack lassen sich leicht an verschiedene Anl\u00e4sse anpassen und erf\u00fcllen die Bed\u00fcrfnisse unterschiedlicher Menschen.<\/li>\n<\/ul>\n\n\n\n<p><\/p>\n<\/div>\n\n\n\n<div class=\"wp-block-column is-layout-flow wp-block-column-is-layout-flow\">\n<figure class=\"wp-block-image size-full\"><img fetchpriority=\"high\" decoding=\"async\" width=\"1800\" height=\"1500\" src=\"https:\/\/jxgchocolate.com\/wp-content\/uploads\/2024\/11\/Wholesales-Bulk-Order-Chocolate-Covered-Sunflower-Seeds-With-Yashi-Dancong-Tea-Flavor1.webp\" alt=\"Schokoladen\u00fcberzogene Sonnenblumenkerne mit China-Tee-Geschmack-1\" class=\"wp-image-28985\" srcset=\"https:\/\/jxgchocolate.com\/wp-content\/uploads\/2024\/11\/Wholesales-Bulk-Order-Chocolate-Covered-Sunflower-Seeds-With-Yashi-Dancong-Tea-Flavor1.webp 1800w, https:\/\/jxgchocolate.com\/wp-content\/uploads\/2024\/11\/Wholesales-Bulk-Order-Chocolate-Covered-Sunflower-Seeds-With-Yashi-Dancong-Tea-Flavor1-360x300.webp 360w, https:\/\/jxgchocolate.com\/wp-content\/uploads\/2024\/11\/Wholesales-Bulk-Order-Chocolate-Covered-Sunflower-Seeds-With-Yashi-Dancong-Tea-Flavor1-768x640.webp 768w, https:\/\/jxgchocolate.com\/wp-content\/uploads\/2024\/11\/Wholesales-Bulk-Order-Chocolate-Covered-Sunflower-Seeds-With-Yashi-Dancong-Tea-Flavor1-14x12.webp 14w, https:\/\/jxgchocolate.com\/wp-content\/uploads\/2024\/11\/Wholesales-Bulk-Order-Chocolate-Covered-Sunflower-Seeds-With-Yashi-Dancong-Tea-Flavor1-430x358.webp 430w, https:\/\/jxgchocolate.com\/wp-content\/uploads\/2024\/11\/Wholesales-Bulk-Order-Chocolate-Covered-Sunflower-Seeds-With-Yashi-Dancong-Tea-Flavor1-700x583.webp 700w, https:\/\/jxgchocolate.com\/wp-content\/uploads\/2024\/11\/Wholesales-Bulk-Order-Chocolate-Covered-Sunflower-Seeds-With-Yashi-Dancong-Tea-Flavor1-150x125.webp 150w\" sizes=\"(max-width: 1800px) 100vw, 1800px\" \/><\/figure>\n<\/div>\n<\/div>","protected":false},"excerpt":{"rendered":"<p>Willkommen zum Kauf von Sonnenblumenkernen mit Schokoladen\u00fcberzug in loser Sch\u00fcttung. Yashi Dancong-Sonnenblumenkerne mit Teegeschmack sind ein innovativer Snack, der traditionelle Teekultur mit moderner Schokoladenkunst verbindet. Sie sind nicht nur ein k\u00f6stlicher Snack, sondern auch ein kulturelles und emotionales Medium, das f\u00fcr Verbraucher geeignet ist, die nach Lebensqualit\u00e4t streben und gerne Neues ausprobieren.<\/p>\n<table width=\"423\">\n<tbody>\n<tr>\n<td width=\"166\">Hersteller<\/td>\n<td width=\"257\">Gl\u00fccksfrucht<\/td>\n<\/tr>\n<tr>\n<td>MODELL NR.<\/td>\n<td>JXG47<\/td>\n<\/tr>\n<tr>\n<td>Typ<\/td>\n<td>Sonnenblumenkerne Schokolade<\/td>\n<\/tr>\n<tr>\n<td>Verpackung<\/td>\n<td>Verpackung der Tasche<\/td>\n<\/tr>\n<tr>\n<td>Spezifikation<\/td>\n<td>20S\u00e4cke*12Kartons<\/td>\n<\/tr>\n<tr>\n<td>Gr\u00f6\u00dfe des Kartons<\/td>\n<td>58*35.5*37.5cm<\/td>\n<\/tr>\n<tr>\n<td>N.W \/SET<\/td>\n<td>23g*20Beutel<\/td>\n<\/tr>\n<tr>\n<td>Farbe<\/td>\n<td>Als Bild<\/td>\n<\/tr>\n<tr>\n<td>MOQ<\/td>\n<td>500 Kartons<\/td>\n<\/tr>\n<tr>\n<td>Personalisierung<\/td>\n<td>Verpackung\/LOGO<\/td>\n<\/tr>\n<\/tbody>\n<\/table>","protected":false},"featured_media":28986,"comment_status":"closed","ping_status":"closed","template":"","meta":[],"product_cat":[72],"product_tag":[],"class_list":{"0":"post-28984","1":"product","2":"type-product","3":"status-publish","4":"has-post-thumbnail","6":"product_cat-wholesale-chocolate-covered-sunflower-seeds","8":"first","9":"instock","10":"shipping-taxable","11":"product-type-simple"},"_links":{"self":[{"href":"https:\/\/jxgchocolate.com\/de\/wp-json\/wp\/v2\/product\/28984","targetHints":{"allow":["GET"]}}],"collection":[{"href":"https:\/\/jxgchocolate.com\/de\/wp-json\/wp\/v2\/product"}],"about":[{"href":"https:\/\/jxgchocolate.com\/de\/wp-json\/wp\/v2\/types\/product"}],"replies":[{"embeddable":true,"href":"https:\/\/jxgchocolate.com\/de\/wp-json\/wp\/v2\/comments?post=28984"}],"version-history":[{"count":0,"href":"https:\/\/jxgchocolate.com\/de\/wp-json\/wp\/v2\/product\/28984\/revisions"}],"wp:featuredmedia":[{"embeddable":true,"href":"https:\/\/jxgchocolate.com\/de\/wp-json\/wp\/v2\/media\/28986"}],"wp:attachment":[{"href":"https:\/\/jxgchocolate.com\/de\/wp-json\/wp\/v2\/media?parent=28984"}],"wp:term":[{"taxonomy":"product_cat","embeddable":true,"href":"https:\/\/jxgchocolate.com\/de\/wp-json\/wp\/v2\/product_cat?post=28984"},{"taxonomy":"product_tag","embeddable":true,"href":"https:\/\/jxgchocolate.com\/de\/wp-json\/wp\/v2\/product_tag?post=28984"}],"curies":[{"name":"wp","href":"https:\/\/api.w.org\/{rel}","templated":true}]}}