{"id":29043,"date":"2024-11-09T06:55:04","date_gmt":"2024-11-09T06:55:04","guid":{"rendered":"https:\/\/jxgchocolate.com\/?post_type=product&#038;p=29043"},"modified":"2024-11-09T06:55:06","modified_gmt":"2024-11-09T06:55:06","slug":"wholesale-chocolate-bars","status":"publish","type":"product","link":"https:\/\/jxgchocolate.com\/de\/produkt\/wholesale-chocolate-bars\/","title":{"rendered":"Gro\u00dfhandel mit Schokoladentafeln mit individuellem Design und Verpackung"},"content":{"rendered":"<div class=\"wp-block-columns is-layout-flex wp-container-core-columns-is-layout-9d6595d7 wp-block-columns-is-layout-flex\">\n<div class=\"wp-block-column is-layout-flow wp-block-column-is-layout-flow\">\n<h2 class=\"wp-block-heading\">Premium-Gro\u00dfhandel Schokolade Bars Features:<\/h2>\n\n\n\n<ul class=\"wp-block-list\">\n<li><strong>Der Gesundheit zutr\u00e4glich:<\/strong> Zartbitterschokolade enth\u00e4lt Theobromin und Zucker, die das Gehirn zur Aussch\u00fcttung von Dopamin anregen k\u00f6nnen, was zu einem Gef\u00fchl der Freude und der Befreiung von Stress und Angst f\u00fchren kann. Au\u00dferdem senkt sie den Blutdruck und verbessert die Durchblutung, was Herz-Kreislauf-Erkrankungen vorbeugt, wenn man sie in Ma\u00dfen mit unseren Gro\u00dfhandelsschokoladentafeln genie\u00dft.<\/li>\n\n\n\n<li><strong>Einzigartiger Geschmack und Aroma:<\/strong> Zartbitterschokolade soll eine einzigartige Bitterkeit und Sanftheit in ihrer Textur enthalten; unsere gro\u00dfen Zartbitterschokoladentafeln vermitteln ein berauschendes Gef\u00fchl, wenn sie sich im Mund aufl\u00f6sen.<\/li>\n\n\n\n<li><strong>Exquisite, gr\u00fcne Verpackung:<\/strong> Ein einzigartiges k\u00fcnstlerisches Design eignet sich f\u00fcr Geschenke und den pers\u00f6nlichen Gebrauch. Diese Schokoladentafeln f\u00fcr den Gro\u00dfhandel sind in einer Kunststoffbox verpackt, die dem Konzept der nachhaltigen Entwicklung entspricht. Nach der Fertigstellung der Schokolade kann die \u00e4u\u00dfere Schachtel f\u00fcr die Lagerung verwendet werden.<\/li>\n\n\n\n<li><strong>Multianwendungen: <\/strong>Unsere losen Zartbittertafeln eignen sich als t\u00e4glicher Snack pur oder zusammen mit Kaffee und Tee. Hochwertige Zartbitterschokoladentafeln sind eine ideale Wahl zum Backen und k\u00f6nnen bei der Herstellung von Kuchen, Brownies, Keksen und mehr verwendet werden. Exquisite Verpackung, hochwertige Zartbitterschokoladentafeln sind eine ganz ausgezeichnete Wahl f\u00fcr Geschenke zu verschiedenen Festen und Jubil\u00e4en.<\/li>\n<\/ul>\n<\/div>\n\n\n\n<div class=\"wp-block-column is-layout-flow wp-block-column-is-layout-flow\">\n<figure class=\"wp-block-image size-full\"><img fetchpriority=\"high\" decoding=\"async\" width=\"2000\" height=\"2000\" src=\"https:\/\/jxgchocolate.com\/wp-content\/uploads\/2024\/11\/Wholesales-Custom-Chocolate-Bars-With-Customized-Design-And-Pacakaging3.webp\" alt=\"Gro\u00dfhandel Schokoriegel mit kundenspezifischem Design Verpackung-3\" class=\"wp-image-29046\" srcset=\"https:\/\/jxgchocolate.com\/wp-content\/uploads\/2024\/11\/Wholesales-Custom-Chocolate-Bars-With-Customized-Design-And-Pacakaging3.webp 2000w, https:\/\/jxgchocolate.com\/wp-content\/uploads\/2024\/11\/Wholesales-Custom-Chocolate-Bars-With-Customized-Design-And-Pacakaging3-300x300.webp 300w, https:\/\/jxgchocolate.com\/wp-content\/uploads\/2024\/11\/Wholesales-Custom-Chocolate-Bars-With-Customized-Design-And-Pacakaging3-150x150.webp 150w, https:\/\/jxgchocolate.com\/wp-content\/uploads\/2024\/11\/Wholesales-Custom-Chocolate-Bars-With-Customized-Design-And-Pacakaging3-768x768.webp 768w, https:\/\/jxgchocolate.com\/wp-content\/uploads\/2024\/11\/Wholesales-Custom-Chocolate-Bars-With-Customized-Design-And-Pacakaging3-12x12.webp 12w, https:\/\/jxgchocolate.com\/wp-content\/uploads\/2024\/11\/Wholesales-Custom-Chocolate-Bars-With-Customized-Design-And-Pacakaging3-430x430.webp 430w, https:\/\/jxgchocolate.com\/wp-content\/uploads\/2024\/11\/Wholesales-Custom-Chocolate-Bars-With-Customized-Design-And-Pacakaging3-700x700.webp 700w\" sizes=\"(max-width: 2000px) 100vw, 2000px\" \/><\/figure>\n<\/div>\n<\/div>\n\n\n\n<p><\/p>","protected":false},"excerpt":{"rendered":"<p>Willkommen zum Kauf von Schokoladenriegeln im Gro\u00dfhandel. Unsere dunklen Schokoladentafeln sind aufgrund ihres besonderen Geschmacks und ihrer gesundheitlichen Vorteile die erste Wahl f\u00fcr viele Schokoladenliebhaber und Gesundheitsbegeisterte. Die Zartbitterschokolade befriedigt das Streben der Verbraucher nach K\u00f6stlichkeit und bietet doppelte Garantien f\u00fcr Gesundheit und Qualit\u00e4t. Zartbitterschokolade ist eine sehr gute Wahl, sei es f\u00fcr den t\u00e4glichen Verzehr, als Zutat beim Backen oder als hervorragendes Geschenk.<\/p>\n<table width=\"423\">\n<tbody>\n<tr>\n<td width=\"166\">Hersteller<\/td>\n<td width=\"257\">Gl\u00fccksfrucht<\/td>\n<\/tr>\n<tr>\n<td>MODELL NR.<\/td>\n<td>JXG48<\/td>\n<\/tr>\n<tr>\n<td>Typ<\/td>\n<td>Schokoladentafeln<\/td>\n<\/tr>\n<tr>\n<td>Verpackung<\/td>\n<td>Box-Verpackung<\/td>\n<\/tr>\n<tr>\n<td>Spezifikation<\/td>\n<td>10St\u00fccke*12Kartons<\/td>\n<\/tr>\n<tr>\n<td>Gr\u00f6\u00dfe des Kartons<\/td>\n<td>41*21*27.5cm<\/td>\n<\/tr>\n<tr>\n<td>N.W \/SET<\/td>\n<td>43g*10St\u00fccke<\/td>\n<\/tr>\n<tr>\n<td>Farbe<\/td>\n<td>Als Bild<\/td>\n<\/tr>\n<tr>\n<td>MOQ<\/td>\n<td>500 Kartons<\/td>\n<\/tr>\n<tr>\n<td>Personalisierung<\/td>\n<td>Verpackung\/LOGO<\/td>\n<\/tr>\n<\/tbody>\n<\/table>","protected":false},"featured_media":29044,"comment_status":"closed","ping_status":"closed","template":"","meta":[],"product_cat":[91],"product_tag":[],"class_list":{"0":"post-29043","1":"product","2":"type-product","3":"status-publish","4":"has-post-thumbnail","6":"product_cat-bulk-chocolate-bars","8":"first","9":"instock","10":"shipping-taxable","11":"product-type-simple"},"_links":{"self":[{"href":"https:\/\/jxgchocolate.com\/de\/wp-json\/wp\/v2\/product\/29043","targetHints":{"allow":["GET"]}}],"collection":[{"href":"https:\/\/jxgchocolate.com\/de\/wp-json\/wp\/v2\/product"}],"about":[{"href":"https:\/\/jxgchocolate.com\/de\/wp-json\/wp\/v2\/types\/product"}],"replies":[{"embeddable":true,"href":"https:\/\/jxgchocolate.com\/de\/wp-json\/wp\/v2\/comments?post=29043"}],"version-history":[{"count":0,"href":"https:\/\/jxgchocolate.com\/de\/wp-json\/wp\/v2\/product\/29043\/revisions"}],"wp:featuredmedia":[{"embeddable":true,"href":"https:\/\/jxgchocolate.com\/de\/wp-json\/wp\/v2\/media\/29044"}],"wp:attachment":[{"href":"https:\/\/jxgchocolate.com\/de\/wp-json\/wp\/v2\/media?parent=29043"}],"wp:term":[{"taxonomy":"product_cat","embeddable":true,"href":"https:\/\/jxgchocolate.com\/de\/wp-json\/wp\/v2\/product_cat?post=29043"},{"taxonomy":"product_tag","embeddable":true,"href":"https:\/\/jxgchocolate.com\/de\/wp-json\/wp\/v2\/product_tag?post=29043"}],"curies":[{"name":"wp","href":"https:\/\/api.w.org\/{rel}","templated":true}]}}