{"id":29048,"date":"2024-11-09T06:29:52","date_gmt":"2024-11-09T06:29:52","guid":{"rendered":"https:\/\/jxgchocolate.com\/?post_type=product&#038;p=29048"},"modified":"2024-11-18T01:59:30","modified_gmt":"2024-11-18T01:59:30","slug":"bulk-chocolate-bars","status":"publish","type":"product","link":"https:\/\/jxgchocolate.com\/de\/produkt\/bulk-chocolate-bars\/","title":{"rendered":"Gro\u00dfhandel f\u00fcr Schokoladenriegel mit knusprigen Kekskr\u00fcmeln"},"content":{"rendered":"<div class=\"wp-block-columns is-layout-flex wp-container-core-columns-is-layout-9d6595d7 wp-block-columns-is-layout-flex\">\n<div class=\"wp-block-column is-layout-flow wp-block-column-is-layout-flow\">\n<h2 class=\"wp-block-heading\">Premium-Schokoriegel Eigenschaften:<\/h2>\n\n\n\n<ul class=\"wp-block-list\">\n<li><strong>Einzigartige Geschmackskombination: <\/strong>Diese gro\u00dfen Schokoladentafeln sind eine perfekte Kombination aus Keksen und Schokolade. Das Knacken der Kekse zusammen mit der Geschmeidigkeit der Schokolade ist ein ganz besonderes Geschmackserlebnis.<\/li>\n\n\n\n<li><strong>Abwechslungsreiche Auswahlm\u00f6glichkeiten: <\/strong>Es gibt verschiedene Schokoladensorten auf dem Markt, wie Milchschokolade, dunkle Schokolade, wei\u00dfe Schokolade usw. Unsere Gro\u00dfhandelsschokoladentafeln k\u00f6nnen kundenspezifische Schokoladensorten sein und die Vorlieben der verschiedenen Verbraucher befriedigen.<\/li>\n\n\n\n<li><strong>Kreative Wege des Essens: <\/strong>Versuchen Sie, sie mit anderen Getr\u00e4nken wie Kaffee, Tee oder hei\u00dfer Schokolade zu mischen, um verschiedene Geschmackserlebnisse zu erhalten. Zerkleinern Sie unsere gro\u00dfen Schokoladentafeln und f\u00fcgen Sie die St\u00fccke in Backrezepte - Kekse, Kuchen oder Brot - ein, um die Textur und den Geschmack zu verbessern.<\/li>\n\n\n\n<li><strong>Reich an N\u00e4hrstoffen: <\/strong>Unsere Gro\u00dfhandels-Schokoriegel mit Keksen und Schokolade enthalten zus\u00e4tzliche N\u00e4hrstoffe wie Eier, Butter, Mehl usw., die dem menschlichen K\u00f6rper Energie und N\u00e4hrstoffe liefern k\u00f6nnen.<\/li>\n<\/ul>\n<\/div>\n\n\n\n<div class=\"wp-block-column is-layout-flow wp-block-column-is-layout-flow\">\n<figure class=\"wp-block-image size-full\"><img fetchpriority=\"high\" decoding=\"async\" width=\"2000\" height=\"2000\" src=\"https:\/\/jxgchocolate.com\/wp-content\/uploads\/2024\/11\/Wholesales-Bulk-Chocolate-Bars-With-Crispy-Cookies-Sandwich3.jpg\" alt=\"Gro\u00dfhandel mit Schokoladenriegeln mit knusprigen Keksen Sandwich-3\" class=\"wp-image-29054\" srcset=\"https:\/\/jxgchocolate.com\/wp-content\/uploads\/2024\/11\/Wholesales-Bulk-Chocolate-Bars-With-Crispy-Cookies-Sandwich3.jpg 2000w, https:\/\/jxgchocolate.com\/wp-content\/uploads\/2024\/11\/Wholesales-Bulk-Chocolate-Bars-With-Crispy-Cookies-Sandwich3-300x300.jpg 300w, https:\/\/jxgchocolate.com\/wp-content\/uploads\/2024\/11\/Wholesales-Bulk-Chocolate-Bars-With-Crispy-Cookies-Sandwich3-150x150.jpg 150w, https:\/\/jxgchocolate.com\/wp-content\/uploads\/2024\/11\/Wholesales-Bulk-Chocolate-Bars-With-Crispy-Cookies-Sandwich3-768x768.jpg 768w, https:\/\/jxgchocolate.com\/wp-content\/uploads\/2024\/11\/Wholesales-Bulk-Chocolate-Bars-With-Crispy-Cookies-Sandwich3-12x12.jpg 12w, https:\/\/jxgchocolate.com\/wp-content\/uploads\/2024\/11\/Wholesales-Bulk-Chocolate-Bars-With-Crispy-Cookies-Sandwich3-430x430.jpg 430w, https:\/\/jxgchocolate.com\/wp-content\/uploads\/2024\/11\/Wholesales-Bulk-Chocolate-Bars-With-Crispy-Cookies-Sandwich3-700x700.jpg 700w\" sizes=\"(max-width: 2000px) 100vw, 2000px\" \/><\/figure>\n<\/div>\n<\/div>\n\n\n\n<p><\/p>","protected":false},"excerpt":{"rendered":"<p>Willkommen zum Kauf von Schokoladenriegeln in gro\u00dfen Mengen. Unsere Schokoladenriegel f\u00fcr den Gro\u00dfhandel sind ein einzigartiger Snack, der Kekse und Schokolade kombiniert. Keksschokoladenriegel in loser Sch\u00fcttung befriedigen nicht nur das Streben der Verbraucher nach K\u00f6stlichkeit, sondern bieten auch eine vielf\u00e4ltige Auswahl und hochwertige Erfahrungen. Ob als t\u00e4glicher Snack, als Backzutat oder als gro\u00dfartiges Geschenk, der Bereich Keksschokolade ist eine gute Wahl.<\/p>\n<table width=\"423\">\n<tbody>\n<tr>\n<td width=\"166\">Hersteller<\/td>\n<td width=\"257\">Gl\u00fccksfrucht<\/td>\n<\/tr>\n<tr>\n<td>MODELL NR.<\/td>\n<td>JXG49<\/td>\n<\/tr>\n<tr>\n<td>Typ<\/td>\n<td>Schokoladentafeln<\/td>\n<\/tr>\n<tr>\n<td>Verpackung<\/td>\n<td>Box-Verpackung<\/td>\n<\/tr>\n<tr>\n<td>Spezifikation<\/td>\n<td>10St\u00fccke*12Kartons<\/td>\n<\/tr>\n<tr>\n<td>Gr\u00f6\u00dfe des Kartons<\/td>\n<td>41*21*27.5cm<\/td>\n<\/tr>\n<tr>\n<td>N.W \/SET<\/td>\n<td>43g*10St\u00fccke<\/td>\n<\/tr>\n<tr>\n<td>Farbe<\/td>\n<td>Als Bild<\/td>\n<\/tr>\n<tr>\n<td>MOQ<\/td>\n<td>500 Kartons<\/td>\n<\/tr>\n<tr>\n<td>Personalisierung<\/td>\n<td>Verpackung\/LOGO<\/td>\n<\/tr>\n<\/tbody>\n<\/table>","protected":false},"featured_media":29052,"comment_status":"closed","ping_status":"closed","template":"","meta":[],"product_cat":[91],"product_tag":[],"class_list":{"0":"post-29048","1":"product","2":"type-product","3":"status-publish","4":"has-post-thumbnail","6":"product_cat-bulk-chocolate-bars","8":"first","9":"instock","10":"shipping-taxable","11":"product-type-simple"},"_links":{"self":[{"href":"https:\/\/jxgchocolate.com\/de\/wp-json\/wp\/v2\/product\/29048","targetHints":{"allow":["GET"]}}],"collection":[{"href":"https:\/\/jxgchocolate.com\/de\/wp-json\/wp\/v2\/product"}],"about":[{"href":"https:\/\/jxgchocolate.com\/de\/wp-json\/wp\/v2\/types\/product"}],"replies":[{"embeddable":true,"href":"https:\/\/jxgchocolate.com\/de\/wp-json\/wp\/v2\/comments?post=29048"}],"version-history":[{"count":0,"href":"https:\/\/jxgchocolate.com\/de\/wp-json\/wp\/v2\/product\/29048\/revisions"}],"wp:featuredmedia":[{"embeddable":true,"href":"https:\/\/jxgchocolate.com\/de\/wp-json\/wp\/v2\/media\/29052"}],"wp:attachment":[{"href":"https:\/\/jxgchocolate.com\/de\/wp-json\/wp\/v2\/media?parent=29048"}],"wp:term":[{"taxonomy":"product_cat","embeddable":true,"href":"https:\/\/jxgchocolate.com\/de\/wp-json\/wp\/v2\/product_cat?post=29048"},{"taxonomy":"product_tag","embeddable":true,"href":"https:\/\/jxgchocolate.com\/de\/wp-json\/wp\/v2\/product_tag?post=29048"}],"curies":[{"name":"wp","href":"https:\/\/api.w.org\/{rel}","templated":true}]}}