{"id":29140,"date":"2024-11-16T02:17:43","date_gmt":"2024-11-16T02:17:43","guid":{"rendered":"https:\/\/jxgchocolate.com\/?post_type=product&#038;p=29140"},"modified":"2024-11-16T09:02:39","modified_gmt":"2024-11-16T09:02:39","slug":"chocolate-bars-wholesale","status":"publish","type":"product","link":"https:\/\/jxgchocolate.com\/de\/produkt\/chocolate-bars-wholesale\/","title":{"rendered":"China Tee Geschmack Schokolade Bars Gro\u00dfhandel mit Cookie Kr\u00fcmel"},"content":{"rendered":"<div class=\"wp-block-columns is-layout-flex wp-container-core-columns-is-layout-9d6595d7 wp-block-columns-is-layout-flex\">\n<div class=\"wp-block-column is-layout-flow wp-block-column-is-layout-flow\">\n<h2 class=\"wp-block-heading\">Premium-Schokoladenriegel Gro\u00dfhandel Merkmale:<\/h2>\n\n\n\n<div class=\"wp-block-columns is-layout-flex wp-container-core-columns-is-layout-9d6595d7 wp-block-columns-is-layout-flex\">\n<div class=\"wp-block-column is-layout-flow wp-block-column-is-layout-flow\">\n<p><strong>Das Erbe der traditionellen chinesischen Teekultur: <\/strong>Der Yashi Dancong-Tee ist einer der ber\u00fchmten traditionellen chinesischen Tees mit einem tiefgreifenden kulturellen Erbe. Die Integration dieses Tees in Schokolade macht unsere Schokoladentafeln im Gro\u00dfhandel nicht nur zu einer Innovation bei den Inhaltsstoffen, sondern auch zu einem kulturellen Erbe und einer F\u00f6rderung.<\/p>\n\n\n\n<p><strong>Einzigartig in der Kombination der Geschmacksrichtungen: <\/strong>Yashi Dancong Tee ist eine Art Oolong-Tee mit einem einzigartigen blumigen und fruchtigen Aroma. Das lang anhaltende, dichte Aroma unserer Schokoladentafeln in loser Sch\u00fcttung vermischt sich perfekt mit der S\u00fc\u00dfe von Schokolade und knusprigen Keksen und schafft ein v\u00f6llig neues Geschmackserlebnis. Das Mundgef\u00fchl von kr\u00fcmeligen und schmelzenden Keksen in Verbindung mit dem Duft von Yashi Dancong-Tee und der Geschmeidigkeit der Schokolade sorgt f\u00fcr einen reichhaltigen und komplexen Geschmack mit endlosem Nachgeschmack.<\/p>\n\n\n\n<p><strong>Exquisite Handwerkskunst und Produktion: <\/strong>Nach zahllosen Versuchen der Forschungs- und Entwicklungsabteilung wurde das Verh\u00e4ltnis von Tee und Schokolade w\u00e4hrend des Produktionsprozesses sorgf\u00e4ltig angepasst, um ein optimales Geschmacksgleichgewicht zu erreichen. Unsere Schokoladentafeln f\u00fcr den Gro\u00dfhandel sind weder zu bitter noch zu s\u00fc\u00df.<\/p>\n\n\n\n<p><strong>Vielf\u00e4ltig einsetzbare Szenarien: <\/strong>Die Kombination aus Keksen, Yashi Dancong-Tee und Schokolade hat einen einzigartigen Geschmack, und unsere Schokoladentafeln in gro\u00dfen Mengen eignen sich als Freizeit-Snacks, um die Geschmacksnerven der Verbraucher zu treffen. Exquisite Verpackungen und einzigartige Geschmacksrichtungen machen Kekse, Yashi Dancong-Tee und Schokolade zu einem gro\u00dfartigen Geschenk f\u00fcr Familie und Freunde, das ihre Gef\u00fchle beim Teilen k\u00f6stlicher Speisen vermittelt.<\/p>\n<\/div>\n\n\n\n<div class=\"wp-block-column is-layout-flow wp-block-column-is-layout-flow\">\n<figure class=\"wp-block-image size-full\"><img fetchpriority=\"high\" decoding=\"async\" width=\"2000\" height=\"2000\" src=\"https:\/\/jxgchocolate.com\/wp-content\/uploads\/2024\/11\/Bulk-Custom-Chocolate-Bars-With-Storage-Box-Packaging3.webp\" alt=\"China Tee Geschmack Schokolade Bars Gro\u00dfhandel mit Cookie Kr\u00fcmel-1\" class=\"wp-image-29143\" srcset=\"https:\/\/jxgchocolate.com\/wp-content\/uploads\/2024\/11\/Bulk-Custom-Chocolate-Bars-With-Storage-Box-Packaging3.webp 2000w, https:\/\/jxgchocolate.com\/wp-content\/uploads\/2024\/11\/Bulk-Custom-Chocolate-Bars-With-Storage-Box-Packaging3-300x300.webp 300w, https:\/\/jxgchocolate.com\/wp-content\/uploads\/2024\/11\/Bulk-Custom-Chocolate-Bars-With-Storage-Box-Packaging3-150x150.webp 150w, https:\/\/jxgchocolate.com\/wp-content\/uploads\/2024\/11\/Bulk-Custom-Chocolate-Bars-With-Storage-Box-Packaging3-768x768.webp 768w, https:\/\/jxgchocolate.com\/wp-content\/uploads\/2024\/11\/Bulk-Custom-Chocolate-Bars-With-Storage-Box-Packaging3-12x12.webp 12w, https:\/\/jxgchocolate.com\/wp-content\/uploads\/2024\/11\/Bulk-Custom-Chocolate-Bars-With-Storage-Box-Packaging3-430x430.webp 430w, https:\/\/jxgchocolate.com\/wp-content\/uploads\/2024\/11\/Bulk-Custom-Chocolate-Bars-With-Storage-Box-Packaging3-700x700.webp 700w\" sizes=\"(max-width: 2000px) 100vw, 2000px\" \/><\/figure>\n<\/div>\n<\/div>\n<\/div>\n<\/div>\n\n\n\n<p><\/p>","protected":false},"excerpt":{"rendered":"<p>Willkommen zum Kauf von Schokoladentafeln in gro\u00dfen Mengen. Unsere Schokoladentafeln mit Teegeschmack im Gro\u00dfhandel sind ein innovatives Produkt, das die traditionelle Teekultur mit moderner Schokoladenkunst perfekt verbindet. Dieser einzigartige Snack hat nicht nur einen einzigartigen Geschmack, sondern auch erhebliche gesundheitliche und kulturelle Vorteile. Geeignet f\u00fcr Verbraucher, die nach Lebensqualit\u00e4t streben und gerne Neues ausprobieren. Ob als t\u00e4glicher Snack, als Backzutat oder als gro\u00dfartiges Geschenk - Kekse und Schokolade mit Yashi Dancong-Tee-Geschmack sind eine gute Wahl.<\/p>\n<table width=\"423\">\n<tbody>\n<tr>\n<td width=\"166\">Hersteller<\/td>\n<td width=\"257\">Gl\u00fccksfrucht<\/td>\n<\/tr>\n<tr>\n<td>MODELL NR.<\/td>\n<td>JXG49<\/td>\n<\/tr>\n<tr>\n<td>Typ<\/td>\n<td>Schokoladentafeln<\/td>\n<\/tr>\n<tr>\n<td>Verpackung<\/td>\n<td>Box-Verpackung<\/td>\n<\/tr>\n<tr>\n<td>Spezifikation<\/td>\n<td>10St\u00fccke*12Kartons<\/td>\n<\/tr>\n<tr>\n<td>Gr\u00f6\u00dfe des Kartons<\/td>\n<td>41*21*27.5cm<\/td>\n<\/tr>\n<tr>\n<td>N.W \/SET<\/td>\n<td>43g*10St\u00fccke<\/td>\n<\/tr>\n<tr>\n<td>Farbe<\/td>\n<td>Als Bild<\/td>\n<\/tr>\n<tr>\n<td>MOQ<\/td>\n<td>500 Kartons<\/td>\n<\/tr>\n<tr>\n<td>Personalisierung<\/td>\n<td>Verpackung\/LOGO<\/td>\n<\/tr>\n<\/tbody>\n<\/table>","protected":false},"featured_media":29141,"comment_status":"closed","ping_status":"closed","template":"","meta":[],"product_cat":[91],"product_tag":[],"class_list":{"0":"post-29140","1":"product","2":"type-product","3":"status-publish","4":"has-post-thumbnail","6":"product_cat-bulk-chocolate-bars","8":"first","9":"instock","10":"shipping-taxable","11":"product-type-simple"},"_links":{"self":[{"href":"https:\/\/jxgchocolate.com\/de\/wp-json\/wp\/v2\/product\/29140","targetHints":{"allow":["GET"]}}],"collection":[{"href":"https:\/\/jxgchocolate.com\/de\/wp-json\/wp\/v2\/product"}],"about":[{"href":"https:\/\/jxgchocolate.com\/de\/wp-json\/wp\/v2\/types\/product"}],"replies":[{"embeddable":true,"href":"https:\/\/jxgchocolate.com\/de\/wp-json\/wp\/v2\/comments?post=29140"}],"version-history":[{"count":5,"href":"https:\/\/jxgchocolate.com\/de\/wp-json\/wp\/v2\/product\/29140\/revisions"}],"predecessor-version":[{"id":29158,"href":"https:\/\/jxgchocolate.com\/de\/wp-json\/wp\/v2\/product\/29140\/revisions\/29158"}],"wp:featuredmedia":[{"embeddable":true,"href":"https:\/\/jxgchocolate.com\/de\/wp-json\/wp\/v2\/media\/29141"}],"wp:attachment":[{"href":"https:\/\/jxgchocolate.com\/de\/wp-json\/wp\/v2\/media?parent=29140"}],"wp:term":[{"taxonomy":"product_cat","embeddable":true,"href":"https:\/\/jxgchocolate.com\/de\/wp-json\/wp\/v2\/product_cat?post=29140"},{"taxonomy":"product_tag","embeddable":true,"href":"https:\/\/jxgchocolate.com\/de\/wp-json\/wp\/v2\/product_tag?post=29140"}],"curies":[{"name":"wp","href":"https:\/\/api.w.org\/{rel}","templated":true}]}}