{"id":29146,"date":"2024-11-18T01:42:55","date_gmt":"2024-11-18T01:42:55","guid":{"rendered":"https:\/\/jxgchocolate.com\/?post_type=product&#038;p=29146"},"modified":"2024-11-18T01:57:52","modified_gmt":"2024-11-18T01:57:52","slug":"chocolate-bars-in-bulk","status":"publish","type":"product","link":"https:\/\/jxgchocolate.com\/de\/produkt\/chocolate-bars-in-bulk\/","title":{"rendered":"Neueste Tee aromatisiert Schokolade Bars in Bulk mit Box-Paket"},"content":{"rendered":"<div class=\"wp-block-columns is-layout-flex wp-container-core-columns-is-layout-9d6595d7 wp-block-columns-is-layout-flex\">\n<div class=\"wp-block-column is-layout-flow wp-block-column-is-layout-flow\">\n<h2 class=\"wp-block-heading\">Premium-Schokoladenriegel in gro\u00dfen Mengen Merkmale:<\/h2>\n\n\n\n<p><strong>Innovative Kombination:<\/strong> Der Yashi Dancong-Tee ist einer der traditionell bekanntesten Tees in China und hat ein tiefes kulturelles Erbe. Die Integration dieses Tees in Schokolade ist eine Innovation bei den Zutaten, ein kulturelles Erbe und eine Werbung.<\/p>\n\n\n\n<p><strong>Gesundheit und K\u00f6stlichkeit stehen nebeneinander: <\/strong>Yashi Dancong-Tee enth\u00e4lt reichhaltige Antioxidantien wie Flavanole, die das Immunsystem st\u00e4rken und die Verdauung f\u00f6rdern. Unsere Schokoladentafeln f\u00fcr den Gro\u00dfhandel kombinieren Tee mit Antioxidantien in dunkler Schokolade, was den Gesundheitswert des Produkts weiter erh\u00f6ht.<\/p>\n\n\n\n<p><strong>Geeignet f\u00fcr verschiedene Anl\u00e4sse: <\/strong>Die Yashi Dancong-Schokoladentafeln mit Teegeschmack eignen sich als t\u00e4gliche Zwischenmahlzeit, die allein oder zusammen mit Kaffee oder Tee verzehrt werden kann. Sie eignen sich f\u00fcr das B\u00fcro, zu Hause oder f\u00fcr Aktivit\u00e4ten im Freien. Hochwertige Yashi Dancong-Schokoladentafeln im Gro\u00dfhandel sind eine ideale Wahl zum Backen und k\u00f6nnen zur Herstellung von Kuchen, Keksen oder Brot verwendet werden, um ihnen einen einzigartigen Geschmack zu verleihen.<\/p>\n\n\n\n<p><strong>Eindeutige Verbrauchergruppe: <\/strong>Verbraucher, die gerne verschiedene Teesorten und Teekulturen probieren, werden diese Gro\u00dfhandelsschokoladentafeln, die das Aroma von Tee vereinen, besonders m\u00f6gen. Sie eignen sich zum Verschenken an Freunde, Familie oder Partner, vor allem an solche mit einem besonderen Geschmack in Sachen Kultur und K\u00fcche.<\/p>\n<\/div>\n\n\n\n<div class=\"wp-block-column is-layout-flow wp-block-column-is-layout-flow\">\n<figure class=\"wp-block-image size-full\"><img fetchpriority=\"high\" decoding=\"async\" width=\"2000\" height=\"2000\" src=\"https:\/\/jxgchocolate.com\/wp-content\/uploads\/2024\/11\/Newest-Wholesales-Chocolate-Bars-In-Bulk-With-Tea-Flavor3.webp\" alt=\"Neueste Tee aromatisiert Schokolade Bars in Bulk mit Box-Paket-3\" class=\"wp-image-29155\" srcset=\"https:\/\/jxgchocolate.com\/wp-content\/uploads\/2024\/11\/Newest-Wholesales-Chocolate-Bars-In-Bulk-With-Tea-Flavor3.webp 2000w, https:\/\/jxgchocolate.com\/wp-content\/uploads\/2024\/11\/Newest-Wholesales-Chocolate-Bars-In-Bulk-With-Tea-Flavor3-300x300.webp 300w, https:\/\/jxgchocolate.com\/wp-content\/uploads\/2024\/11\/Newest-Wholesales-Chocolate-Bars-In-Bulk-With-Tea-Flavor3-150x150.webp 150w, https:\/\/jxgchocolate.com\/wp-content\/uploads\/2024\/11\/Newest-Wholesales-Chocolate-Bars-In-Bulk-With-Tea-Flavor3-768x768.webp 768w, https:\/\/jxgchocolate.com\/wp-content\/uploads\/2024\/11\/Newest-Wholesales-Chocolate-Bars-In-Bulk-With-Tea-Flavor3-12x12.webp 12w, https:\/\/jxgchocolate.com\/wp-content\/uploads\/2024\/11\/Newest-Wholesales-Chocolate-Bars-In-Bulk-With-Tea-Flavor3-430x430.webp 430w, https:\/\/jxgchocolate.com\/wp-content\/uploads\/2024\/11\/Newest-Wholesales-Chocolate-Bars-In-Bulk-With-Tea-Flavor3-700x700.webp 700w\" sizes=\"(max-width: 2000px) 100vw, 2000px\" \/><\/figure>\n<\/div>\n<\/div>","protected":false},"excerpt":{"rendered":"<p>Willkommen beim Gro\u00dfeinkauf von Schokoriegeln. Unsere Schokoladenriegel mit Teegeschmack aus China sind nicht nur ein leckerer Snack, sondern auch ein kultureller und emotionaler Vermittler f\u00fcr Verbraucher, die nach Lebensqualit\u00e4t streben und gerne neue Dinge ausprobieren. Ob als t\u00e4glicher Snack, als Backzutat oder als gro\u00dfartiges Geschenk, unsere Schokoladenriegel mit Teegeschmack in gro\u00dfen Mengen sind eine gute Wahl.<\/p>\n<table width=\"423\">\n<tbody>\n<tr>\n<td width=\"166\">Hersteller<\/td>\n<td width=\"257\">Gl\u00fccksfrucht<\/td>\n<\/tr>\n<tr>\n<td>MODELL NR.<\/td>\n<td>JXG50<\/td>\n<\/tr>\n<tr>\n<td>Typ<\/td>\n<td>Schokoladentafeln<\/td>\n<\/tr>\n<tr>\n<td>Verpackung<\/td>\n<td>Box-Verpackung<\/td>\n<\/tr>\n<tr>\n<td>Spezifikation<\/td>\n<td>10St\u00fccke*12Kartons<\/td>\n<\/tr>\n<tr>\n<td>Gr\u00f6\u00dfe des Kartons<\/td>\n<td>41*21*27.5cm<\/td>\n<\/tr>\n<tr>\n<td>N.W \/SET<\/td>\n<td>43g*10St\u00fccke<\/td>\n<\/tr>\n<tr>\n<td>Farbe<\/td>\n<td>Als Bild<\/td>\n<\/tr>\n<tr>\n<td>MOQ<\/td>\n<td>500 Kartons<\/td>\n<\/tr>\n<tr>\n<td>Personalisierung<\/td>\n<td>Verpackung\/LOGO<\/td>\n<\/tr>\n<\/tbody>\n<\/table>","protected":false},"featured_media":29153,"comment_status":"closed","ping_status":"closed","template":"","meta":[],"product_cat":[91],"product_tag":[],"class_list":{"0":"post-29146","1":"product","2":"type-product","3":"status-publish","4":"has-post-thumbnail","6":"product_cat-bulk-chocolate-bars","8":"first","9":"instock","10":"shipping-taxable","11":"product-type-simple"},"_links":{"self":[{"href":"https:\/\/jxgchocolate.com\/de\/wp-json\/wp\/v2\/product\/29146","targetHints":{"allow":["GET"]}}],"collection":[{"href":"https:\/\/jxgchocolate.com\/de\/wp-json\/wp\/v2\/product"}],"about":[{"href":"https:\/\/jxgchocolate.com\/de\/wp-json\/wp\/v2\/types\/product"}],"replies":[{"embeddable":true,"href":"https:\/\/jxgchocolate.com\/de\/wp-json\/wp\/v2\/comments?post=29146"}],"version-history":[{"count":0,"href":"https:\/\/jxgchocolate.com\/de\/wp-json\/wp\/v2\/product\/29146\/revisions"}],"wp:featuredmedia":[{"embeddable":true,"href":"https:\/\/jxgchocolate.com\/de\/wp-json\/wp\/v2\/media\/29153"}],"wp:attachment":[{"href":"https:\/\/jxgchocolate.com\/de\/wp-json\/wp\/v2\/media?parent=29146"}],"wp:term":[{"taxonomy":"product_cat","embeddable":true,"href":"https:\/\/jxgchocolate.com\/de\/wp-json\/wp\/v2\/product_cat?post=29146"},{"taxonomy":"product_tag","embeddable":true,"href":"https:\/\/jxgchocolate.com\/de\/wp-json\/wp\/v2\/product_tag?post=29146"}],"curies":[{"name":"wp","href":"https:\/\/api.w.org\/{rel}","templated":true}]}}