{"id":29159,"date":"2024-11-18T01:57:11","date_gmt":"2024-11-18T01:57:11","guid":{"rendered":"https:\/\/jxgchocolate.com\/?post_type=product&#038;p=29159"},"modified":"2024-11-18T01:57:13","modified_gmt":"2024-11-18T01:57:13","slug":"chocolate-bars-bulk","status":"publish","type":"product","link":"https:\/\/jxgchocolate.com\/de\/produkt\/chocolate-bars-bulk\/","title":{"rendered":"Bulk Buy Chocolate Bars Bulk, Custom Flavors Chocolate Bars"},"content":{"rendered":"<div class=\"wp-block-columns is-layout-flex wp-container-core-columns-is-layout-9d6595d7 wp-block-columns-is-layout-flex\">\n<div class=\"wp-block-column is-layout-flow wp-block-column-is-layout-flow\">\n<h2 class=\"wp-block-heading\">Premium-Schokoladenriegel als Massenware Merkmale:<\/h2>\n\n\n\n<ul class=\"wp-block-list\">\n<li><strong>Vielf\u00e4ltige Geschmacksrichtungen:<\/strong> Unsere Tafelschokolade ist in verschiedenen Geschmacksrichtungen erh\u00e4ltlich, die den Vorlieben der verschiedenen Verbraucher gerecht werden: von klassischer, reichhaltiger Zartbitterschokolade bis hin zu einzigartigen Geschmacksrichtungen wie Cookie-Zartbitterschokolade, Yashi Dancong-Tee-Schokolade und Cookie-Yashi Dancong-Tee-Schokolade. Wir k\u00f6nnen auch individuelle Geschmacksrichtungen von Kunden annehmen.<\/li>\n\n\n\n<li><strong>Mehrstufiger Geschmack: <\/strong>Die verschiedenen Geschmacksrichtungen dieser Gro\u00dfhandelsschokoladenriegel haben ihre eigenen geschmacklichen Merkmale, einige sind seidig und zart, andere haben eine k\u00f6rnige Textur und wieder andere eine knusprige, keks\u00e4hnliche Textur, die unterschiedlichen Geschmacksbed\u00fcrfnissen gerecht wird. Unsere einzigartige Yashi Dancong-Schokolade mit Teegeschmack, diese innovativen Geschmacksrichtungen k\u00f6nnen die Aufmerksamkeit der Verbraucher erregen und ihre Kauflust steigern.<\/li>\n\n\n\n<li><strong>Auswahl des Rohmaterials, sch\u00f6ne Verarbeitung: <\/strong>F\u00fcr unsere Schokoladentafeln verwenden wir hochwertige Rohstoffe, hochwertige Kakaobohnen, speziell formulierte Kekse usw. Durch den Einsatz fortschrittlicher Produktionstechniken und einzigartiger Rezepturen sorgen wir daf\u00fcr, dass die Schokolade weich und reichhaltig schmeckt und einen unverwechselbaren Schichteffekt aufweist, der den Verbrauchern einen guten Biss beschert.<\/li>\n\n\n\n<li><strong>Exquisite Verpackung und Design: <\/strong>Unsere Schokoladentafeln f\u00fcr den Gro\u00dfhandel sind in der Regel exquisit verpackt und spiegeln die Vielfalt und Einzigartigkeit des Produkts wider. In der Regel werden auf der Verpackung die geschmacklichen Merkmale der einzelnen Geschmacksrichtungen sehr detailliert dargestellt, um die Attraktivit\u00e4t des Produkts zu erh\u00f6hen. Wir verwenden umweltfreundliche Materialien wie recycelbares Papier und biologisch abbaubaren Kunststoff f\u00fcr unser Verpackungsmaterial, was dem Konzept der nachhaltigen Entwicklung entspricht.<\/li>\n<\/ul>\n<\/div>\n\n\n\n<div class=\"wp-block-column is-layout-flow wp-block-column-is-layout-flow\">\n<figure class=\"wp-block-image size-full\"><img fetchpriority=\"high\" decoding=\"async\" width=\"2000\" height=\"2000\" src=\"https:\/\/jxgchocolate.com\/wp-content\/uploads\/2024\/11\/Wholesales-Series-Chocolate-Bars-Custom-With-Different-New-Flavors2.webp\" alt=\"Bulk Buy Chocolate Bars Bulk, Custom Flavors Chocolate Bars-2\" class=\"wp-image-29161\" srcset=\"https:\/\/jxgchocolate.com\/wp-content\/uploads\/2024\/11\/Wholesales-Series-Chocolate-Bars-Custom-With-Different-New-Flavors2.webp 2000w, https:\/\/jxgchocolate.com\/wp-content\/uploads\/2024\/11\/Wholesales-Series-Chocolate-Bars-Custom-With-Different-New-Flavors2-300x300.webp 300w, https:\/\/jxgchocolate.com\/wp-content\/uploads\/2024\/11\/Wholesales-Series-Chocolate-Bars-Custom-With-Different-New-Flavors2-150x150.webp 150w, https:\/\/jxgchocolate.com\/wp-content\/uploads\/2024\/11\/Wholesales-Series-Chocolate-Bars-Custom-With-Different-New-Flavors2-768x768.webp 768w, https:\/\/jxgchocolate.com\/wp-content\/uploads\/2024\/11\/Wholesales-Series-Chocolate-Bars-Custom-With-Different-New-Flavors2-12x12.webp 12w, https:\/\/jxgchocolate.com\/wp-content\/uploads\/2024\/11\/Wholesales-Series-Chocolate-Bars-Custom-With-Different-New-Flavors2-430x430.webp 430w, https:\/\/jxgchocolate.com\/wp-content\/uploads\/2024\/11\/Wholesales-Series-Chocolate-Bars-Custom-With-Different-New-Flavors2-700x700.webp 700w\" sizes=\"(max-width: 2000px) 100vw, 2000px\" \/><\/figure>\n<\/div>\n<\/div>\n\n\n\n<p><\/p>","protected":false},"excerpt":{"rendered":"<p>Willkommen beim Gro\u00dfeinkauf von Schokoriegeln. Die Vielfalt der Geschmacksrichtungen unserer Schokoladenriegel befriedigt nicht nur das Streben der Verbraucher nach K\u00f6stlichkeit, sondern bietet auch eine vielf\u00e4ltige Auswahl und hochwertige Erfahrungen. Ob als t\u00e4glicher Snack, Backzutat, oder ein gro\u00dfes Geschenk, die Multi-Aroma-Gro\u00dfhandel Schokolade Bars in loser Sch\u00fcttung Abschnitt ist eine gute Wahl.<\/p>\n<table width=\"423\">\n<tbody>\n<tr>\n<td width=\"166\">Hersteller<\/td>\n<td width=\"257\">Gl\u00fccksfrucht<\/td>\n<\/tr>\n<tr>\n<td>MODELL NR.<\/td>\n<td>JXG51<\/td>\n<\/tr>\n<tr>\n<td>Typ<\/td>\n<td>Schokoladentafeln<\/td>\n<\/tr>\n<tr>\n<td>Verpackung<\/td>\n<td>Box-Verpackung<\/td>\n<\/tr>\n<tr>\n<td>Spezifikation<\/td>\n<td>10St\u00fccke*12Kartons<\/td>\n<\/tr>\n<tr>\n<td>Gr\u00f6\u00dfe des Kartons<\/td>\n<td>41*21*27.5cm<\/td>\n<\/tr>\n<tr>\n<td>N.W \/SET<\/td>\n<td>43g*10St\u00fccke<\/td>\n<\/tr>\n<tr>\n<td>Farbe<\/td>\n<td>Als Bild<\/td>\n<\/tr>\n<tr>\n<td>MOQ<\/td>\n<td>500 Kartons<\/td>\n<\/tr>\n<tr>\n<td>Personalisierung<\/td>\n<td>Verpackung\/LOGO<\/td>\n<\/tr>\n<\/tbody>\n<\/table>","protected":false},"featured_media":29162,"comment_status":"closed","ping_status":"closed","template":"","meta":[],"product_cat":[91],"product_tag":[],"class_list":{"0":"post-29159","1":"product","2":"type-product","3":"status-publish","4":"has-post-thumbnail","6":"product_cat-bulk-chocolate-bars","8":"first","9":"instock","10":"shipping-taxable","11":"product-type-simple"},"_links":{"self":[{"href":"https:\/\/jxgchocolate.com\/de\/wp-json\/wp\/v2\/product\/29159","targetHints":{"allow":["GET"]}}],"collection":[{"href":"https:\/\/jxgchocolate.com\/de\/wp-json\/wp\/v2\/product"}],"about":[{"href":"https:\/\/jxgchocolate.com\/de\/wp-json\/wp\/v2\/types\/product"}],"replies":[{"embeddable":true,"href":"https:\/\/jxgchocolate.com\/de\/wp-json\/wp\/v2\/comments?post=29159"}],"version-history":[{"count":0,"href":"https:\/\/jxgchocolate.com\/de\/wp-json\/wp\/v2\/product\/29159\/revisions"}],"wp:featuredmedia":[{"embeddable":true,"href":"https:\/\/jxgchocolate.com\/de\/wp-json\/wp\/v2\/media\/29162"}],"wp:attachment":[{"href":"https:\/\/jxgchocolate.com\/de\/wp-json\/wp\/v2\/media?parent=29159"}],"wp:term":[{"taxonomy":"product_cat","embeddable":true,"href":"https:\/\/jxgchocolate.com\/de\/wp-json\/wp\/v2\/product_cat?post=29159"},{"taxonomy":"product_tag","embeddable":true,"href":"https:\/\/jxgchocolate.com\/de\/wp-json\/wp\/v2\/product_tag?post=29159"}],"curies":[{"name":"wp","href":"https:\/\/api.w.org\/{rel}","templated":true}]}}