{"id":29184,"date":"2024-11-23T01:19:17","date_gmt":"2024-11-23T01:19:17","guid":{"rendered":"https:\/\/jxgchocolate.com\/?post_type=product&#038;p=29184"},"modified":"2024-11-23T01:19:19","modified_gmt":"2024-11-23T01:19:19","slug":"bulk-chocolate-bars-wholesale","status":"publish","type":"product","link":"https:\/\/jxgchocolate.com\/de\/produkt\/bulk-chocolate-bars-wholesale\/","title":{"rendered":"Massenschokoladenriegel im Gro\u00dfhandel mit vier neuen Geschmacksrichtungen"},"content":{"rendered":"<div class=\"wp-block-columns is-layout-flex wp-container-core-columns-is-layout-9d6595d7 wp-block-columns-is-layout-flex\">\n<div class=\"wp-block-column is-layout-flow wp-block-column-is-layout-flow\">\n<h2 class=\"wp-block-heading\">Premium Bulk Chocolate Bars Gro\u00dfhandel Merkmale:<\/h2>\n\n\n\n<ul class=\"wp-block-list\">\n<li><strong>Innovative Interpretation klassischer Geschmacksrichtungen: <\/strong>Die perfekte Verschmelzung von hochwertigem Kakao und einheimischen Teebl\u00e4ttern sorgt f\u00fcr einen seidigen und zarten Geschmack, der die klassische Tafelschokolade neu belebt. Das reichhaltige Aroma des Tees verbindet sich mit der Reichhaltigkeit des Kakaos und schafft ein einzigartiges Geschmackserlebnis. Die besondere Zugabe von knusprigen Keksen verst\u00e4rkt den vielschichtigen Geschmack und den Genuss f\u00fcr die Geschmacksknospen.<\/li>\n\n\n\n<li><strong>Reichhaltige Geschmacksoptionen: <\/strong>Verschiedene Kombinationen von Geschmacksrichtungen in unserer Bulk-Schokolade Bars Gro\u00dfhandel k\u00f6nnen die Geschmacksvorlieben der verschiedenen Verbraucher zu erf\u00fcllen, ob sie traditionelle Schokolade Geschmack, oder Verbraucher, die gerne neue Geschmacksrichtungen oder Tee genie\u00dfen zu versuchen, k\u00f6nnen sie alle ihre Lieblings-Geschmacksrichtungen zu finden.<\/li>\n\n\n\n<li><strong>Mehrstufiger Geschmack: <\/strong>Jede Geschmacksrichtung von Schokoriegeln im Gro\u00dfhandel hat ihre eigenen geschmacklichen Merkmale, einige sind weich und zart, andere haben eine k\u00f6rnige Textur und wieder andere eine knusprige, keks\u00e4hnliche Textur, die unterschiedlichen Geschmacksbed\u00fcrfnissen gerecht wird. Mehrere Geschmacksrichtungen von Schokolade k\u00f6nnen miteinander gepaart werden, um mehr Geschmacksschichten und Kontraste zu schaffen und den Genuss des Konsums zu erh\u00f6hen.<\/li>\n\n\n\n<li><strong>Gesundheit und Ern\u00e4hrung: <\/strong>Yashi Dancong-Tee ist reich an Antioxidantien wie Flavanolen, die das Immunsystem st\u00e4rken und die Verdauung f\u00f6rdern k\u00f6nnen. Unsere Schokoladentafel kombiniert mit Antioxidantien in dunkler Schokolade erh\u00f6ht den Gesundheitswert des Produkts noch weiter.<\/li>\n<\/ul>\n<\/div>\n\n\n\n<div class=\"wp-block-column is-layout-flow wp-block-column-is-layout-flow\">\n<figure class=\"wp-block-image size-full\"><img fetchpriority=\"high\" decoding=\"async\" width=\"2000\" height=\"2000\" src=\"https:\/\/jxgchocolate.com\/wp-content\/uploads\/2024\/11\/Wholesales-Chocolate-Bars-Bulk-With-Four-Newest-Flavors-In-China4.webp\" alt=\"Bulk Chocolate Bars Gro\u00dfhandel mit vier neuesten Geschmacksrichtungen-4\" class=\"wp-image-29188\" srcset=\"https:\/\/jxgchocolate.com\/wp-content\/uploads\/2024\/11\/Wholesales-Chocolate-Bars-Bulk-With-Four-Newest-Flavors-In-China4.webp 2000w, https:\/\/jxgchocolate.com\/wp-content\/uploads\/2024\/11\/Wholesales-Chocolate-Bars-Bulk-With-Four-Newest-Flavors-In-China4-300x300.webp 300w, https:\/\/jxgchocolate.com\/wp-content\/uploads\/2024\/11\/Wholesales-Chocolate-Bars-Bulk-With-Four-Newest-Flavors-In-China4-150x150.webp 150w, https:\/\/jxgchocolate.com\/wp-content\/uploads\/2024\/11\/Wholesales-Chocolate-Bars-Bulk-With-Four-Newest-Flavors-In-China4-768x768.webp 768w, https:\/\/jxgchocolate.com\/wp-content\/uploads\/2024\/11\/Wholesales-Chocolate-Bars-Bulk-With-Four-Newest-Flavors-In-China4-12x12.webp 12w, https:\/\/jxgchocolate.com\/wp-content\/uploads\/2024\/11\/Wholesales-Chocolate-Bars-Bulk-With-Four-Newest-Flavors-In-China4-430x430.webp 430w, https:\/\/jxgchocolate.com\/wp-content\/uploads\/2024\/11\/Wholesales-Chocolate-Bars-Bulk-With-Four-Newest-Flavors-In-China4-700x700.webp 700w\" sizes=\"(max-width: 2000px) 100vw, 2000px\" \/><\/figure>\n<\/div>\n<\/div>\n\n\n\n<p><\/p>","protected":false},"excerpt":{"rendered":"<p>Willkommen zum Kauf von Schokoladenriegeln im Gro\u00dfhandel. Die vier neuen Schokoladentafeln f\u00fcr den Gro\u00dfhandel erf\u00fcllen nicht nur das Streben der Verbraucher nach K\u00f6stlichkeit, sondern bieten auch eine vielf\u00e4ltige Auswahl und hochwertige Erfahrungen. Ob als t\u00e4glicher Snack, als Backzutat oder als tolles Geschenk, die vier Geschmacksrichtungen der neuen Schokoladenabteilung sind alle eine gute Wahl.<\/p>\n<table style=\"height: 304px;\" width=\"423\">\n<tbody>\n<tr>\n<td width=\"166\">Hersteller<\/td>\n<td width=\"257\">Gl\u00fccksfrucht<\/td>\n<\/tr>\n<tr>\n<td>MODELL NR.<\/td>\n<td>JXG52<\/td>\n<\/tr>\n<tr>\n<td>Typ<\/td>\n<td>Schokoladentafeln<\/td>\n<\/tr>\n<tr>\n<td>Verpackung<\/td>\n<td>Box-Verpackung<\/td>\n<\/tr>\n<tr>\n<td>Spezifikation<\/td>\n<td>20St\u00fcck*12Kartons<\/td>\n<\/tr>\n<tr>\n<td>Gr\u00f6\u00dfe des Kartons<\/td>\n<td>48.5*20*29cm<\/td>\n<\/tr>\n<tr>\n<td>N.W \/SET<\/td>\n<td>20g*20St\u00fccke<\/td>\n<\/tr>\n<tr>\n<td>Farbe<\/td>\n<td>Als Bild<\/td>\n<\/tr>\n<tr>\n<td>MOQ<\/td>\n<td>500 Kartons<\/td>\n<\/tr>\n<tr>\n<td>Personalisierung<\/td>\n<td>Verpackung\/LOGO<\/td>\n<\/tr>\n<\/tbody>\n<\/table>","protected":false},"featured_media":29185,"comment_status":"closed","ping_status":"closed","template":"","meta":[],"product_cat":[91],"product_tag":[],"class_list":{"0":"post-29184","1":"product","2":"type-product","3":"status-publish","4":"has-post-thumbnail","6":"product_cat-bulk-chocolate-bars","8":"first","9":"instock","10":"shipping-taxable","11":"product-type-simple"},"_links":{"self":[{"href":"https:\/\/jxgchocolate.com\/de\/wp-json\/wp\/v2\/product\/29184","targetHints":{"allow":["GET"]}}],"collection":[{"href":"https:\/\/jxgchocolate.com\/de\/wp-json\/wp\/v2\/product"}],"about":[{"href":"https:\/\/jxgchocolate.com\/de\/wp-json\/wp\/v2\/types\/product"}],"replies":[{"embeddable":true,"href":"https:\/\/jxgchocolate.com\/de\/wp-json\/wp\/v2\/comments?post=29184"}],"version-history":[{"count":7,"href":"https:\/\/jxgchocolate.com\/de\/wp-json\/wp\/v2\/product\/29184\/revisions"}],"predecessor-version":[{"id":29788,"href":"https:\/\/jxgchocolate.com\/de\/wp-json\/wp\/v2\/product\/29184\/revisions\/29788"}],"wp:featuredmedia":[{"embeddable":true,"href":"https:\/\/jxgchocolate.com\/de\/wp-json\/wp\/v2\/media\/29185"}],"wp:attachment":[{"href":"https:\/\/jxgchocolate.com\/de\/wp-json\/wp\/v2\/media?parent=29184"}],"wp:term":[{"taxonomy":"product_cat","embeddable":true,"href":"https:\/\/jxgchocolate.com\/de\/wp-json\/wp\/v2\/product_cat?post=29184"},{"taxonomy":"product_tag","embeddable":true,"href":"https:\/\/jxgchocolate.com\/de\/wp-json\/wp\/v2\/product_tag?post=29184"}],"curies":[{"name":"wp","href":"https:\/\/api.w.org\/{rel}","templated":true}]}}