{"id":29194,"date":"2024-11-23T01:48:27","date_gmt":"2024-11-23T01:48:27","guid":{"rendered":"https:\/\/jxgchocolate.com\/?post_type=product&#038;p=29194"},"modified":"2024-11-23T01:48:30","modified_gmt":"2024-11-23T01:48:30","slug":"buy-chocolate-bars-in-bulk","status":"publish","type":"product","link":"https:\/\/jxgchocolate.com\/de\/produkt\/buy-chocolate-bars-in-bulk\/","title":{"rendered":"Kaufen Schokolade Bars in Bulk mit China Gr\u00fcner Tee Geschmack"},"content":{"rendered":"<div class=\"wp-block-columns is-layout-flex wp-container-core-columns-is-layout-9d6595d7 wp-block-columns-is-layout-flex\">\n<div class=\"wp-block-column is-layout-flow wp-block-column-is-layout-flow\">\n<h2 class=\"wp-block-heading\">Premium Buy Chocolate Bars In Bulk Eigenschaften:<\/h2>\n\n\n\n<ul class=\"wp-block-list\">\n<li><strong>Einzigartiges Tee-Aroma: <\/strong>F\u00fcr unsere Yashi-Dancong-Tee-Schokoladentafeln im Gro\u00dfhandel wird echtes Teepulver aus Chaozhou, Guangdong, dem Hauptproduktionsgebiet von Phoenix Dancong, zur Herstellung von Teesauce verwendet, die der Schokolade einen einzigartigen Yashi-Dancong-Orchideen-Duft verleiht. Dieses Aroma harmoniert mit der Reichhaltigkeit der Schokolade und macht den Geschmack der Schokolade reichhaltiger und dreidimensionaler. Das Aroma von Yashi Dancong und Tee wird in der Schokolade perfekt bewahrt. Es verstr\u00f6mt einen bezaubernden blumigen und fruchtigen Duft mit Schichten, reichhaltiger S\u00fc\u00dfe und einem lang anhaltenden Nachgeschmack, so dass die Verbraucher beim Probieren die Frische und Langlebigkeit des Teearomas sp\u00fcren k\u00f6nnen.<\/li>\n\n\n\n<li><strong>Abwechslungsreiches Esserlebnis: <\/strong>Kaufen Sie Schokoladentafeln in gro\u00dfen Mengen mit Yashi Dancong-Tee, der auf vielf\u00e4ltige Weise konsumiert werden kann, so dass Sie sein einzigartiges Tee-Aroma und seinen reichen Geschmack direkt erleben k\u00f6nnen. Sie k\u00f6nnen ihn auch mit anderen Zutaten wie Milch, Kaffee und anderen Getr\u00e4nken kombinieren oder als Backzutat verwenden, um k\u00f6stliche Speisen zuzubereiten.<\/li>\n\n\n\n<li><strong>Reiche Gesundheit und Ern\u00e4hrung: <\/strong>Unser Yashi Dancong aromatisierter Tee enth\u00e4lt reichlich Antioxidantien wie Flavanole, die das Immunsystem st\u00e4rken und die Verdauung f\u00f6rdern. In Kombination mit den Antioxidantien in dunkler Schokolade erh\u00f6hen unsere Gro\u00dfhandelsschokoladentafeln den Gesundheitswert des Produkts weiter.<\/li>\n\n\n\n<li><strong>Exquisites Verpackungsdesign:<\/strong> Kaufen Sie Schokoladentafeln in gro\u00dfen Mengen mit Yashi Dancong-Tee-Geschmack, nehmen Sie ein kleines und exquisites Verpackungsdesign, das sie leicht zu tragen macht und die Frische der Schokolade bewahrt.<\/li>\n<\/ul>\n<\/div>\n\n\n\n<div class=\"wp-block-column is-layout-flow wp-block-column-is-layout-flow\">\n<figure class=\"wp-block-image size-full\"><img fetchpriority=\"high\" decoding=\"async\" width=\"2000\" height=\"2000\" src=\"https:\/\/jxgchocolate.com\/wp-content\/uploads\/2024\/11\/Wholesales-Chocolate-Bars-In-Bulk-With-China-Green-Tea-Flavor2.webp\" alt=\"Kaufen Schokolade Bars in Bulk mit China Gr\u00fcner Tee Geschmack-1\" class=\"wp-image-29196\" srcset=\"https:\/\/jxgchocolate.com\/wp-content\/uploads\/2024\/11\/Wholesales-Chocolate-Bars-In-Bulk-With-China-Green-Tea-Flavor2.webp 2000w, https:\/\/jxgchocolate.com\/wp-content\/uploads\/2024\/11\/Wholesales-Chocolate-Bars-In-Bulk-With-China-Green-Tea-Flavor2-300x300.webp 300w, https:\/\/jxgchocolate.com\/wp-content\/uploads\/2024\/11\/Wholesales-Chocolate-Bars-In-Bulk-With-China-Green-Tea-Flavor2-150x150.webp 150w, https:\/\/jxgchocolate.com\/wp-content\/uploads\/2024\/11\/Wholesales-Chocolate-Bars-In-Bulk-With-China-Green-Tea-Flavor2-768x768.webp 768w, https:\/\/jxgchocolate.com\/wp-content\/uploads\/2024\/11\/Wholesales-Chocolate-Bars-In-Bulk-With-China-Green-Tea-Flavor2-12x12.webp 12w, https:\/\/jxgchocolate.com\/wp-content\/uploads\/2024\/11\/Wholesales-Chocolate-Bars-In-Bulk-With-China-Green-Tea-Flavor2-430x430.webp 430w, https:\/\/jxgchocolate.com\/wp-content\/uploads\/2024\/11\/Wholesales-Chocolate-Bars-In-Bulk-With-China-Green-Tea-Flavor2-700x700.webp 700w\" sizes=\"(max-width: 2000px) 100vw, 2000px\" \/><\/figure>\n<\/div>\n<\/div>","protected":false},"excerpt":{"rendered":"<p>Willkommen zum Kauf von Schokoladenriegeln in gro\u00dfen Mengen. Die Yashi Dancong-Schokoladentafeln mit Teegeschmack sind ein innovatives Produkt, das die traditionelle Teekultur perfekt mit moderner Schokoladenkunst verbindet und einen einzigartigen Geschmack und kulturellen Wert besitzt. Es ist nicht nur ein k\u00f6stlicher Snack, sondern auch ein kulturelles und emotionales Medium, das f\u00fcr Verbraucher geeignet ist, die nach Lebensqualit\u00e4t streben und gerne Neues ausprobieren. Ob als t\u00e4glicher Snack, als Backzutat oder als gro\u00dfartiges Geschenk, die Yashi-Schokolade mit Teegeschmack ist eine gute Wahl.<\/p>\n<table style=\"height: 304px;\" width=\"423\">\n<tbody>\n<tr>\n<td width=\"166\">Hersteller<\/td>\n<td width=\"257\">Gl\u00fccksfrucht<\/td>\n<\/tr>\n<tr>\n<td>MODELL NR.<\/td>\n<td>JXG53<\/td>\n<\/tr>\n<tr>\n<td>Typ<\/td>\n<td>Schokoladentafeln<\/td>\n<\/tr>\n<tr>\n<td>Verpackung<\/td>\n<td>Box-Verpackung<\/td>\n<\/tr>\n<tr>\n<td>Spezifikation<\/td>\n<td>20St\u00fcck*12Kartons<\/td>\n<\/tr>\n<tr>\n<td>Gr\u00f6\u00dfe des Kartons<\/td>\n<td>48.5*20*29cm<\/td>\n<\/tr>\n<tr>\n<td>N.W \/SET<\/td>\n<td>20g*20St\u00fccke<\/td>\n<\/tr>\n<tr>\n<td>Farbe<\/td>\n<td>Als Bild<\/td>\n<\/tr>\n<tr>\n<td>MOQ<\/td>\n<td>500 Kartons<\/td>\n<\/tr>\n<tr>\n<td>Personalisierung<\/td>\n<td>Verpackung\/LOGO<\/td>\n<\/tr>\n<\/tbody>\n<\/table>","protected":false},"featured_media":29195,"comment_status":"closed","ping_status":"closed","template":"","meta":[],"product_cat":[91],"product_tag":[],"class_list":{"0":"post-29194","1":"product","2":"type-product","3":"status-publish","4":"has-post-thumbnail","6":"product_cat-bulk-chocolate-bars","8":"first","9":"instock","10":"shipping-taxable","11":"product-type-simple"},"_links":{"self":[{"href":"https:\/\/jxgchocolate.com\/de\/wp-json\/wp\/v2\/product\/29194","targetHints":{"allow":["GET"]}}],"collection":[{"href":"https:\/\/jxgchocolate.com\/de\/wp-json\/wp\/v2\/product"}],"about":[{"href":"https:\/\/jxgchocolate.com\/de\/wp-json\/wp\/v2\/types\/product"}],"replies":[{"embeddable":true,"href":"https:\/\/jxgchocolate.com\/de\/wp-json\/wp\/v2\/comments?post=29194"}],"version-history":[{"count":0,"href":"https:\/\/jxgchocolate.com\/de\/wp-json\/wp\/v2\/product\/29194\/revisions"}],"wp:featuredmedia":[{"embeddable":true,"href":"https:\/\/jxgchocolate.com\/de\/wp-json\/wp\/v2\/media\/29195"}],"wp:attachment":[{"href":"https:\/\/jxgchocolate.com\/de\/wp-json\/wp\/v2\/media?parent=29194"}],"wp:term":[{"taxonomy":"product_cat","embeddable":true,"href":"https:\/\/jxgchocolate.com\/de\/wp-json\/wp\/v2\/product_cat?post=29194"},{"taxonomy":"product_tag","embeddable":true,"href":"https:\/\/jxgchocolate.com\/de\/wp-json\/wp\/v2\/product_tag?post=29194"}],"curies":[{"name":"wp","href":"https:\/\/api.w.org\/{rel}","templated":true}]}}