{"id":29217,"date":"2024-11-30T10:25:21","date_gmt":"2024-11-30T10:25:21","guid":{"rendered":"https:\/\/jxgchocolate.com\/?post_type=product&#038;p=29217"},"modified":"2024-11-30T10:25:23","modified_gmt":"2024-11-30T10:25:23","slug":"custom-chocolate-bars","status":"publish","type":"product","link":"https:\/\/jxgchocolate.com\/de\/produkt\/custom-chocolate-bars\/","title":{"rendered":"Tee-Geschmack benutzerdefinierte Schokolade Bars Gro\u00dfhandel mit Cookie-Chips"},"content":{"rendered":"<div class=\"wp-block-columns is-layout-flex wp-container-core-columns-is-layout-9d6595d7 wp-block-columns-is-layout-flex\">\n<div class=\"wp-block-column is-layout-flow wp-block-column-is-layout-flow\">\n<h2 class=\"wp-block-heading\">Premium-Schokoladentafeln Merkmale:<\/h2>\n\n\n\n<ul class=\"wp-block-list\">\n<li><strong>Einzigartige Geschmackskombination: <\/strong>Die Zugabe dieses Tees in die Schokolade verleiht diesen ma\u00dfgefertigten Schokoladentafeln ein besonderes Gef\u00fchl der Vielschichtigkeit. Die Kombination aus hochwertiger Schokolade und knusprigen Keksen ergibt einen einzigartigen Geschmack, der von der seidigen und zarten Textur der Schokolade bis zur knusprigen Textur der Kekse reicht.<\/li>\n\n\n\n<li><strong>Besonderes kulturelles Erbe:<\/strong> Yashi Dacong-Tee ist einer der ber\u00fchmtesten traditionellen chinesischen Tees, der einen tiefen kulturellen Hintergrund und interessante Geschichten hat. Die Integration dieses Tees in moderne Desserts ist nicht nur ein Erbe der traditionellen Kultur, sondern auch eine innovative Interpretation derselben.<\/li>\n\n\n\n<li><strong>Wohltuend f\u00fcr die Gesundheit:<\/strong> Yashi Dacong-Tee ist reich an Antioxidantien, die zur Verbesserung der Immunit\u00e4t beitragen k\u00f6nnen; die Flavanole in dunkler Schokolade tragen ebenfalls zur kardiovaskul\u00e4ren Gesundheit bei, und unsere ma\u00dfgefertigten Schokoladentafeln bieten durch die Kombination der beiden zus\u00e4tzliche gesundheitliche Vorteile.<\/li>\n\n\n\n<li><strong>Diversifizierte Verbrauchsszenarien:<\/strong> Er eignet sich als Freizeit-Snack und kann in Arbeitspausen oder bei Familientreffen f\u00fcr angenehmen Genuss sorgen. Unsere Gro\u00dfhandels-Schokoladentafeln kombinieren Schokolade mit Keksen und Yashi Dacong-Tee und schaffen so einen einzigartigen Geschmack und ein Aroma, das die innovativen Bed\u00fcrfnisse der Verbraucher erf\u00fcllt.<\/li>\n<\/ul>\n<\/div>\n\n\n\n<div class=\"wp-block-column is-layout-flow wp-block-column-is-layout-flow\">\n<figure class=\"wp-block-image size-full\"><img fetchpriority=\"high\" decoding=\"async\" width=\"2000\" height=\"2000\" src=\"https:\/\/jxgchocolate.com\/wp-content\/uploads\/2024\/11\/Wholesales-Custom-Chocolate-Bar-With-Cookies-And-Tea-Flavor2.webp\" alt=\"Tee-Geschmack benutzerdefinierte Schokolade Bars Gro\u00dfhandel mit Cookie-Chips-3\" class=\"wp-image-29220\" srcset=\"https:\/\/jxgchocolate.com\/wp-content\/uploads\/2024\/11\/Wholesales-Custom-Chocolate-Bar-With-Cookies-And-Tea-Flavor2.webp 2000w, https:\/\/jxgchocolate.com\/wp-content\/uploads\/2024\/11\/Wholesales-Custom-Chocolate-Bar-With-Cookies-And-Tea-Flavor2-300x300.webp 300w, https:\/\/jxgchocolate.com\/wp-content\/uploads\/2024\/11\/Wholesales-Custom-Chocolate-Bar-With-Cookies-And-Tea-Flavor2-150x150.webp 150w, https:\/\/jxgchocolate.com\/wp-content\/uploads\/2024\/11\/Wholesales-Custom-Chocolate-Bar-With-Cookies-And-Tea-Flavor2-768x768.webp 768w, https:\/\/jxgchocolate.com\/wp-content\/uploads\/2024\/11\/Wholesales-Custom-Chocolate-Bar-With-Cookies-And-Tea-Flavor2-12x12.webp 12w, https:\/\/jxgchocolate.com\/wp-content\/uploads\/2024\/11\/Wholesales-Custom-Chocolate-Bar-With-Cookies-And-Tea-Flavor2-430x430.webp 430w, https:\/\/jxgchocolate.com\/wp-content\/uploads\/2024\/11\/Wholesales-Custom-Chocolate-Bar-With-Cookies-And-Tea-Flavor2-700x700.webp 700w\" sizes=\"(max-width: 2000px) 100vw, 2000px\" \/><\/figure>\n<\/div>\n<\/div>\n\n\n\n<p><\/p>","protected":false},"excerpt":{"rendered":"<p>Willkommen bei kundenspezifischen Schokoladenriegeln in gro\u00dfen Mengen. Unsere Schokoladentafeln mit Teegeschmack f\u00fcr den Gro\u00dfhandel sind ein innovatives Produkt, das traditionelle Teekultur mit modernen Desserttechniken verbindet. Es verbindet nicht nur das einzigartige Aroma von Yashi Dancong Tee und den reichen Geschmack von Schokolade, sondern f\u00fcgt auch die Knusprigkeit von Cookies.<\/p>\n<table style=\"height: 304px;\" width=\"423\">\n<tbody>\n<tr>\n<td width=\"166\">Hersteller<\/td>\n<td width=\"257\">Gl\u00fccksfrucht<\/td>\n<\/tr>\n<tr>\n<td>MODELL NR.<\/td>\n<td>JXG54<\/td>\n<\/tr>\n<tr>\n<td>Typ<\/td>\n<td>Schokoladentafeln<\/td>\n<\/tr>\n<tr>\n<td>Verpackung<\/td>\n<td>Box-Verpackung<\/td>\n<\/tr>\n<tr>\n<td>Spezifikation<\/td>\n<td>20St\u00fcck*12Kartons<\/td>\n<\/tr>\n<tr>\n<td>Gr\u00f6\u00dfe des Kartons<\/td>\n<td>48.5*20*29cm<\/td>\n<\/tr>\n<tr>\n<td>N.W \/SET<\/td>\n<td>20g*20St\u00fccke<\/td>\n<\/tr>\n<tr>\n<td>Farbe<\/td>\n<td>Als Bild<\/td>\n<\/tr>\n<tr>\n<td>MOQ<\/td>\n<td>500 Kartons<\/td>\n<\/tr>\n<tr>\n<td>Personalisierung<\/td>\n<td>Verpackung\/LOGO<\/td>\n<\/tr>\n<\/tbody>\n<\/table>","protected":false},"featured_media":29222,"comment_status":"closed","ping_status":"closed","template":"","meta":[],"product_cat":[91],"product_tag":[],"class_list":{"0":"post-29217","1":"product","2":"type-product","3":"status-publish","4":"has-post-thumbnail","6":"product_cat-bulk-chocolate-bars","8":"first","9":"instock","10":"shipping-taxable","11":"product-type-simple"},"_links":{"self":[{"href":"https:\/\/jxgchocolate.com\/de\/wp-json\/wp\/v2\/product\/29217","targetHints":{"allow":["GET"]}}],"collection":[{"href":"https:\/\/jxgchocolate.com\/de\/wp-json\/wp\/v2\/product"}],"about":[{"href":"https:\/\/jxgchocolate.com\/de\/wp-json\/wp\/v2\/types\/product"}],"replies":[{"embeddable":true,"href":"https:\/\/jxgchocolate.com\/de\/wp-json\/wp\/v2\/comments?post=29217"}],"version-history":[{"count":0,"href":"https:\/\/jxgchocolate.com\/de\/wp-json\/wp\/v2\/product\/29217\/revisions"}],"wp:featuredmedia":[{"embeddable":true,"href":"https:\/\/jxgchocolate.com\/de\/wp-json\/wp\/v2\/media\/29222"}],"wp:attachment":[{"href":"https:\/\/jxgchocolate.com\/de\/wp-json\/wp\/v2\/media?parent=29217"}],"wp:term":[{"taxonomy":"product_cat","embeddable":true,"href":"https:\/\/jxgchocolate.com\/de\/wp-json\/wp\/v2\/product_cat?post=29217"},{"taxonomy":"product_tag","embeddable":true,"href":"https:\/\/jxgchocolate.com\/de\/wp-json\/wp\/v2\/product_tag?post=29217"}],"curies":[{"name":"wp","href":"https:\/\/api.w.org\/{rel}","templated":true}]}}