{"id":29225,"date":"2024-11-30T10:35:07","date_gmt":"2024-11-30T10:35:07","guid":{"rendered":"https:\/\/jxgchocolate.com\/?post_type=product&#038;p=29225"},"modified":"2024-11-30T10:35:09","modified_gmt":"2024-11-30T10:35:09","slug":"bulk-dark-chocolate-bars","status":"publish","type":"product","link":"https:\/\/jxgchocolate.com\/de\/produkt\/bulk-dark-chocolate-bars\/","title":{"rendered":"Bulk dunkle Schokolade Bars Gro\u00dfhandel mit klassischen Geschmack"},"content":{"rendered":"<div class=\"wp-block-columns is-layout-flex wp-container-core-columns-is-layout-9d6595d7 wp-block-columns-is-layout-flex\">\n<div class=\"wp-block-column is-layout-flow wp-block-column-is-layout-flow\">\n<h2 class=\"wp-block-heading\">Premium Bulk Dark Chocolate Bars Eigenschaften:<\/h2>\n\n\n\n<ul class=\"wp-block-list\">\n<li><strong>Reicher Geschmack und reiche Schichten: <\/strong>Zartbitterschokolade hat einen hohen Anteil an Kakaotrockenmasse, der f\u00fcr einen reicheren und komplexeren Geschmack sorgt - von subtilen Fruchtaromen bis hin zu tiefer Bitterkeit und S\u00fc\u00dfe kann man bei jedem Bissen verschiedene Schichten sp\u00fcren. Unsere Zartbittertafeln haben eine seidige Textur, wenn sie auf der Zunge zergehen, begleitet von dem einzigartigen Aroma des Kakaos.<\/li>\n\n\n\n<li><strong>Hoher N\u00e4hrwert: <\/strong>Das Koffein in dunkler Schokolade und die aktiven nat\u00fcrlichen Inhaltsstoffe des Kakaos - wie Theophyllin, Tyrosin usw. - erfrischen den Geist, steigern die Aufmerksamkeit und wirken sich positiv auf die Verbesserung der kognitiven Funktionen aus. Die in unserer Gro\u00dfhandelsschokoladentafel enthaltenen Mineralien wie Magnesium, Kupfer, Mangan usw. sind daher gut f\u00fcr die Erhaltung der Knochengesundheit und die F\u00f6rderung des Stoffwechsels.<\/li>\n\n\n\n<li><strong>Vielf\u00e4ltige Konsumszenarien und -erfahrungen:<\/strong> Unsere dunklen Schokoladentafeln k\u00f6nnen direkt als Snack verzehrt oder zum Backen, zur Herstellung von Desserts usw. verwendet werden und bieten den Verbrauchern eine vielf\u00e4ltige Auswahl. Die besondere Bitterkeit und die seidige Textur der dunklen Schokolade sorgen f\u00fcr ein einzigartiges Geschmackserlebnis. F\u00fcr Verbraucher, die gerne neue Geschmacksrichtungen ausprobieren, ist dunkle Schokolade definitiv eine gute Wahl.<\/li>\n\n\n\n<li><strong>Exquisites Verpackungsdesign: <\/strong>Unser Gro\u00dfhandel mit Schokoladenriegeln hat eine einzelne unabh\u00e4ngige kleine Verpackung, die leicht zu tragen ist; au\u00dferdem zieht das einzigartige Verpackungsdesign die Augen von mehr Verbrauchern an. Gekoppelt mit einem \u00e4u\u00dferen speziell gestalteten Box, es ist ein gro\u00dfes Geschenk.<\/li>\n<\/ul>\n<\/div>\n\n\n\n<div class=\"wp-block-column is-layout-flow wp-block-column-is-layout-flow\">\n<figure class=\"wp-block-image size-full\"><img fetchpriority=\"high\" decoding=\"async\" width=\"2000\" height=\"2000\" src=\"https:\/\/jxgchocolate.com\/wp-content\/uploads\/2024\/11\/Wholesale-In-Bulk-Chocolate-Bars-Custom-With-Classical-Flavor2.webp\" alt=\"Bulk dunkle Schokolade Bars Gro\u00dfhandel mit klassischen Flavor-2\" class=\"wp-image-29227\" srcset=\"https:\/\/jxgchocolate.com\/wp-content\/uploads\/2024\/11\/Wholesale-In-Bulk-Chocolate-Bars-Custom-With-Classical-Flavor2.webp 2000w, https:\/\/jxgchocolate.com\/wp-content\/uploads\/2024\/11\/Wholesale-In-Bulk-Chocolate-Bars-Custom-With-Classical-Flavor2-300x300.webp 300w, https:\/\/jxgchocolate.com\/wp-content\/uploads\/2024\/11\/Wholesale-In-Bulk-Chocolate-Bars-Custom-With-Classical-Flavor2-150x150.webp 150w, https:\/\/jxgchocolate.com\/wp-content\/uploads\/2024\/11\/Wholesale-In-Bulk-Chocolate-Bars-Custom-With-Classical-Flavor2-768x768.webp 768w, https:\/\/jxgchocolate.com\/wp-content\/uploads\/2024\/11\/Wholesale-In-Bulk-Chocolate-Bars-Custom-With-Classical-Flavor2-12x12.webp 12w, https:\/\/jxgchocolate.com\/wp-content\/uploads\/2024\/11\/Wholesale-In-Bulk-Chocolate-Bars-Custom-With-Classical-Flavor2-430x430.webp 430w, https:\/\/jxgchocolate.com\/wp-content\/uploads\/2024\/11\/Wholesale-In-Bulk-Chocolate-Bars-Custom-With-Classical-Flavor2-700x700.webp 700w\" sizes=\"(max-width: 2000px) 100vw, 2000px\" \/><\/figure>\n<\/div>\n<\/div>\n\n\n\n<p><\/p>","protected":false},"excerpt":{"rendered":"<p>Willkommen zum Kauf von dunklen Schokoladentafeln in gro\u00dfen Mengen. Unsere Tafelschokolade hebt sich unter den zahlreichen Schokoladenprodukten durch ihren einzigartigen Geschmack, ihre gesundheitlichen Eigenschaften und ihr hochwertiges Herstellungsverfahren ab und wird von vielen Verbrauchern bevorzugt. Ob als t\u00e4glicher Snack oder als Geschenk f\u00fcr besondere Anl\u00e4sse, dunkle Schokolade ist eine gute Wahl.<\/p>\n<table style=\"height: 304px;\" width=\"423\">\n<tbody>\n<tr>\n<td width=\"166\">Hersteller<\/td>\n<td width=\"257\">Gl\u00fccksfrucht<\/td>\n<\/tr>\n<tr>\n<td>MODELL NR.<\/td>\n<td>JXG55<\/td>\n<\/tr>\n<tr>\n<td>Typ<\/td>\n<td>Schokoladentafeln<\/td>\n<\/tr>\n<tr>\n<td>Verpackung<\/td>\n<td>Box-Verpackung<\/td>\n<\/tr>\n<tr>\n<td>Spezifikation<\/td>\n<td>20St\u00fcck*12Kartons<\/td>\n<\/tr>\n<tr>\n<td>Gr\u00f6\u00dfe des Kartons<\/td>\n<td>48.5*20*29cm<\/td>\n<\/tr>\n<tr>\n<td>N.W \/SET<\/td>\n<td>20g*20St\u00fccke<\/td>\n<\/tr>\n<tr>\n<td>Farbe<\/td>\n<td>Als Bild<\/td>\n<\/tr>\n<tr>\n<td>MOQ<\/td>\n<td>500 Kartons<\/td>\n<\/tr>\n<tr>\n<td>Personalisierung<\/td>\n<td>Verpackung\/LOGO<\/td>\n<\/tr>\n<\/tbody>\n<\/table>","protected":false},"featured_media":29226,"comment_status":"closed","ping_status":"closed","template":"","meta":[],"product_cat":[91],"product_tag":[],"class_list":{"0":"post-29225","1":"product","2":"type-product","3":"status-publish","4":"has-post-thumbnail","6":"product_cat-bulk-chocolate-bars","8":"first","9":"instock","10":"shipping-taxable","11":"product-type-simple"},"_links":{"self":[{"href":"https:\/\/jxgchocolate.com\/de\/wp-json\/wp\/v2\/product\/29225","targetHints":{"allow":["GET"]}}],"collection":[{"href":"https:\/\/jxgchocolate.com\/de\/wp-json\/wp\/v2\/product"}],"about":[{"href":"https:\/\/jxgchocolate.com\/de\/wp-json\/wp\/v2\/types\/product"}],"replies":[{"embeddable":true,"href":"https:\/\/jxgchocolate.com\/de\/wp-json\/wp\/v2\/comments?post=29225"}],"version-history":[{"count":7,"href":"https:\/\/jxgchocolate.com\/de\/wp-json\/wp\/v2\/product\/29225\/revisions"}],"predecessor-version":[{"id":29242,"href":"https:\/\/jxgchocolate.com\/de\/wp-json\/wp\/v2\/product\/29225\/revisions\/29242"}],"wp:featuredmedia":[{"embeddable":true,"href":"https:\/\/jxgchocolate.com\/de\/wp-json\/wp\/v2\/media\/29226"}],"wp:attachment":[{"href":"https:\/\/jxgchocolate.com\/de\/wp-json\/wp\/v2\/media?parent=29225"}],"wp:term":[{"taxonomy":"product_cat","embeddable":true,"href":"https:\/\/jxgchocolate.com\/de\/wp-json\/wp\/v2\/product_cat?post=29225"},{"taxonomy":"product_tag","embeddable":true,"href":"https:\/\/jxgchocolate.com\/de\/wp-json\/wp\/v2\/product_tag?post=29225"}],"curies":[{"name":"wp","href":"https:\/\/api.w.org\/{rel}","templated":true}]}}