{"id":29241,"date":"2024-12-09T03:57:33","date_gmt":"2024-12-09T03:57:33","guid":{"rendered":"https:\/\/jxgchocolate.com\/?post_type=product&#038;p=29241"},"modified":"2024-12-09T03:57:36","modified_gmt":"2024-12-09T03:57:36","slug":"dark-chocolate-bars-bulk","status":"publish","type":"product","link":"https:\/\/jxgchocolate.com\/de\/produkt\/dark-chocolate-bars-bulk\/","title":{"rendered":"Gro\u00dfhandel f\u00fcr Zartbitterschokoladenriegel mit knusprigen Keksen"},"content":{"rendered":"<div class=\"wp-block-columns is-layout-flex wp-container-core-columns-is-layout-9d6595d7 wp-block-columns-is-layout-flex\">\n<div class=\"wp-block-column is-layout-flow wp-block-column-is-layout-flow\">\n<h2 class=\"wp-block-heading\">Premium-Dunkelschokolade Riegel Bulk Merkmale:<\/h2>\n\n\n\n<ul class=\"wp-block-list\">\n<li><strong>Wohltuend f\u00fcr die Gesundheit:<\/strong> Unsere Tafeln mit dunkler Schokolade enthalten einen hohen Anteil an Antioxidantien, die freie Radikale abwehren und die kardiovaskul\u00e4re Gesundheit sch\u00fctzen. Neben den Vorteilen, die die Schokolade mit sich bringt, erh\u00f6hen Vollkornmehl und andere nat\u00fcrliche Zutaten in den Keksen den N\u00e4hrwert des Produkts.<\/li>\n\n\n\n<li><strong>Einzigartige Geschmackskombination: <\/strong>Jeder Cookie-Schokoladenriegel im Gro\u00dfhandel bietet einen einzigartigen Doppelgeschmack, n\u00e4mlich die reiche und seidige Schokolade gemischt mit knusprigen Kekskr\u00fcmeln, die einen perfekten Kontrast und Komplementarit\u00e4t bilden.<\/li>\n\n\n\n<li><strong>Ein tolles Geschenk: <\/strong>Unsere dunklen Schokoladentafeln haben ein attraktives Verpackungsdesign, das die Eigenschaften des Produkts hervorhebt und das Gesamtimage verbessert. Die exquisite Verpackung macht sie zu einer idealen Wahl f\u00fcr Urlaubs- oder Alltagsgeschenke, die sich f\u00fcr verschiedene Anl\u00e4sse eignen.<\/li>\n\n\n\n<li><strong>Geeignet f\u00fcr eine Vielzahl von Anl\u00e4ssen: <\/strong>Keksschokoladenriegel im Gro\u00dfhandel k\u00f6nnen mit einer Tasse hei\u00dfem Tee oder Kaffee zu einem perfekten Nachmittagstee Dim Sum werden. Sie eignen sich als Snack f\u00fcr die Freizeit und k\u00f6nnen in Arbeitspausen oder bei Familientreffen f\u00fcr angenehmen Genuss sorgen. Dar\u00fcber hinaus kann es auch verwendet werden, um mehr kreative Desserts, wie Sandwich-Kekse, Kuchen Dekorationen, etc. zu machen, um den Spa\u00df am Backen zu erh\u00f6hen.<\/li>\n<\/ul>\n<\/div>\n\n\n\n<div class=\"wp-block-column is-layout-flow wp-block-column-is-layout-flow\">\n<figure class=\"wp-block-image size-full\"><img fetchpriority=\"high\" decoding=\"async\" width=\"2000\" height=\"2000\" src=\"https:\/\/jxgchocolate.com\/wp-content\/uploads\/2024\/12\/Wholesales-Dark-Custom-Chocolate-Bars-With-Crispy-Cookies2.webp\" alt=\"Gro\u00dfhandel f\u00fcr Zartbitterschokoladenriegel mit knusprigen Keksen-2\" class=\"wp-image-29244\" srcset=\"https:\/\/jxgchocolate.com\/wp-content\/uploads\/2024\/12\/Wholesales-Dark-Custom-Chocolate-Bars-With-Crispy-Cookies2.webp 2000w, https:\/\/jxgchocolate.com\/wp-content\/uploads\/2024\/12\/Wholesales-Dark-Custom-Chocolate-Bars-With-Crispy-Cookies2-300x300.webp 300w, https:\/\/jxgchocolate.com\/wp-content\/uploads\/2024\/12\/Wholesales-Dark-Custom-Chocolate-Bars-With-Crispy-Cookies2-150x150.webp 150w, https:\/\/jxgchocolate.com\/wp-content\/uploads\/2024\/12\/Wholesales-Dark-Custom-Chocolate-Bars-With-Crispy-Cookies2-768x768.webp 768w, https:\/\/jxgchocolate.com\/wp-content\/uploads\/2024\/12\/Wholesales-Dark-Custom-Chocolate-Bars-With-Crispy-Cookies2-12x12.webp 12w, https:\/\/jxgchocolate.com\/wp-content\/uploads\/2024\/12\/Wholesales-Dark-Custom-Chocolate-Bars-With-Crispy-Cookies2-430x430.webp 430w, https:\/\/jxgchocolate.com\/wp-content\/uploads\/2024\/12\/Wholesales-Dark-Custom-Chocolate-Bars-With-Crispy-Cookies2-700x700.webp 700w\" sizes=\"(max-width: 2000px) 100vw, 2000px\" \/><\/figure>\n<\/div>\n<\/div>","protected":false},"excerpt":{"rendered":"<p>Willkommen zum Kauf von dunklen Schokoladentafeln in gro\u00dfen Mengen. Unsere Cookie-Schokoladentafeln f\u00fcr den Gro\u00dfhandel kombinieren die Knusprigkeit von Keksen mit der Zartheit von Schokolade und schaffen so ein unwiderstehliches und einzigartiges Erlebnis. Sie befriedigen nicht nur das Streben der Verbraucher nach K\u00f6stlichkeit, sondern bieten auch vielf\u00e4ltige Auswahlm\u00f6glichkeiten und hochwertige Erfahrungen. Ob als t\u00e4glicher Snack, als Backzutat oder als tolles Geschenk, Kekse und Schokolade sind eine gute Wahl.<\/p>\n<table style=\"height: 304px;\" width=\"420\">\n<tbody>\n<tr>\n<td width=\"166\">Hersteller<\/td>\n<td width=\"257\">Gl\u00fccksfrucht<\/td>\n<\/tr>\n<tr>\n<td>MODELL NR.<\/td>\n<td>JXG56<\/td>\n<\/tr>\n<tr>\n<td>Typ<\/td>\n<td>Schokoladentafeln<\/td>\n<\/tr>\n<tr>\n<td>Verpackung<\/td>\n<td>Box-Verpackung<\/td>\n<\/tr>\n<tr>\n<td>Spezifikation<\/td>\n<td>20St\u00fcck*12Kartons<\/td>\n<\/tr>\n<tr>\n<td>Gr\u00f6\u00dfe des Kartons<\/td>\n<td>48.5*20*29cm<\/td>\n<\/tr>\n<tr>\n<td>N.W \/SET<\/td>\n<td>20g*20St\u00fccke<\/td>\n<\/tr>\n<tr>\n<td>Farbe<\/td>\n<td>Als Bild<\/td>\n<\/tr>\n<tr>\n<td>MOQ<\/td>\n<td>500 Kartons<\/td>\n<\/tr>\n<tr>\n<td>Personalisierung<\/td>\n<td>Verpackung\/LOGO<\/td>\n<\/tr>\n<\/tbody>\n<\/table>","protected":false},"featured_media":29243,"comment_status":"closed","ping_status":"closed","template":"","meta":[],"product_cat":[91],"product_tag":[],"class_list":{"0":"post-29241","1":"product","2":"type-product","3":"status-publish","4":"has-post-thumbnail","6":"product_cat-bulk-chocolate-bars","8":"first","9":"instock","10":"shipping-taxable","11":"product-type-simple"},"_links":{"self":[{"href":"https:\/\/jxgchocolate.com\/de\/wp-json\/wp\/v2\/product\/29241","targetHints":{"allow":["GET"]}}],"collection":[{"href":"https:\/\/jxgchocolate.com\/de\/wp-json\/wp\/v2\/product"}],"about":[{"href":"https:\/\/jxgchocolate.com\/de\/wp-json\/wp\/v2\/types\/product"}],"replies":[{"embeddable":true,"href":"https:\/\/jxgchocolate.com\/de\/wp-json\/wp\/v2\/comments?post=29241"}],"version-history":[{"count":0,"href":"https:\/\/jxgchocolate.com\/de\/wp-json\/wp\/v2\/product\/29241\/revisions"}],"wp:featuredmedia":[{"embeddable":true,"href":"https:\/\/jxgchocolate.com\/de\/wp-json\/wp\/v2\/media\/29243"}],"wp:attachment":[{"href":"https:\/\/jxgchocolate.com\/de\/wp-json\/wp\/v2\/media?parent=29241"}],"wp:term":[{"taxonomy":"product_cat","embeddable":true,"href":"https:\/\/jxgchocolate.com\/de\/wp-json\/wp\/v2\/product_cat?post=29241"},{"taxonomy":"product_tag","embeddable":true,"href":"https:\/\/jxgchocolate.com\/de\/wp-json\/wp\/v2\/product_tag?post=29241"}],"curies":[{"name":"wp","href":"https:\/\/api.w.org\/{rel}","templated":true}]}}