{"id":29252,"date":"2024-12-09T03:50:26","date_gmt":"2024-12-09T03:50:26","guid":{"rendered":"https:\/\/jxgchocolate.com\/?post_type=product&#038;p=29252"},"modified":"2024-12-09T03:50:28","modified_gmt":"2024-12-09T03:50:28","slug":"gummy-choco-bulk","status":"publish","type":"product","link":"https:\/\/jxgchocolate.com\/de\/produkt\/gummy-choco-bulk\/","title":{"rendered":"Yummy Gummy Choco Bulk, Gro\u00dfhandel Schokolade Gummies Candy"},"content":{"rendered":"<div class=\"wp-block-columns is-layout-flex wp-container-core-columns-is-layout-9d6595d7 wp-block-columns-is-layout-flex\">\n<div class=\"wp-block-column is-layout-flow wp-block-column-is-layout-flow\">\n<h2 class=\"wp-block-heading\">Premium Gummy Choco Bulk Merkmale:<\/h2>\n\n\n\n<ul class=\"wp-block-list\">\n<li><strong>Einzigartiger Doppelgeschmack:<\/strong> Die weichen und z\u00e4hen Eigenschaften der Gummibonbons in Kombination mit dem seidigen Schmelz der Schokolade bieten den Verbrauchern ein v\u00f6llig neues Geschmackserlebnis. Bei jedem Biss sp\u00fcrt der Verbraucher ein Gef\u00e4lle von der \u00e4u\u00dferen Schokoladenschicht zum inneren Gummibonbon, das mit S\u00fc\u00dfe beginnt und dann sauer wird oder umgekehrt, was das Vergn\u00fcgen beim Verzehr von S\u00fc\u00dfigkeiten noch steigert.<\/li>\n\n\n\n<li><strong>Sowohl f\u00fcr Kinder als auch f\u00fcr Erwachsene geeignet: <\/strong>Dank ihres runden Aussehens und ihres s\u00fc\u00dfen Geschmacks sind unsere Gro\u00dfhandels-Schokoladengummis bei Kindern sehr beliebt. Auch f\u00fcr Erwachsene sind diese S\u00fc\u00dfigkeiten attraktiv, vor allem in der Freizeit oder in den Arbeitspausen, da sie die Stimmung entspannen k\u00f6nnen.<\/li>\n\n\n\n<li><strong>Praktische Verpackung: <\/strong>Die meisten Schoko-Gummis sind in separaten kleinen Beuteln verpackt, die leicht zu transportieren und zu teilen sind, so dass sie sich perfekt f\u00fcr Aktivit\u00e4ten im Freien und auf Reisen eignen und jederzeit genossen werden k\u00f6nnen. Dar\u00fcber hinaus gibt es eine Version mit gro\u00dfem Fassungsverm\u00f6gen f\u00fcr den Heimgebrauch, die kosteng\u00fcnstig ist und den Kauf von mehreren Geschmacksrichtungen auf einmal erm\u00f6glicht, die von allen Familienmitgliedern geteilt werden k\u00f6nnen.<\/li>\n\n\n\n<li><strong>Reichhaltige Geschmacksoptionen: <\/strong>Unsere Gro\u00dfhandels-Schokoladengummis gibt es in einer Vielzahl von Fruchtgeschmacksrichtungen wie Erdbeere, gr\u00fcne Trauben, Pfirsiche, Mangos usw., um den Vorlieben der verschiedenen Verbraucher gerecht zu werden.<\/li>\n<\/ul>\n<\/div>\n\n\n\n<div class=\"wp-block-column is-layout-flow wp-block-column-is-layout-flow\">\n<figure class=\"wp-block-image size-full\"><img fetchpriority=\"high\" decoding=\"async\" width=\"2000\" height=\"2000\" src=\"https:\/\/jxgchocolate.com\/wp-content\/uploads\/2024\/12\/Wholesales-Chinese-Chocolate-Gummies-Candy-In-Bulk1.webp\" alt=\"Yummy Gummy Choco Bulk, Gro\u00dfhandel Schokolade Gummies Candy-1\" class=\"wp-image-29253\" srcset=\"https:\/\/jxgchocolate.com\/wp-content\/uploads\/2024\/12\/Wholesales-Chinese-Chocolate-Gummies-Candy-In-Bulk1.webp 2000w, https:\/\/jxgchocolate.com\/wp-content\/uploads\/2024\/12\/Wholesales-Chinese-Chocolate-Gummies-Candy-In-Bulk1-300x300.webp 300w, https:\/\/jxgchocolate.com\/wp-content\/uploads\/2024\/12\/Wholesales-Chinese-Chocolate-Gummies-Candy-In-Bulk1-150x150.webp 150w, https:\/\/jxgchocolate.com\/wp-content\/uploads\/2024\/12\/Wholesales-Chinese-Chocolate-Gummies-Candy-In-Bulk1-768x768.webp 768w, https:\/\/jxgchocolate.com\/wp-content\/uploads\/2024\/12\/Wholesales-Chinese-Chocolate-Gummies-Candy-In-Bulk1-12x12.webp 12w, https:\/\/jxgchocolate.com\/wp-content\/uploads\/2024\/12\/Wholesales-Chinese-Chocolate-Gummies-Candy-In-Bulk1-430x430.webp 430w, https:\/\/jxgchocolate.com\/wp-content\/uploads\/2024\/12\/Wholesales-Chinese-Chocolate-Gummies-Candy-In-Bulk1-700x700.webp 700w\" sizes=\"(max-width: 2000px) 100vw, 2000px\" \/><\/figure>\n<\/div>\n<\/div>\n\n\n\n<p><\/p>","protected":false},"excerpt":{"rendered":"<p>Willkommen zu kaufen gummi choco bulk. Unsere Gro\u00dfhandel Schokolade Gummis Mischung der chewy Gef\u00fchl von Gummibonbons mit dem reichen Geschmack von Schokolade. Es ist ein beliebtes Produkt auf dem Markt. Unter einer Menge von S\u00fc\u00dfigkeiten, Gummibonbons Schokolade hat herausragende Eigenschaften in jeder Hinsicht, von seinem besonderen Geschmack und vielf\u00e4ltige Geschmacksoptionen, die Verwendung von hochwertigen Rohstoffen und raffinierte Verpackungsdesign. Als t\u00e4glicher Snack oder als Geschenk f\u00fcr besondere Anl\u00e4sse kann die Gummischokolade den Menschen ein angenehmes Erlebnis bereiten.<\/p>\n<table width=\"275\">\n<tbody>\n<tr>\n<td width=\"108\">Hersteller<\/td>\n<td width=\"167\">Gl\u00fccksfrucht<\/td>\n<\/tr>\n<tr>\n<td>MODELL NR.<\/td>\n<td>JXG342<\/td>\n<\/tr>\n<tr>\n<td>Typ<\/td>\n<td>Gummibonbon-Schokolade<\/td>\n<\/tr>\n<tr>\n<td>Verpackung<\/td>\n<td>Verpackung der Tasche<\/td>\n<\/tr>\n<tr>\n<td>Spezifikation<\/td>\n<td>20 Taschen<\/td>\n<\/tr>\n<tr>\n<td>Gr\u00f6\u00dfe des Kartons<\/td>\n<td>53*33*37.5cm<\/td>\n<\/tr>\n<tr>\n<td>N.W \/SET<\/td>\n<td>23g*20St\u00fcck*12Beutel<\/td>\n<\/tr>\n<tr>\n<td>Farbe<\/td>\n<td>Als Bild<\/td>\n<\/tr>\n<tr>\n<td>MOQ<\/td>\n<td>500 Kartons<\/td>\n<\/tr>\n<tr>\n<td>Personalisierung<\/td>\n<td>Verpackung\/LOGO<\/td>\n<\/tr>\n<\/tbody>\n<\/table>","protected":false},"featured_media":29253,"comment_status":"closed","ping_status":"closed","template":"","meta":[],"product_cat":[75],"product_tag":[],"class_list":{"0":"post-29252","1":"product","2":"type-product","3":"status-publish","4":"has-post-thumbnail","6":"product_cat-wholesale-gummy-chocolate","8":"first","9":"instock","10":"shipping-taxable","11":"product-type-simple"},"_links":{"self":[{"href":"https:\/\/jxgchocolate.com\/de\/wp-json\/wp\/v2\/product\/29252","targetHints":{"allow":["GET"]}}],"collection":[{"href":"https:\/\/jxgchocolate.com\/de\/wp-json\/wp\/v2\/product"}],"about":[{"href":"https:\/\/jxgchocolate.com\/de\/wp-json\/wp\/v2\/types\/product"}],"replies":[{"embeddable":true,"href":"https:\/\/jxgchocolate.com\/de\/wp-json\/wp\/v2\/comments?post=29252"}],"version-history":[{"count":5,"href":"https:\/\/jxgchocolate.com\/de\/wp-json\/wp\/v2\/product\/29252\/revisions"}],"predecessor-version":[{"id":29271,"href":"https:\/\/jxgchocolate.com\/de\/wp-json\/wp\/v2\/product\/29252\/revisions\/29271"}],"wp:featuredmedia":[{"embeddable":true,"href":"https:\/\/jxgchocolate.com\/de\/wp-json\/wp\/v2\/media\/29253"}],"wp:attachment":[{"href":"https:\/\/jxgchocolate.com\/de\/wp-json\/wp\/v2\/media?parent=29252"}],"wp:term":[{"taxonomy":"product_cat","embeddable":true,"href":"https:\/\/jxgchocolate.com\/de\/wp-json\/wp\/v2\/product_cat?post=29252"},{"taxonomy":"product_tag","embeddable":true,"href":"https:\/\/jxgchocolate.com\/de\/wp-json\/wp\/v2\/product_tag?post=29252"}],"curies":[{"name":"wp","href":"https:\/\/api.w.org\/{rel}","templated":true}]}}