{"id":29270,"date":"2024-12-14T09:00:59","date_gmt":"2024-12-14T09:00:59","guid":{"rendered":"https:\/\/jxgchocolate.com\/?post_type=product&#038;p=29270"},"modified":"2024-12-14T09:01:09","modified_gmt":"2024-12-14T09:01:09","slug":"chocolate-covered-gummy-beans-bulk","status":"publish","type":"product","link":"https:\/\/jxgchocolate.com\/de\/produkt\/chocolate-covered-gummy-beans-bulk\/","title":{"rendered":"Gummib\u00e4rchen mit Schokoladen\u00fcberzug und Oolong-Tee-Geschmack"},"content":{"rendered":"<div class=\"wp-block-columns is-layout-flex wp-container-core-columns-is-layout-9d6595d7 wp-block-columns-is-layout-flex\">\n<div class=\"wp-block-column is-layout-flow wp-block-column-is-layout-flow\">\n<h2 class=\"wp-block-heading\">Premium-Schokolade \u00fcberzogene Gummib\u00e4rchen Bulk Features:<\/h2>\n\n\n\n<ul class=\"wp-block-list\">\n<li>U<strong>einzigartiges Geschmackserlebnis:<\/strong> Diese schokoladen\u00fcberzogenen Gummibohnen mit einzigartigem Oolong-Tee-Geschmack bringen einen frischen und einzigartigen Teegeschmack mit sich, der sich perfekt mit dem reichhaltigen Geschmack von Schokolade verbindet und den Geschmacksknospen ein neues Vergn\u00fcgen bereitet.<\/li>\n\n\n\n<li><strong>Neuartige Snackoptionen:<\/strong> Die innovative Kombination aus weichen Bonbonbohnen und Schokolade hat eine neue Snackkategorie geschaffen. Dieses Schokoladengummibonbon in loser Sch\u00fcttung hat sowohl eine s\u00fc\u00dfe Schokoladenschicht als auch einen reichhaltigen Oolong-Tee-Geschmack und erf\u00fcllt damit eine Vielzahl von Geschmacksbed\u00fcrfnissen.<\/li>\n\n\n\n<li><strong>Nat\u00fcrliche Inhaltsstoffe: <\/strong>Bei unseren schokoladen\u00fcberzogenen Gummib\u00e4rchen werden hochwertige Schokolade und Oolong-Tee-Extrakt ausgew\u00e4hlt, um sicherzustellen, dass jedes Gummib\u00e4rchen nat\u00fcrliche und gesunde Inhaltsstoffe enth\u00e4lt. So k\u00f6nnen Sie den k\u00f6stlichen Geschmack genie\u00dfen und die Reinheit des nat\u00fcrlichen Aromas sp\u00fcren.<\/li>\n\n\n\n<li><strong>Lieferung in gro\u00dfen Mengen, geeignet f\u00fcr eine Vielzahl von Szenarien: <\/strong>Unsere Schokoladengummibonbons in loser Sch\u00fcttung sind f\u00fcr den Gro\u00dfhandel, den Einzelhandel, die Gastronomie und einzelne Verbraucher geeignet, um den Bedarf an Snacks in verschiedenen Szenarien zu decken und K\u00f6stlichkeiten einfach zu teilen.<\/li>\n<\/ul>\n<\/div>\n\n\n\n<div class=\"wp-block-column is-layout-flow wp-block-column-is-layout-flow\">\n<figure class=\"wp-block-image size-full\"><img fetchpriority=\"high\" decoding=\"async\" width=\"1280\" height=\"1280\" src=\"https:\/\/jxgchocolate.com\/wp-content\/uploads\/2024\/12\/Wholesale-In-Bulk-Chinese-Gummy-Chocolate-Balls-With-Tea-Flavor2.webp\" alt=\"Gummib\u00e4rchen mit Schokoladen\u00fcberzug und Oolong-Tee-Geschmack-2\" class=\"wp-image-29273\" srcset=\"https:\/\/jxgchocolate.com\/wp-content\/uploads\/2024\/12\/Wholesale-In-Bulk-Chinese-Gummy-Chocolate-Balls-With-Tea-Flavor2.webp 1280w, https:\/\/jxgchocolate.com\/wp-content\/uploads\/2024\/12\/Wholesale-In-Bulk-Chinese-Gummy-Chocolate-Balls-With-Tea-Flavor2-300x300.webp 300w, https:\/\/jxgchocolate.com\/wp-content\/uploads\/2024\/12\/Wholesale-In-Bulk-Chinese-Gummy-Chocolate-Balls-With-Tea-Flavor2-150x150.webp 150w, https:\/\/jxgchocolate.com\/wp-content\/uploads\/2024\/12\/Wholesale-In-Bulk-Chinese-Gummy-Chocolate-Balls-With-Tea-Flavor2-768x768.webp 768w, https:\/\/jxgchocolate.com\/wp-content\/uploads\/2024\/12\/Wholesale-In-Bulk-Chinese-Gummy-Chocolate-Balls-With-Tea-Flavor2-12x12.webp 12w, https:\/\/jxgchocolate.com\/wp-content\/uploads\/2024\/12\/Wholesale-In-Bulk-Chinese-Gummy-Chocolate-Balls-With-Tea-Flavor2-430x430.webp 430w, https:\/\/jxgchocolate.com\/wp-content\/uploads\/2024\/12\/Wholesale-In-Bulk-Chinese-Gummy-Chocolate-Balls-With-Tea-Flavor2-700x700.webp 700w\" sizes=\"(max-width: 1280px) 100vw, 1280px\" \/><\/figure>\n<\/div>\n<\/div>","protected":false},"excerpt":{"rendered":"<p>Willkommen zum Kauf von schokoladen\u00fcberzogenen Gummib\u00e4rchen in gro\u00dfen Mengen. Unsere neue Erfindung Tee Schokolade Gummibonbons in loser Sch\u00fcttung kombiniert reiche Schokolade mit dem frischen und blumigen Aroma von Oolong-Tee, um ein k\u00f6stliches Geschmackserlebnis, das niemand sonst bietet zu schaffen. Jedes St\u00fcck Gummibonbons wird mit einzigartigen Aromen f\u00fcr diejenigen, die in neue Geschmacksrichtungen versuchen gef\u00fcllt werden.<\/p>\n<table width=\"275\">\n<tbody>\n<tr>\n<td width=\"108\">Hersteller<\/td>\n<td width=\"167\">Gl\u00fccksfrucht<\/td>\n<\/tr>\n<tr>\n<td>MODELL NR.<\/td>\n<td>JXG343<\/td>\n<\/tr>\n<tr>\n<td>Typ<\/td>\n<td>Gummibonbon-Schokolade<\/td>\n<\/tr>\n<tr>\n<td>Verpackung<\/td>\n<td>Verpackung der Tasche<\/td>\n<\/tr>\n<tr>\n<td>Spezifikation<\/td>\n<td>20 Taschen<\/td>\n<\/tr>\n<tr>\n<td>Gr\u00f6\u00dfe des Kartons<\/td>\n<td>53*33*37.5cm<\/td>\n<\/tr>\n<tr>\n<td>N.W \/SET<\/td>\n<td>23g*20St\u00fcck*12Beutel<\/td>\n<\/tr>\n<tr>\n<td>Farbe<\/td>\n<td>Als Bild<\/td>\n<\/tr>\n<tr>\n<td>MOQ<\/td>\n<td>500 Kartons<\/td>\n<\/tr>\n<tr>\n<td>Personalisierung<\/td>\n<td>Verpackung\/LOGO<\/td>\n<\/tr>\n<\/tbody>\n<\/table>\n<p>&nbsp;<\/p>","protected":false},"featured_media":29274,"comment_status":"closed","ping_status":"closed","template":"","meta":[],"product_cat":[75],"product_tag":[],"class_list":{"0":"post-29270","1":"product","2":"type-product","3":"status-publish","4":"has-post-thumbnail","6":"product_cat-wholesale-gummy-chocolate","8":"first","9":"instock","10":"shipping-taxable","11":"product-type-simple"},"_links":{"self":[{"href":"https:\/\/jxgchocolate.com\/de\/wp-json\/wp\/v2\/product\/29270","targetHints":{"allow":["GET"]}}],"collection":[{"href":"https:\/\/jxgchocolate.com\/de\/wp-json\/wp\/v2\/product"}],"about":[{"href":"https:\/\/jxgchocolate.com\/de\/wp-json\/wp\/v2\/types\/product"}],"replies":[{"embeddable":true,"href":"https:\/\/jxgchocolate.com\/de\/wp-json\/wp\/v2\/comments?post=29270"}],"version-history":[{"count":0,"href":"https:\/\/jxgchocolate.com\/de\/wp-json\/wp\/v2\/product\/29270\/revisions"}],"wp:featuredmedia":[{"embeddable":true,"href":"https:\/\/jxgchocolate.com\/de\/wp-json\/wp\/v2\/media\/29274"}],"wp:attachment":[{"href":"https:\/\/jxgchocolate.com\/de\/wp-json\/wp\/v2\/media?parent=29270"}],"wp:term":[{"taxonomy":"product_cat","embeddable":true,"href":"https:\/\/jxgchocolate.com\/de\/wp-json\/wp\/v2\/product_cat?post=29270"},{"taxonomy":"product_tag","embeddable":true,"href":"https:\/\/jxgchocolate.com\/de\/wp-json\/wp\/v2\/product_tag?post=29270"}],"curies":[{"name":"wp","href":"https:\/\/api.w.org\/{rel}","templated":true}]}}