{"id":29277,"date":"2024-12-14T09:20:36","date_gmt":"2024-12-14T09:20:36","guid":{"rendered":"https:\/\/jxgchocolate.com\/?post_type=product&#038;p=29277"},"modified":"2024-12-14T09:20:38","modified_gmt":"2024-12-14T09:20:38","slug":"chocolate-covered-peanuts-in-bulk","status":"publish","type":"product","link":"https:\/\/jxgchocolate.com\/de\/produkt\/chocolate-covered-peanuts-in-bulk\/","title":{"rendered":"Hei\u00dfe Verkaufsschokolade umh\u00fcllte Erdn\u00fcsse in gro\u00dfen Mengen f\u00fcr Ihr Gesch\u00e4ft"},"content":{"rendered":"<div class=\"wp-block-columns is-layout-flex wp-container-core-columns-is-layout-9d6595d7 wp-block-columns-is-layout-flex\">\n<div class=\"wp-block-column is-layout-flow wp-block-column-is-layout-flow\">\n<h2 class=\"wp-block-heading\">Premium-Schokolade \u00fcberzogene Erdn\u00fcsse in Bulk Eigenschaften:<\/h2>\n\n\n\n<ul class=\"wp-block-list\">\n<li>Reichhaltige Schokolade c<strong>Erdn\u00fcsse \u00fcbersehen:<\/strong> Unsere schokoladen\u00fcberzogenen Erdn\u00fcsse in loser Sch\u00fcttung werden aus hochwertigen Erdn\u00fcssen hergestellt und mit reichhaltiger Schokolade \u00fcberzogen, die nicht nur die Anspr\u00fcche von Schokoladenliebhabern erf\u00fcllt, sondern auch die Knackigkeit von Erdn\u00fcssen auf nat\u00fcrliche Weise erh\u00e4lt.<\/li>\n\n\n\n<li><strong>Gesunder und nahrhafter Snack: <\/strong>Unsere losen Schokoladen-Erdn\u00fcsse sind reich an hochwertigem Eiwei\u00df, gesunden Fetten und verschiedenen Mineralien. Mit Schokolade gemischt sind sie nicht nur ein leckerer Snack, sondern auch eine gesunde Wahl zur Energieerg\u00e4nzung.<\/li>\n\n\n\n<li><strong>Lieferung in gro\u00dfen Mengen zur Deckung des Einzelhandelsbedarfs: <\/strong>Wir bieten schokoladen\u00fcberzogene Erdn\u00fcsse in Gro\u00dfpackungen mit ma\u00dfgeschneiderten Verpackungen f\u00fcr Einzelh\u00e4ndler, gro\u00dfe Superm\u00e4rkte und E-Commerce-Websites an, die sich mit diesen Produkten eindecken und die Nachfrage der Verbraucher befriedigen.<\/li>\n\n\n\n<li>Hoher cos<strong>tsleistung und eine starke Wettbewerbsf\u00e4higkeit auf dem Markt: <\/strong>Unsere Schokoladen-Erdn\u00fcsse in loser Sch\u00fcttung sind eine perfekte Kombination aus hochwertiger Schokolade und Erdn\u00fcssen, die zu einem g\u00fcnstigen Preis angeboten werden, um den Verkauf und die Kundenzufriedenheit in den verschiedenen Gesch\u00e4ften zu steigern.<\/li>\n<\/ul>\n<\/div>\n\n\n\n<div class=\"wp-block-column is-layout-flow wp-block-column-is-layout-flow\">\n<figure class=\"wp-block-image size-full\"><img fetchpriority=\"high\" decoding=\"async\" width=\"750\" height=\"750\" src=\"https:\/\/jxgchocolate.com\/wp-content\/uploads\/2024\/12\/Hot-Sales-Bulk-Chocolate-Covered-Peanuts-Can-Be-Customized3.webp\" alt=\"Hei\u00dfe Verkaufsschokolade \u00fcberzogene Erdn\u00fcsse in Bulk f\u00fcr Ihr Gesch\u00e4ft-3\" class=\"wp-image-29282\" srcset=\"https:\/\/jxgchocolate.com\/wp-content\/uploads\/2024\/12\/Hot-Sales-Bulk-Chocolate-Covered-Peanuts-Can-Be-Customized3.webp 750w, https:\/\/jxgchocolate.com\/wp-content\/uploads\/2024\/12\/Hot-Sales-Bulk-Chocolate-Covered-Peanuts-Can-Be-Customized3-300x300.webp 300w, https:\/\/jxgchocolate.com\/wp-content\/uploads\/2024\/12\/Hot-Sales-Bulk-Chocolate-Covered-Peanuts-Can-Be-Customized3-150x150.webp 150w, https:\/\/jxgchocolate.com\/wp-content\/uploads\/2024\/12\/Hot-Sales-Bulk-Chocolate-Covered-Peanuts-Can-Be-Customized3-12x12.webp 12w, https:\/\/jxgchocolate.com\/wp-content\/uploads\/2024\/12\/Hot-Sales-Bulk-Chocolate-Covered-Peanuts-Can-Be-Customized3-430x430.webp 430w, https:\/\/jxgchocolate.com\/wp-content\/uploads\/2024\/12\/Hot-Sales-Bulk-Chocolate-Covered-Peanuts-Can-Be-Customized3-700x700.webp 700w\" sizes=\"(max-width: 750px) 100vw, 750px\" \/><\/figure>\n<\/div>\n<\/div>","protected":false},"excerpt":{"rendered":"<p>Willkommen zum Kauf von Erdn\u00fcssen mit Schokoladen\u00fcberzug in gro\u00dfen Mengen. Unsere schokoladen\u00fcberzogenen Erdn\u00fcsse in gro\u00dfen Mengen sind hei\u00df begehrte Snacks mit einer perfekten Mischung aus reichhaltiger Schokolade und knusprigen Erdn\u00fcssen. Sie eignen sich f\u00fcr den Gro\u00dfhandel und erm\u00f6glichen es Einzelh\u00e4ndlern, ihre Best\u00e4nde leicht aufzuf\u00fcllen und die Nachfrage der Kunden nach gesunden, leckeren Snacks zu befriedigen. Es ist die perfekte Erg\u00e4nzung zu den meistverkauften Produkten in Ihrem Gesch\u00e4ft.<\/p>\n<table width=\"275\">\n<tbody>\n<tr>\n<td width=\"108\">Hersteller<\/td>\n<td width=\"167\">Gl\u00fccksfrucht<\/td>\n<\/tr>\n<tr>\n<td>MODELL NR.<\/td>\n<td>JXG344<\/td>\n<\/tr>\n<tr>\n<td>Typ<\/td>\n<td>Erdn\u00fcsse Schokolade<\/td>\n<\/tr>\n<tr>\n<td>Verpackung<\/td>\n<td>Verpackung der Tasche<\/td>\n<\/tr>\n<tr>\n<td>Spezifikation<\/td>\n<td>20 Taschen<\/td>\n<\/tr>\n<tr>\n<td>Gr\u00f6\u00dfe des Kartons<\/td>\n<td>53*33*37.5cm<\/td>\n<\/tr>\n<tr>\n<td>N.W \/SET<\/td>\n<td>23g*20St\u00fcck*12Beutel<\/td>\n<\/tr>\n<tr>\n<td>Farbe<\/td>\n<td>Als Bild<\/td>\n<\/tr>\n<tr>\n<td>MOQ<\/td>\n<td>500 Kartons<\/td>\n<\/tr>\n<tr>\n<td>Personalisierung<\/td>\n<td>Verpackung\/LOGO<\/td>\n<\/tr>\n<\/tbody>\n<\/table>","protected":false},"featured_media":29281,"comment_status":"closed","ping_status":"closed","template":"","meta":[],"product_cat":[73],"product_tag":[],"class_list":{"0":"post-29277","1":"product","2":"type-product","3":"status-publish","4":"has-post-thumbnail","6":"product_cat-wholesale-chocolate-covered-peanuts","8":"first","9":"instock","10":"shipping-taxable","11":"product-type-simple"},"_links":{"self":[{"href":"https:\/\/jxgchocolate.com\/de\/wp-json\/wp\/v2\/product\/29277","targetHints":{"allow":["GET"]}}],"collection":[{"href":"https:\/\/jxgchocolate.com\/de\/wp-json\/wp\/v2\/product"}],"about":[{"href":"https:\/\/jxgchocolate.com\/de\/wp-json\/wp\/v2\/types\/product"}],"replies":[{"embeddable":true,"href":"https:\/\/jxgchocolate.com\/de\/wp-json\/wp\/v2\/comments?post=29277"}],"version-history":[{"count":0,"href":"https:\/\/jxgchocolate.com\/de\/wp-json\/wp\/v2\/product\/29277\/revisions"}],"wp:featuredmedia":[{"embeddable":true,"href":"https:\/\/jxgchocolate.com\/de\/wp-json\/wp\/v2\/media\/29281"}],"wp:attachment":[{"href":"https:\/\/jxgchocolate.com\/de\/wp-json\/wp\/v2\/media?parent=29277"}],"wp:term":[{"taxonomy":"product_cat","embeddable":true,"href":"https:\/\/jxgchocolate.com\/de\/wp-json\/wp\/v2\/product_cat?post=29277"},{"taxonomy":"product_tag","embeddable":true,"href":"https:\/\/jxgchocolate.com\/de\/wp-json\/wp\/v2\/product_tag?post=29277"}],"curies":[{"name":"wp","href":"https:\/\/api.w.org\/{rel}","templated":true}]}}