{"id":29285,"date":"2024-12-14T09:09:09","date_gmt":"2024-12-14T09:09:09","guid":{"rendered":"https:\/\/jxgchocolate.com\/?post_type=product&#038;p=29285"},"modified":"2024-12-14T09:21:14","modified_gmt":"2024-12-14T09:21:14","slug":"bulk-chocolate-peanuts","status":"publish","type":"product","link":"https:\/\/jxgchocolate.com\/de\/produkt\/bulk-chocolate-peanuts\/","title":{"rendered":"Chinesische Tee Geschmack Bulk Schokolade Erdn\u00fcsse mit benutzerdefinierten Paket"},"content":{"rendered":"<div class=\"wp-block-columns is-layout-flex wp-container-core-columns-is-layout-9d6595d7 wp-block-columns-is-layout-flex\">\n<div class=\"wp-block-column is-layout-flow wp-block-column-is-layout-flow\">\n<h2 class=\"wp-block-heading\">Premium Bulk Chocolate Peanuts Merkmale:<\/h2>\n\n\n\n<ul class=\"wp-block-list\">\n<li><strong>Einzigartiges Tee-Aroma: <\/strong>F\u00fcr diese Schokoladen-Erdn\u00fcsse wird chinesischer Tee verwendet und sorgf\u00e4ltig gemischt, so dass sich das reichhaltige Tee-Aroma mit der S\u00fc\u00dfe der Schokolade verbindet. Der reichhaltige und einzigartige Geschmack er\u00f6ffnet ein neues Genusserlebnis.<\/li>\n\n\n\n<li><strong>Ausgew\u00e4hlte hochwertige Zutaten: <\/strong>F\u00fcr unsere schokoladen\u00fcberzogenen Erdn\u00fcsse in loser Sch\u00fcttung verwenden wir hochwertige Erdn\u00fcsse und hochwertige Schokolade, um einen delikaten, gesunden und k\u00f6stlichen Geschmack zu gew\u00e4hrleisten, damit Sie den reinen nat\u00fcrlichen Geschmack genie\u00dfen k\u00f6nnen.<\/li>\n\n\n\n<li><strong>Ma\u00dfgeschneiderter Verpackungsservice: <\/strong>Ma\u00dfgeschneiderte Verpackungen f\u00fcr lose Schokoladen-Erdn\u00fcsse k\u00f6nnen entsprechend den Anforderungen der Marke angefertigt werden, sei es als Geschenk, als Werbema\u00dfnahme oder als Firmengeschenk zur St\u00e4rkung der Marke.<\/li>\n\n\n\n<li>Bulk sup<strong>um eine Vielzahl von Bed\u00fcrfnissen zu erf\u00fcllen: <\/strong>Unsere schokoladen\u00fcberzogenen Erdn\u00fcsse in loser Sch\u00fcttung unterst\u00fctzen den Gro\u00dfhandel, eignen sich f\u00fcr Einzelh\u00e4ndler, Catering und Firmenkunden, erf\u00fcllen problemlos die Anforderungen verschiedener M\u00e4rkte und erweitern Ihre Produktauswahl.<\/li>\n<\/ul>\n<\/div>\n\n\n\n<div class=\"wp-block-column is-layout-flow wp-block-column-is-layout-flow\">\n<figure class=\"wp-block-image size-full\"><img fetchpriority=\"high\" decoding=\"async\" width=\"800\" height=\"800\" src=\"https:\/\/jxgchocolate.com\/wp-content\/uploads\/2024\/12\/Customized-Chocolate-Covered-Peanuts-In-Bulk-With-Chinese-tea-Flavor2.webp\" alt=\"Chinesischer Tee Geschmack Bulk Schokolade Erdn\u00fcsse mit benutzerdefinierten Paket-3\" class=\"wp-image-29287\" srcset=\"https:\/\/jxgchocolate.com\/wp-content\/uploads\/2024\/12\/Customized-Chocolate-Covered-Peanuts-In-Bulk-With-Chinese-tea-Flavor2.webp 800w, https:\/\/jxgchocolate.com\/wp-content\/uploads\/2024\/12\/Customized-Chocolate-Covered-Peanuts-In-Bulk-With-Chinese-tea-Flavor2-300x300.webp 300w, https:\/\/jxgchocolate.com\/wp-content\/uploads\/2024\/12\/Customized-Chocolate-Covered-Peanuts-In-Bulk-With-Chinese-tea-Flavor2-150x150.webp 150w, https:\/\/jxgchocolate.com\/wp-content\/uploads\/2024\/12\/Customized-Chocolate-Covered-Peanuts-In-Bulk-With-Chinese-tea-Flavor2-768x768.webp 768w, https:\/\/jxgchocolate.com\/wp-content\/uploads\/2024\/12\/Customized-Chocolate-Covered-Peanuts-In-Bulk-With-Chinese-tea-Flavor2-12x12.webp 12w, https:\/\/jxgchocolate.com\/wp-content\/uploads\/2024\/12\/Customized-Chocolate-Covered-Peanuts-In-Bulk-With-Chinese-tea-Flavor2-430x430.webp 430w, https:\/\/jxgchocolate.com\/wp-content\/uploads\/2024\/12\/Customized-Chocolate-Covered-Peanuts-In-Bulk-With-Chinese-tea-Flavor2-700x700.webp 700w\" sizes=\"(max-width: 800px) 100vw, 800px\" \/><\/figure>\n<\/div>\n<\/div>","protected":false},"excerpt":{"rendered":"<p>Willkommen beim Kauf von Schokoladen-Erdn\u00fcssen in loser Sch\u00fcttung. Unsere mit Schokolade \u00fcberzogenen Erdn\u00fcsse vereinen den einzigartigen Geschmack von chinesischem Tee mit der Sanftheit von Schokolade und bieten Ihnen ein einzigartiges Geschmackserlebnis. Jede Erdnuss wird aus ausgew\u00e4hlten hochwertigen Zutaten hergestellt, mit einer reichhaltigen Schokoladenschicht au\u00dfen, knusprigen Erdn\u00fcssen innen und einem Hauch von Teeduft - eine perfekte Mischung. Wir bieten ma\u00dfgeschneiderte Verpackungen f\u00fcr Ihren Einzelhandel oder Ihr Branding.<\/p>\n<table width=\"275\">\n<tbody>\n<tr>\n<td width=\"108\">Hersteller<\/td>\n<td width=\"167\">Gl\u00fccksfrucht<\/td>\n<\/tr>\n<tr>\n<td>MODELL NR.<\/td>\n<td>JXG345<\/td>\n<\/tr>\n<tr>\n<td>Typ<\/td>\n<td>Erdn\u00fcsse Schokolade<\/td>\n<\/tr>\n<tr>\n<td>Verpackung<\/td>\n<td>Verpackung der Tasche<\/td>\n<\/tr>\n<tr>\n<td>Spezifikation<\/td>\n<td>20 Taschen<\/td>\n<\/tr>\n<tr>\n<td>Gr\u00f6\u00dfe des Kartons<\/td>\n<td>53*33*37.5cm<\/td>\n<\/tr>\n<tr>\n<td>N.W \/SET<\/td>\n<td>23g*20St\u00fcck*12Beutel<\/td>\n<\/tr>\n<tr>\n<td>Farbe<\/td>\n<td>Als Bild<\/td>\n<\/tr>\n<tr>\n<td>MOQ<\/td>\n<td>500 Kartons<\/td>\n<\/tr>\n<tr>\n<td>Personalisierung<\/td>\n<td>Verpackung\/LOGO<\/td>\n<\/tr>\n<\/tbody>\n<\/table>","protected":false},"featured_media":29287,"comment_status":"closed","ping_status":"closed","template":"","meta":[],"product_cat":[73],"product_tag":[],"class_list":{"0":"post-29285","1":"product","2":"type-product","3":"status-publish","4":"has-post-thumbnail","6":"product_cat-wholesale-chocolate-covered-peanuts","8":"first","9":"instock","10":"shipping-taxable","11":"product-type-simple"},"_links":{"self":[{"href":"https:\/\/jxgchocolate.com\/de\/wp-json\/wp\/v2\/product\/29285","targetHints":{"allow":["GET"]}}],"collection":[{"href":"https:\/\/jxgchocolate.com\/de\/wp-json\/wp\/v2\/product"}],"about":[{"href":"https:\/\/jxgchocolate.com\/de\/wp-json\/wp\/v2\/types\/product"}],"replies":[{"embeddable":true,"href":"https:\/\/jxgchocolate.com\/de\/wp-json\/wp\/v2\/comments?post=29285"}],"version-history":[{"count":0,"href":"https:\/\/jxgchocolate.com\/de\/wp-json\/wp\/v2\/product\/29285\/revisions"}],"wp:featuredmedia":[{"embeddable":true,"href":"https:\/\/jxgchocolate.com\/de\/wp-json\/wp\/v2\/media\/29287"}],"wp:attachment":[{"href":"https:\/\/jxgchocolate.com\/de\/wp-json\/wp\/v2\/media?parent=29285"}],"wp:term":[{"taxonomy":"product_cat","embeddable":true,"href":"https:\/\/jxgchocolate.com\/de\/wp-json\/wp\/v2\/product_cat?post=29285"},{"taxonomy":"product_tag","embeddable":true,"href":"https:\/\/jxgchocolate.com\/de\/wp-json\/wp\/v2\/product_tag?post=29285"}],"curies":[{"name":"wp","href":"https:\/\/api.w.org\/{rel}","templated":true}]}}