{"id":29307,"date":"2024-12-21T02:31:34","date_gmt":"2024-12-21T02:31:34","guid":{"rendered":"https:\/\/jxgchocolate.com\/?post_type=product&#038;p=29307"},"modified":"2024-12-21T02:32:14","modified_gmt":"2024-12-21T02:32:14","slug":"chocolate-coated-peanuts-bulk","status":"publish","type":"product","link":"https:\/\/jxgchocolate.com\/de\/produkt\/chocolate-coated-peanuts-bulk\/","title":{"rendered":"Innovative Erdn\u00fcsse mit Schokoladen\u00fcberzug als Sch\u00fcttgut mit zwei Geschmacksrichtungen"},"content":{"rendered":"<div class=\"wp-block-columns is-layout-flex wp-container-core-columns-is-layout-9d6595d7 wp-block-columns-is-layout-flex\">\n<div class=\"wp-block-column is-layout-flow wp-block-column-is-layout-flow\">\n<h2 class=\"wp-block-heading\">Premium-Erdn\u00fcsse mit Schokoladen\u00fcberzug Bulk Eigenschaften:<\/h2>\n\n\n\n<ul class=\"wp-block-list\">\n<li><strong>Schnelle Energieerg\u00e4nzung: <\/strong>Unsere schokoladen\u00fcberzogenen Erdn\u00fcsse enthalten einen hohen Anteil an Zucker und Fett, die dem K\u00f6rper schnell Energie zuf\u00fchren k\u00f6nnen. Daher eignen sie sich als Energieerg\u00e4nzung, wenn Menschen trainieren, lernen oder arbeiten und sich m\u00fcde f\u00fchlen. Die in den Erdn\u00fcssen enthaltenen Proteine und Kohlenhydrate k\u00f6nnen vom K\u00f6rper leicht aufgenommen werden, was den Blutzuckerspiegel schnell ansteigen l\u00e4sst und den Menschen hilft, ihre Energie schneller wiederzuerlangen.<\/li>\n\n\n\n<li><strong>Einzigartiges Geschmackserlebnis: <\/strong>Die \u00e4u\u00dfere Schicht unserer schokoladen\u00fcberzogenen Erdn\u00fcsse hat eine seidige Schokoladentextur, aber innen ist sie voller knackiger Erdn\u00fcsse. Dieser Geschmackskontrast verleiht jedem Bissen eine reichhaltige Schichtung. Die Erdnuss selbst hat ein gro\u00dfartiges Aroma, und zusammen mit der Schokolade ergeben sie einen verf\u00fchrerischen, unvergesslichen Geschmack.<\/li>\n\n\n\n<li><strong>Reich an N\u00e4hrstoffen:<\/strong> Erdn\u00fcsse sind reich an hochwertigem Eiwei\u00df und Ballaststoffen, die den normalen Stoffwechsel und die Darmgesundheit im K\u00f6rper aufrechterhalten. Au\u00dferdem k\u00f6nnen die unges\u00e4ttigten Fetts\u00e4uren in Erdn\u00fcssen den Cholesterinspiegel senken und das Risiko von Herz-Kreislauf-Erkrankungen im menschlichen K\u00f6rper verringern. Unsere mit Schokolade \u00fcberzogenen Erdn\u00fcsse enthalten auch verschiedene Vitamine und Mineralstoffe wie Vitamin E, Magnesium, Kalium usw., die eine wichtige Rolle bei der Erhaltung der Gesundheit spielen.<\/li>\n\n\n\n<li><strong>Die Verpackungen sind mit verschiedenen Geschmacksrichtungen versehen: <\/strong>Das exquisite Verpackungsdesign unserer Erdn\u00fcsse mit Schokoladen\u00fcberzug kann die Aufmerksamkeit der Verbraucher auf sich ziehen und ihre Kaufabsicht erh\u00f6hen. Zus\u00e4tzlich zum klassischen Schokoladengeschmack wurde Yashi Dancong-Schokolade mit Teegeschmack hinzugef\u00fcgt, um die unterschiedlichen Geschm\u00e4cker der Verbraucher zu befriedigen.<\/li>\n<\/ul>\n<\/div>\n\n\n\n<div class=\"wp-block-column is-layout-flow wp-block-column-is-layout-flow\">\n<figure class=\"wp-block-image size-full\"><img fetchpriority=\"high\" decoding=\"async\" width=\"1800\" height=\"1500\" src=\"https:\/\/jxgchocolate.com\/wp-content\/uploads\/2024\/12\/\u82b1\u751f\u4fe9\u53e3\u54731.webp\" alt=\"Innovative Erdn\u00fcsse mit Schokoladen\u00fcberzug als Sch\u00fcttgut mit zwei Geschmacksrichtungen-1\" class=\"wp-image-29309\" srcset=\"https:\/\/jxgchocolate.com\/wp-content\/uploads\/2024\/12\/\u82b1\u751f\u4fe9\u53e3\u54731.webp 1800w, https:\/\/jxgchocolate.com\/wp-content\/uploads\/2024\/12\/\u82b1\u751f\u4fe9\u53e3\u54731-360x300.webp 360w, https:\/\/jxgchocolate.com\/wp-content\/uploads\/2024\/12\/\u82b1\u751f\u4fe9\u53e3\u54731-768x640.webp 768w, https:\/\/jxgchocolate.com\/wp-content\/uploads\/2024\/12\/\u82b1\u751f\u4fe9\u53e3\u54731-14x12.webp 14w, https:\/\/jxgchocolate.com\/wp-content\/uploads\/2024\/12\/\u82b1\u751f\u4fe9\u53e3\u54731-430x358.webp 430w, https:\/\/jxgchocolate.com\/wp-content\/uploads\/2024\/12\/\u82b1\u751f\u4fe9\u53e3\u54731-700x583.webp 700w, https:\/\/jxgchocolate.com\/wp-content\/uploads\/2024\/12\/\u82b1\u751f\u4fe9\u53e3\u54731-150x125.webp 150w\" sizes=\"(max-width: 1800px) 100vw, 1800px\" \/><\/figure>\n<\/div>\n<\/div>","protected":false},"excerpt":{"rendered":"<p>Willkommen zum Kauf von schokoladen\u00fcberzogenen Erdn\u00fcssen in loser Sch\u00fcttung. Unsere schokoladen\u00fcberzogenen Erdn\u00fcsse sind aufgrund ihres einzigartigen Geschmackserlebnisses, der schnellen Energiezufuhr, des hohen N\u00e4hrwerts und der verschiedenen Verpackungen und Geschmacksrichtungen auf dem Markt sehr beliebt. Egal ob als t\u00e4glicher Snack oder als Energieerg\u00e4nzung, Erdnussschokolade kann den Verbrauchern ein angenehmes Geschmackserlebnis und eine gesunde k\u00f6rperliche Erfahrung bringen.<\/p>\n<table width=\"275\">\n<tbody>\n<tr>\n<td width=\"108\">Hersteller<\/td>\n<td width=\"167\">Gl\u00fccksfrucht<\/td>\n<\/tr>\n<tr>\n<td>MODELL NR.<\/td>\n<td>JXG345<\/td>\n<\/tr>\n<tr>\n<td>Typ<\/td>\n<td>Erdn\u00fcsse Schokolade<\/td>\n<\/tr>\n<tr>\n<td>Verpackung<\/td>\n<td>Verpackung der Tasche<\/td>\n<\/tr>\n<tr>\n<td>Spezifikation<\/td>\n<td>20 Taschen<\/td>\n<\/tr>\n<tr>\n<td>Gr\u00f6\u00dfe des Kartons<\/td>\n<td>53*33*37.5cm<\/td>\n<\/tr>\n<tr>\n<td>N.W \/SET<\/td>\n<td>23g*20St\u00fcck*12Beutel<\/td>\n<\/tr>\n<tr>\n<td>Farbe<\/td>\n<td>Als Bild<\/td>\n<\/tr>\n<tr>\n<td>MOQ<\/td>\n<td>500 Kartons<\/td>\n<\/tr>\n<tr>\n<td>Personalisierung<\/td>\n<td>Verpackung\/LOGO<\/td>\n<\/tr>\n<\/tbody>\n<\/table>","protected":false},"featured_media":29310,"comment_status":"closed","ping_status":"closed","template":"","meta":[],"product_cat":[73],"product_tag":[],"class_list":{"0":"post-29307","1":"product","2":"type-product","3":"status-publish","4":"has-post-thumbnail","6":"product_cat-wholesale-chocolate-covered-peanuts","8":"first","9":"instock","10":"shipping-taxable","11":"product-type-simple"},"_links":{"self":[{"href":"https:\/\/jxgchocolate.com\/de\/wp-json\/wp\/v2\/product\/29307","targetHints":{"allow":["GET"]}}],"collection":[{"href":"https:\/\/jxgchocolate.com\/de\/wp-json\/wp\/v2\/product"}],"about":[{"href":"https:\/\/jxgchocolate.com\/de\/wp-json\/wp\/v2\/types\/product"}],"replies":[{"embeddable":true,"href":"https:\/\/jxgchocolate.com\/de\/wp-json\/wp\/v2\/comments?post=29307"}],"version-history":[{"count":0,"href":"https:\/\/jxgchocolate.com\/de\/wp-json\/wp\/v2\/product\/29307\/revisions"}],"wp:featuredmedia":[{"embeddable":true,"href":"https:\/\/jxgchocolate.com\/de\/wp-json\/wp\/v2\/media\/29310"}],"wp:attachment":[{"href":"https:\/\/jxgchocolate.com\/de\/wp-json\/wp\/v2\/media?parent=29307"}],"wp:term":[{"taxonomy":"product_cat","embeddable":true,"href":"https:\/\/jxgchocolate.com\/de\/wp-json\/wp\/v2\/product_cat?post=29307"},{"taxonomy":"product_tag","embeddable":true,"href":"https:\/\/jxgchocolate.com\/de\/wp-json\/wp\/v2\/product_tag?post=29307"}],"curies":[{"name":"wp","href":"https:\/\/api.w.org\/{rel}","templated":true}]}}