{"id":29316,"date":"2024-12-21T02:39:34","date_gmt":"2024-12-21T02:39:34","guid":{"rendered":"https:\/\/jxgchocolate.com\/?post_type=product&#038;p=29316"},"modified":"2024-12-21T02:39:38","modified_gmt":"2024-12-21T02:39:38","slug":"bulk-chocolate-covered-sunflower-seed","status":"publish","type":"product","link":"https:\/\/jxgchocolate.com\/de\/produkt\/bulk-chocolate-covered-sunflower-seed\/","title":{"rendered":"Lose Sonnenblumenkerne mit Schokoladen\u00fcberzug und neuer Geschmacksrichtung"},"content":{"rendered":"<div class=\"wp-block-columns is-layout-flex wp-container-core-columns-is-layout-9d6595d7 wp-block-columns-is-layout-flex\">\n<div class=\"wp-block-column is-layout-flow wp-block-column-is-layout-flow\">\n<h2 class=\"wp-block-heading\">Premium Bulk Sonnenblumenkerne mit Schokoladen\u00fcberzug Merkmale:<\/h2>\n\n\n\n<ul class=\"wp-block-list\">\n<li><strong>Kultur und Innovation: <\/strong>Die Kombination traditioneller Sonnenblumenkerne mit moderner Schokoladenkunst verk\u00f6rpert den Charme von Innovation und Grenz\u00fcberschreitung. Unsere mit Schokolade \u00fcberzogenen Sonnenblumenkerne eignen sich f\u00fcr Verbraucher, die einzigartige Erfahrungen suchen. Obwohl Sonnenblumenkernschokolade eine relativ neue Produktkategorie ist, hat ihre einzigartige Kombination eine gewisse Seltenheit und Attraktivit\u00e4t auf dem Markt.<\/li>\n\n\n\n<li><strong>Diversifizierte Verbrauchsszenarien: <\/strong>Unsere mit Schokolade \u00fcberzogenen Sonnenblumenkerne eignen sich als Snack f\u00fcr die Freizeit und bieten einen angenehmen Genuss w\u00e4hrend der Arbeitspausen oder bei Familientreffen. Sie k\u00f6nnen auch mit einer Tasse hei\u00dfem Tee oder Kaffee kombiniert werden, um den perfekten Nachmittagstee Dim Sum zu machen. Sie k\u00f6nnen auch f\u00fcr die Herstellung kreativer Desserts wie Sandwich-Kekse, Kuchendekorationen usw. verwendet werden, um den Spa\u00df am Backen zu erh\u00f6hen.<\/li>\n\n\n\n<li><strong>Einzigartiger Doppelgeschmack: <\/strong>Bei jedem Biss in unsere schokoladen\u00fcberzogenen Sonnenblumenkerne schmelzen die \u00e4u\u00dfere Schokolade und das knusprige Aroma der inneren Sonnenblumenkerne zu einem kontrastreichen, aber harmonischen Geschmackserlebnis. Von s\u00fc\u00dfer Schokolade zu herzhaften Sonnenblumenkernen - dieser \u00dcbergang von s\u00fc\u00df zu salzig bietet den Verbrauchern eine breite Palette von Geschmacksrichtungen.<\/li>\n<\/ul>\n<\/div>\n\n\n\n<div class=\"wp-block-column is-layout-flow wp-block-column-is-layout-flow\">\n<figure class=\"wp-block-image size-full\"><img fetchpriority=\"high\" decoding=\"async\" width=\"1800\" height=\"1500\" src=\"https:\/\/jxgchocolate.com\/wp-content\/uploads\/2024\/12\/\u74dc\u5b50\u4fe9\u53e3\u54731.webp\" alt=\"Lose Sonnenblumenkerne mit Schokoladen\u00fcberzug und neuem Geschmack-1\" class=\"wp-image-29317\" srcset=\"https:\/\/jxgchocolate.com\/wp-content\/uploads\/2024\/12\/\u74dc\u5b50\u4fe9\u53e3\u54731.webp 1800w, https:\/\/jxgchocolate.com\/wp-content\/uploads\/2024\/12\/\u74dc\u5b50\u4fe9\u53e3\u54731-360x300.webp 360w, https:\/\/jxgchocolate.com\/wp-content\/uploads\/2024\/12\/\u74dc\u5b50\u4fe9\u53e3\u54731-768x640.webp 768w, https:\/\/jxgchocolate.com\/wp-content\/uploads\/2024\/12\/\u74dc\u5b50\u4fe9\u53e3\u54731-14x12.webp 14w, https:\/\/jxgchocolate.com\/wp-content\/uploads\/2024\/12\/\u74dc\u5b50\u4fe9\u53e3\u54731-430x358.webp 430w, https:\/\/jxgchocolate.com\/wp-content\/uploads\/2024\/12\/\u74dc\u5b50\u4fe9\u53e3\u54731-700x583.webp 700w, https:\/\/jxgchocolate.com\/wp-content\/uploads\/2024\/12\/\u74dc\u5b50\u4fe9\u53e3\u54731-150x125.webp 150w\" sizes=\"(max-width: 1800px) 100vw, 1800px\" \/><\/figure>\n<\/div>\n<\/div>","protected":false},"excerpt":{"rendered":"<p>Willkommen zu kaufen lose Schokolade \u00fcberzogen Sonnenblumenkerne aus unserer Fabrik. Unsere mit Schokolade \u00fcberzogenen Sonnenblumenkerne bieten nicht nur ein neues Geschmackserlebnis, sondern vermitteln auch einen gesunden Lebensstil und kulturelle Werte, was sie zu einer idealen Wahl f\u00fcr Verbraucher macht, die ein qualitativ hochwertiges Leben anstreben. Ob als t\u00e4glicher Snack, Backzutat oder als gro\u00dfartiges Geschenk, Sonnenblumenkerne mit Schokoladen\u00fcberzug bringen den Verbrauchern einzigartigen Genuss.<\/p>\n<table width=\"275\">\n<tbody>\n<tr>\n<td width=\"108\">Hersteller<\/td>\n<td width=\"167\">Gl\u00fccksfrucht<\/td>\n<\/tr>\n<tr>\n<td>MODELL NR.<\/td>\n<td>JXG346<\/td>\n<\/tr>\n<tr>\n<td>Typ<\/td>\n<td>Sonnenblumenkerne Schokolade<\/td>\n<\/tr>\n<tr>\n<td>Verpackung<\/td>\n<td>Verpackung der Tasche<\/td>\n<\/tr>\n<tr>\n<td>Spezifikation<\/td>\n<td>20 Taschen<\/td>\n<\/tr>\n<tr>\n<td>Gr\u00f6\u00dfe des Kartons<\/td>\n<td>53*33*37.5cm<\/td>\n<\/tr>\n<tr>\n<td>N.W \/SET<\/td>\n<td>23g*20St\u00fcck*12Beutel<\/td>\n<\/tr>\n<tr>\n<td>Farbe<\/td>\n<td>Als Bild<\/td>\n<\/tr>\n<tr>\n<td>MOQ<\/td>\n<td>500 Kartons<\/td>\n<\/tr>\n<tr>\n<td>Personalisierung<\/td>\n<td>Verpackung\/LOGO<\/td>\n<\/tr>\n<\/tbody>\n<\/table>","protected":false},"featured_media":29318,"comment_status":"closed","ping_status":"closed","template":"","meta":[],"product_cat":[72],"product_tag":[],"class_list":{"0":"post-29316","1":"product","2":"type-product","3":"status-publish","4":"has-post-thumbnail","6":"product_cat-wholesale-chocolate-covered-sunflower-seeds","8":"first","9":"instock","10":"shipping-taxable","11":"product-type-simple"},"_links":{"self":[{"href":"https:\/\/jxgchocolate.com\/de\/wp-json\/wp\/v2\/product\/29316","targetHints":{"allow":["GET"]}}],"collection":[{"href":"https:\/\/jxgchocolate.com\/de\/wp-json\/wp\/v2\/product"}],"about":[{"href":"https:\/\/jxgchocolate.com\/de\/wp-json\/wp\/v2\/types\/product"}],"replies":[{"embeddable":true,"href":"https:\/\/jxgchocolate.com\/de\/wp-json\/wp\/v2\/comments?post=29316"}],"version-history":[{"count":0,"href":"https:\/\/jxgchocolate.com\/de\/wp-json\/wp\/v2\/product\/29316\/revisions"}],"wp:featuredmedia":[{"embeddable":true,"href":"https:\/\/jxgchocolate.com\/de\/wp-json\/wp\/v2\/media\/29318"}],"wp:attachment":[{"href":"https:\/\/jxgchocolate.com\/de\/wp-json\/wp\/v2\/media?parent=29316"}],"wp:term":[{"taxonomy":"product_cat","embeddable":true,"href":"https:\/\/jxgchocolate.com\/de\/wp-json\/wp\/v2\/product_cat?post=29316"},{"taxonomy":"product_tag","embeddable":true,"href":"https:\/\/jxgchocolate.com\/de\/wp-json\/wp\/v2\/product_tag?post=29316"}],"curies":[{"name":"wp","href":"https:\/\/api.w.org\/{rel}","templated":true}]}}