{"id":29336,"date":"2025-01-02T02:49:23","date_gmt":"2025-01-02T02:49:23","guid":{"rendered":"https:\/\/jxgchocolate.com\/?post_type=product&#038;p=29336"},"modified":"2025-01-02T02:49:25","modified_gmt":"2025-01-02T02:49:25","slug":"bulk-gummy-candy","status":"publish","type":"product","link":"https:\/\/jxgchocolate.com\/de\/produkt\/bulk-gummy-candy\/","title":{"rendered":"Bulk Gummibonbons mit Schokoladen\u00fcberzug, Schokoladengummibohnen Gro\u00dfhandel"},"content":{"rendered":"<div class=\"wp-block-columns is-layout-flex wp-container-core-columns-is-layout-9d6595d7 wp-block-columns-is-layout-flex\">\n<div class=\"wp-block-column is-layout-flow wp-block-column-is-layout-flow\">\n<h2 class=\"wp-block-heading\">Premium Bulk Gummibonbons mit Schokoladen\u00fcberzug Eigenschaften:<\/h2>\n\n\n\n<ul class=\"wp-block-list\">\n<li><strong>Dreifaches Geschmackserlebnis: <\/strong>Diese Gummibonbons mit Schokoladen\u00fcberzug vereinen das reiche Aroma von Schokolade, die Kaukraft von Gummibonbons und den s\u00fc\u00df-sauren Geschmack von Saft zu einem einzigartigen Dreifachgeschmack. Nachdem die Schokolade langsam im Mund schmilzt, bleibt das nat\u00fcrliche Fruchtsaft-Gummibonbon von Q \u00fcbrig, das hin- und hergebissen wird. Der reichhaltige Schokoladengeschmack hat sich nicht vollst\u00e4ndig verfl\u00fcchtigt, sondern bringt einen sauren und s\u00fc\u00dfen Fruchtgeschmack zum Vorschein und hinterl\u00e4sst einen lang anhaltenden Nachgeschmack.<\/li>\n\n\n\n<li><strong>Einzigartiges Design: <\/strong>Unsere Schokoladengummibohnen in loser Sch\u00fcttung haben eine kleine und exquisite Form mit einer farbenfrohen Verpackung, die ins Auge sticht. Im Inneren sind die Schokoladenbohnen in verschiedenen Farben, sehr auff\u00e4llig. Auch die \u00e4u\u00dfere Verpackung des Produkts wurde auf den \u00e4sthetischen Faktor und Praktikabilit\u00e4t konzentriert; die Annahme der modernsten Verpackungstechnologie, mit erstklassigen Materialien, ist sehr wichtig f\u00fcr den Versand und die Lagerung der Produkte, um die Qualit\u00e4t zu gew\u00e4hrleisten.<\/li>\n\n\n\n<li><strong>Reich an N\u00e4hrstoffen:<\/strong> Die n\u00e4hrstoffreiche, kollagene Gelatine ist der Hauptbestandteil unserer Schokoladengummibohnen, die die Gummibonbons schmackhaft machen und die Elastizit\u00e4t der Haut erhalten. Dieses lose Gummibonbon mit Schokoladen\u00fcberzug enth\u00e4lt bestimmte Kakaobestandteile, die den Verbrauchern einen bestimmten N\u00e4hrwert und Energiequellen bieten.<\/li>\n<\/ul>\n<\/div>\n\n\n\n<div class=\"wp-block-column is-layout-flow wp-block-column-is-layout-flow\">\n<figure class=\"wp-block-image size-full\"><img fetchpriority=\"high\" decoding=\"async\" width=\"1280\" height=\"1280\" src=\"https:\/\/jxgchocolate.com\/wp-content\/uploads\/2024\/12\/New-Items-Gummy-Candy-Chocolate-Ball-Wholesales-In-Bulk1.webp\" alt=\"Bulk Gummibonbons mit Schokoladen\u00fcberzug, Schokoladengummibohnen Gro\u00dfhandel-1\" class=\"wp-image-29338\" srcset=\"https:\/\/jxgchocolate.com\/wp-content\/uploads\/2024\/12\/New-Items-Gummy-Candy-Chocolate-Ball-Wholesales-In-Bulk1.webp 1280w, https:\/\/jxgchocolate.com\/wp-content\/uploads\/2024\/12\/New-Items-Gummy-Candy-Chocolate-Ball-Wholesales-In-Bulk1-300x300.webp 300w, https:\/\/jxgchocolate.com\/wp-content\/uploads\/2024\/12\/New-Items-Gummy-Candy-Chocolate-Ball-Wholesales-In-Bulk1-150x150.webp 150w, https:\/\/jxgchocolate.com\/wp-content\/uploads\/2024\/12\/New-Items-Gummy-Candy-Chocolate-Ball-Wholesales-In-Bulk1-768x768.webp 768w, https:\/\/jxgchocolate.com\/wp-content\/uploads\/2024\/12\/New-Items-Gummy-Candy-Chocolate-Ball-Wholesales-In-Bulk1-12x12.webp 12w, https:\/\/jxgchocolate.com\/wp-content\/uploads\/2024\/12\/New-Items-Gummy-Candy-Chocolate-Ball-Wholesales-In-Bulk1-430x430.webp 430w, https:\/\/jxgchocolate.com\/wp-content\/uploads\/2024\/12\/New-Items-Gummy-Candy-Chocolate-Ball-Wholesales-In-Bulk1-700x700.webp 700w\" sizes=\"(max-width: 1280px) 100vw, 1280px\" \/><\/figure>\n<\/div>\n<\/div>\n\n\n\n<p><\/p>","protected":false},"excerpt":{"rendered":"<p>Willkommen zum Kauf von Schokoladengummibohnen in gro\u00dfen Mengen. Unsere losen Gummib\u00e4rchen mit Schokoladen\u00fcberzug heben sich durch ihren einzigartigen Geschmack, ihre vielf\u00e4ltigen Geschmacksoptionen, ihre hochwertigen Rohstoffe und ihr durchdachtes Verpackungsdesign von vielen anderen S\u00fc\u00dfigkeiten ab und sind eine ideale Wahl f\u00fcr alle Altersgruppen. Ob als t\u00e4glicher Snack oder als Geschenk f\u00fcr besondere Anl\u00e4sse, Gummib\u00e4rchenschokolade kann den Menschen eine angenehme Erfahrung bringen.<\/p>\n<table width=\"275\">\n<tbody>\n<tr>\n<td width=\"108\">Hersteller<\/td>\n<td width=\"167\">Gl\u00fccksfrucht<\/td>\n<\/tr>\n<tr>\n<td>MODELL NR.<\/td>\n<td>JXG347<\/td>\n<\/tr>\n<tr>\n<td>Typ<\/td>\n<td>Gummibonbon-Schokolade<\/td>\n<\/tr>\n<tr>\n<td>Verpackung<\/td>\n<td>Verpackung der Tasche<\/td>\n<\/tr>\n<tr>\n<td>Spezifikation<\/td>\n<td>20 Taschen<\/td>\n<\/tr>\n<tr>\n<td>Gr\u00f6\u00dfe des Kartons<\/td>\n<td>53*33*37.5cm<\/td>\n<\/tr>\n<tr>\n<td>N.W \/SET<\/td>\n<td>23g*20St\u00fcck*12Beutel<\/td>\n<\/tr>\n<tr>\n<td>Farbe<\/td>\n<td>Als Bild<\/td>\n<\/tr>\n<tr>\n<td>MOQ<\/td>\n<td>500 Kartons<\/td>\n<\/tr>\n<tr>\n<td>Personalisierung<\/td>\n<td>Verpackung\/LOGO<\/td>\n<\/tr>\n<\/tbody>\n<\/table>","protected":false},"featured_media":29339,"comment_status":"closed","ping_status":"closed","template":"","meta":[],"product_cat":[75],"product_tag":[],"class_list":{"0":"post-29336","1":"product","2":"type-product","3":"status-publish","4":"has-post-thumbnail","6":"product_cat-wholesale-gummy-chocolate","8":"first","9":"instock","10":"shipping-taxable","11":"product-type-simple"},"_links":{"self":[{"href":"https:\/\/jxgchocolate.com\/de\/wp-json\/wp\/v2\/product\/29336","targetHints":{"allow":["GET"]}}],"collection":[{"href":"https:\/\/jxgchocolate.com\/de\/wp-json\/wp\/v2\/product"}],"about":[{"href":"https:\/\/jxgchocolate.com\/de\/wp-json\/wp\/v2\/types\/product"}],"replies":[{"embeddable":true,"href":"https:\/\/jxgchocolate.com\/de\/wp-json\/wp\/v2\/comments?post=29336"}],"version-history":[{"count":0,"href":"https:\/\/jxgchocolate.com\/de\/wp-json\/wp\/v2\/product\/29336\/revisions"}],"wp:featuredmedia":[{"embeddable":true,"href":"https:\/\/jxgchocolate.com\/de\/wp-json\/wp\/v2\/media\/29339"}],"wp:attachment":[{"href":"https:\/\/jxgchocolate.com\/de\/wp-json\/wp\/v2\/media?parent=29336"}],"wp:term":[{"taxonomy":"product_cat","embeddable":true,"href":"https:\/\/jxgchocolate.com\/de\/wp-json\/wp\/v2\/product_cat?post=29336"},{"taxonomy":"product_tag","embeddable":true,"href":"https:\/\/jxgchocolate.com\/de\/wp-json\/wp\/v2\/product_tag?post=29336"}],"curies":[{"name":"wp","href":"https:\/\/api.w.org\/{rel}","templated":true}]}}