{"id":29344,"date":"2025-01-02T04:09:27","date_gmt":"2025-01-02T04:09:27","guid":{"rendered":"https:\/\/jxgchocolate.com\/?post_type=product&#038;p=29344"},"modified":"2025-01-02T04:09:29","modified_gmt":"2025-01-02T04:09:29","slug":"chocolate-coated-peanuts-wholesale","status":"publish","type":"product","link":"https:\/\/jxgchocolate.com\/de\/produkt\/chocolate-coated-peanuts-wholesale\/","title":{"rendered":"Tee-Geschmack Schokolade \u00fcberzogene Erdn\u00fcsse Gro\u00dfhandel, Bulk Schokolade Erdn\u00fcsse"},"content":{"rendered":"<div class=\"wp-block-columns is-layout-flex wp-container-core-columns-is-layout-9d6595d7 wp-block-columns-is-layout-flex\">\n<div class=\"wp-block-column is-layout-flow wp-block-column-is-layout-flow\">\n<h2 class=\"wp-block-heading\">Premium-Schokolade \u00fcberzogene Erdn\u00fcsse Gro\u00dfhandel Merkmale:<\/h2>\n\n\n\n<ul class=\"wp-block-list\">\n<li><strong>Die perfekte Verschmelzung von Tee und Schokolade: <\/strong>Unsere mit Schokolade \u00fcberzogenen Erdn\u00fcsse im Gro\u00dfhandel verwenden Yashi Xiang Oolong-Tee als Hauptaroma. Das einzigartige blumige Aroma und der subtile Teegeschmack verleihen unseren Schokoladen-Erdn\u00fcssen einen einzigartigen Geschmack. Die Frische des Teearomas und der Reichtum der Schokolade erg\u00e4nzen sich gegenseitig und schaffen ein reichhaltiges Gef\u00fchl, und jeder Biss ist unvergesslich.<\/li>\n\n\n\n<li><strong>W\u00e4hlen Sie hochwertige Rohstoffe aus, um Geschmack und Qualit\u00e4t zu gew\u00e4hrleisten: <\/strong>F\u00fcr unsere losen Schokoladen-Erdn\u00fcsse werden Erdn\u00fcsse mit vollem Korn und knusprigem Geschmack ausgew\u00e4hlt und mit seidig-zarter, hochwertiger Schokolade kombiniert. Sie werden mit exquisiter Handwerkskunst hergestellt, um sicherzustellen, dass jede einzelne einen einheitlichen Schokoladen\u00fcberzug und die beste Geschmacksleistung hat.<\/li>\n\n\n\n<li><strong>Gesunde und leckere Snackoptionen: <\/strong>Die nat\u00fcrlichen antioxidativen Inhaltsstoffe der Oolong-Teebl\u00e4tter werden mit den unges\u00e4ttigten Fetts\u00e4uren und Proteinen der Erdn\u00fcsse kombiniert, so dass unsere schokoladen\u00fcberzogenen Erdn\u00fcsse im Gro\u00dfhandel den Geschmacksnerven schmeicheln und der Gesundheit Rechnung tragen k\u00f6nnen. Ob in der t\u00e4glichen Freizeit oder in Verbindung mit Getr\u00e4nken, diese Schoko-Erdnuss ist eine perfekte Wahl.<\/li>\n\n\n\n<li><strong>Flexibler Gro\u00dfhandel und ma\u00dfgeschneiderte Dienstleistungen: <\/strong>Unsere Schokoladen-Erdn\u00fcsse in loser Sch\u00fcttung sind f\u00fcr Einzelh\u00e4ndler und Markenkunden bestimmt und bieten Unterst\u00fctzung bei der Beschaffung gro\u00dfer Mengen, w\u00e4hrend sie gleichzeitig den Anforderungen an Geschmack, Verpackung und Markenanpassung gerecht werden. Ganz gleich, ob Sie ein Einzelhandelsgesch\u00e4ft betreiben oder eine Markenproduktlinie aufbauen, wir k\u00f6nnen Ihre gesch\u00e4ftlichen Anforderungen erf\u00fcllen.<\/li>\n<\/ul>\n<\/div>\n\n\n\n<div class=\"wp-block-column is-layout-flow wp-block-column-is-layout-flow\">\n<figure class=\"wp-block-image size-full\"><img fetchpriority=\"high\" decoding=\"async\" width=\"1800\" height=\"1500\" src=\"https:\/\/jxgchocolate.com\/wp-content\/uploads\/2024\/12\/Sales-In-Bulk-Peanut-Chocolate-Candy-Ball-With-Newest-Tea-Flavor1.webp\" alt=\"Tee-Geschmack Schokolade \u00fcberzogene Erdn\u00fcsse Gro\u00dfhandel, Bulk-Schokolade Erdn\u00fcsse-1\" class=\"wp-image-29345\" srcset=\"https:\/\/jxgchocolate.com\/wp-content\/uploads\/2024\/12\/Sales-In-Bulk-Peanut-Chocolate-Candy-Ball-With-Newest-Tea-Flavor1.webp 1800w, https:\/\/jxgchocolate.com\/wp-content\/uploads\/2024\/12\/Sales-In-Bulk-Peanut-Chocolate-Candy-Ball-With-Newest-Tea-Flavor1-360x300.webp 360w, https:\/\/jxgchocolate.com\/wp-content\/uploads\/2024\/12\/Sales-In-Bulk-Peanut-Chocolate-Candy-Ball-With-Newest-Tea-Flavor1-768x640.webp 768w, https:\/\/jxgchocolate.com\/wp-content\/uploads\/2024\/12\/Sales-In-Bulk-Peanut-Chocolate-Candy-Ball-With-Newest-Tea-Flavor1-14x12.webp 14w, https:\/\/jxgchocolate.com\/wp-content\/uploads\/2024\/12\/Sales-In-Bulk-Peanut-Chocolate-Candy-Ball-With-Newest-Tea-Flavor1-430x358.webp 430w, https:\/\/jxgchocolate.com\/wp-content\/uploads\/2024\/12\/Sales-In-Bulk-Peanut-Chocolate-Candy-Ball-With-Newest-Tea-Flavor1-700x583.webp 700w, https:\/\/jxgchocolate.com\/wp-content\/uploads\/2024\/12\/Sales-In-Bulk-Peanut-Chocolate-Candy-Ball-With-Newest-Tea-Flavor1-150x125.webp 150w\" sizes=\"(max-width: 1800px) 100vw, 1800px\" \/><\/figure>\n<\/div>\n<\/div>","protected":false},"excerpt":{"rendered":"<p>Willkommen zu kaufen bulk Schokolade Erdn\u00fcsse. Unsere mit Schokolade \u00fcberzogenen Erdn\u00fcsse Gro\u00dfhandel ist eine Kombination aus ausgew\u00e4hlten Yashi Xiang Oolong-Tee und hochwertige Schokolade und Erdn\u00fcsse, die eine einzigartige Tee-Aroma und knusprigen Geschmack bringt, unter Ber\u00fccksichtigung sowohl K\u00f6stlichkeit und Gesundheit.<\/p>\n<table width=\"423\">\n<tbody>\n<tr>\n<td width=\"166\">Hersteller<\/td>\n<td width=\"257\">Gl\u00fccksfrucht<\/td>\n<\/tr>\n<tr>\n<td>MODELL NR.<\/td>\n<td>JXG48<\/td>\n<\/tr>\n<tr>\n<td>Typ<\/td>\n<td>Erdnuss-Schokolade<\/td>\n<\/tr>\n<tr>\n<td>Verpackung<\/td>\n<td>Box-Verpackung<\/td>\n<\/tr>\n<tr>\n<td>Spezifikation<\/td>\n<td>20S\u00e4cke*12Kartons<\/td>\n<\/tr>\n<tr>\n<td>Gr\u00f6\u00dfe des Kartons<\/td>\n<td>58*35.5*37.5cm<\/td>\n<\/tr>\n<tr>\n<td>N.W \/SET<\/td>\n<td>23g*20Beutel<\/td>\n<\/tr>\n<tr>\n<td>Farbe<\/td>\n<td>Als Bild<\/td>\n<\/tr>\n<tr>\n<td>MOQ<\/td>\n<td>500 Kartons<\/td>\n<\/tr>\n<tr>\n<td>Personalisierung<\/td>\n<td>Verpackung\/LOGO<\/td>\n<\/tr>\n<\/tbody>\n<\/table>","protected":false},"featured_media":29346,"comment_status":"closed","ping_status":"closed","template":"","meta":[],"product_cat":[73],"product_tag":[],"class_list":{"0":"post-29344","1":"product","2":"type-product","3":"status-publish","4":"has-post-thumbnail","6":"product_cat-wholesale-chocolate-covered-peanuts","8":"first","9":"instock","10":"shipping-taxable","11":"product-type-simple"},"_links":{"self":[{"href":"https:\/\/jxgchocolate.com\/de\/wp-json\/wp\/v2\/product\/29344","targetHints":{"allow":["GET"]}}],"collection":[{"href":"https:\/\/jxgchocolate.com\/de\/wp-json\/wp\/v2\/product"}],"about":[{"href":"https:\/\/jxgchocolate.com\/de\/wp-json\/wp\/v2\/types\/product"}],"replies":[{"embeddable":true,"href":"https:\/\/jxgchocolate.com\/de\/wp-json\/wp\/v2\/comments?post=29344"}],"version-history":[{"count":0,"href":"https:\/\/jxgchocolate.com\/de\/wp-json\/wp\/v2\/product\/29344\/revisions"}],"wp:featuredmedia":[{"embeddable":true,"href":"https:\/\/jxgchocolate.com\/de\/wp-json\/wp\/v2\/media\/29346"}],"wp:attachment":[{"href":"https:\/\/jxgchocolate.com\/de\/wp-json\/wp\/v2\/media?parent=29344"}],"wp:term":[{"taxonomy":"product_cat","embeddable":true,"href":"https:\/\/jxgchocolate.com\/de\/wp-json\/wp\/v2\/product_cat?post=29344"},{"taxonomy":"product_tag","embeddable":true,"href":"https:\/\/jxgchocolate.com\/de\/wp-json\/wp\/v2\/product_tag?post=29344"}],"curies":[{"name":"wp","href":"https:\/\/api.w.org\/{rel}","templated":true}]}}