{"id":29354,"date":"2025-01-02T07:18:58","date_gmt":"2025-01-02T07:18:58","guid":{"rendered":"https:\/\/jxgchocolate.com\/?post_type=product&#038;p=29354"},"modified":"2025-01-02T07:19:00","modified_gmt":"2025-01-02T07:19:00","slug":"wholesale-peanuts-with-chocolate-coating","status":"publish","type":"product","link":"https:\/\/jxgchocolate.com\/de\/produkt\/wholesale-peanuts-with-chocolate-coating\/","title":{"rendered":"Knusprige Gro\u00dfhandels-Erdn\u00fcsse mit Schokoladen\u00fcberzug in loser Sch\u00fcttung"},"content":{"rendered":"<div class=\"wp-block-columns is-layout-flex wp-container-core-columns-is-layout-9d6595d7 wp-block-columns-is-layout-flex\">\n<div class=\"wp-block-column is-layout-flow wp-block-column-is-layout-flow\">\n<h2 class=\"wp-block-heading\">Premium-Gro\u00dfhandel Erdn\u00fcsse mit Schokoladen\u00fcberzug Merkmale:<\/h2>\n\n\n\n<ul class=\"wp-block-list\">\n<li><strong>Einzigartiges Aroma und Geschmack: <\/strong>Unsere Gro\u00dfhandels-Erdn\u00fcsse mit Schokoladen\u00fcberzug vereinen den einzigartigen Geschmack von Erdn\u00fcssen und Schokolade; knackige Erdn\u00fcsse und seidige Schokolade erg\u00e4nzen sich zu einer reichen Geschmackshierarchie. Durch diesen einzigartigen Geschmack heben sich unsere Erdn\u00fcsse mit Schokoladen\u00fcberzug von vielen anderen Snacks ab und sind bei den Verbrauchern sehr beliebt.<\/li>\n\n\n\n<li><strong>N\u00e4hrwert: <\/strong>Unsere Erdnussschokolade ist reich an Energie, Eiwei\u00df und Fett und enth\u00e4lt eine Vielzahl von Mineralien und Vitaminen. 100 Gramm Erdnussschokolade enthalten etwa 514 Kalorien an Energie, 9,4 Gramm Eiwei\u00df und 25,4 Gramm Fett, dazu eine Vielzahl von Mineralien wie Magnesium, Phosphor, Kalzium, Eisen und Zink. Diese N\u00e4hrstoffe tragen dazu bei, den Energiebedarf des menschlichen K\u00f6rpers zu decken, und tragen somit allgemein zur Gesundheit bei.<\/li>\n\n\n\n<li><strong>Exquisites Verpackungsdesign: <\/strong>Viele Erdn\u00fcsse mit Schokoladen\u00fcberzug schenken dem Verpackungsdesign gro\u00dfe Aufmerksamkeit und verwenden eine exquisite Verpackung, um die Aufmerksamkeit der Verbraucher zu erregen. Die Verpackung unserer Gro\u00dfhandel Erdn\u00fcsse mit Schokoladen\u00fcberzug sind nicht nur bequem zu tragen und setzen, sondern auch effektiv halten die Schokolade frisch und Geschmack es. Inzwischen ist die exquisite Verpackung ein sehr gro\u00dfes Geschenk, geeignet f\u00fcr das Verschenken an Freunde und Familie in verschiedenen Feiertagen oder besonderen Anl\u00e4ssen.<\/li>\n<\/ul>\n<\/div>\n\n\n\n<div class=\"wp-block-column is-layout-flow wp-block-column-is-layout-flow\">\n<figure class=\"wp-block-image size-full\"><img fetchpriority=\"high\" decoding=\"async\" width=\"1800\" height=\"1500\" src=\"https:\/\/jxgchocolate.com\/wp-content\/uploads\/2025\/01\/Wholesales-In-Bulk-Crispy-Peanut-Chocolate-Ball-In-China2.webp\" alt=\"Knusprige Gro\u00dfhandels-Erdn\u00fcsse mit Schokoladen\u00fcberzug in Bulk-2\" class=\"wp-image-29356\" srcset=\"https:\/\/jxgchocolate.com\/wp-content\/uploads\/2025\/01\/Wholesales-In-Bulk-Crispy-Peanut-Chocolate-Ball-In-China2.webp 1800w, https:\/\/jxgchocolate.com\/wp-content\/uploads\/2025\/01\/Wholesales-In-Bulk-Crispy-Peanut-Chocolate-Ball-In-China2-360x300.webp 360w, https:\/\/jxgchocolate.com\/wp-content\/uploads\/2025\/01\/Wholesales-In-Bulk-Crispy-Peanut-Chocolate-Ball-In-China2-768x640.webp 768w, https:\/\/jxgchocolate.com\/wp-content\/uploads\/2025\/01\/Wholesales-In-Bulk-Crispy-Peanut-Chocolate-Ball-In-China2-14x12.webp 14w, https:\/\/jxgchocolate.com\/wp-content\/uploads\/2025\/01\/Wholesales-In-Bulk-Crispy-Peanut-Chocolate-Ball-In-China2-430x358.webp 430w, https:\/\/jxgchocolate.com\/wp-content\/uploads\/2025\/01\/Wholesales-In-Bulk-Crispy-Peanut-Chocolate-Ball-In-China2-700x583.webp 700w, https:\/\/jxgchocolate.com\/wp-content\/uploads\/2025\/01\/Wholesales-In-Bulk-Crispy-Peanut-Chocolate-Ball-In-China2-150x125.webp 150w\" sizes=\"(max-width: 1800px) 100vw, 1800px\" \/><\/figure>\n<\/div>\n<\/div>","protected":false},"excerpt":{"rendered":"<p>Willkommen zu kaufen Bulk Schokolade Erdn\u00fcsse. Unsere Gro\u00dfhandels-Erdn\u00fcsse mit Schokoladen\u00fcberzug sind etwas Besonderes, weil sie eine Kombination aus knuspriger Erdnuss und zarter Schokolade in einem faszinierenden, unwiderstehlichen Geschmack bieten. Ob als regelm\u00e4\u00dfiger Snack oder als Geschenk f\u00fcr einen besonderen Anlass, Erdnuss-Schokolade wird eine angenehme Erfahrung f\u00fcr die Menschen zu bringen.<\/p>\n<table width=\"423\">\n<tbody>\n<tr>\n<td width=\"166\">Hersteller<\/td>\n<td width=\"257\">Gl\u00fccksfrucht<\/td>\n<\/tr>\n<tr>\n<td>MODELL NR.<\/td>\n<td>JXG49<\/td>\n<\/tr>\n<tr>\n<td>Typ<\/td>\n<td>Erdnuss-Schokolade<\/td>\n<\/tr>\n<tr>\n<td>Verpackung<\/td>\n<td>Box-Verpackung<\/td>\n<\/tr>\n<tr>\n<td>Spezifikation<\/td>\n<td>20S\u00e4cke*12Kartons<\/td>\n<\/tr>\n<tr>\n<td>Gr\u00f6\u00dfe des Kartons<\/td>\n<td>58*35.5*37.5cm<\/td>\n<\/tr>\n<tr>\n<td>N.W \/SET<\/td>\n<td>23g*20Beutel<\/td>\n<\/tr>\n<tr>\n<td>Farbe<\/td>\n<td>Als Bild<\/td>\n<\/tr>\n<tr>\n<td>MOQ<\/td>\n<td>500 Kartons<\/td>\n<\/tr>\n<tr>\n<td>Personalisierung<\/td>\n<td>Verpackung\/LOGO<\/td>\n<\/tr>\n<\/tbody>\n<\/table>","protected":false},"featured_media":29355,"comment_status":"closed","ping_status":"closed","template":"","meta":[],"product_cat":[73],"product_tag":[],"class_list":{"0":"post-29354","1":"product","2":"type-product","3":"status-publish","4":"has-post-thumbnail","6":"product_cat-wholesale-chocolate-covered-peanuts","8":"first","9":"instock","10":"shipping-taxable","11":"product-type-simple"},"_links":{"self":[{"href":"https:\/\/jxgchocolate.com\/de\/wp-json\/wp\/v2\/product\/29354","targetHints":{"allow":["GET"]}}],"collection":[{"href":"https:\/\/jxgchocolate.com\/de\/wp-json\/wp\/v2\/product"}],"about":[{"href":"https:\/\/jxgchocolate.com\/de\/wp-json\/wp\/v2\/types\/product"}],"replies":[{"embeddable":true,"href":"https:\/\/jxgchocolate.com\/de\/wp-json\/wp\/v2\/comments?post=29354"}],"version-history":[{"count":7,"href":"https:\/\/jxgchocolate.com\/de\/wp-json\/wp\/v2\/product\/29354\/revisions"}],"predecessor-version":[{"id":29390,"href":"https:\/\/jxgchocolate.com\/de\/wp-json\/wp\/v2\/product\/29354\/revisions\/29390"}],"wp:featuredmedia":[{"embeddable":true,"href":"https:\/\/jxgchocolate.com\/de\/wp-json\/wp\/v2\/media\/29355"}],"wp:attachment":[{"href":"https:\/\/jxgchocolate.com\/de\/wp-json\/wp\/v2\/media?parent=29354"}],"wp:term":[{"taxonomy":"product_cat","embeddable":true,"href":"https:\/\/jxgchocolate.com\/de\/wp-json\/wp\/v2\/product_cat?post=29354"},{"taxonomy":"product_tag","embeddable":true,"href":"https:\/\/jxgchocolate.com\/de\/wp-json\/wp\/v2\/product_tag?post=29354"}],"curies":[{"name":"wp","href":"https:\/\/api.w.org\/{rel}","templated":true}]}}