{"id":29362,"date":"2025-01-02T02:56:47","date_gmt":"2025-01-02T02:56:47","guid":{"rendered":"https:\/\/jxgchocolate.com\/?post_type=product&#038;p=29362"},"modified":"2025-01-02T02:57:30","modified_gmt":"2025-01-02T02:57:30","slug":"gummy-candy-wholesale","status":"publish","type":"product","link":"https:\/\/jxgchocolate.com\/de\/produkt\/gummy-candy-wholesale\/","title":{"rendered":"Chinesischer Tee Geschmack Schokolade Gummibonbons Gro\u00dfhandel in Bulk"},"content":{"rendered":"<div class=\"wp-block-columns is-layout-flex wp-container-core-columns-is-layout-9d6595d7 wp-block-columns-is-layout-flex\">\n<div class=\"wp-block-column is-layout-flow wp-block-column-is-layout-flow\">\n<h2 class=\"wp-block-heading\">Premium-Schokolade Gummibonbon Gro\u00dfhandel Merkmale:<\/h2>\n\n\n\n<ul class=\"wp-block-list\">\n<li><strong>Profunder kultureller Hintergrund: <\/strong>Yashi Dancong Tee ist ein ber\u00fchmter Tee aus Chaozhou, Guangdong, China, mit einer langen Geschichte und einem reichen kulturellen Erbe. Durch diesen Schokoladengummi-Gro\u00dfhandel k\u00f6nnen die Verbraucher den Charme der chinesischen Teekultur sp\u00fcren.<\/li>\n\n\n\n<li><strong>Einzigartiger dreifacher Geschmack: <\/strong>Yashi Dancong-Tee ist bekannt f\u00fcr sein lang anhaltendes und starkes Orchideenaroma, sein Fruchtaroma und andere komplexe Schichten. Dieses einzigartige Tee-Aroma ist in unsere Schokoladengummibohnen integriert und bietet den Verbrauchern ein noch nie dagewesenes Geschmackserlebnis. Die weichen und z\u00e4hen Eigenschaften dieser Schokoladengummibohnen sorgen f\u00fcr einen einzigartigen Geschmack und erh\u00f6hen das Vergn\u00fcgen, S\u00fc\u00dfigkeiten zu essen. Der \u00dcberzug aus hochwertiger Zartbitter- oder Vollmilchschokolade sorgt f\u00fcr verschiedene Geschmacksvariationen von bitter-s\u00fc\u00df bis lieblich.<\/li>\n\n\n\n<li><strong>Innovation und Einzigartigkeit: <\/strong>Yashi Dancong Tee mit Schokoladengeschmack und Gummibonbons sind ein relativ neues Produkt, das nicht h\u00e4ufig auf dem Markt zu finden ist. Es hat eine hohe Seltenheit und Einzigartigkeit und kann Verbraucher anziehen, die neue Erfahrungen suchen. Die Kombination aus traditioneller Teekultur und moderner S\u00fc\u00dfigkeitenkunst verk\u00f6rpert den Charme von Innovation und Grenz\u00fcberschreitung und eignet sich f\u00fcr Verbraucher, die einzigartige Erfahrungen suchen.<\/li>\n\n\n\n<li><strong>Die Zielgruppe der Verbraucher ist klar: <\/strong>Verbraucher, die gerne verschiedene Teesorten und Teekulturen probieren, werden die Kombination von Teearoma und S\u00fc\u00dfigkeiten besonders sch\u00e4tzen. Verbraucher, denen Gesundheit und Ern\u00e4hrung wichtig sind, werden die nat\u00fcrlichen Inhaltsstoffe und Vorteile der Yashi Dancong-Schokoladengummibohnen mit Teegeschmack f\u00fcr Gesundheitssuchende zu sch\u00e4tzen wissen. Dar\u00fcber hinaus eignen sie sich auch zum Verschenken an Freunde, Familie oder Partner, insbesondere an Menschen mit einem besonderen Geschmack in Sachen Kultur und K\u00fcche.<\/li>\n<\/ul>\n<\/div>\n\n\n\n<div class=\"wp-block-column is-layout-flow wp-block-column-is-layout-flow\">\n<figure class=\"wp-block-image size-full\"><img fetchpriority=\"high\" decoding=\"async\" width=\"1500\" height=\"1500\" src=\"https:\/\/jxgchocolate.com\/wp-content\/uploads\/2025\/01\/Chinese-Tea-Flavor-Gummy-Choco-Candy-Wholesale-In-Bulk1.webp\" alt=\"Chinesischer Tee Geschmack Schokolade Gummibonbons Gro\u00dfhandel in Bulk-1\" class=\"wp-image-29363\" srcset=\"https:\/\/jxgchocolate.com\/wp-content\/uploads\/2025\/01\/Chinese-Tea-Flavor-Gummy-Choco-Candy-Wholesale-In-Bulk1.webp 1500w, https:\/\/jxgchocolate.com\/wp-content\/uploads\/2025\/01\/Chinese-Tea-Flavor-Gummy-Choco-Candy-Wholesale-In-Bulk1-300x300.webp 300w, https:\/\/jxgchocolate.com\/wp-content\/uploads\/2025\/01\/Chinese-Tea-Flavor-Gummy-Choco-Candy-Wholesale-In-Bulk1-150x150.webp 150w, https:\/\/jxgchocolate.com\/wp-content\/uploads\/2025\/01\/Chinese-Tea-Flavor-Gummy-Choco-Candy-Wholesale-In-Bulk1-768x768.webp 768w, https:\/\/jxgchocolate.com\/wp-content\/uploads\/2025\/01\/Chinese-Tea-Flavor-Gummy-Choco-Candy-Wholesale-In-Bulk1-12x12.webp 12w, https:\/\/jxgchocolate.com\/wp-content\/uploads\/2025\/01\/Chinese-Tea-Flavor-Gummy-Choco-Candy-Wholesale-In-Bulk1-430x430.webp 430w, https:\/\/jxgchocolate.com\/wp-content\/uploads\/2025\/01\/Chinese-Tea-Flavor-Gummy-Choco-Candy-Wholesale-In-Bulk1-700x700.webp 700w\" sizes=\"(max-width: 1500px) 100vw, 1500px\" \/><\/figure>\n<\/div>\n<\/div>\n\n\n\n<p><\/p>","protected":false},"excerpt":{"rendered":"<p>Willkommen zum Kauf unserer Schokolade Gummibonbons Gro\u00dfhandel. Unsere Yashi Dancong Tee aromatisiert Schokolade gummi Bohnen Bulk ist ein innovatives S\u00fc\u00dfigkeiten Produkt, das das einzigartige Aroma des Tees in der traditionellen mit der z\u00e4hen Textur von Gummi und den reichen Geschmack von Schokolade kombiniert.<\/p>\n<table width=\"423\">\n<tbody>\n<tr>\n<td width=\"166\">Hersteller<\/td>\n<td width=\"257\">Gl\u00fccksfrucht<\/td>\n<\/tr>\n<tr>\n<td>MODELL NR.<\/td>\n<td>JXG50<\/td>\n<\/tr>\n<tr>\n<td>Typ<\/td>\n<td>Gummibonbon-Schokolade<\/td>\n<\/tr>\n<tr>\n<td>Verpackung<\/td>\n<td>Box-Verpackung<\/td>\n<\/tr>\n<tr>\n<td>Spezifikation<\/td>\n<td>20S\u00e4cke*12Kartons<\/td>\n<\/tr>\n<tr>\n<td>Gr\u00f6\u00dfe des Kartons<\/td>\n<td>58*35.5*37.5cm<\/td>\n<\/tr>\n<tr>\n<td>N.W \/SET<\/td>\n<td>23g*20Beutel<\/td>\n<\/tr>\n<tr>\n<td>Farbe<\/td>\n<td>Als Bild<\/td>\n<\/tr>\n<tr>\n<td>MOQ<\/td>\n<td>500 Kartons<\/td>\n<\/tr>\n<tr>\n<td>Personalisierung<\/td>\n<td>Verpackung\/LOGO<\/td>\n<\/tr>\n<\/tbody>\n<\/table>","protected":false},"featured_media":29365,"comment_status":"closed","ping_status":"closed","template":"","meta":[],"product_cat":[75],"product_tag":[],"class_list":{"0":"post-29362","1":"product","2":"type-product","3":"status-publish","4":"has-post-thumbnail","6":"product_cat-wholesale-gummy-chocolate","8":"first","9":"instock","10":"shipping-taxable","11":"product-type-simple"},"_links":{"self":[{"href":"https:\/\/jxgchocolate.com\/de\/wp-json\/wp\/v2\/product\/29362","targetHints":{"allow":["GET"]}}],"collection":[{"href":"https:\/\/jxgchocolate.com\/de\/wp-json\/wp\/v2\/product"}],"about":[{"href":"https:\/\/jxgchocolate.com\/de\/wp-json\/wp\/v2\/types\/product"}],"replies":[{"embeddable":true,"href":"https:\/\/jxgchocolate.com\/de\/wp-json\/wp\/v2\/comments?post=29362"}],"version-history":[{"count":0,"href":"https:\/\/jxgchocolate.com\/de\/wp-json\/wp\/v2\/product\/29362\/revisions"}],"wp:featuredmedia":[{"embeddable":true,"href":"https:\/\/jxgchocolate.com\/de\/wp-json\/wp\/v2\/media\/29365"}],"wp:attachment":[{"href":"https:\/\/jxgchocolate.com\/de\/wp-json\/wp\/v2\/media?parent=29362"}],"wp:term":[{"taxonomy":"product_cat","embeddable":true,"href":"https:\/\/jxgchocolate.com\/de\/wp-json\/wp\/v2\/product_cat?post=29362"},{"taxonomy":"product_tag","embeddable":true,"href":"https:\/\/jxgchocolate.com\/de\/wp-json\/wp\/v2\/product_tag?post=29362"}],"curies":[{"name":"wp","href":"https:\/\/api.w.org\/{rel}","templated":true}]}}