{"id":29393,"date":"2025-01-13T08:20:18","date_gmt":"2025-01-13T08:20:18","guid":{"rendered":"https:\/\/jxgchocolate.com\/?post_type=product&#038;p=29393"},"modified":"2025-01-13T08:20:20","modified_gmt":"2025-01-13T08:20:20","slug":"wholesale-gummy-candy","status":"publish","type":"product","link":"https:\/\/jxgchocolate.com\/de\/produkt\/wholesale-gummy-candy\/","title":{"rendered":"Gro\u00dfhandel Gummibonbons, Seidig glatt Bulk Schokolade Gummibohnen"},"content":{"rendered":"<div class=\"wp-block-columns is-layout-flex wp-container-core-columns-is-layout-9d6595d7 wp-block-columns-is-layout-flex\">\n<div class=\"wp-block-column is-layout-flow wp-block-column-is-layout-flow\">\n<h2 class=\"wp-block-heading\">Premium-Gro\u00dfhandel Gummibonbons Eigenschaften:<\/h2>\n\n\n\n<ul class=\"wp-block-list\">\n<li><strong>Einzigartiges Geschmackserlebnis: <\/strong>Dieses Gro\u00dfhandelsgummibonbon kombiniert die Reichhaltigkeit von Schokolade mit der Kaubarkeit von Gummibonbons zu einem einzigartigen dreifachen Geschmack. Die \u00e4u\u00dfere Schicht ist reich und weich Schokolade, und die mittlere Schicht ist weich und klebrig Gummibonbons. Dieser mehrschichtige Geschmack bringt den Verbrauchern ein reichhaltiges Geschmackserlebnis. Es gibt viele Fruchtgeschmacksrichtungen, z. B. Mango, gr\u00fcne Traube, Pfirsich, Erdbeere, usw.<\/li>\n\n\n\n<li><strong>Exquisites Verpackungsdesign: <\/strong>Unsere Schokoladengummibohnen sind exquisit verpackt, mit einer farbenfrohen Verpackung, die die Aufmerksamkeit der Kunden auf sich zieht. Au\u00dferdem verwendet es eine kleine und tragbare Verpackung Design, das bequem f\u00fcr die Kunden zu jeder Zeit und \u00fcberall zu genie\u00dfen sein wird.<\/li>\n\n\n\n<li><strong>Begrenzte gesundheitliche Vorteile:<\/strong> Der Kollagengehalt dieser Gummibonbons aus dem Gro\u00dfhandel ist nicht so hoch, dass er sich signifikant auf die menschliche Gesundheit auswirkt, aber sie enthalten etwas Gelatine, eine Substanz, die aus gekochten Tierknochen, Haut und Sehnen gewonnen wird. Eiwei\u00df hilft, die Elastizit\u00e4t der Haut zu erhalten.<\/li>\n\n\n\n<li><strong>Innovative Wege des Dienens: <\/strong>Unsere gro\u00dfen Schokoladengummibohnen eignen sich perfekt f\u00fcr die Kombination mit gr\u00fcnem Tee, Oolong-Tee oder anderen Teesorten, um ein reichhaltigeres Geschmackserlebnis zu schaffen. Zerkleinern Sie die Fudge-Schokolade und f\u00fcgen Sie sie zu gebackenen Rezepten wie Keksen, Kuchen oder Brot hinzu, um zus\u00e4tzlichen Geschmack und Textur zu erhalten.<\/li>\n<\/ul>\n<\/div>\n\n\n\n<div class=\"wp-block-column is-layout-flow wp-block-column-is-layout-flow\">\n<figure class=\"wp-block-image size-full\"><img fetchpriority=\"high\" decoding=\"async\" width=\"1500\" height=\"1500\" src=\"https:\/\/jxgchocolate.com\/wp-content\/uploads\/2025\/01\/Bulk-Smooth-Gummy-Chocolate-Ball-With-Customized-Packaging2.webp\" alt=\"Gro\u00dfhandel Gummibonbons, Silky Smooth Bulk Schokolade Gummibohnen-2\" class=\"wp-image-29396\" srcset=\"https:\/\/jxgchocolate.com\/wp-content\/uploads\/2025\/01\/Bulk-Smooth-Gummy-Chocolate-Ball-With-Customized-Packaging2.webp 1500w, https:\/\/jxgchocolate.com\/wp-content\/uploads\/2025\/01\/Bulk-Smooth-Gummy-Chocolate-Ball-With-Customized-Packaging2-300x300.webp 300w, https:\/\/jxgchocolate.com\/wp-content\/uploads\/2025\/01\/Bulk-Smooth-Gummy-Chocolate-Ball-With-Customized-Packaging2-150x150.webp 150w, https:\/\/jxgchocolate.com\/wp-content\/uploads\/2025\/01\/Bulk-Smooth-Gummy-Chocolate-Ball-With-Customized-Packaging2-768x768.webp 768w, https:\/\/jxgchocolate.com\/wp-content\/uploads\/2025\/01\/Bulk-Smooth-Gummy-Chocolate-Ball-With-Customized-Packaging2-12x12.webp 12w, https:\/\/jxgchocolate.com\/wp-content\/uploads\/2025\/01\/Bulk-Smooth-Gummy-Chocolate-Ball-With-Customized-Packaging2-430x430.webp 430w, https:\/\/jxgchocolate.com\/wp-content\/uploads\/2025\/01\/Bulk-Smooth-Gummy-Chocolate-Ball-With-Customized-Packaging2-700x700.webp 700w\" sizes=\"(max-width: 1500px) 100vw, 1500px\" \/><\/figure>\n<\/div>\n<\/div>\n\n\n\n<p><\/p>","protected":false},"excerpt":{"rendered":"<p>Willkommen zum Kauf Gro\u00dfhandel Gummibonbons. Unsere gro\u00dfen Schokoladengummibohnen bieten ein neues Geschmackserlebnis und sind ideal f\u00fcr Verbraucher, die einen neuen Geschmackssnack suchen. Ob als t\u00e4glicher Snack, Backzutat oder exquisites Geschenk, Fudge-Schokolade bringt einzigartigen Genuss f\u00fcr die Verbraucher.<\/p>\n<table width=\"423\">\n<tbody>\n<tr>\n<td width=\"166\">Hersteller<\/td>\n<td width=\"257\">Gl\u00fccksfrucht<\/td>\n<\/tr>\n<tr>\n<td>MODELL NR.<\/td>\n<td>JXG50<\/td>\n<\/tr>\n<tr>\n<td>Typ<\/td>\n<td>Gummibonbons Schokolade<\/td>\n<\/tr>\n<tr>\n<td>Verpackung<\/td>\n<td>Box-Verpackung<\/td>\n<\/tr>\n<tr>\n<td>Spezifikation<\/td>\n<td>20S\u00e4cke*12Kartons<\/td>\n<\/tr>\n<tr>\n<td>Gr\u00f6\u00dfe des Kartons<\/td>\n<td>58*35.5*37.5cm<\/td>\n<\/tr>\n<tr>\n<td>N.W \/SET<\/td>\n<td>23g*20Beutel<\/td>\n<\/tr>\n<tr>\n<td>Farbe<\/td>\n<td>Als Bild<\/td>\n<\/tr>\n<tr>\n<td>MOQ<\/td>\n<td>500 Kartons<\/td>\n<\/tr>\n<tr>\n<td>Personalisierung<\/td>\n<td>Verpackung\/LOGO<\/td>\n<\/tr>\n<\/tbody>\n<\/table>","protected":false},"featured_media":29397,"comment_status":"closed","ping_status":"closed","template":"","meta":[],"product_cat":[75],"product_tag":[],"class_list":{"0":"post-29393","1":"product","2":"type-product","3":"status-publish","4":"has-post-thumbnail","6":"product_cat-wholesale-gummy-chocolate","8":"first","9":"instock","10":"shipping-taxable","11":"product-type-simple"},"_links":{"self":[{"href":"https:\/\/jxgchocolate.com\/de\/wp-json\/wp\/v2\/product\/29393","targetHints":{"allow":["GET"]}}],"collection":[{"href":"https:\/\/jxgchocolate.com\/de\/wp-json\/wp\/v2\/product"}],"about":[{"href":"https:\/\/jxgchocolate.com\/de\/wp-json\/wp\/v2\/types\/product"}],"replies":[{"embeddable":true,"href":"https:\/\/jxgchocolate.com\/de\/wp-json\/wp\/v2\/comments?post=29393"}],"version-history":[{"count":0,"href":"https:\/\/jxgchocolate.com\/de\/wp-json\/wp\/v2\/product\/29393\/revisions"}],"wp:featuredmedia":[{"embeddable":true,"href":"https:\/\/jxgchocolate.com\/de\/wp-json\/wp\/v2\/media\/29397"}],"wp:attachment":[{"href":"https:\/\/jxgchocolate.com\/de\/wp-json\/wp\/v2\/media?parent=29393"}],"wp:term":[{"taxonomy":"product_cat","embeddable":true,"href":"https:\/\/jxgchocolate.com\/de\/wp-json\/wp\/v2\/product_cat?post=29393"},{"taxonomy":"product_tag","embeddable":true,"href":"https:\/\/jxgchocolate.com\/de\/wp-json\/wp\/v2\/product_tag?post=29393"}],"curies":[{"name":"wp","href":"https:\/\/api.w.org\/{rel}","templated":true}]}}