{"id":29400,"date":"2025-01-13T08:03:32","date_gmt":"2025-01-13T08:03:32","guid":{"rendered":"https:\/\/jxgchocolate.com\/?post_type=product&#038;p=29400"},"modified":"2025-01-13T08:03:35","modified_gmt":"2025-01-13T08:03:35","slug":"bulk-milk-chocolate-candy","status":"publish","type":"product","link":"https:\/\/jxgchocolate.com\/de\/produkt\/bulk-milk-chocolate-candy\/","title":{"rendered":"Bulk Milchschokolade S\u00fc\u00dfigkeiten, Extreme saure Schokolade Sonnenblumenkerne Gro\u00dfhandel"},"content":{"rendered":"<div class=\"wp-block-columns is-layout-flex wp-container-core-columns-is-layout-9d6595d7 wp-block-columns-is-layout-flex\">\n<div class=\"wp-block-column is-layout-flow wp-block-column-is-layout-flow\">\n<h2 class=\"wp-block-heading\">Premium Bulk Milk Chocolate Candy Merkmale:<\/h2>\n\n\n\n<ul class=\"wp-block-list\">\n<li><strong>Einzigartiger dreifacher Geschmack: <\/strong>Unsere Premium-Schokolade, verpackt in einem sauren Geschmack, bietet ein abwechslungsreiches Erlebnis von sauer bis reichhaltig. Die Joghurtschicht bringt einen leicht s\u00e4uerlichen Geschmack mit sich, der mit dem salzigen Aroma der Sonnenblumenkerne kontrastiert und f\u00fcr einen vielschichtigen Geschmack sorgt.<\/li>\n\n\n\n<li><strong>Kultur und Innovation:<\/strong> Diese Schokoladen-Sonnenblumenkerne in loser Sch\u00fcttung verbinden traditionelle Sonnenblumenkerne mit moderner S\u00fc\u00dfigkeitenkunst und eignen sich f\u00fcr Verbraucher, die ein einzigartiges Erlebnis suchen. Obwohl es sich bei der explosiven Joghurt-Sonnenblumenkern-Schokolade um eine relativ neue Produktkategorie handelt, hat ihre einzigartige Kombination eine gewisse Seltenheit und Attraktivit\u00e4t auf dem Markt.<\/li>\n\n\n\n<li><strong>Diversifizierte Verbrauchsszenarien: <\/strong>Diese gro\u00dfen Milchschokoladenbonbons eignen sich als Snack f\u00fcr die Freizeit, ob in der Arbeitspause oder bei einem Familientreffen, sie bringen angenehmen Genuss. Zusammen mit einer Tasse hei\u00dfem Tee oder Kaffee ist es ein perfekter Snack f\u00fcr den Nachmittagstee.<\/li>\n\n\n\n<li><strong>Interaktiver Spa\u00df: <\/strong>Die explosive Joghurt-Schokolade mit Sonnenblumenkernen wird aufgrund ihrer einzigartigen Geschmackskombination leicht diskutiert und in den sozialen Medien geteilt, was die Interaktion zwischen der Marke und den Verbrauchern f\u00f6rdert. Verkostungen oder \u00e4hnliche Aktivit\u00e4ten k\u00f6nnen durchgef\u00fchrt werden, damit die Verbraucher den Charme der explosiven Joghurt-Sonnenblumenkern-Schokolade erleben und die kulturelle Geschichte dahinter verstehen.<\/li>\n<\/ul>\n<\/div>\n\n\n\n<div class=\"wp-block-column is-layout-flow wp-block-column-is-layout-flow\">\n<figure class=\"wp-block-image size-full\"><img fetchpriority=\"high\" decoding=\"async\" width=\"1500\" height=\"2000\" src=\"https:\/\/jxgchocolate.com\/wp-content\/uploads\/2025\/01\/Wholesales-New-Taste-Extreme-Sour-Sunflower-Seeds-Milk-Chocolate-Beans-In-Bulk2.webp\" alt=\"Bulk Milchschokolade S\u00fc\u00dfigkeiten, Extreme saure Schokolade Sonnenblumenkerne Gro\u00dfhandel-3\" class=\"wp-image-29407\" srcset=\"https:\/\/jxgchocolate.com\/wp-content\/uploads\/2025\/01\/Wholesales-New-Taste-Extreme-Sour-Sunflower-Seeds-Milk-Chocolate-Beans-In-Bulk2.webp 1500w, https:\/\/jxgchocolate.com\/wp-content\/uploads\/2025\/01\/Wholesales-New-Taste-Extreme-Sour-Sunflower-Seeds-Milk-Chocolate-Beans-In-Bulk2-225x300.webp 225w, https:\/\/jxgchocolate.com\/wp-content\/uploads\/2025\/01\/Wholesales-New-Taste-Extreme-Sour-Sunflower-Seeds-Milk-Chocolate-Beans-In-Bulk2-768x1024.webp 768w, https:\/\/jxgchocolate.com\/wp-content\/uploads\/2025\/01\/Wholesales-New-Taste-Extreme-Sour-Sunflower-Seeds-Milk-Chocolate-Beans-In-Bulk2-9x12.webp 9w, https:\/\/jxgchocolate.com\/wp-content\/uploads\/2025\/01\/Wholesales-New-Taste-Extreme-Sour-Sunflower-Seeds-Milk-Chocolate-Beans-In-Bulk2-430x573.webp 430w, https:\/\/jxgchocolate.com\/wp-content\/uploads\/2025\/01\/Wholesales-New-Taste-Extreme-Sour-Sunflower-Seeds-Milk-Chocolate-Beans-In-Bulk2-700x933.webp 700w, https:\/\/jxgchocolate.com\/wp-content\/uploads\/2025\/01\/Wholesales-New-Taste-Extreme-Sour-Sunflower-Seeds-Milk-Chocolate-Beans-In-Bulk2-150x200.webp 150w\" sizes=\"(max-width: 1500px) 100vw, 1500px\" \/><\/figure>\n<\/div>\n<\/div>","protected":false},"excerpt":{"rendered":"<p>Willkommen zum Kauf von Milchschokoladen-Bonbons in loser Sch\u00fcttung. Unsere explodierenden Schokoladen-Sonnenblumenkerne in loser Sch\u00fcttung bieten ein ganz neues Geschmackserlebnis. Ob als t\u00e4glicher Snack, als Backzutat oder als hervorragendes Geschenk, die explodierende saure Sonnenblumenkernschokolade bringt den Verbrauchern ein einzigartiges Vergn\u00fcgen.<\/p>\n<table width=\"423\">\n<tbody>\n<tr>\n<td width=\"166\">Hersteller<\/td>\n<td width=\"257\">Gl\u00fccksfrucht<\/td>\n<\/tr>\n<tr>\n<td>MODELL NR.<\/td>\n<td>JXG51<\/td>\n<\/tr>\n<tr>\n<td>Typ<\/td>\n<td>Sonnenblumenkerne Schokolade<\/td>\n<\/tr>\n<tr>\n<td>Verpackung<\/td>\n<td>Box-Verpackung<\/td>\n<\/tr>\n<tr>\n<td>Spezifikation<\/td>\n<td>20S\u00e4cke*12Kartons<\/td>\n<\/tr>\n<tr>\n<td>Gr\u00f6\u00dfe des Kartons<\/td>\n<td>55*23*36cm<\/td>\n<\/tr>\n<tr>\n<td>N.W \/SET<\/td>\n<td>23g*20Beutel<\/td>\n<\/tr>\n<tr>\n<td>Farbe<\/td>\n<td>Als Bild<\/td>\n<\/tr>\n<tr>\n<td>MOQ<\/td>\n<td>500 Kartons<\/td>\n<\/tr>\n<tr>\n<td>Personalisierung<\/td>\n<td>Verpackung\/LOGO<\/td>\n<\/tr>\n<\/tbody>\n<\/table>","protected":false},"featured_media":29408,"comment_status":"closed","ping_status":"closed","template":"","meta":[],"product_cat":[72],"product_tag":[],"class_list":{"0":"post-29400","1":"product","2":"type-product","3":"status-publish","4":"has-post-thumbnail","6":"product_cat-wholesale-chocolate-covered-sunflower-seeds","8":"first","9":"instock","10":"shipping-taxable","11":"product-type-simple"},"_links":{"self":[{"href":"https:\/\/jxgchocolate.com\/de\/wp-json\/wp\/v2\/product\/29400","targetHints":{"allow":["GET"]}}],"collection":[{"href":"https:\/\/jxgchocolate.com\/de\/wp-json\/wp\/v2\/product"}],"about":[{"href":"https:\/\/jxgchocolate.com\/de\/wp-json\/wp\/v2\/types\/product"}],"replies":[{"embeddable":true,"href":"https:\/\/jxgchocolate.com\/de\/wp-json\/wp\/v2\/comments?post=29400"}],"version-history":[{"count":0,"href":"https:\/\/jxgchocolate.com\/de\/wp-json\/wp\/v2\/product\/29400\/revisions"}],"wp:featuredmedia":[{"embeddable":true,"href":"https:\/\/jxgchocolate.com\/de\/wp-json\/wp\/v2\/media\/29408"}],"wp:attachment":[{"href":"https:\/\/jxgchocolate.com\/de\/wp-json\/wp\/v2\/media?parent=29400"}],"wp:term":[{"taxonomy":"product_cat","embeddable":true,"href":"https:\/\/jxgchocolate.com\/de\/wp-json\/wp\/v2\/product_cat?post=29400"},{"taxonomy":"product_tag","embeddable":true,"href":"https:\/\/jxgchocolate.com\/de\/wp-json\/wp\/v2\/product_tag?post=29400"}],"curies":[{"name":"wp","href":"https:\/\/api.w.org\/{rel}","templated":true}]}}