{"id":29422,"date":"2025-01-20T02:30:45","date_gmt":"2025-01-20T02:30:45","guid":{"rendered":"https:\/\/jxgchocolate.com\/?post_type=product&#038;p=29422"},"modified":"2025-01-20T02:30:47","modified_gmt":"2025-01-20T02:30:47","slug":"bulk-chocolate-coated-sunflower-seed","status":"publish","type":"product","link":"https:\/\/jxgchocolate.com\/de\/produkt\/bulk-chocolate-coated-sunflower-seed\/","title":{"rendered":"Super Sourk Bulk Chocolate Coated Sunflower Seed mit Beutel Pack"},"content":{"rendered":"<div class=\"wp-block-columns is-layout-flex wp-container-core-columns-is-layout-9d6595d7 wp-block-columns-is-layout-flex\">\n<div class=\"wp-block-column is-layout-flow wp-block-column-is-layout-flow\">\n<h2 class=\"wp-block-heading\">Premium Bulk Sonnenblumenkerne mit Schokoladen\u00fcberzug Merkmale:<\/h2>\n\n\n\n<ul class=\"wp-block-list\">\n<li><strong>Kultur und Innovation:<\/strong> Unsere mit Schokolade \u00fcberzogenen Sonnenblumenkerne verbinden traditionelle Sonnenblumenkerne mit moderner S\u00fc\u00dfigkeitenkunst und verk\u00f6rpern den Charme von Innovation und Grenz\u00fcberschreitungen, geeignet f\u00fcr Verbraucher, die einzigartige Erfahrungen suchen. Obwohl explosive, saure Sonnenblumenkernschokolade eine relativ neue Produktkategorie ist, hat ihre einzigartige Kombination eine gewisse Seltenheit und Attraktivit\u00e4t auf dem Markt.<\/li>\n\n\n\n<li><strong>Exquisites Verpackungsdesign: <\/strong>Die farbenfrohen und kontrastreichen Sonnenblumenkerne mit Schokoladen\u00fcberzug haben ein attraktives Verpackungsdesign, das die Eigenschaften des Produkts hervorhebt und das Gesamtbild verbessert. Die exquisite gro\u00dfe Verpackung macht sie zu einer idealen Wahl f\u00fcr Urlaubs- oder Alltagsgeschenke, die f\u00fcr verschiedene Anl\u00e4sse geeignet sind. Die eigenst\u00e4ndige kleine Verpackung im Inneren macht es bequemer, sie mitzunehmen.<\/li>\n\n\n\n<li><strong>Diversifizierte Verbrauchsszenarien: <\/strong>Diese mit Schokolade \u00fcberzogenen Sonnenblumenkerne eignen sich als Snack f\u00fcr die Freizeit und bieten einen angenehmen Genuss, sei es in der Arbeitspause oder bei Familientreffen. Mit einer Tasse hei\u00dfem Tee oder Kaffee werden sie zu einem perfekten Dim Sum f\u00fcr den Nachmittagstee, und die verschiedenen Geschmacksrichtungen sind f\u00fcr die Geschmacksknospen noch auff\u00e4lliger und angenehmer. Sie k\u00f6nnen auch zur Herstellung kreativer Desserts verwendet werden, z. B. f\u00fcr Sandwich-Kekse, Kuchendekorationen usw., um den Spa\u00df am Backen zu erh\u00f6hen.<\/li>\n<\/ul>\n<\/div>\n\n\n\n<div class=\"wp-block-column is-layout-flow wp-block-column-is-layout-flow\">\n<figure class=\"wp-block-image size-full\"><img fetchpriority=\"high\" decoding=\"async\" width=\"2000\" height=\"2000\" src=\"https:\/\/jxgchocolate.com\/wp-content\/uploads\/2025\/01\/Super-Sour-Chocolate-Cover-Sunflower-Seeds-Wholesales-In-Bulk3.webp\" alt=\"Super Sourk Bulk Chocolate Coated Sonnenblumenkerne mit Tasche Pack-3\" class=\"wp-image-29426\" srcset=\"https:\/\/jxgchocolate.com\/wp-content\/uploads\/2025\/01\/Super-Sour-Chocolate-Cover-Sunflower-Seeds-Wholesales-In-Bulk3.webp 2000w, https:\/\/jxgchocolate.com\/wp-content\/uploads\/2025\/01\/Super-Sour-Chocolate-Cover-Sunflower-Seeds-Wholesales-In-Bulk3-300x300.webp 300w, https:\/\/jxgchocolate.com\/wp-content\/uploads\/2025\/01\/Super-Sour-Chocolate-Cover-Sunflower-Seeds-Wholesales-In-Bulk3-150x150.webp 150w, https:\/\/jxgchocolate.com\/wp-content\/uploads\/2025\/01\/Super-Sour-Chocolate-Cover-Sunflower-Seeds-Wholesales-In-Bulk3-768x768.webp 768w, https:\/\/jxgchocolate.com\/wp-content\/uploads\/2025\/01\/Super-Sour-Chocolate-Cover-Sunflower-Seeds-Wholesales-In-Bulk3-12x12.webp 12w, https:\/\/jxgchocolate.com\/wp-content\/uploads\/2025\/01\/Super-Sour-Chocolate-Cover-Sunflower-Seeds-Wholesales-In-Bulk3-430x430.webp 430w, https:\/\/jxgchocolate.com\/wp-content\/uploads\/2025\/01\/Super-Sour-Chocolate-Cover-Sunflower-Seeds-Wholesales-In-Bulk3-700x700.webp 700w\" sizes=\"(max-width: 2000px) 100vw, 2000px\" \/><\/figure>\n<\/div>\n<\/div>","protected":false},"excerpt":{"rendered":"<p>Willkommen zum Kauf von Erdn\u00fcssen mit Schokoladen\u00fcberzug im Gro\u00dfhandel. Unsere explosiven, sauren, schokoladen\u00fcberzogenen Sonnenblumenkerne bieten nicht nur ein neues Geschmackserlebnis, sondern vermitteln auch einen gesunden Lebensstil und kulturelle Werte, was sie zu einer idealen Wahl f\u00fcr Verbraucher macht, die ein qualitativ hochwertiges Leben f\u00fchren.<\/p>\n<table width=\"423\">\n<tbody>\n<tr>\n<td width=\"166\">Hersteller<\/td>\n<td width=\"257\">Gl\u00fccksfrucht<\/td>\n<\/tr>\n<tr>\n<td>MODELL NR.<\/td>\n<td>JXG52<\/td>\n<\/tr>\n<tr>\n<td>Typ<\/td>\n<td>Sonnenblumenkerne Schokolade<\/td>\n<\/tr>\n<tr>\n<td>Verpackung<\/td>\n<td>Box-Verpackung<\/td>\n<\/tr>\n<tr>\n<td>Spezifikation<\/td>\n<td>238g<\/td>\n<\/tr>\n<tr>\n<td>Gr\u00f6\u00dfe des Kartons<\/td>\n<td>49,5*29*32,5cm<\/td>\n<\/tr>\n<tr>\n<td>N.W \/SET<\/td>\n<td>238g*20Beutel<\/td>\n<\/tr>\n<tr>\n<td>Farbe<\/td>\n<td>Als Bild<\/td>\n<\/tr>\n<tr>\n<td>MOQ<\/td>\n<td>500 Kartons<\/td>\n<\/tr>\n<tr>\n<td>Personalisierung<\/td>\n<td>Verpackung\/LOGO<\/td>\n<\/tr>\n<\/tbody>\n<\/table>\n<p>&nbsp;<\/p>","protected":false},"featured_media":29424,"comment_status":"closed","ping_status":"closed","template":"","meta":[],"product_cat":[72],"product_tag":[],"class_list":{"0":"post-29422","1":"product","2":"type-product","3":"status-publish","4":"has-post-thumbnail","6":"product_cat-wholesale-chocolate-covered-sunflower-seeds","8":"first","9":"instock","10":"shipping-taxable","11":"product-type-simple"},"_links":{"self":[{"href":"https:\/\/jxgchocolate.com\/de\/wp-json\/wp\/v2\/product\/29422","targetHints":{"allow":["GET"]}}],"collection":[{"href":"https:\/\/jxgchocolate.com\/de\/wp-json\/wp\/v2\/product"}],"about":[{"href":"https:\/\/jxgchocolate.com\/de\/wp-json\/wp\/v2\/types\/product"}],"replies":[{"embeddable":true,"href":"https:\/\/jxgchocolate.com\/de\/wp-json\/wp\/v2\/comments?post=29422"}],"version-history":[{"count":0,"href":"https:\/\/jxgchocolate.com\/de\/wp-json\/wp\/v2\/product\/29422\/revisions"}],"wp:featuredmedia":[{"embeddable":true,"href":"https:\/\/jxgchocolate.com\/de\/wp-json\/wp\/v2\/media\/29424"}],"wp:attachment":[{"href":"https:\/\/jxgchocolate.com\/de\/wp-json\/wp\/v2\/media?parent=29422"}],"wp:term":[{"taxonomy":"product_cat","embeddable":true,"href":"https:\/\/jxgchocolate.com\/de\/wp-json\/wp\/v2\/product_cat?post=29422"},{"taxonomy":"product_tag","embeddable":true,"href":"https:\/\/jxgchocolate.com\/de\/wp-json\/wp\/v2\/product_tag?post=29422"}],"curies":[{"name":"wp","href":"https:\/\/api.w.org\/{rel}","templated":true}]}}