{"id":29431,"date":"2025-01-20T02:24:25","date_gmt":"2025-01-20T02:24:25","guid":{"rendered":"https:\/\/jxgchocolate.com\/?post_type=product&#038;p=29431"},"modified":"2025-01-20T02:24:26","modified_gmt":"2025-01-20T02:24:26","slug":"peanuts-wholesale","status":"publish","type":"product","link":"https:\/\/jxgchocolate.com\/de\/produkt\/peanuts-wholesale\/","title":{"rendered":"Schokoladen\u00fcberzogene Erdn\u00fcsse Gro\u00dfhandel, knusprig glatte Erdnuss-Snacks"},"content":{"rendered":"<div class=\"wp-block-columns is-layout-flex wp-container-core-columns-is-layout-9d6595d7 wp-block-columns-is-layout-flex\">\n<div class=\"wp-block-column is-layout-flow wp-block-column-is-layout-flow\">\n<h2 class=\"wp-block-heading\">Premium-Schokolade \u00fcberzogene Erdn\u00fcsse Gro\u00dfhandel Merkmale:<\/h2>\n\n\n\n<ul class=\"wp-block-list\">\n<li><strong>Klassische Geschmackskombination:<\/strong> Erdn\u00fcsse und Schokolade sind seit jeher eine der zeitlos beliebten Geschmacksrichtungen, die von Menschen aller Altersgruppen konsumiert werden k\u00f6nnen. Andere als traditionelle Milchschokolade auf Erdn\u00fcsse bedeckt, unsere Schokolade bedeckt Erdn\u00fcsse Gro\u00dfhandel hat auch dunkle Schokolade und wei\u00dfe Schokolade Optionen, die die Geschmacksvorlieben der verschiedenen Verbraucher zu erf\u00fcllen.<\/li>\n\n\n\n<li><strong>Reichhaltige Geschmackspalette:<\/strong> Bei jedem Bissen unserer schokoladen\u00fcberzogenen Erdn\u00fcsse verschmelzen das schmelzende Gef\u00fchl der \u00e4u\u00dferen Schokolade und der knackige Duft der inneren Erdn\u00fcsse harmonisch und kontrastreich miteinander. Der \u00dcbergang von s\u00fc\u00dfer Schokolade zu salzigen Erdn\u00fcssen bietet dem Verbraucher eine breite Palette von Geschmacksrichtungen.<\/li>\n\n\n\n<li><strong>N\u00e4hrstoffreich:<\/strong> Unsere schokoladen\u00fcberzogenen Erdn\u00fcsse im Gro\u00dfhandel sind eine reichhaltige Quelle f\u00fcr Eiwei\u00df und gesunde einfach unges\u00e4ttigte Fetts\u00e4uren, die zur Erhaltung der Muskelmasse und der Herzgesundheit beitragen. Erdn\u00fcsse sind eine gute Quelle f\u00fcr viele wichtige N\u00e4hrstoffe, die zur Erhaltung der allgemeinen Gesundheit beitragen, wie Vitamin E und Magnesium.<\/li>\n\n\n\n<li><strong>Praktische Verpackung: <\/strong>Unsere schokoladen\u00fcberzogenen Erdn\u00fcsse sind in unabh\u00e4ngigen kleinen Beuteln verpackt, die leicht zu tragen und zu teilen sind. Daher ist es sehr geeignet f\u00fcr Outdoor-Aktivit\u00e4ten und Reisen, um jederzeit zu genie\u00dfen. F\u00fcr Heimanwender gibt es Versionen mit hoher Kapazit\u00e4t des Pakets, wirtschaftlich und kann ein paar Geschmacksrichtungen auf einmal f\u00fcr die ganze Familie zu teilen kaufen.<\/li>\n<\/ul>\n<\/div>\n\n\n\n<div class=\"wp-block-column is-layout-flow wp-block-column-is-layout-flow\">\n<figure class=\"wp-block-image size-full\"><img fetchpriority=\"high\" decoding=\"async\" width=\"1800\" height=\"1500\" src=\"https:\/\/jxgchocolate.com\/wp-content\/uploads\/2025\/01\/Crispy-Smooth-Bulk-Chocolate-Covered-Peanuts-Beans3.webp\" alt=\"Schokoladen\u00fcberzogene Erdn\u00fcsse Gro\u00dfhandel, knusprige Erdnuss-Snacks-3\" class=\"wp-image-29434\" srcset=\"https:\/\/jxgchocolate.com\/wp-content\/uploads\/2025\/01\/Crispy-Smooth-Bulk-Chocolate-Covered-Peanuts-Beans3.webp 1800w, https:\/\/jxgchocolate.com\/wp-content\/uploads\/2025\/01\/Crispy-Smooth-Bulk-Chocolate-Covered-Peanuts-Beans3-360x300.webp 360w, https:\/\/jxgchocolate.com\/wp-content\/uploads\/2025\/01\/Crispy-Smooth-Bulk-Chocolate-Covered-Peanuts-Beans3-768x640.webp 768w, https:\/\/jxgchocolate.com\/wp-content\/uploads\/2025\/01\/Crispy-Smooth-Bulk-Chocolate-Covered-Peanuts-Beans3-14x12.webp 14w, https:\/\/jxgchocolate.com\/wp-content\/uploads\/2025\/01\/Crispy-Smooth-Bulk-Chocolate-Covered-Peanuts-Beans3-430x358.webp 430w, https:\/\/jxgchocolate.com\/wp-content\/uploads\/2025\/01\/Crispy-Smooth-Bulk-Chocolate-Covered-Peanuts-Beans3-700x583.webp 700w, https:\/\/jxgchocolate.com\/wp-content\/uploads\/2025\/01\/Crispy-Smooth-Bulk-Chocolate-Covered-Peanuts-Beans3-150x125.webp 150w\" sizes=\"(max-width: 1800px) 100vw, 1800px\" \/><\/figure>\n<\/div>\n<\/div>\n\n\n\n<p><\/p>","protected":false},"excerpt":{"rendered":"<p>Willkommen zum Kauf von Erdn\u00fcssen mit Schokoladen\u00fcberzug im Gro\u00dfhandel. Unser Bulk-Schokolade \u00fcberzogenen Erdn\u00fcsse perfekt kombinieren die Knusprigkeit der Erdn\u00fcsse mit der S\u00fc\u00dfe und Weichheit der Schokolade, die ein k\u00f6stliches Geschmackserlebnis bietet.<\/p>\n<table width=\"423\">\n<tbody>\n<tr>\n<td width=\"166\">Hersteller<\/td>\n<td width=\"257\">Gl\u00fccksfrucht<\/td>\n<\/tr>\n<tr>\n<td>MODELL NR.<\/td>\n<td>JXG53<\/td>\n<\/tr>\n<tr>\n<td>Typ<\/td>\n<td>Erdnuss-Schokolade<\/td>\n<\/tr>\n<tr>\n<td>Verpackung<\/td>\n<td>Box-Verpackung<\/td>\n<\/tr>\n<tr>\n<td>Spezifikation<\/td>\n<td>20S\u00e4cke*12Kartons<\/td>\n<\/tr>\n<tr>\n<td>Gr\u00f6\u00dfe des Kartons<\/td>\n<td>58*35.5*37.5cm<\/td>\n<\/tr>\n<tr>\n<td>N.W \/SET<\/td>\n<td>23g*20Beutel<\/td>\n<\/tr>\n<tr>\n<td>Farbe<\/td>\n<td>Als Bild<\/td>\n<\/tr>\n<tr>\n<td>MOQ<\/td>\n<td>500 Kartons<\/td>\n<\/tr>\n<tr>\n<td>Personalisierung<\/td>\n<td>Verpackung\/LOGO<\/td>\n<\/tr>\n<\/tbody>\n<\/table>","protected":false},"featured_media":29432,"comment_status":"closed","ping_status":"closed","template":"","meta":[],"product_cat":[73],"product_tag":[],"class_list":{"0":"post-29431","1":"product","2":"type-product","3":"status-publish","4":"has-post-thumbnail","6":"product_cat-wholesale-chocolate-covered-peanuts","8":"first","9":"instock","10":"shipping-taxable","11":"product-type-simple"},"_links":{"self":[{"href":"https:\/\/jxgchocolate.com\/de\/wp-json\/wp\/v2\/product\/29431","targetHints":{"allow":["GET"]}}],"collection":[{"href":"https:\/\/jxgchocolate.com\/de\/wp-json\/wp\/v2\/product"}],"about":[{"href":"https:\/\/jxgchocolate.com\/de\/wp-json\/wp\/v2\/types\/product"}],"replies":[{"embeddable":true,"href":"https:\/\/jxgchocolate.com\/de\/wp-json\/wp\/v2\/comments?post=29431"}],"version-history":[{"count":5,"href":"https:\/\/jxgchocolate.com\/de\/wp-json\/wp\/v2\/product\/29431\/revisions"}],"predecessor-version":[{"id":29447,"href":"https:\/\/jxgchocolate.com\/de\/wp-json\/wp\/v2\/product\/29431\/revisions\/29447"}],"wp:featuredmedia":[{"embeddable":true,"href":"https:\/\/jxgchocolate.com\/de\/wp-json\/wp\/v2\/media\/29432"}],"wp:attachment":[{"href":"https:\/\/jxgchocolate.com\/de\/wp-json\/wp\/v2\/media?parent=29431"}],"wp:term":[{"taxonomy":"product_cat","embeddable":true,"href":"https:\/\/jxgchocolate.com\/de\/wp-json\/wp\/v2\/product_cat?post=29431"},{"taxonomy":"product_tag","embeddable":true,"href":"https:\/\/jxgchocolate.com\/de\/wp-json\/wp\/v2\/product_tag?post=29431"}],"curies":[{"name":"wp","href":"https:\/\/api.w.org\/{rel}","templated":true}]}}