{"id":29446,"date":"2025-01-24T06:44:26","date_gmt":"2025-01-24T06:44:26","guid":{"rendered":"https:\/\/jxgchocolate.com\/?post_type=product&#038;p=29446"},"modified":"2025-01-24T06:44:28","modified_gmt":"2025-01-24T06:44:28","slug":"bulk-chocolate-sunflower-seed","status":"publish","type":"product","link":"https:\/\/jxgchocolate.com\/de\/produkt\/bulk-chocolate-sunflower-seed\/","title":{"rendered":"Smooth Bulk Chocolate Sonnenblumenkerne mit zwei Geschmacksrichtungen"},"content":{"rendered":"<div class=\"wp-block-columns is-layout-flex wp-container-core-columns-is-layout-9d6595d7 wp-block-columns-is-layout-flex\">\n<div class=\"wp-block-column is-layout-flow wp-block-column-is-layout-flow\">\n<h2 class=\"wp-block-heading\">Premium Bulk Schokolade Sonnenblumenkerne Merkmale:<\/h2>\n\n\n\n<ul class=\"wp-block-list\">\n<li><strong>Erschwinglicher Preis und hohe Kosteneffizienz:<\/strong> Schokoladen-Sonnenblumenkerne in loser Sch\u00fcttung sind auf dem Markt zu moderaten Preisen erh\u00e4ltlich und f\u00fcr jedermann erschwinglich. Der reichhaltige Geschmack und der N\u00e4hrwert machen jeden Bissen lohnenswert; daher sind sie in den Augen der Verbraucher ein sehr kosteng\u00fcnstiger Snack.<\/li>\n\n\n\n<li><strong>Diversifizierte Verbrauchsszenarien: <\/strong>Unsere Schokoladen-Sonnenblumenkerne im Gro\u00dfhandel eignen sich f\u00fcr verschiedene Anl\u00e4sse des Verzehrs, einschlie\u00dflich Familienfeiern, Treffen mit Freunden und Nickerchen im B\u00fcro. Es k\u00f6nnte entweder ein l\u00e4ssiger Snack oder w\u00e4hrend der Ferien als Geschenk oder Werbegeschenk verwendet werden, um Sch\u00f6nheit und Segen zu vermitteln.<\/li>\n\n\n\n<li><strong>Hohe Qualit\u00e4t und N\u00e4hrwert der Zutaten:<\/strong> Unsere Schokoladen-Sonnenblumenkerne in loser Sch\u00fcttung sind reich an N\u00e4hrstoffen, einschlie\u00dflich Eiwei\u00df, Fett, Vitaminen und Mineralien, die dazu beitragen k\u00f6nnen, die Energie zu erg\u00e4nzen und die k\u00f6rperliche Gesundheit zu erhalten.<\/li>\n\n\n\n<li><strong>Einzigartiges Geschmackserlebnis:<\/strong> Die \u00e4u\u00dfere Schicht unserer Gro\u00dfhandels-Schokoladen-Sonnenblumenkerne besteht aus einer knusprigen Schokoladenh\u00fclle, w\u00e4hrend die innere Schicht in knusprige Sonnenblumenkerne eingewickelt ist. Die innere und \u00e4u\u00dfere Kombination dieser Geschmackskombination erm\u00f6glicht es den Verbrauchern, sowohl die Zartheit der Schokolade als auch die Knusprigkeit der Sonnenblumenkerne in jedem einzelnen Bissen zu schmecken, was den Reichtum der Schichten mit sich bringt.<\/li>\n<\/ul>\n<\/div>\n\n\n\n<div class=\"wp-block-column is-layout-flow wp-block-column-is-layout-flow\">\n<figure class=\"wp-block-image size-full\"><img fetchpriority=\"high\" decoding=\"async\" width=\"1800\" height=\"1500\" src=\"https:\/\/jxgchocolate.com\/wp-content\/uploads\/2025\/01\/Bulk-Smooth-Chocolate-Covered-Sunflower-Seeds-Kernels-With-Two-Flavors3.webp\" alt=\"\" class=\"wp-image-29450\" srcset=\"https:\/\/jxgchocolate.com\/wp-content\/uploads\/2025\/01\/Bulk-Smooth-Chocolate-Covered-Sunflower-Seeds-Kernels-With-Two-Flavors3.webp 1800w, https:\/\/jxgchocolate.com\/wp-content\/uploads\/2025\/01\/Bulk-Smooth-Chocolate-Covered-Sunflower-Seeds-Kernels-With-Two-Flavors3-360x300.webp 360w, https:\/\/jxgchocolate.com\/wp-content\/uploads\/2025\/01\/Bulk-Smooth-Chocolate-Covered-Sunflower-Seeds-Kernels-With-Two-Flavors3-768x640.webp 768w, https:\/\/jxgchocolate.com\/wp-content\/uploads\/2025\/01\/Bulk-Smooth-Chocolate-Covered-Sunflower-Seeds-Kernels-With-Two-Flavors3-14x12.webp 14w, https:\/\/jxgchocolate.com\/wp-content\/uploads\/2025\/01\/Bulk-Smooth-Chocolate-Covered-Sunflower-Seeds-Kernels-With-Two-Flavors3-430x358.webp 430w, https:\/\/jxgchocolate.com\/wp-content\/uploads\/2025\/01\/Bulk-Smooth-Chocolate-Covered-Sunflower-Seeds-Kernels-With-Two-Flavors3-700x583.webp 700w, https:\/\/jxgchocolate.com\/wp-content\/uploads\/2025\/01\/Bulk-Smooth-Chocolate-Covered-Sunflower-Seeds-Kernels-With-Two-Flavors3-150x125.webp 150w\" sizes=\"(max-width: 1800px) 100vw, 1800px\" \/><\/figure>\n<\/div>\n<\/div>\n\n\n\n<p><\/p>","protected":false},"excerpt":{"rendered":"<p>Willkommen beim Kauf von Schokoladen-Sonnenblumenkernen in gro\u00dfen Mengen. Unsere Schokoladen-Sonnenblumenkerne im Gro\u00dfhandel bieten nicht nur ein neues Geschmackserlebnis, sondern vermitteln auch einen gesunden Lebensstil und einen kulturellen Wert, was sie zu einer idealen Wahl f\u00fcr Verbraucher macht, die ein qualitativ hochwertiges Leben anstreben. Ob als t\u00e4glicher Snack, als Backzutat oder als gro\u00dfartiges Geschenk, Sonnenblumenkernschokolade bringt den Verbrauchern einzigartigen Genuss.<\/p>\n<table width=\"423\">\n<tbody>\n<tr>\n<td width=\"166\">Hersteller<\/td>\n<td width=\"257\">Gl\u00fccksfrucht<\/td>\n<\/tr>\n<tr>\n<td>MODELL NR.<\/td>\n<td>JXG54<\/td>\n<\/tr>\n<tr>\n<td>Typ<\/td>\n<td>Sonnenblumenkerne Schokolade<\/td>\n<\/tr>\n<tr>\n<td>Verpackung<\/td>\n<td>Box-Verpackung<\/td>\n<\/tr>\n<tr>\n<td>Spezifikation<\/td>\n<td>20S\u00e4cke*12Kartons<\/td>\n<\/tr>\n<tr>\n<td>Gr\u00f6\u00dfe des Kartons<\/td>\n<td>58*35.5*37.5cm<\/td>\n<\/tr>\n<tr>\n<td>N.W \/SET<\/td>\n<td>23g*20Beutel<\/td>\n<\/tr>\n<tr>\n<td>Farbe<\/td>\n<td>Als Bild<\/td>\n<\/tr>\n<tr>\n<td>MOQ<\/td>\n<td>500 Kartons<\/td>\n<\/tr>\n<tr>\n<td>Personalisierung<\/td>\n<td>Verpackung\/LOGO<\/td>\n<\/tr>\n<\/tbody>\n<\/table>","protected":false},"featured_media":29448,"comment_status":"closed","ping_status":"closed","template":"","meta":[],"product_cat":[72],"product_tag":[],"class_list":{"0":"post-29446","1":"product","2":"type-product","3":"status-publish","4":"has-post-thumbnail","6":"product_cat-wholesale-chocolate-covered-sunflower-seeds","8":"first","9":"instock","10":"shipping-taxable","11":"product-type-simple"},"_links":{"self":[{"href":"https:\/\/jxgchocolate.com\/de\/wp-json\/wp\/v2\/product\/29446","targetHints":{"allow":["GET"]}}],"collection":[{"href":"https:\/\/jxgchocolate.com\/de\/wp-json\/wp\/v2\/product"}],"about":[{"href":"https:\/\/jxgchocolate.com\/de\/wp-json\/wp\/v2\/types\/product"}],"replies":[{"embeddable":true,"href":"https:\/\/jxgchocolate.com\/de\/wp-json\/wp\/v2\/comments?post=29446"}],"version-history":[{"count":0,"href":"https:\/\/jxgchocolate.com\/de\/wp-json\/wp\/v2\/product\/29446\/revisions"}],"wp:featuredmedia":[{"embeddable":true,"href":"https:\/\/jxgchocolate.com\/de\/wp-json\/wp\/v2\/media\/29448"}],"wp:attachment":[{"href":"https:\/\/jxgchocolate.com\/de\/wp-json\/wp\/v2\/media?parent=29446"}],"wp:term":[{"taxonomy":"product_cat","embeddable":true,"href":"https:\/\/jxgchocolate.com\/de\/wp-json\/wp\/v2\/product_cat?post=29446"},{"taxonomy":"product_tag","embeddable":true,"href":"https:\/\/jxgchocolate.com\/de\/wp-json\/wp\/v2\/product_tag?post=29446"}],"curies":[{"name":"wp","href":"https:\/\/api.w.org\/{rel}","templated":true}]}}