{"id":29457,"date":"2025-01-24T06:30:54","date_gmt":"2025-01-24T06:30:54","guid":{"rendered":"https:\/\/jxgchocolate.com\/?post_type=product&#038;p=29457"},"modified":"2025-01-24T06:30:56","modified_gmt":"2025-01-24T06:30:56","slug":"chocolate-gummy-beans-bulk","status":"publish","type":"product","link":"https:\/\/jxgchocolate.com\/de\/produkt\/chocolate-gummy-beans-bulk\/","title":{"rendered":"Smooth Chocolate Gummy Beans Bulk mit verschiedenen Geschmacksrichtungen"},"content":{"rendered":"<div class=\"wp-block-columns is-layout-flex wp-container-core-columns-is-layout-9d6595d7 wp-block-columns-is-layout-flex\">\n<div class=\"wp-block-column is-layout-flow wp-block-column-is-layout-flow\">\n<h2 class=\"wp-block-heading\">Premium-Schokoladen-Gummibohnen Bulk Eigenschaften:<\/h2>\n\n\n\n<ul class=\"wp-block-list\">\n<li><strong>Einzigartiger Doppelgeschmack:<\/strong> Bei jedem Biss in unsere Gummischokolade sp\u00fcrt man das seidige Schmelzgef\u00fchl der \u00e4u\u00dferen Schokolade und die weichen und z\u00e4hen Eigenschaften des inneren Gummis, die ein ausgepr\u00e4gtes und doch harmonisches Geschmackserlebnis ergeben. Von s\u00fc\u00dfer Schokolade bis zu m\u00e4\u00dfig s\u00fc\u00dfen und sauren Eicheln - dieser \u00dcbergang von s\u00fc\u00df zu sauer bietet den Verbrauchern eine breite Palette an Geschmacksrichtungen.<\/li>\n\n\n\n<li><strong>Reichhaltige Geschmacksoptionen: <\/strong>Unsere Schokoladengummibohnen in loser Sch\u00fcttung bieten eine Vielzahl von Fruchtgeschmacksrichtungen, wie Erdbeere, gr\u00fcne Trauben, Pfirsich, Mango usw., um den Vorlieben der verschiedenen Verbraucher gerecht zu werden.<\/li>\n\n\n\n<li><strong>Tragbare Verpackung:<\/strong> Diese Gummischokolade hat die Form einer unabh\u00e4ngigen kleinen T\u00fcte, die bequem zu transportieren und leicht zu teilen ist, was sie sehr geeignet f\u00fcr Outdoor-Aktivit\u00e4ten und Reisen macht, um sie jederzeit zu genie\u00dfen. F\u00fcr Heimanwender gibt es auch Verpackungen mit hohem Fassungsverm\u00f6gen, die sowohl kosteng\u00fcnstig sind als auch den Kauf mehrerer Geschmacksrichtungen auf einmal f\u00fcr die ganze Familie erm\u00f6glichen.<\/li>\n\n\n\n<li><strong>Kreative Art zu essen: <\/strong>Unsere Schokoladengummibohnen eignen sich perfekt f\u00fcr den Genuss von gr\u00fcnem Tee, Oolong-Tee oder anderen Teesorten und sorgen f\u00fcr ein intensiveres Geschmackserlebnis. Zerkleinern Sie die Schokoladengummis und f\u00fcgen Sie sie zu Backrezepten wie Keksen, Kuchen oder Brot hinzu, um zus\u00e4tzlichen Geschmack und Aroma zu erhalten.<\/li>\n<\/ul>\n<\/div>\n\n\n\n<div class=\"wp-block-column is-layout-flow wp-block-column-is-layout-flow\">\n<figure class=\"wp-block-image size-full\"><img fetchpriority=\"high\" decoding=\"async\" width=\"1500\" height=\"1500\" src=\"https:\/\/jxgchocolate.com\/wp-content\/uploads\/2025\/01\/Smooth-Chocolate-Covered-Gummy-Ball-With-Different-Flavors2.webp\" alt=\"Smooth Chocolate Gummy Beans Bulk mit verschiedenen Geschmacksrichtungen-2\" class=\"wp-image-29459\" srcset=\"https:\/\/jxgchocolate.com\/wp-content\/uploads\/2025\/01\/Smooth-Chocolate-Covered-Gummy-Ball-With-Different-Flavors2.webp 1500w, https:\/\/jxgchocolate.com\/wp-content\/uploads\/2025\/01\/Smooth-Chocolate-Covered-Gummy-Ball-With-Different-Flavors2-300x300.webp 300w, https:\/\/jxgchocolate.com\/wp-content\/uploads\/2025\/01\/Smooth-Chocolate-Covered-Gummy-Ball-With-Different-Flavors2-150x150.webp 150w, https:\/\/jxgchocolate.com\/wp-content\/uploads\/2025\/01\/Smooth-Chocolate-Covered-Gummy-Ball-With-Different-Flavors2-768x768.webp 768w, https:\/\/jxgchocolate.com\/wp-content\/uploads\/2025\/01\/Smooth-Chocolate-Covered-Gummy-Ball-With-Different-Flavors2-12x12.webp 12w, https:\/\/jxgchocolate.com\/wp-content\/uploads\/2025\/01\/Smooth-Chocolate-Covered-Gummy-Ball-With-Different-Flavors2-430x430.webp 430w, https:\/\/jxgchocolate.com\/wp-content\/uploads\/2025\/01\/Smooth-Chocolate-Covered-Gummy-Ball-With-Different-Flavors2-700x700.webp 700w\" sizes=\"(max-width: 1500px) 100vw, 1500px\" \/><\/figure>\n<\/div>\n<\/div>\n\n\n\n<p><\/p>","protected":false},"excerpt":{"rendered":"<p>Willkommen bei gummy choco bulk. Unsere Schokoladengummibohnen in loser Sch\u00fcttung haben aufgrund ihres einzigartigen Geschmackserlebnisses, der reichhaltigen Geschmacksauswahl, des exquisiten Verpackungsdesigns, des hochwertigen Produktionsprozesses und der Integration gesunder Elemente breite Anerkennung und Liebe auf dem Markt gewonnen.<\/p>\n<table width=\"423\">\n<tbody>\n<tr>\n<td width=\"166\">Hersteller<\/td>\n<td width=\"257\">Gl\u00fccksfrucht<\/td>\n<\/tr>\n<tr>\n<td>MODELL NR.<\/td>\n<td>JXG55<\/td>\n<\/tr>\n<tr>\n<td>Typ<\/td>\n<td>Gummibonbon-Schokolade<\/td>\n<\/tr>\n<tr>\n<td>Verpackung<\/td>\n<td>Box-Verpackung<\/td>\n<\/tr>\n<tr>\n<td>Spezifikation<\/td>\n<td>20S\u00e4cke*12Kartons<\/td>\n<\/tr>\n<tr>\n<td>Gr\u00f6\u00dfe des Kartons<\/td>\n<td>58*35.5*37.5cm<\/td>\n<\/tr>\n<tr>\n<td>N.W \/SET<\/td>\n<td>23g*20Beutel<\/td>\n<\/tr>\n<tr>\n<td>Farbe<\/td>\n<td>Als Bild<\/td>\n<\/tr>\n<tr>\n<td>MOQ<\/td>\n<td>500 Kartons<\/td>\n<\/tr>\n<tr>\n<td>Personalisierung<\/td>\n<td>Verpackung\/LOGO<\/td>\n<\/tr>\n<\/tbody>\n<\/table>","protected":false},"featured_media":29458,"comment_status":"closed","ping_status":"closed","template":"","meta":[],"product_cat":[75],"product_tag":[],"class_list":{"0":"post-29457","1":"product","2":"type-product","3":"status-publish","4":"has-post-thumbnail","6":"product_cat-wholesale-gummy-chocolate","8":"first","9":"instock","10":"shipping-taxable","11":"product-type-simple"},"_links":{"self":[{"href":"https:\/\/jxgchocolate.com\/de\/wp-json\/wp\/v2\/product\/29457","targetHints":{"allow":["GET"]}}],"collection":[{"href":"https:\/\/jxgchocolate.com\/de\/wp-json\/wp\/v2\/product"}],"about":[{"href":"https:\/\/jxgchocolate.com\/de\/wp-json\/wp\/v2\/types\/product"}],"replies":[{"embeddable":true,"href":"https:\/\/jxgchocolate.com\/de\/wp-json\/wp\/v2\/comments?post=29457"}],"version-history":[{"count":0,"href":"https:\/\/jxgchocolate.com\/de\/wp-json\/wp\/v2\/product\/29457\/revisions"}],"wp:featuredmedia":[{"embeddable":true,"href":"https:\/\/jxgchocolate.com\/de\/wp-json\/wp\/v2\/media\/29458"}],"wp:attachment":[{"href":"https:\/\/jxgchocolate.com\/de\/wp-json\/wp\/v2\/media?parent=29457"}],"wp:term":[{"taxonomy":"product_cat","embeddable":true,"href":"https:\/\/jxgchocolate.com\/de\/wp-json\/wp\/v2\/product_cat?post=29457"},{"taxonomy":"product_tag","embeddable":true,"href":"https:\/\/jxgchocolate.com\/de\/wp-json\/wp\/v2\/product_tag?post=29457"}],"curies":[{"name":"wp","href":"https:\/\/api.w.org\/{rel}","templated":true}]}}