{"id":29465,"date":"2025-01-24T06:25:48","date_gmt":"2025-01-24T06:25:48","guid":{"rendered":"https:\/\/jxgchocolate.com\/?post_type=product&#038;p=29465"},"modified":"2025-01-24T06:25:50","modified_gmt":"2025-01-24T06:25:50","slug":"bulk-chocolate-balls","status":"publish","type":"product","link":"https:\/\/jxgchocolate.com\/de\/produkt\/bulk-chocolate-balls\/","title":{"rendered":"Knusprige Schokoladenkugeln, Biskuit-Schokolade, Kandisbohnen"},"content":{"rendered":"<div class=\"wp-block-columns is-layout-flex wp-container-core-columns-is-layout-9d6595d7 wp-block-columns-is-layout-flex\">\n<div class=\"wp-block-column is-layout-flow wp-block-column-is-layout-flow\">\n<h2 class=\"wp-block-heading\">Premium Bulk Chocolate Balls Eigenschaften:<\/h2>\n\n\n\n<ul class=\"wp-block-list\">\n<li><strong>Au\u00dfen knusprig und innen weich, doppelter Geschmack:<\/strong> Unsere losen Schokoladenkugeln sind au\u00dfen knusprig und reich an Schokoladen- oder Keksf\u00fcllungen, die f\u00fcr den perfekten Geschmack sorgen.<\/li>\n\n\n\n<li><strong>Ausgew\u00e4hlte hochwertige Schokolade: <\/strong>Unsere Biskuit-Schokoladenbonbons im Gro\u00dfhandel verwenden hochwertige Schokoladenrohstoffe, um sicherzustellen, dass jedes Bonbon einen reinen Schokoladengeschmack hat.<\/li>\n\n\n\n<li><strong>Einzigartige Form, geeignet f\u00fcr eine Vielzahl von Anl\u00e4ssen: <\/strong>Unsere gro\u00dfen Schokoladenkugeln haben die Form einer kleinen, niedlichen Schokoladenbohne und eignen sich f\u00fcr Familienfeiern, zum Teilen von Snacks oder als Weihnachtsgeschenk.<\/li>\n\n\n\n<li><strong>Praktische Verpackung, einfaches Teilen:<\/strong> Unsere Biskuit-Schokoladen-Bonbons im Gro\u00dfhandel haben ein gro\u00dfes Verpackungsdesign, das bequem zu verpacken und zu teilen ist, und Sie k\u00f6nnen das k\u00f6stliche Essen jederzeit genie\u00dfen, um die Bed\u00fcrfnisse mehrerer Personen zu erf\u00fcllen.<\/li>\n<\/ul>\n<\/div>\n\n\n\n<div class=\"wp-block-column is-layout-flow wp-block-column-is-layout-flow\">\n<figure class=\"wp-block-image size-full\"><img fetchpriority=\"high\" decoding=\"async\" width=\"2000\" height=\"2000\" src=\"https:\/\/jxgchocolate.com\/wp-content\/uploads\/2025\/01\/Wholesales-Smooth-and-Crispy-Biscuit-Chocolate-Candy-Beans-With-OEM-Design3.webp\" alt=\"Knusprige Schokoladenkugeln, Biskuit-Schokoladen-Bonbons-1\" class=\"wp-image-29466\" srcset=\"https:\/\/jxgchocolate.com\/wp-content\/uploads\/2025\/01\/Wholesales-Smooth-and-Crispy-Biscuit-Chocolate-Candy-Beans-With-OEM-Design3.webp 2000w, https:\/\/jxgchocolate.com\/wp-content\/uploads\/2025\/01\/Wholesales-Smooth-and-Crispy-Biscuit-Chocolate-Candy-Beans-With-OEM-Design3-300x300.webp 300w, https:\/\/jxgchocolate.com\/wp-content\/uploads\/2025\/01\/Wholesales-Smooth-and-Crispy-Biscuit-Chocolate-Candy-Beans-With-OEM-Design3-150x150.webp 150w, https:\/\/jxgchocolate.com\/wp-content\/uploads\/2025\/01\/Wholesales-Smooth-and-Crispy-Biscuit-Chocolate-Candy-Beans-With-OEM-Design3-768x768.webp 768w, https:\/\/jxgchocolate.com\/wp-content\/uploads\/2025\/01\/Wholesales-Smooth-and-Crispy-Biscuit-Chocolate-Candy-Beans-With-OEM-Design3-12x12.webp 12w, https:\/\/jxgchocolate.com\/wp-content\/uploads\/2025\/01\/Wholesales-Smooth-and-Crispy-Biscuit-Chocolate-Candy-Beans-With-OEM-Design3-430x430.webp 430w, https:\/\/jxgchocolate.com\/wp-content\/uploads\/2025\/01\/Wholesales-Smooth-and-Crispy-Biscuit-Chocolate-Candy-Beans-With-OEM-Design3-700x700.webp 700w\" sizes=\"(max-width: 2000px) 100vw, 2000px\" \/><\/figure>\n<\/div>\n<\/div>","protected":false},"excerpt":{"rendered":"<p>Willkommen zu kaufen Bulk-Schokolade Kugeln. Unsere Biskuit-Schokolade Bohnen Gro\u00dfhandel sind knusprig auf der Au\u00dfenseite und weich auf der Innenseite, mit ausgew\u00e4hlten Schokolade und Keks F\u00fcllungen, reichen Geschmack, geeignet f\u00fcr die gemeinsame Nutzung und eine Vielzahl von Gelegenheiten, um die Geschmacksnerven von Ihnen und Ihren Verwandten und Freunden zu treffen.<\/p>\n<table width=\"423\">\n<tbody>\n<tr>\n<td width=\"166\">Hersteller<\/td>\n<td width=\"257\">Gl\u00fccksfrucht<\/td>\n<\/tr>\n<tr>\n<td>MODELL NR.<\/td>\n<td>JXG56<\/td>\n<\/tr>\n<tr>\n<td>Typ<\/td>\n<td>Biskuit-Schokolade<\/td>\n<\/tr>\n<tr>\n<td>Verpackung<\/td>\n<td>Box-Verpackung<\/td>\n<\/tr>\n<tr>\n<td>Spezifikation<\/td>\n<td>20S\u00e4cke*12Kartons<\/td>\n<\/tr>\n<tr>\n<td>Gr\u00f6\u00dfe des Kartons<\/td>\n<td>58*35.5*37.5cm<\/td>\n<\/tr>\n<tr>\n<td>N.W \/SET<\/td>\n<td>23g*20Beutel<\/td>\n<\/tr>\n<tr>\n<td>Farbe<\/td>\n<td>Als Bild<\/td>\n<\/tr>\n<tr>\n<td>MOQ<\/td>\n<td>500 Kartons<\/td>\n<\/tr>\n<tr>\n<td>Personalisierung<\/td>\n<td>Verpackung\/LOGO<\/td>\n<\/tr>\n<\/tbody>\n<\/table>","protected":false},"featured_media":29467,"comment_status":"closed","ping_status":"closed","template":"","meta":[],"product_cat":[74],"product_tag":[],"class_list":{"0":"post-29465","1":"product","2":"type-product","3":"status-publish","4":"has-post-thumbnail","6":"product_cat-wholesale-crunchy-chocolate-balls","8":"first","9":"instock","10":"shipping-taxable","11":"product-type-simple"},"_links":{"self":[{"href":"https:\/\/jxgchocolate.com\/de\/wp-json\/wp\/v2\/product\/29465","targetHints":{"allow":["GET"]}}],"collection":[{"href":"https:\/\/jxgchocolate.com\/de\/wp-json\/wp\/v2\/product"}],"about":[{"href":"https:\/\/jxgchocolate.com\/de\/wp-json\/wp\/v2\/types\/product"}],"replies":[{"embeddable":true,"href":"https:\/\/jxgchocolate.com\/de\/wp-json\/wp\/v2\/comments?post=29465"}],"version-history":[{"count":0,"href":"https:\/\/jxgchocolate.com\/de\/wp-json\/wp\/v2\/product\/29465\/revisions"}],"wp:featuredmedia":[{"embeddable":true,"href":"https:\/\/jxgchocolate.com\/de\/wp-json\/wp\/v2\/media\/29467"}],"wp:attachment":[{"href":"https:\/\/jxgchocolate.com\/de\/wp-json\/wp\/v2\/media?parent=29465"}],"wp:term":[{"taxonomy":"product_cat","embeddable":true,"href":"https:\/\/jxgchocolate.com\/de\/wp-json\/wp\/v2\/product_cat?post=29465"},{"taxonomy":"product_tag","embeddable":true,"href":"https:\/\/jxgchocolate.com\/de\/wp-json\/wp\/v2\/product_tag?post=29465"}],"curies":[{"name":"wp","href":"https:\/\/api.w.org\/{rel}","templated":true}]}}