{"id":29515,"date":"2025-02-15T01:57:13","date_gmt":"2025-02-15T01:57:13","guid":{"rendered":"https:\/\/jxgchocolate.com\/?post_type=product&#038;p=29515"},"modified":"2025-02-15T03:13:32","modified_gmt":"2025-02-15T03:13:32","slug":"chocolate-candy-bulk","status":"publish","type":"product","link":"https:\/\/jxgchocolate.com\/de\/produkt\/chocolate-candy-bulk\/","title":{"rendered":"Lucky Twins Chocolate Candy Bulk, Joghurt Schokolade \u00fcberzogene Sonnenblumenkerne Gro\u00dfhandel"},"content":{"rendered":"<div class=\"wp-block-columns is-layout-flex wp-container-core-columns-is-layout-9d6595d7 wp-block-columns-is-layout-flex\">\n<div class=\"wp-block-column is-layout-flow wp-block-column-is-layout-flow\">\n<h2 class=\"wp-block-heading\">Premium-Schokolade S\u00fc\u00dfigkeiten Bulk Features:<\/h2>\n\n\n\n<ul class=\"wp-block-list\">\n<li><strong>Kreative Geschmackskombinationen:<\/strong> Joghurt-Schokolade in loser Sch\u00fcttung unterscheidet sich von herk\u00f6mmlicher Schokolade durch ihren eigenen s\u00fc\u00df-s\u00e4uerlichen Milchgeschmack und spricht Verbraucher an, die neue Geschmacksrichtungen ausprobieren m\u00f6chten. Die Kombination mit Sonnenblumenkernen sorgt f\u00fcr ein neues Geschmacks- und Dufterlebnis, ideal f\u00fcr alle, die sich ein einzigartiges Knabbererlebnis w\u00fcnschen.<\/li>\n\n\n\n<li><strong>N\u00e4hrstoffreich:<\/strong> Sonnenblumenkerne haben einen gesunden Gehalt an einfach und mehrfach unges\u00e4ttigten Fetten, die gut f\u00fcr das Herz sind. Sie sind auch eine ausgezeichnete pflanzliche Proteinquelle, die sich perfekt f\u00fcr Vegetarier oder diejenigen eignet, die eine Proteinalternative suchen. Unsere mit Schokolade \u00fcberzogenen Sonnenblumenkerne f\u00fcr den Gro\u00dfhandel enthalten au\u00dferdem wichtige N\u00e4hrstoffe wie Vitamin E, Magnesium und Zink.<\/li>\n\n\n\n<li><strong>Klare Verbraucherzielgruppen: <\/strong>Gesundheitsbewusste und ern\u00e4hrungssensible Verbraucher werden die nat\u00fcrlichen Inhaltsstoffe und die gesundheitlichen Vorteile von Joghurt-Schokolade-Bonbons genie\u00dfen. Gleichzeitig werden auch Snack-Liebhaber, die neue Geschmacksrichtungen m\u00f6gen, von dieser ungew\u00f6hnlichen Kombination angezogen werden.<\/li>\n\n\n\n<li><strong>Zum Verschenken geeignet:<\/strong> Unsere schokoladen\u00fcberzogenen Sonnenblumenkerne sind ein ideales Geschenk f\u00fcr Freunde, Familie oder Partner, insbesondere f\u00fcr Menschen mit einem ausgepr\u00e4gten kulturellen und kulinarischen Geschmack.<\/li>\n<\/ul>\n<\/div>\n\n\n\n<div class=\"wp-block-column is-layout-flow wp-block-column-is-layout-flow\">\n<figure class=\"wp-block-image size-full\"><img fetchpriority=\"high\" decoding=\"async\" width=\"2000\" height=\"2000\" src=\"https:\/\/jxgchocolate.com\/wp-content\/uploads\/2025\/02\/Deep-Sour-Milk-Chocolate-Covered-Sunflower-Seeds-Nuts-Wholesales-Chocolate-Candy-In-Bulk3.webp\" alt=\"Schokolade S\u00fc\u00dfigkeiten Bulk, Joghurt Schokolade \u00fcberzogene Sonnenblumenkerne Gro\u00dfhandel-1\" class=\"wp-image-29517\" srcset=\"https:\/\/jxgchocolate.com\/wp-content\/uploads\/2025\/02\/Deep-Sour-Milk-Chocolate-Covered-Sunflower-Seeds-Nuts-Wholesales-Chocolate-Candy-In-Bulk3.webp 2000w, https:\/\/jxgchocolate.com\/wp-content\/uploads\/2025\/02\/Deep-Sour-Milk-Chocolate-Covered-Sunflower-Seeds-Nuts-Wholesales-Chocolate-Candy-In-Bulk3-300x300.webp 300w, https:\/\/jxgchocolate.com\/wp-content\/uploads\/2025\/02\/Deep-Sour-Milk-Chocolate-Covered-Sunflower-Seeds-Nuts-Wholesales-Chocolate-Candy-In-Bulk3-150x150.webp 150w, https:\/\/jxgchocolate.com\/wp-content\/uploads\/2025\/02\/Deep-Sour-Milk-Chocolate-Covered-Sunflower-Seeds-Nuts-Wholesales-Chocolate-Candy-In-Bulk3-768x768.webp 768w, https:\/\/jxgchocolate.com\/wp-content\/uploads\/2025\/02\/Deep-Sour-Milk-Chocolate-Covered-Sunflower-Seeds-Nuts-Wholesales-Chocolate-Candy-In-Bulk3-12x12.webp 12w, https:\/\/jxgchocolate.com\/wp-content\/uploads\/2025\/02\/Deep-Sour-Milk-Chocolate-Covered-Sunflower-Seeds-Nuts-Wholesales-Chocolate-Candy-In-Bulk3-430x430.webp 430w, https:\/\/jxgchocolate.com\/wp-content\/uploads\/2025\/02\/Deep-Sour-Milk-Chocolate-Covered-Sunflower-Seeds-Nuts-Wholesales-Chocolate-Candy-In-Bulk3-700x700.webp 700w\" sizes=\"(max-width: 2000px) 100vw, 2000px\" \/><\/figure>\n<\/div>\n<\/div>","protected":false},"excerpt":{"rendered":"<p>Willkommen im Gro\u00dfhandel Schokolade \u00fcberzogen Sonnenblumenkerne N\u00fcsse zu kaufen. Joghurt-Schokoladen-Bonbons bringen nicht nur ein neues Geschmacksempfinden, sondern auch eine gesunde Gewohnheit und ein kulturelles Attribut, so dass es f\u00fcr die Verbraucher, die ein qualitativ hochwertiges Leben anstreben, sehr zu empfehlen ist. Als t\u00e4gliches Dessert, Backmaterial oder bestes Geschenk bringt die Sauermilch-Sonnenblumenkern-Schokolade den Verbrauchern einzigartiges Gl\u00fcck.<\/p>\n<table width=\"423\">\n<tbody>\n<tr>\n<td width=\"166\">Hersteller<\/td>\n<td width=\"257\">Gl\u00fccksfrucht<\/td>\n<\/tr>\n<tr>\n<td>MODELL NR.<\/td>\n<td>JXG53<\/td>\n<\/tr>\n<tr>\n<td>Typ<\/td>\n<td>Sonnenblumenkerne Schokolade<\/td>\n<\/tr>\n<tr>\n<td>Verpackung<\/td>\n<td>Box-Verpackung<\/td>\n<\/tr>\n<tr>\n<td>Spezifikation<\/td>\n<td>238g<\/td>\n<\/tr>\n<tr>\n<td>Gr\u00f6\u00dfe des Kartons<\/td>\n<td>49,5*29*32,5cm<\/td>\n<\/tr>\n<tr>\n<td>N.W \/SET<\/td>\n<td>238g*20Beutel<\/td>\n<\/tr>\n<tr>\n<td>Farbe<\/td>\n<td>Als Bild<\/td>\n<\/tr>\n<tr>\n<td>MOQ<\/td>\n<td>500 Kartons<\/td>\n<\/tr>\n<tr>\n<td>Personalisierung<\/td>\n<td>Verpackung\/LOGO<\/td>\n<\/tr>\n<\/tbody>\n<\/table>","protected":false},"featured_media":29518,"comment_status":"closed","ping_status":"closed","template":"","meta":[],"product_cat":[72],"product_tag":[],"class_list":{"0":"post-29515","1":"product","2":"type-product","3":"status-publish","4":"has-post-thumbnail","6":"product_cat-wholesale-chocolate-covered-sunflower-seeds","8":"first","9":"instock","10":"shipping-taxable","11":"product-type-simple"},"_links":{"self":[{"href":"https:\/\/jxgchocolate.com\/de\/wp-json\/wp\/v2\/product\/29515","targetHints":{"allow":["GET"]}}],"collection":[{"href":"https:\/\/jxgchocolate.com\/de\/wp-json\/wp\/v2\/product"}],"about":[{"href":"https:\/\/jxgchocolate.com\/de\/wp-json\/wp\/v2\/types\/product"}],"replies":[{"embeddable":true,"href":"https:\/\/jxgchocolate.com\/de\/wp-json\/wp\/v2\/comments?post=29515"}],"version-history":[{"count":0,"href":"https:\/\/jxgchocolate.com\/de\/wp-json\/wp\/v2\/product\/29515\/revisions"}],"wp:featuredmedia":[{"embeddable":true,"href":"https:\/\/jxgchocolate.com\/de\/wp-json\/wp\/v2\/media\/29518"}],"wp:attachment":[{"href":"https:\/\/jxgchocolate.com\/de\/wp-json\/wp\/v2\/media?parent=29515"}],"wp:term":[{"taxonomy":"product_cat","embeddable":true,"href":"https:\/\/jxgchocolate.com\/de\/wp-json\/wp\/v2\/product_cat?post=29515"},{"taxonomy":"product_tag","embeddable":true,"href":"https:\/\/jxgchocolate.com\/de\/wp-json\/wp\/v2\/product_tag?post=29515"}],"curies":[{"name":"wp","href":"https:\/\/api.w.org\/{rel}","templated":true}]}}