{"id":29523,"date":"2025-02-15T02:16:36","date_gmt":"2025-02-15T02:16:36","guid":{"rendered":"https:\/\/jxgchocolate.com\/?post_type=product&#038;p=29523"},"modified":"2025-02-15T03:12:52","modified_gmt":"2025-02-15T03:12:52","slug":"chocolate-beans-bulk","status":"publish","type":"product","link":"https:\/\/jxgchocolate.com\/de\/produkt\/chocolate-beans-bulk\/","title":{"rendered":"Lucky Twins Colored Chocolate Beans Bulk, Gro\u00dfhandel mit Schokolade \u00fcberzogene Erdn\u00fcsse"},"content":{"rendered":"<div class=\"wp-block-columns is-layout-flex wp-container-core-columns-is-layout-9d6595d7 wp-block-columns-is-layout-flex\">\n<div class=\"wp-block-column is-layout-flow wp-block-column-is-layout-flow\">\n<h2 class=\"wp-block-heading\">Farbige Premium-Schokoladenbohnen als Massenware Merkmale:<\/h2>\n\n\n\n<ul class=\"wp-block-list\">\n<li><strong>Einzigartiger visueller Reiz:<\/strong> Bunte Schokoladenbohnen ziehen aufgrund ihres farbenfrohen Aussehens die Aufmerksamkeit im Regal auf sich, was besonders Kinder und Jugendliche anspricht. Die Einf\u00fchrung festlicher\/jahreszeitlicher, themenbezogener Verpackungen in bestimmten Farben tr\u00e4gt zum Spa\u00df- und Festtagswert des Produkts bei.<\/li>\n\n\n\n<li><strong>Reiches Geschmackserlebnis:<\/strong> Bei jedem Biss in die schokoladen\u00fcberzogenen Erdn\u00fcsse aus dem Gro\u00dfhandel kann man das sanfte Schmelzen der \u00e4u\u00dferen Schokoladenschicht und das knisternde Aroma der inneren Erdnussschicht genie\u00dfen, was ein kontrastreiches und harmonisches Geschmackserlebnis erzeugt. Der \u00dcbergang von s\u00fc\u00dfer Schokolade zu salzigen Erdn\u00fcssen bietet den Verbrauchern eine F\u00fclle von Geschmack.<\/li>\n\n\n\n<li><strong>Praktische Verpackung: <\/strong>Unsere losen Schokoladenbohnen sind in unabh\u00e4ngigen kleinen Beuteln verpackt, die leicht zu tragen und zu teilen sind, und eignen sich sehr gut f\u00fcr Outdoor-Aktivit\u00e4ten und Reisen. Genie\u00dfen Sie zu jeder Zeit. Gleichzeitig bietet das Produkt auch eine gro\u00dfvolumige Box-Verpackungsversion, die wirtschaftlich und erschwinglich ist.<\/li>\n\n\n\n<li><strong>Vielf\u00e4ltige Verbrauchsszenarien: <\/strong>Die bunten schokoladen\u00fcberzogenen Erdn\u00fcsse f\u00fcr den Gro\u00dfhandel eignen sich nicht nur f\u00fcr den pers\u00f6nlichen Genuss zu jeder Zeit, sondern auch als Snack f\u00fcr Outdoor-Aktivit\u00e4ten, Reisen oder Familientreffen und erf\u00fcllen die Bed\u00fcrfnisse der Verbraucher in verschiedenen Szenarien.<\/li>\n<\/ul>\n<\/div>\n\n\n\n<div class=\"wp-block-column is-layout-flow wp-block-column-is-layout-flow\">\n<figure class=\"wp-block-image size-full\"><img fetchpriority=\"high\" decoding=\"async\" width=\"750\" height=\"750\" src=\"https:\/\/jxgchocolate.com\/wp-content\/uploads\/2025\/02\/Wholesales-Colored-Chocolate-Covered-Peanuts-Manufacturer-In-China4-1.webp\" alt=\"Farbige Schokolade Bohnen Bulk, Gro\u00dfhandel Schokolade \u00fcberzogene Erdn\u00fcsse-1\" class=\"wp-image-29528\" srcset=\"https:\/\/jxgchocolate.com\/wp-content\/uploads\/2025\/02\/Wholesales-Colored-Chocolate-Covered-Peanuts-Manufacturer-In-China4-1.webp 750w, https:\/\/jxgchocolate.com\/wp-content\/uploads\/2025\/02\/Wholesales-Colored-Chocolate-Covered-Peanuts-Manufacturer-In-China4-1-300x300.webp 300w, https:\/\/jxgchocolate.com\/wp-content\/uploads\/2025\/02\/Wholesales-Colored-Chocolate-Covered-Peanuts-Manufacturer-In-China4-1-150x150.webp 150w, https:\/\/jxgchocolate.com\/wp-content\/uploads\/2025\/02\/Wholesales-Colored-Chocolate-Covered-Peanuts-Manufacturer-In-China4-1-12x12.webp 12w, https:\/\/jxgchocolate.com\/wp-content\/uploads\/2025\/02\/Wholesales-Colored-Chocolate-Covered-Peanuts-Manufacturer-In-China4-1-430x430.webp 430w, https:\/\/jxgchocolate.com\/wp-content\/uploads\/2025\/02\/Wholesales-Colored-Chocolate-Covered-Peanuts-Manufacturer-In-China4-1-700x700.webp 700w\" sizes=\"(max-width: 750px) 100vw, 750px\" \/><\/figure>\n<\/div>\n<\/div>","protected":false},"excerpt":{"rendered":"<p>Willkommen zum Kauf von farbigen Schokolade Bohnen bulk. Unsere Gro\u00dfhandel Schokolade \u00fcberzogen Erdn\u00fcsse kombinieren die Knusprigkeit der Erdn\u00fcsse mit der S\u00fc\u00dfe und Weichheit der Schokolade, w\u00e4hrend das Hinzuf\u00fcgen einer bunten \u00e4u\u00dferen Schicht oder Beschichtung, um es optisch ansprechender zu machen.<\/p>\n<table width=\"423\">\n<tbody>\n<tr>\n<td width=\"166\">Hersteller<\/td>\n<td width=\"257\">Gl\u00fccksfrucht<\/td>\n<\/tr>\n<tr>\n<td>MODELL NR.<\/td>\n<td>JXG54<\/td>\n<\/tr>\n<tr>\n<td>Typ<\/td>\n<td>Erdn\u00fcsse Schokolade<\/td>\n<\/tr>\n<tr>\n<td>Verpackung<\/td>\n<td>Box-Verpackung<\/td>\n<\/tr>\n<tr>\n<td>Spezifikation<\/td>\n<td>16g*30St\u00fcck<\/td>\n<\/tr>\n<tr>\n<td>Gr\u00f6\u00dfe des Kartons<\/td>\n<td>54.5*29.5*31.5<span style=\"font-family: inherit; font-size: inherit;\">cm<\/span><\/td>\n<\/tr>\n<tr>\n<td>N.W \/SET<\/td>\n<td>30Pcs*24Kisten<\/td>\n<\/tr>\n<tr>\n<td>Farbe<\/td>\n<td>Als Bild<\/td>\n<\/tr>\n<tr>\n<td>MOQ<\/td>\n<td>500 Kartons<\/td>\n<\/tr>\n<tr>\n<td>Personalisierung<\/td>\n<td>Verpackung\/LOGO<\/td>\n<\/tr>\n<\/tbody>\n<\/table>","protected":false},"featured_media":29524,"comment_status":"closed","ping_status":"closed","template":"","meta":[],"product_cat":[73],"product_tag":[],"class_list":{"0":"post-29523","1":"product","2":"type-product","3":"status-publish","4":"has-post-thumbnail","6":"product_cat-wholesale-chocolate-covered-peanuts","8":"first","9":"instock","10":"shipping-taxable","11":"product-type-simple"},"_links":{"self":[{"href":"https:\/\/jxgchocolate.com\/de\/wp-json\/wp\/v2\/product\/29523","targetHints":{"allow":["GET"]}}],"collection":[{"href":"https:\/\/jxgchocolate.com\/de\/wp-json\/wp\/v2\/product"}],"about":[{"href":"https:\/\/jxgchocolate.com\/de\/wp-json\/wp\/v2\/types\/product"}],"replies":[{"embeddable":true,"href":"https:\/\/jxgchocolate.com\/de\/wp-json\/wp\/v2\/comments?post=29523"}],"version-history":[{"count":0,"href":"https:\/\/jxgchocolate.com\/de\/wp-json\/wp\/v2\/product\/29523\/revisions"}],"wp:featuredmedia":[{"embeddable":true,"href":"https:\/\/jxgchocolate.com\/de\/wp-json\/wp\/v2\/media\/29524"}],"wp:attachment":[{"href":"https:\/\/jxgchocolate.com\/de\/wp-json\/wp\/v2\/media?parent=29523"}],"wp:term":[{"taxonomy":"product_cat","embeddable":true,"href":"https:\/\/jxgchocolate.com\/de\/wp-json\/wp\/v2\/product_cat?post=29523"},{"taxonomy":"product_tag","embeddable":true,"href":"https:\/\/jxgchocolate.com\/de\/wp-json\/wp\/v2\/product_tag?post=29523"}],"curies":[{"name":"wp","href":"https:\/\/api.w.org\/{rel}","templated":true}]}}