{"id":29553,"date":"2025-03-04T06:49:06","date_gmt":"2025-03-04T06:49:06","guid":{"rendered":"https:\/\/jxgchocolate.com\/?post_type=product&#038;p=29553"},"modified":"2025-03-04T06:50:03","modified_gmt":"2025-03-04T06:50:03","slug":"colored-chocolate-peanuts-bulk","status":"publish","type":"product","link":"https:\/\/jxgchocolate.com\/de\/produkt\/colored-chocolate-peanuts-bulk\/","title":{"rendered":"Farbige Schokoladen-Erdn\u00fcsse als Bulkware mit kundenspezifischer Eigenmarkenverpackung"},"content":{"rendered":"<div class=\"wp-block-columns is-layout-flex wp-container-core-columns-is-layout-9d6595d7 wp-block-columns-is-layout-flex\">\n<div class=\"wp-block-column is-layout-flow wp-block-column-is-layout-flow\">\n<h2 class=\"wp-block-heading\">Farbige Premium-Schokoladen-Erdn\u00fcsse (Bulk) Merkmale:<\/h2>\n\n\n\n<ul class=\"wp-block-list\">\n<li><strong>Reicher Geschmack:<\/strong> Diese farbigen Schoko-Erdn\u00fcsse vereinen den Geschmack von Erdn\u00fcssen und Schokolade. Die Knusprigkeit der Erdnusskerne und die Cremigkeit der Schokolade verschmelzen perfekt und bieten ein unvergleichliches und k\u00f6stliches Erlebnis. Deshalb ist farbige Erdnussschokolade bei Schokoladenliebhabern so beliebt.<\/li>\n\n\n\n<li><strong>Ausgewogene Ern\u00e4hrung:<\/strong> Unsere schokolierten Erdn\u00fcsse im Gro\u00dfhandel sind ein sehr nahrhaftes Lebensmittel, das einen hohen Fett- und Eiwei\u00dfgehalt sowie die gesamte Bandbreite an Vitaminen und Mineralstoffen aufweist. Schokolade enth\u00e4lt Stoffe wie Theobromin und Phenethylamin, die nur eine sehr geringe stimulierende Wirkung auf das Gehirn haben. Die Verwendung von Erdn\u00fcssen in Schokolade verleiht dem Lebensmittel nicht nur eine angenehmere Textur, sondern auch einen ausgewogeneren N\u00e4hrwert f\u00fcr farbige Erdnussschokolade.<\/li>\n\n\n\n<li><strong>Verlockende Farben:<\/strong> Die F\u00fcllfarben dieser bunten Schokoladen-Erdn\u00fcsse in loser Sch\u00fcttung locken die Verbraucher mit ihren lebhaften und leuchtenden Farben. Verschiedene Schokoladenfarben stehen f\u00fcr verschiedene Geschmacksrichtungen und befriedigen das Bed\u00fcrfnis der Verbraucher nach geschmacklicher Abwechslung. Gleichzeitig macht dieser bunte Farbton die farbige Erdnussschokolade auch optisch ansprechender.<\/li>\n\n\n\n<li><strong>Exquisite Verpackung: <\/strong>Unsere schokoladen\u00fcberzogenen Erdn\u00fcsse im Gro\u00dfhandel haben viele farbige Erdnussschokoladen, die in separaten kleinen Verpackungen kommen, die sowohl bequem zu tragen als auch leicht zu teilen sind. Diese exquisite Verpackung hebt die Qualit\u00e4t des Produkts, es ist eine ausgezeichnete Wahl, um an Familie und Freunde oder als kleiner Snack f\u00fcr sich selbst zu geben.<\/li>\n<\/ul>\n<\/div>\n\n\n\n<div class=\"wp-block-column is-layout-flow wp-block-column-is-layout-flow\">\n<figure class=\"wp-block-image size-full\"><img fetchpriority=\"high\" decoding=\"async\" width=\"750\" height=\"750\" src=\"https:\/\/jxgchocolate.com\/wp-content\/uploads\/2025\/02\/photobank-35.webp\" alt=\"Farbige Schokoladen-Erdn\u00fcsse als Bulkware mit kundenspezifischer Private Label-Verpackung-4\" class=\"wp-image-29560\" srcset=\"https:\/\/jxgchocolate.com\/wp-content\/uploads\/2025\/02\/photobank-35.webp 750w, https:\/\/jxgchocolate.com\/wp-content\/uploads\/2025\/02\/photobank-35-300x300.webp 300w, https:\/\/jxgchocolate.com\/wp-content\/uploads\/2025\/02\/photobank-35-150x150.webp 150w, https:\/\/jxgchocolate.com\/wp-content\/uploads\/2025\/02\/photobank-35-12x12.webp 12w, https:\/\/jxgchocolate.com\/wp-content\/uploads\/2025\/02\/photobank-35-430x430.webp 430w, https:\/\/jxgchocolate.com\/wp-content\/uploads\/2025\/02\/photobank-35-700x700.webp 700w\" sizes=\"(max-width: 750px) 100vw, 750px\" \/><\/figure>\n<\/div>\n<\/div>\n\n\n\n<p><\/p>","protected":false},"excerpt":{"rendered":"<p>Willkommen zum Kauf unserer bunten Schokolade Erdn\u00fcsse bulk. Diese farbigen Erdn\u00fcsse mit Schokoladen\u00fcberzug sind aufgrund ihres einzigartigen Geschmacks, ihres hohen N\u00e4hrwerts, ihrer verlockenden Farben, ihrer exquisiten Verpackung und ihrer Qualit\u00e4tssicherung zu einem beliebten Produkt auf dem Markt geworden. Ob als Snack oder ein gro\u00dfes Geschenk, farbige Erdnuss Schokolade kann die Bed\u00fcrfnisse der Verbraucher zu erf\u00fcllen.<\/p>\n<table width=\"423\">\n<tbody>\n<tr>\n<td width=\"166\">Hersteller<\/td>\n<td width=\"257\">Gl\u00fccksfrucht<\/td>\n<\/tr>\n<tr>\n<td>MODELL NR.<\/td>\n<td>JXG55<\/td>\n<\/tr>\n<tr>\n<td>Typ<\/td>\n<td>Erdn\u00fcsse Schokolade<\/td>\n<\/tr>\n<tr>\n<td>Verpackung<\/td>\n<td>Box-Verpackung<\/td>\n<\/tr>\n<tr>\n<td>Spezifikation<\/td>\n<td>16g*30St\u00fcck<\/td>\n<\/tr>\n<tr>\n<td>Gr\u00f6\u00dfe des Kartons<\/td>\n<td>54.5*29.5*31.5<span style=\"font-family: inherit; font-size: inherit;\">cm<\/span><\/td>\n<\/tr>\n<tr>\n<td>N.W \/SET<\/td>\n<td>30Pcs*24Kisten<\/td>\n<\/tr>\n<tr>\n<td>Farbe<\/td>\n<td>Als Bild<\/td>\n<\/tr>\n<tr>\n<td>MOQ<\/td>\n<td>500 Kartons<\/td>\n<\/tr>\n<tr>\n<td>Personalisierung<\/td>\n<td>Verpackung\/LOGO<\/td>\n<\/tr>\n<\/tbody>\n<\/table>","protected":false},"featured_media":29558,"comment_status":"closed","ping_status":"closed","template":"","meta":[],"product_cat":[73],"product_tag":[],"class_list":{"0":"post-29553","1":"product","2":"type-product","3":"status-publish","4":"has-post-thumbnail","6":"product_cat-wholesale-chocolate-covered-peanuts","8":"first","9":"instock","10":"shipping-taxable","11":"product-type-simple"},"_links":{"self":[{"href":"https:\/\/jxgchocolate.com\/de\/wp-json\/wp\/v2\/product\/29553","targetHints":{"allow":["GET"]}}],"collection":[{"href":"https:\/\/jxgchocolate.com\/de\/wp-json\/wp\/v2\/product"}],"about":[{"href":"https:\/\/jxgchocolate.com\/de\/wp-json\/wp\/v2\/types\/product"}],"replies":[{"embeddable":true,"href":"https:\/\/jxgchocolate.com\/de\/wp-json\/wp\/v2\/comments?post=29553"}],"version-history":[{"count":0,"href":"https:\/\/jxgchocolate.com\/de\/wp-json\/wp\/v2\/product\/29553\/revisions"}],"wp:featuredmedia":[{"embeddable":true,"href":"https:\/\/jxgchocolate.com\/de\/wp-json\/wp\/v2\/media\/29558"}],"wp:attachment":[{"href":"https:\/\/jxgchocolate.com\/de\/wp-json\/wp\/v2\/media?parent=29553"}],"wp:term":[{"taxonomy":"product_cat","embeddable":true,"href":"https:\/\/jxgchocolate.com\/de\/wp-json\/wp\/v2\/product_cat?post=29553"},{"taxonomy":"product_tag","embeddable":true,"href":"https:\/\/jxgchocolate.com\/de\/wp-json\/wp\/v2\/product_tag?post=29553"}],"curies":[{"name":"wp","href":"https:\/\/api.w.org\/{rel}","templated":true}]}}