{"id":29564,"date":"2025-03-04T06:50:20","date_gmt":"2025-03-04T06:50:20","guid":{"rendered":"https:\/\/jxgchocolate.com\/?post_type=product&#038;p=29564"},"modified":"2025-03-04T06:50:23","modified_gmt":"2025-03-04T06:50:23","slug":"chocolate-balls-bulk","status":"publish","type":"product","link":"https:\/\/jxgchocolate.com\/de\/produkt\/chocolate-balls-bulk\/","title":{"rendered":"Neue Schokoladenkugeln als Massenware, knusprige Schokoladenkugeln im Gro\u00dfhandel"},"content":{"rendered":"<div class=\"wp-block-columns is-layout-flex wp-container-core-columns-is-layout-9d6595d7 wp-block-columns-is-layout-flex\">\n<div class=\"wp-block-column is-layout-flow wp-block-column-is-layout-flow\">\n<h2 class=\"wp-block-heading\">Premium-Schokoladenkugeln Bulk Eigenschaften:<\/h2>\n\n\n\n<ul class=\"wp-block-list\">\n<li><strong>Einzigartiger Doppelgeschmack:<\/strong> Unsere knusprigen Schokoladenkugeln f\u00fcr den Gro\u00dfhandel bestehen aus zarter \u00e4u\u00dferer Schokolade und knusprigen inneren Keksen, die ein kontrastreiches, aber harmonisches Geschmackserlebnis schaffen. Von der s\u00fc\u00dfen Schokolade bis zu den knusprigen Keksen, es gibt den Verbrauchern ein tiefes Gef\u00fchl von Geschmack.<\/li>\n\n\n\n<li><strong>Klassische Geschmackskombination:<\/strong> Die Schokokugeln in loser Sch\u00fcttung sind die seit vielen Jahren bew\u00e4hrte Kombination aus Keksen und Schokolade, die zu den beliebten Geschmacksklassikern geh\u00f6rt und f\u00fcr Menschen jeder Altersgruppe geeignet ist. Neben den urspr\u00fcnglichen mit Milchschokolade \u00fcberzogenen Keksen gibt es auch verschiedene andere Variationen wie dunkle und wei\u00dfe Schokolade, um den Geschmacksbed\u00fcrfnissen der verschiedenen Verbraucher gerecht zu werden.<\/li>\n\n\n\n<li><strong>N\u00e4hrstoffreich:<\/strong> Unsere knusprigen Schokoladenkugeln im Gro\u00dfhandel sind eine hochwertige Kohlenhydratquelle, die kurzfristig Energie liefert und sich daher f\u00fcr den Verzehr nach dem Training oder f\u00fcr eine schnelle Erholung eignet.<\/li>\n\n\n\n<li><strong>Geeignet f\u00fcr verschiedene Anl\u00e4sse: <\/strong>Die Schokoladenkugeln eignen sich hervorragend als Snack f\u00fcr die Freizeit; sie sind ein warmer Genuss, egal ob in der Arbeitspause oder auf einer Party. Zusammen mit einer hei\u00dfen Tasse Tee oder Kaffee sind sie auch der perfekte Nachmittagstee. Sie k\u00f6nnen auch zur Herstellung kreativerer Desserts verwendet werden, z. B. f\u00fcr Sandwich-Kekse, Kuchenbel\u00e4ge usw., um den Spa\u00df am Backen zu maximieren.<\/li>\n<\/ul>\n<\/div>\n\n\n\n<div class=\"wp-block-column is-layout-flow wp-block-column-is-layout-flow\">\n<figure class=\"wp-block-image size-full\"><img fetchpriority=\"high\" decoding=\"async\" width=\"1500\" height=\"2000\" src=\"https:\/\/jxgchocolate.com\/wp-content\/uploads\/2025\/02\/1.webp\" alt=\"Neueste Produkte Schokoladenkugeln Bulk, knusprige Schokoladenkugeln Gro\u00dfhandel-1\" class=\"wp-image-29555\" srcset=\"https:\/\/jxgchocolate.com\/wp-content\/uploads\/2025\/02\/1.webp 1500w, https:\/\/jxgchocolate.com\/wp-content\/uploads\/2025\/02\/1-225x300.webp 225w, https:\/\/jxgchocolate.com\/wp-content\/uploads\/2025\/02\/1-768x1024.webp 768w, https:\/\/jxgchocolate.com\/wp-content\/uploads\/2025\/02\/1-9x12.webp 9w, https:\/\/jxgchocolate.com\/wp-content\/uploads\/2025\/02\/1-430x573.webp 430w, https:\/\/jxgchocolate.com\/wp-content\/uploads\/2025\/02\/1-700x933.webp 700w, https:\/\/jxgchocolate.com\/wp-content\/uploads\/2025\/02\/1-150x200.webp 150w\" sizes=\"(max-width: 1500px) 100vw, 1500px\" \/><\/figure>\n<\/div>\n<\/div>\n\n\n\n<p><\/p>","protected":false},"excerpt":{"rendered":"<p>Willkommen zum Kauf unserer knusprigen Schokoladenkugeln im Gro\u00dfhandel. Diese Schokoladenkugeln bieten nicht nur ein neues Geschmackserlebnis, sondern vermitteln auch einen gesunden Lebensstil und kulturelle Werte. Sein einzigartiger Geschmack, reiche innere Kern Auswahl und vielf\u00e4ltige Anwendungen machen es eine ideale Wahl f\u00fcr die Verbraucher, die eine Lebensqualit\u00e4t zu verfolgen.<\/p>\n<table width=\"423\">\n<tbody>\n<tr>\n<td width=\"166\">Hersteller<\/td>\n<td width=\"257\">Gl\u00fccksfrucht<\/td>\n<\/tr>\n<tr>\n<td>MODELL NR.<\/td>\n<td>JXG56<\/td>\n<\/tr>\n<tr>\n<td>Typ<\/td>\n<td>Kekse Schokolade<\/td>\n<\/tr>\n<tr>\n<td>Verpackung<\/td>\n<td>Verpackung der Flaschen<\/td>\n<\/tr>\n<tr>\n<td>Spezifikation<\/td>\n<td>23g*20St\u00fcck<\/td>\n<\/tr>\n<tr>\n<td>Gr\u00f6\u00dfe des Kartons<\/td>\n<td>49*37*26.2<span style=\"font-family: inherit; font-size: inherit;\">cm<\/span><\/td>\n<\/tr>\n<tr>\n<td>N.W \/SET<\/td>\n<td>20Pcs*12Flaschen<\/td>\n<\/tr>\n<tr>\n<td>Farbe<\/td>\n<td>Als Bild<\/td>\n<\/tr>\n<tr>\n<td>MOQ<\/td>\n<td>500 Kartons<\/td>\n<\/tr>\n<tr>\n<td>Personalisierung<\/td>\n<td>Verpackung\/LOGO<\/td>\n<\/tr>\n<\/tbody>\n<\/table>","protected":false},"featured_media":29566,"comment_status":"closed","ping_status":"closed","template":"","meta":[],"product_cat":[74],"product_tag":[],"class_list":{"0":"post-29564","1":"product","2":"type-product","3":"status-publish","4":"has-post-thumbnail","6":"product_cat-wholesale-crunchy-chocolate-balls","8":"first","9":"instock","10":"shipping-taxable","11":"product-type-simple"},"_links":{"self":[{"href":"https:\/\/jxgchocolate.com\/de\/wp-json\/wp\/v2\/product\/29564","targetHints":{"allow":["GET"]}}],"collection":[{"href":"https:\/\/jxgchocolate.com\/de\/wp-json\/wp\/v2\/product"}],"about":[{"href":"https:\/\/jxgchocolate.com\/de\/wp-json\/wp\/v2\/types\/product"}],"replies":[{"embeddable":true,"href":"https:\/\/jxgchocolate.com\/de\/wp-json\/wp\/v2\/comments?post=29564"}],"version-history":[{"count":0,"href":"https:\/\/jxgchocolate.com\/de\/wp-json\/wp\/v2\/product\/29564\/revisions"}],"wp:featuredmedia":[{"embeddable":true,"href":"https:\/\/jxgchocolate.com\/de\/wp-json\/wp\/v2\/media\/29566"}],"wp:attachment":[{"href":"https:\/\/jxgchocolate.com\/de\/wp-json\/wp\/v2\/media?parent=29564"}],"wp:term":[{"taxonomy":"product_cat","embeddable":true,"href":"https:\/\/jxgchocolate.com\/de\/wp-json\/wp\/v2\/product_cat?post=29564"},{"taxonomy":"product_tag","embeddable":true,"href":"https:\/\/jxgchocolate.com\/de\/wp-json\/wp\/v2\/product_tag?post=29564"}],"curies":[{"name":"wp","href":"https:\/\/api.w.org\/{rel}","templated":true}]}}