{"id":29645,"date":"2025-03-14T02:03:30","date_gmt":"2025-03-14T02:03:30","guid":{"rendered":"https:\/\/jxgchocolate.com\/?post_type=product&#038;p=29645"},"modified":"2025-03-14T02:03:32","modified_gmt":"2025-03-14T02:03:32","slug":"wholesale-chocolate-covered-peanuts","status":"publish","type":"product","link":"https:\/\/jxgchocolate.com\/de\/produkt\/wholesale-chocolate-covered-peanuts\/","title":{"rendered":"Fabrik Gro\u00dfhandel Schokolade bedeckte Erdn\u00fcsse in Portable Pack"},"content":{"rendered":"<div class=\"wp-block-columns is-layout-flex wp-container-core-columns-is-layout-9d6595d7 wp-block-columns-is-layout-flex\">\n<div class=\"wp-block-column is-layout-flow wp-block-column-is-layout-flow\">\n<h2 class=\"wp-block-heading\">Premium Gro\u00dfhandel Schokolade \u00fcberzogene Erdn\u00fcsse Merkmale:<\/h2>\n\n\n\n<ul class=\"wp-block-list\">\n<li><strong>Doppeltes Geschmackserlebnis:<\/strong> Unsere schokoladen\u00fcberzogenen Erdn\u00fcsse f\u00fcr den Gro\u00dfhandel werden sorgf\u00e4ltig aus hochwertigen Erdn\u00fcssen ausgew\u00e4hlt, sorgf\u00e4ltig ger\u00f6stet, so dass jede von ihnen knusprig und geschmackvoll ist, und dann mit cremiger und d\u00fcnner Schokolade \u00fcberzogen, was einen wunderbaren Geschmack von knuspriger und weicher Kombination liefert.<\/li>\n\n\n\n<li><strong>Tragbare Verpackung:<\/strong> Es gibt kleine tragbare Verpackungen f\u00fcr diese Schokoladen-Erdn\u00fcsse, die bequem zu transportieren sind. Sie eignen sich perfekt zum Teilen in den Arbeitspausen, auf Reisen, nach dem Sport oder auf Partys. So k\u00f6nnen die Verbraucher jederzeit und \u00fcberall ein tolles Essen genie\u00dfen, was die Attraktivit\u00e4t des Marktes erh\u00f6ht.<\/li>\n\n\n\n<li><strong>Hohe Kostenleistung: <\/strong>Unser Gro\u00dfhandel mit schokoladen\u00fcberzogenen Erdn\u00fcssen gew\u00e4hrleistet die Produktqualit\u00e4t und bietet den Verbrauchern hochwertige Schokoladen-Erdn\u00fcsse zu einem sehr g\u00fcnstigen Preis, der sich perfekt f\u00fcr Gro\u00dfeink\u00e4ufe eignet.<\/li>\n\n\n\n<li><strong>Geeignet f\u00fcr Einzelhandel, Superm\u00e4rkte und Markenanpassung: <\/strong>Diese tragbaren Verpackungen f\u00fcr Schokoladen-Erdn\u00fcsse in gro\u00dfen Mengen sind f\u00fcr den Supermarkt-Einzelhandel geeignet, f\u00fcr den Verkauf in Convenience Stores, als Geschenkverpackung und f\u00fcr andere Marktanforderungen. OEM\/ODM-Anpassung kann gemacht werden, um kundenspezifische Verpackung Bed\u00fcrfnisse der verschiedenen Marken gerecht zu werden und bieten einen gr\u00f6\u00dferen Markt f\u00fcr die Verbraucher.<\/li>\n<\/ul>\n<\/div>\n\n\n\n<div class=\"wp-block-column is-layout-flow wp-block-column-is-layout-flow\">\n<figure class=\"wp-block-image size-full\"><img fetchpriority=\"high\" decoding=\"async\" width=\"800\" height=\"800\" src=\"https:\/\/jxgchocolate.com\/wp-content\/uploads\/2025\/03\/Wholesales-In-Bulk-Colorful-Peanut-Chocolate-Beans-With-Custom-Packaging5.webp\" alt=\"Fabrik Gro\u00dfhandel Schokolade \u00fcberdachte Erdn\u00fcsse in Portable Pack-5\" class=\"wp-image-29651\" srcset=\"https:\/\/jxgchocolate.com\/wp-content\/uploads\/2025\/03\/Wholesales-In-Bulk-Colorful-Peanut-Chocolate-Beans-With-Custom-Packaging5.webp 800w, https:\/\/jxgchocolate.com\/wp-content\/uploads\/2025\/03\/Wholesales-In-Bulk-Colorful-Peanut-Chocolate-Beans-With-Custom-Packaging5-300x300.webp 300w, https:\/\/jxgchocolate.com\/wp-content\/uploads\/2025\/03\/Wholesales-In-Bulk-Colorful-Peanut-Chocolate-Beans-With-Custom-Packaging5-150x150.webp 150w, https:\/\/jxgchocolate.com\/wp-content\/uploads\/2025\/03\/Wholesales-In-Bulk-Colorful-Peanut-Chocolate-Beans-With-Custom-Packaging5-768x768.webp 768w, https:\/\/jxgchocolate.com\/wp-content\/uploads\/2025\/03\/Wholesales-In-Bulk-Colorful-Peanut-Chocolate-Beans-With-Custom-Packaging5-12x12.webp 12w, https:\/\/jxgchocolate.com\/wp-content\/uploads\/2025\/03\/Wholesales-In-Bulk-Colorful-Peanut-Chocolate-Beans-With-Custom-Packaging5-430x430.webp 430w, https:\/\/jxgchocolate.com\/wp-content\/uploads\/2025\/03\/Wholesales-In-Bulk-Colorful-Peanut-Chocolate-Beans-With-Custom-Packaging5-700x700.webp 700w\" sizes=\"(max-width: 800px) 100vw, 800px\" \/><\/figure>\n<\/div>\n<\/div>","protected":false},"excerpt":{"rendered":"<p>Willkommen im Gro\u00dfhandel mit Schokolade \u00fcberzogene Erdn\u00fcsse zu kaufen. Unsere Fabrik direkte Versorgung Bulk Schokolade Erdn\u00fcsse haben einen reichen Geschmack und sind s\u00fc\u00df, aber nicht fettig. Sie sind in tragbaren Verpackungen verpackt und kann leicht jederzeit und \u00fcberall genossen werden, geeignet f\u00fcr den Einzelhandel, Superm\u00e4rkte, B\u00fcro-Snacks und Snack-M\u00e4rkte. Direkte Lieferung durch die Fabrik, Vorzugspreise im Gro\u00dfhandel.<\/p>\n<table width=\"423\">\n<tbody>\n<tr>\n<td width=\"166\">Hersteller<\/td>\n<td width=\"257\">Gl\u00fccksfrucht<\/td>\n<\/tr>\n<tr>\n<td>MODELL NR.<\/td>\n<td>JXG57<\/td>\n<\/tr>\n<tr>\n<td>Typ<\/td>\n<td>Erdn\u00fcsse Schokolade<\/td>\n<\/tr>\n<tr>\n<td>Verpackung<\/td>\n<td>Box-Verpackung<\/td>\n<\/tr>\n<tr>\n<td>Spezifikation<\/td>\n<td>16g*20St\u00fcck<\/td>\n<\/tr>\n<tr>\n<td>Gr\u00f6\u00dfe des Kartons<\/td>\n<td>50*29*25.5<span style=\"font-family: inherit; font-size: inherit;\">cm<\/span><\/td>\n<\/tr>\n<tr>\n<td>N.W \/SET<\/td>\n<td>20Pcs*24Kisten<\/td>\n<\/tr>\n<tr>\n<td>Farbe<\/td>\n<td>Als Bild<\/td>\n<\/tr>\n<tr>\n<td>MOQ<\/td>\n<td>500 Kartons<\/td>\n<\/tr>\n<tr>\n<td>Personalisierung<\/td>\n<td>Verpackung\/LOGO<\/td>\n<\/tr>\n<\/tbody>\n<\/table>","protected":false},"featured_media":29647,"comment_status":"closed","ping_status":"closed","template":"","meta":[],"product_cat":[73],"product_tag":[],"class_list":{"0":"post-29645","1":"product","2":"type-product","3":"status-publish","4":"has-post-thumbnail","6":"product_cat-wholesale-chocolate-covered-peanuts","8":"first","9":"instock","10":"shipping-taxable","11":"product-type-simple"},"_links":{"self":[{"href":"https:\/\/jxgchocolate.com\/de\/wp-json\/wp\/v2\/product\/29645","targetHints":{"allow":["GET"]}}],"collection":[{"href":"https:\/\/jxgchocolate.com\/de\/wp-json\/wp\/v2\/product"}],"about":[{"href":"https:\/\/jxgchocolate.com\/de\/wp-json\/wp\/v2\/types\/product"}],"replies":[{"embeddable":true,"href":"https:\/\/jxgchocolate.com\/de\/wp-json\/wp\/v2\/comments?post=29645"}],"version-history":[{"count":0,"href":"https:\/\/jxgchocolate.com\/de\/wp-json\/wp\/v2\/product\/29645\/revisions"}],"wp:featuredmedia":[{"embeddable":true,"href":"https:\/\/jxgchocolate.com\/de\/wp-json\/wp\/v2\/media\/29647"}],"wp:attachment":[{"href":"https:\/\/jxgchocolate.com\/de\/wp-json\/wp\/v2\/media?parent=29645"}],"wp:term":[{"taxonomy":"product_cat","embeddable":true,"href":"https:\/\/jxgchocolate.com\/de\/wp-json\/wp\/v2\/product_cat?post=29645"},{"taxonomy":"product_tag","embeddable":true,"href":"https:\/\/jxgchocolate.com\/de\/wp-json\/wp\/v2\/product_tag?post=29645"}],"curies":[{"name":"wp","href":"https:\/\/api.w.org\/{rel}","templated":true}]}}