{"id":29654,"date":"2025-03-14T01:41:25","date_gmt":"2025-03-14T01:41:25","guid":{"rendered":"https:\/\/jxgchocolate.com\/?post_type=product&#038;p=29654"},"modified":"2025-03-14T01:42:17","modified_gmt":"2025-03-14T01:42:17","slug":"bulk-peanuts-covered-with-chocolate","status":"publish","type":"product","link":"https:\/\/jxgchocolate.com\/de\/produkt\/bulk-peanuts-covered-with-chocolate\/","title":{"rendered":"Lose Erdn\u00fcsse mit Schokoladen\u00fcberzug, Fabrikdirektpreis"},"content":{"rendered":"<div class=\"wp-block-columns is-layout-flex wp-container-core-columns-is-layout-9d6595d7 wp-block-columns-is-layout-flex\">\n<div class=\"wp-block-column is-layout-flow wp-block-column-is-layout-flow\">\n<h2 class=\"wp-block-heading\">Premium-Erdn\u00fcsse mit Schokoladen\u00fcberzug Merkmale:<\/h2>\n\n\n\n<ul class=\"wp-block-list\">\n<li><strong>Ausgew\u00e4hlte hochwertige Erdn\u00fcsse: <\/strong>Unsere losen Erdn\u00fcsse mit Schokoladen\u00fcberzug bestehen aus speziell gepfl\u00fcckten Erdn\u00fcssen mit Vollkornanteil, knackigem Geschmack, viel Eiwei\u00df, Ballaststoffen und gesundem Fett und bieten einen doppelten Genuss an Geschmack und N\u00e4hrstoffen.<\/li>\n\n\n\n<li><strong>Seidige Schokoladenumh\u00fcllung:<\/strong> Unsere mit Schokolade \u00fcberzogenen Erdn\u00fcsse f\u00fcr den Gro\u00dfhandel verwenden hochwertige Schokolade, um jede Erdnuss perfekt zu umh\u00fcllen und ein aromatisches und sanftes Geschmackserlebnis zu bieten. Die S\u00fc\u00dfe der Schokolade und das Knacken der Erdn\u00fcsse sind perfekt kombiniert, um die Geschmacksnerven aller Verbraucher zu treffen.<\/li>\n\n\n\n<li><strong>Direkte Lieferung ab Werk: <\/strong>Diese mit Schokolade \u00fcberzogenen Erdn\u00fcsse in loser Sch\u00fcttung werden direkt von der Jixiangguo Food Factory hergestellt und geliefert. Sie sind von garantiert hoher Qualit\u00e4t und sehr wettbewerbsf\u00e4higen Gro\u00dfhandelspreisen, die sich perfekt f\u00fcr Lebensmittelmarken und Einzelh\u00e4ndler f\u00fcr den Gro\u00dfhandel in loser Sch\u00fcttung eignen.<\/li>\n\n\n\n<li><strong>Vielseitig einsetzbare Snacks:<\/strong> Unsere schokoladen\u00fcberzogenen Erdn\u00fcsse f\u00fcr den Gro\u00dfhandel sind perfekte Snacks, die in Superm\u00e4rkten, Snackmarken, Geschenkboxen f\u00fcr Lebensmittel usw. verwendet werden k\u00f6nnen. Sie erfreuen sich einer breiten Marktnachfrage und k\u00f6nnen Ihr Unternehmen bei der Expansion unterst\u00fctzen.<\/li>\n<\/ul>\n<\/div>\n\n\n\n<div class=\"wp-block-column is-layout-flow wp-block-column-is-layout-flow\">\n<figure class=\"wp-block-image size-full\"><img fetchpriority=\"high\" decoding=\"async\" width=\"750\" height=\"750\" src=\"https:\/\/jxgchocolate.com\/wp-content\/uploads\/2025\/03\/Bulk-Peanut-Chocolate-Candy-With-Colored-Coating-Can-Be-Customized2.webp\" alt=\"Lose Erdn\u00fcsse mit Schokoladen\u00fcberzug, Fabrikdirektpreis-1\" class=\"wp-image-29656\" srcset=\"https:\/\/jxgchocolate.com\/wp-content\/uploads\/2025\/03\/Bulk-Peanut-Chocolate-Candy-With-Colored-Coating-Can-Be-Customized2.webp 750w, https:\/\/jxgchocolate.com\/wp-content\/uploads\/2025\/03\/Bulk-Peanut-Chocolate-Candy-With-Colored-Coating-Can-Be-Customized2-300x300.webp 300w, https:\/\/jxgchocolate.com\/wp-content\/uploads\/2025\/03\/Bulk-Peanut-Chocolate-Candy-With-Colored-Coating-Can-Be-Customized2-150x150.webp 150w, https:\/\/jxgchocolate.com\/wp-content\/uploads\/2025\/03\/Bulk-Peanut-Chocolate-Candy-With-Colored-Coating-Can-Be-Customized2-12x12.webp 12w, https:\/\/jxgchocolate.com\/wp-content\/uploads\/2025\/03\/Bulk-Peanut-Chocolate-Candy-With-Colored-Coating-Can-Be-Customized2-430x430.webp 430w, https:\/\/jxgchocolate.com\/wp-content\/uploads\/2025\/03\/Bulk-Peanut-Chocolate-Candy-With-Colored-Coating-Can-Be-Customized2-700x700.webp 700w\" sizes=\"(max-width: 750px) 100vw, 750px\" \/><\/figure>\n<\/div>\n<\/div>","protected":false},"excerpt":{"rendered":"<p>Willkommen im Gro\u00dfhandel f\u00fcr Erdn\u00fcsse mit Schokoladen\u00fcberzug. Unsere Erdn\u00fcsse mit Schokoladen\u00fcberzug bestehen aus ausgew\u00e4hlten hochwertigen Erdn\u00fcssen, die mit reichhaltiger und glatter Schokolade \u00fcberzogen sind, und jeder Bissen bietet eine ideale Mischung aus Knusprigkeit und Sanftheit. Fabrik direkt liefern, g\u00fcnstigen Preis, und bieten Gro\u00dfauftrag und OEM-Anpassung Dienstleistungen.<\/p>\n<table width=\"423\">\n<tbody>\n<tr>\n<td width=\"166\">Hersteller<\/td>\n<td width=\"257\">Gl\u00fccksfrucht<\/td>\n<\/tr>\n<tr>\n<td>MODELL NR.<\/td>\n<td>JXG58<\/td>\n<\/tr>\n<tr>\n<td>Typ<\/td>\n<td>Erdn\u00fcsse Schokolade<\/td>\n<\/tr>\n<tr>\n<td>Verpackung<\/td>\n<td>Box-Verpackung<\/td>\n<\/tr>\n<tr>\n<td>Spezifikation<\/td>\n<td>16g*30St\u00fcck<\/td>\n<\/tr>\n<tr>\n<td>Gr\u00f6\u00dfe des Kartons<\/td>\n<td>54.5*29.5*31.5<span style=\"font-family: inherit; font-size: inherit;\">cm<\/span><\/td>\n<\/tr>\n<tr>\n<td>N.W \/SET<\/td>\n<td>30Pcs*24Kisten<\/td>\n<\/tr>\n<tr>\n<td>Farbe<\/td>\n<td>Als Bild<\/td>\n<\/tr>\n<tr>\n<td>MOQ<\/td>\n<td>500 Kartons<\/td>\n<\/tr>\n<tr>\n<td>Personalisierung<\/td>\n<td>Verpackung\/LOGO<\/td>\n<\/tr>\n<\/tbody>\n<\/table>","protected":false},"featured_media":29659,"comment_status":"closed","ping_status":"closed","template":"","meta":[],"product_cat":[73],"product_tag":[],"class_list":{"0":"post-29654","1":"product","2":"type-product","3":"status-publish","4":"has-post-thumbnail","6":"product_cat-wholesale-chocolate-covered-peanuts","8":"first","9":"instock","10":"shipping-taxable","11":"product-type-simple"},"_links":{"self":[{"href":"https:\/\/jxgchocolate.com\/de\/wp-json\/wp\/v2\/product\/29654","targetHints":{"allow":["GET"]}}],"collection":[{"href":"https:\/\/jxgchocolate.com\/de\/wp-json\/wp\/v2\/product"}],"about":[{"href":"https:\/\/jxgchocolate.com\/de\/wp-json\/wp\/v2\/types\/product"}],"replies":[{"embeddable":true,"href":"https:\/\/jxgchocolate.com\/de\/wp-json\/wp\/v2\/comments?post=29654"}],"version-history":[{"count":6,"href":"https:\/\/jxgchocolate.com\/de\/wp-json\/wp\/v2\/product\/29654\/revisions"}],"predecessor-version":[{"id":29667,"href":"https:\/\/jxgchocolate.com\/de\/wp-json\/wp\/v2\/product\/29654\/revisions\/29667"}],"wp:featuredmedia":[{"embeddable":true,"href":"https:\/\/jxgchocolate.com\/de\/wp-json\/wp\/v2\/media\/29659"}],"wp:attachment":[{"href":"https:\/\/jxgchocolate.com\/de\/wp-json\/wp\/v2\/media?parent=29654"}],"wp:term":[{"taxonomy":"product_cat","embeddable":true,"href":"https:\/\/jxgchocolate.com\/de\/wp-json\/wp\/v2\/product_cat?post=29654"},{"taxonomy":"product_tag","embeddable":true,"href":"https:\/\/jxgchocolate.com\/de\/wp-json\/wp\/v2\/product_tag?post=29654"}],"curies":[{"name":"wp","href":"https:\/\/api.w.org\/{rel}","templated":true}]}}