{"id":29683,"date":"2025-03-22T07:58:40","date_gmt":"2025-03-22T07:58:40","guid":{"rendered":"https:\/\/jxgchocolate.com\/?post_type=product&#038;p=29683"},"modified":"2025-03-22T09:00:06","modified_gmt":"2025-03-22T09:00:06","slug":"wholesale-milk-chocolate-candy","status":"publish","type":"product","link":"https:\/\/jxgchocolate.com\/de\/produkt\/wholesale-milk-chocolate-candy\/","title":{"rendered":"Gro\u00dfhandel Milchschokolade S\u00fc\u00dfigkeiten, die meisten sauren Geschmack Schokolade Sonnenblumenkerne Bulk"},"content":{"rendered":"<div class=\"wp-block-columns is-layout-flex wp-container-core-columns-is-layout-9d6595d7 wp-block-columns-is-layout-flex\">\n<div class=\"wp-block-column is-layout-flow wp-block-column-is-layout-flow\">\n<h2 class=\"wp-block-heading\">Premium Sonnenblumenkerne Milchschokolade Bohnen Eigenschaften:<\/h2>\n\n\n\n<p><strong>Einzigartige Geschmackskombination:<\/strong> Die saure Sonnenblumenkernschokolade kombiniert s\u00fc\u00dfe und saure Fruchtaromen mit reichhaltigem Schokoladenaroma und bietet den Verbrauchern ein v\u00f6llig neues Geschmackserlebnis. Diese einzigartige Geschmackskombination kann die Neugier und den Kaufwunsch der Verbraucher anregen und ihr Streben nach neuen Geschmacksrichtungen befriedigen.<\/p>\n\n\n\n<p><strong>Reichhaltiger Geschmack:<\/strong> Die Kombination aus der Knusprigkeit der Sonnenblumenkerne und der Sanftheit der Schokolade schafft einen deutlichen Geschmackskontrast, der jeden Bissen zu einem vielschichtigen Erlebnis macht. Dieser reichhaltige Geschmack kann das Esserlebnis der Verbraucher verbessern und die Attraktivit\u00e4t des Produkts steigern.<\/p>\n\n\n\n<p><strong>Praktische Verpackung: <\/strong>Unabh\u00e4ngige kleine T\u00fcten: Die sauren Sonnenblumenkern-Schokoladenprodukte sind in unabh\u00e4ngigen kleinen Beuteln verpackt, die leicht zu tragen und zu teilen sind, wodurch sie sich sehr gut f\u00fcr Outdoor-Aktivit\u00e4ten und Reisen eignen, um sie jederzeit zu genie\u00dfen. F\u00fcr den Heimgebrauch gibt es auch Verpackungen mit gro\u00dfem Fassungsverm\u00f6gen, die sowohl kosteng\u00fcnstig sind als auch den Kauf mehrerer Geschmacksrichtungen auf einmal erm\u00f6glichen, damit die ganze Familie sie gemeinsam genie\u00dfen kann.<\/p>\n\n\n\n<ol class=\"wp-block-list\">\n<li><\/li>\n<\/ol>\n<\/div>\n\n\n\n<div class=\"wp-block-column is-layout-flow wp-block-column-is-layout-flow\">\n<figure class=\"wp-block-image size-full\"><img fetchpriority=\"high\" decoding=\"async\" width=\"2000\" height=\"2000\" src=\"https:\/\/jxgchocolate.com\/wp-content\/uploads\/2025\/01\/Super-Sour-Chocolate-Cover-Sunflower-Seeds-Wholesales-In-Bulk2.webp\" alt=\"Super Sourk Bulk Chocolate Coated Sonnenblumenkerne mit Tasche Pack-2\" class=\"wp-image-29425\" srcset=\"https:\/\/jxgchocolate.com\/wp-content\/uploads\/2025\/01\/Super-Sour-Chocolate-Cover-Sunflower-Seeds-Wholesales-In-Bulk2.webp 2000w, https:\/\/jxgchocolate.com\/wp-content\/uploads\/2025\/01\/Super-Sour-Chocolate-Cover-Sunflower-Seeds-Wholesales-In-Bulk2-300x300.webp 300w, https:\/\/jxgchocolate.com\/wp-content\/uploads\/2025\/01\/Super-Sour-Chocolate-Cover-Sunflower-Seeds-Wholesales-In-Bulk2-150x150.webp 150w, https:\/\/jxgchocolate.com\/wp-content\/uploads\/2025\/01\/Super-Sour-Chocolate-Cover-Sunflower-Seeds-Wholesales-In-Bulk2-768x768.webp 768w, https:\/\/jxgchocolate.com\/wp-content\/uploads\/2025\/01\/Super-Sour-Chocolate-Cover-Sunflower-Seeds-Wholesales-In-Bulk2-12x12.webp 12w, https:\/\/jxgchocolate.com\/wp-content\/uploads\/2025\/01\/Super-Sour-Chocolate-Cover-Sunflower-Seeds-Wholesales-In-Bulk2-430x430.webp 430w, https:\/\/jxgchocolate.com\/wp-content\/uploads\/2025\/01\/Super-Sour-Chocolate-Cover-Sunflower-Seeds-Wholesales-In-Bulk2-700x700.webp 700w\" sizes=\"(max-width: 2000px) 100vw, 2000px\" \/><\/figure>\n<\/div>\n<\/div>","protected":false},"excerpt":{"rendered":"<p>Willkommen zum Kauf von Sonnenblumenkernen Milchschokolade Bohnen. Saure Sonnenblumenkerne Schokolade ist ein einzigartiges S\u00fc\u00dfwarenprodukt, das die Knusprigkeit von Sonnenblumenkernen mit der S\u00fc\u00dfe und Geschmeidigkeit von Schokolade kombiniert und gleichzeitig durch die Zugabe von sauren Elementen ein einzigartiges Geschmackserlebnis bietet.<\/p>\n<table width=\"423\">\n<tbody>\n<tr>\n<td width=\"166\">Hersteller<\/td>\n<td width=\"257\">Gl\u00fccksfrucht<\/td>\n<\/tr>\n<tr>\n<td>MODELL NR.<\/td>\n<td>JXG52<\/td>\n<\/tr>\n<tr>\n<td>Typ<\/td>\n<td>Sonnenblumenkerne Schokolade<\/td>\n<\/tr>\n<tr>\n<td>Verpackung<\/td>\n<td>Box-Verpackung<\/td>\n<\/tr>\n<tr>\n<td>Spezifikation<\/td>\n<td>238g<\/td>\n<\/tr>\n<tr>\n<td>Gr\u00f6\u00dfe des Kartons<\/td>\n<td>49,5*29*32,5cm<\/td>\n<\/tr>\n<tr>\n<td>N.W \/SET<\/td>\n<td>238g*20Beutel<\/td>\n<\/tr>\n<tr>\n<td>Farbe<\/td>\n<td>Als Bild<\/td>\n<\/tr>\n<tr>\n<td>MOQ<\/td>\n<td>500 Kartons<\/td>\n<\/tr>\n<tr>\n<td>Personalisierung<\/td>\n<td>Verpackung\/LOGO<\/td>\n<\/tr>\n<\/tbody>\n<\/table>\n<p>&nbsp;<\/p>","protected":false},"featured_media":29426,"comment_status":"closed","ping_status":"closed","template":"","meta":[],"product_cat":[72],"product_tag":[],"class_list":{"0":"post-29683","1":"product","2":"type-product","3":"status-publish","4":"has-post-thumbnail","6":"product_cat-wholesale-chocolate-covered-sunflower-seeds","8":"first","9":"instock","10":"shipping-taxable","11":"product-type-simple"},"_links":{"self":[{"href":"https:\/\/jxgchocolate.com\/de\/wp-json\/wp\/v2\/product\/29683","targetHints":{"allow":["GET"]}}],"collection":[{"href":"https:\/\/jxgchocolate.com\/de\/wp-json\/wp\/v2\/product"}],"about":[{"href":"https:\/\/jxgchocolate.com\/de\/wp-json\/wp\/v2\/types\/product"}],"replies":[{"embeddable":true,"href":"https:\/\/jxgchocolate.com\/de\/wp-json\/wp\/v2\/comments?post=29683"}],"version-history":[{"count":0,"href":"https:\/\/jxgchocolate.com\/de\/wp-json\/wp\/v2\/product\/29683\/revisions"}],"wp:featuredmedia":[{"embeddable":true,"href":"https:\/\/jxgchocolate.com\/de\/wp-json\/wp\/v2\/media\/29426"}],"wp:attachment":[{"href":"https:\/\/jxgchocolate.com\/de\/wp-json\/wp\/v2\/media?parent=29683"}],"wp:term":[{"taxonomy":"product_cat","embeddable":true,"href":"https:\/\/jxgchocolate.com\/de\/wp-json\/wp\/v2\/product_cat?post=29683"},{"taxonomy":"product_tag","embeddable":true,"href":"https:\/\/jxgchocolate.com\/de\/wp-json\/wp\/v2\/product_tag?post=29683"}],"curies":[{"name":"wp","href":"https:\/\/api.w.org\/{rel}","templated":true}]}}