{"id":29688,"date":"2025-03-22T08:35:20","date_gmt":"2025-03-22T08:35:20","guid":{"rendered":"https:\/\/jxgchocolate.com\/?post_type=product&#038;p=29688"},"modified":"2025-03-22T08:35:22","modified_gmt":"2025-03-22T08:35:22","slug":"sunflower-seed-chocolate-wholesale","status":"publish","type":"product","link":"https:\/\/jxgchocolate.com\/de\/produkt\/sunflower-seed-chocolate-wholesale\/","title":{"rendered":"Sour Flavor Sunflower Seed Chocolate Gro\u00dfhandel, kaufen Bulk Chocolate Candy"},"content":{"rendered":"<div class=\"wp-block-columns is-layout-flex wp-container-core-columns-is-layout-9d6595d7 wp-block-columns-is-layout-flex\">\n<div class=\"wp-block-column is-layout-flow wp-block-column-is-layout-flow\">\n<h2 class=\"wp-block-heading\">Premium-Sonnenblumenkern-Schokolade Gro\u00dfhandel Merkmale:<\/h2>\n\n\n\n<p><strong>Gesundheitskonzept:<\/strong> Die in den Sonnenblumenkernen enthaltenen unges\u00e4ttigten Fetts\u00e4uren, Proteine und andere Mineralien und Vitamine sind gesund f\u00fcr den menschlichen K\u00f6rper. Der ma\u00dfvolle Verzehr von Schokolade hat auch die Aufgabe, Emotionen auszugleichen und Stress zu lindern. Mit beidem schmeckt die saure Sonnenblumenkernschokolade nicht nur gut, sondern auch die Idee, sich gesund zu ern\u00e4hren.<\/p>\n\n\n\n<p><strong>Innovatives Design: <\/strong>Die saure Sonnenblumenkernschokolade im Gro\u00dfhandel hat ein einzigartiges Erscheinungsbild und verwendet in der Regel kleine und d\u00fcnne Verpackungen, die leicht mitgenommen und verteilt werden k\u00f6nnen. Die Verpackung des Produkts kann auch modische Elemente und kreative Muster enthalten, um die Aufmerksamkeit der j\u00fcngeren Verbraucher zu erregen.<\/p>\n\n\n\n<p><strong>Emotionale Resonanz: <\/strong>Als traditioneller Snack ist die Sonnenblumenkern-Schokolade im Gro\u00dfhandel f\u00fcr viele Menschen mit Kindheitserinnerungen und emotionaler Unterst\u00fctzung verbunden. Die Mischung von Sonnenblumenkernen mit Schokolade befriedigt nicht nur die Geschmacksnerven, sondern erzeugt auch eine emotionale Resonanz bei den Verbrauchern, was den Mehrwert des Produkts weiter erh\u00f6ht.<\/p>\n\n\n\n<p><strong>Breites Spektrum an Anwendungsszenarien:<\/strong> Kaufen Sie lose Schokoladenbonbons,<strong> <\/strong>Die saure Sonnenblumenkernschokolade kann in verschiedenen Szenarien verwendet werden, z. B. als Freizeit-Snack, f\u00fcr Theaterpartner oder als festliches Geschenk. Ihr einzigartiger Geschmack und ihre exquisite Verpackung machen sie zu einem beliebten sozialen Medium, das die Menschen einander n\u00e4her bringt.<\/p>\n<\/div>\n\n\n\n<div class=\"wp-block-column is-layout-flow wp-block-column-is-layout-flow\">\n<figure class=\"wp-block-image size-full\"><img fetchpriority=\"high\" decoding=\"async\" width=\"2000\" height=\"2000\" src=\"https:\/\/jxgchocolate.com\/wp-content\/uploads\/2025\/01\/Wholesales-New-Taste-Extreme-Sour-Sunflower-Seeds-Milk-Chocolate-Beans-In-Bulk1.webp\" alt=\"Sauer-Geschmack-Sonnenblumenkern-Schokolade-Gro\u00dfhandel-Gro\u00dfpackung-Schokolade-Bonbons-1\" class=\"wp-image-29406\" srcset=\"https:\/\/jxgchocolate.com\/wp-content\/uploads\/2025\/01\/Wholesales-New-Taste-Extreme-Sour-Sunflower-Seeds-Milk-Chocolate-Beans-In-Bulk1.webp 2000w, https:\/\/jxgchocolate.com\/wp-content\/uploads\/2025\/01\/Wholesales-New-Taste-Extreme-Sour-Sunflower-Seeds-Milk-Chocolate-Beans-In-Bulk1-300x300.webp 300w, https:\/\/jxgchocolate.com\/wp-content\/uploads\/2025\/01\/Wholesales-New-Taste-Extreme-Sour-Sunflower-Seeds-Milk-Chocolate-Beans-In-Bulk1-150x150.webp 150w, https:\/\/jxgchocolate.com\/wp-content\/uploads\/2025\/01\/Wholesales-New-Taste-Extreme-Sour-Sunflower-Seeds-Milk-Chocolate-Beans-In-Bulk1-768x768.webp 768w, https:\/\/jxgchocolate.com\/wp-content\/uploads\/2025\/01\/Wholesales-New-Taste-Extreme-Sour-Sunflower-Seeds-Milk-Chocolate-Beans-In-Bulk1-12x12.webp 12w, https:\/\/jxgchocolate.com\/wp-content\/uploads\/2025\/01\/Wholesales-New-Taste-Extreme-Sour-Sunflower-Seeds-Milk-Chocolate-Beans-In-Bulk1-430x430.webp 430w, https:\/\/jxgchocolate.com\/wp-content\/uploads\/2025\/01\/Wholesales-New-Taste-Extreme-Sour-Sunflower-Seeds-Milk-Chocolate-Beans-In-Bulk1-700x700.webp 700w\" sizes=\"(max-width: 2000px) 100vw, 2000px\" \/><\/figure>\n<\/div>\n<\/div>\n\n\n\n<p><\/p>","protected":false},"excerpt":{"rendered":"<p>Willkommen zu kaufen bulk Schokolade S\u00fc\u00dfigkeiten. Unsere saure Sonnenblumenkern-Schokolade im Gro\u00dfhandel bietet nicht nur ein neues Geschmackserlebnis, sondern repr\u00e4sentiert auch die Philosophie eines gesunden Lebens und eine kulturelle Konnotation. Mit seiner einzigartigen Mischung von Aromen, robusten Geschmack, und breite Verwendung, es ist eine gute Wahl f\u00fcr die Verbraucher, ein besseres Leben zu suchen.<\/p>\n<table width=\"423\">\n<tbody>\n<tr>\n<td width=\"166\">Hersteller<\/td>\n<td width=\"257\">Gl\u00fccksfrucht<\/td>\n<\/tr>\n<tr>\n<td>MODELL NR.<\/td>\n<td>JXG51<\/td>\n<\/tr>\n<tr>\n<td>Typ<\/td>\n<td>Sonnenblumenkerne Schokolade<\/td>\n<\/tr>\n<tr>\n<td>Verpackung<\/td>\n<td>Box-Verpackung<\/td>\n<\/tr>\n<tr>\n<td>Spezifikation<\/td>\n<td>20S\u00e4cke*12Kartons<\/td>\n<\/tr>\n<tr>\n<td>Gr\u00f6\u00dfe des Kartons<\/td>\n<td>55*23*36cm<\/td>\n<\/tr>\n<tr>\n<td>N.W \/SET<\/td>\n<td>23g*20Beutel<\/td>\n<\/tr>\n<tr>\n<td>Farbe<\/td>\n<td>Als Bild<\/td>\n<\/tr>\n<tr>\n<td>MOQ<\/td>\n<td>500 Kartons<\/td>\n<\/tr>\n<tr>\n<td>Personalisierung<\/td>\n<td>Verpackung\/LOGO<\/td>\n<\/tr>\n<\/tbody>\n<\/table>","protected":false},"featured_media":29406,"comment_status":"closed","ping_status":"closed","template":"","meta":[],"product_cat":[72],"product_tag":[],"class_list":{"0":"post-29688","1":"product","2":"type-product","3":"status-publish","4":"has-post-thumbnail","6":"product_cat-wholesale-chocolate-covered-sunflower-seeds","8":"first","9":"instock","10":"shipping-taxable","11":"product-type-simple"},"_links":{"self":[{"href":"https:\/\/jxgchocolate.com\/de\/wp-json\/wp\/v2\/product\/29688","targetHints":{"allow":["GET"]}}],"collection":[{"href":"https:\/\/jxgchocolate.com\/de\/wp-json\/wp\/v2\/product"}],"about":[{"href":"https:\/\/jxgchocolate.com\/de\/wp-json\/wp\/v2\/types\/product"}],"replies":[{"embeddable":true,"href":"https:\/\/jxgchocolate.com\/de\/wp-json\/wp\/v2\/comments?post=29688"}],"version-history":[{"count":0,"href":"https:\/\/jxgchocolate.com\/de\/wp-json\/wp\/v2\/product\/29688\/revisions"}],"wp:featuredmedia":[{"embeddable":true,"href":"https:\/\/jxgchocolate.com\/de\/wp-json\/wp\/v2\/media\/29406"}],"wp:attachment":[{"href":"https:\/\/jxgchocolate.com\/de\/wp-json\/wp\/v2\/media?parent=29688"}],"wp:term":[{"taxonomy":"product_cat","embeddable":true,"href":"https:\/\/jxgchocolate.com\/de\/wp-json\/wp\/v2\/product_cat?post=29688"},{"taxonomy":"product_tag","embeddable":true,"href":"https:\/\/jxgchocolate.com\/de\/wp-json\/wp\/v2\/product_tag?post=29688"}],"curies":[{"name":"wp","href":"https:\/\/api.w.org\/{rel}","templated":true}]}}