{"id":29719,"date":"2025-04-01T02:47:35","date_gmt":"2025-04-01T02:47:35","guid":{"rendered":"https:\/\/jxgchocolate.com\/?post_type=product&#038;p=29719"},"modified":"2025-04-01T02:47:37","modified_gmt":"2025-04-01T02:47:37","slug":"white-chocolate-covered-sunflower-seeds-bulk","status":"publish","type":"product","link":"https:\/\/jxgchocolate.com\/de\/produkt\/white-chocolate-covered-sunflower-seeds-bulk\/","title":{"rendered":"Super saure Sonnenblumenkerne mit wei\u00dfer Schokolade \u00fcberzogen, lose mit verschiedenen Verpackungen"},"content":{"rendered":"<div class=\"wp-block-columns is-layout-flex wp-container-core-columns-is-layout-9d6595d7 wp-block-columns-is-layout-flex\">\n<div class=\"wp-block-column is-layout-flow wp-block-column-is-layout-flow\">\n<h2 class=\"wp-block-heading\">Wei\u00dfe Premium-Schokolade \u00fcberzogene Sonnenblumenkerne Eigenschaften:<\/h2>\n\n\n\n<p><strong>Gesund: <\/strong>Die gesunden einfach und mehrfach unges\u00e4ttigten Fetts\u00e4uren in diesen Schokoladen-Sonnenblumenkernen aus dem Gro\u00dfhandel sind hervorragend f\u00fcr ein gesundes Herz-Kreislauf-System. Sie geh\u00f6ren zu den hochwertigen pflanzlichen Proteinen und eignen sich besonders gut f\u00fcr Vegetarier oder als Eiwei\u00dfersatzquelle. Sie enthalten wertvolle N\u00e4hrstoffe wie Vitamin E, Magnesium und Zink, die sich positiv auf die k\u00f6rperliche Gesundheit auswirken.<\/p>\n\n\n\n<p><strong>Geeignet f\u00fcr verschiedene Anl\u00e4sse: <\/strong>Die mit wei\u00dfer Schokolade \u00fcberzogenen Sonnenblumenkerne eignen sich als Freizeit-Snack, der in den Arbeitspausen oder bei Familientreffen f\u00fcr angenehmen Genuss sorgt. Kombiniert mit einer Tasse hei\u00dfem Tee oder Kaffee sind sie der perfekte Dim Sum f\u00fcr den Nachmittagstee. Sie k\u00f6nnen auch zur Herstellung kreativer Desserts wie Sandwich-Kekse, Kuchendekorationen usw. verwendet werden, um den Spa\u00df am Backen zu erh\u00f6hen.<\/p>\n\n\n\n<p><strong>Kreative Art zu essen:<\/strong> Mit saurer wei\u00dfer Schokolade \u00fcberzogene Sonnenblumenkerne schmecken am besten, wenn sie zusammen mit gr\u00fcnem Tee, Oolong-Tee oder einer anderen Teesorte eingenommen werden, was zu einem besonderen Geschmackserlebnis f\u00fchrt. Schmelzen Sie die saure Sonnenblumenkernschokolade und verwenden Sie sie in Backwaren wie Keksen, Kuchen oder Brot, um ihnen ein zus\u00e4tzliches Aroma und einen besonderen Geschmack zu verleihen. Sie k\u00f6nnen die saure Sonnenblumenkernschokolade auch schmelzen und erw\u00e4rmen, um Fr\u00fcchte, Trockenfr\u00fcchte oder andere Snacks mit einem Hauch von S\u00fc\u00dfe und Frische zu dippen.<\/p>\n\n\n\n<p><strong>Verschiedene Verpackungen: <\/strong>Diese Gro\u00dfhandel Schokolade Sonnenblumenkerne sind lose und mehrere Spezifikationen, bereit f\u00fcr den Einzelhandel, Gro\u00dfhandel und individuelle Bed\u00fcrfnisse.<\/p>\n<\/div>\n\n\n\n<div class=\"wp-block-column is-layout-flow wp-block-column-is-layout-flow\">\n<figure class=\"wp-block-image size-full\"><img fetchpriority=\"high\" decoding=\"async\" width=\"1500\" height=\"1500\" src=\"https:\/\/jxgchocolate.com\/wp-content\/uploads\/2025\/03\/super-sour-white-chocolate-covered-sunflower-seeds-bulk-with-different-packaging-5.webp\" alt=\"super-saure-wei\u00dfe-Schokolade-umh\u00fcllte-Sonnenblumenkerne-Masse-mit-verschiedener-Verpackung-5\" class=\"wp-image-29737\" srcset=\"https:\/\/jxgchocolate.com\/wp-content\/uploads\/2025\/03\/super-sour-white-chocolate-covered-sunflower-seeds-bulk-with-different-packaging-5.webp 1500w, https:\/\/jxgchocolate.com\/wp-content\/uploads\/2025\/03\/super-sour-white-chocolate-covered-sunflower-seeds-bulk-with-different-packaging-5-300x300.webp 300w, https:\/\/jxgchocolate.com\/wp-content\/uploads\/2025\/03\/super-sour-white-chocolate-covered-sunflower-seeds-bulk-with-different-packaging-5-150x150.webp 150w, https:\/\/jxgchocolate.com\/wp-content\/uploads\/2025\/03\/super-sour-white-chocolate-covered-sunflower-seeds-bulk-with-different-packaging-5-768x768.webp 768w, https:\/\/jxgchocolate.com\/wp-content\/uploads\/2025\/03\/super-sour-white-chocolate-covered-sunflower-seeds-bulk-with-different-packaging-5-12x12.webp 12w, https:\/\/jxgchocolate.com\/wp-content\/uploads\/2025\/03\/super-sour-white-chocolate-covered-sunflower-seeds-bulk-with-different-packaging-5-430x430.webp 430w, https:\/\/jxgchocolate.com\/wp-content\/uploads\/2025\/03\/super-sour-white-chocolate-covered-sunflower-seeds-bulk-with-different-packaging-5-700x700.webp 700w\" sizes=\"(max-width: 1500px) 100vw, 1500px\" \/><\/figure>\n<\/div>\n<\/div>\n\n\n\n<p><\/p>","protected":false},"excerpt":{"rendered":"<p>Willkommen bei super sauer wei\u00dfe Schokolade \u00fcberzogen Sonnenblumenkerne bulk kaufen. Diese Gro\u00dfhandel Sonnenblumenkerne Schokolade ist eine einzigartige saure S\u00fc\u00dfigkeiten Produkt, das die Knusprigkeit der Sonnenblumenkerne mit der S\u00fc\u00dfe und Gl\u00e4tte der Schokolade kombiniert, w\u00e4hrend eine einzigartige Geschmackserlebnis durch Zugabe von sauren Elementen.<\/p>\n<table width=\"423\">\n<tbody>\n<tr>\n<td width=\"166\">Hersteller<\/td>\n<td width=\"257\">Gl\u00fccksfrucht<\/td>\n<\/tr>\n<tr>\n<td>MODELL NR.<\/td>\n<td>JXG53<\/td>\n<\/tr>\n<tr>\n<td>Typ<\/td>\n<td>Sonnenblumenkerne Schokolade<\/td>\n<\/tr>\n<tr>\n<td>Verpackung<\/td>\n<td>Box-Verpackung<\/td>\n<\/tr>\n<tr>\n<td>Spezifikation<\/td>\n<td>238g<\/td>\n<\/tr>\n<tr>\n<td>Gr\u00f6\u00dfe des Kartons<\/td>\n<td>49,5*29*32,5cm<\/td>\n<\/tr>\n<tr>\n<td>N.W \/SET<\/td>\n<td>238g*20Beutel<\/td>\n<\/tr>\n<tr>\n<td>Farbe<\/td>\n<td>Als Bild<\/td>\n<\/tr>\n<tr>\n<td>MOQ<\/td>\n<td>500 Kartons<\/td>\n<\/tr>\n<tr>\n<td>Personalisierung<\/td>\n<td>Verpackung\/LOGO<\/td>\n<\/tr>\n<\/tbody>\n<\/table>","protected":false},"featured_media":29735,"comment_status":"closed","ping_status":"closed","template":"","meta":[],"product_cat":[72],"product_tag":[],"class_list":{"0":"post-29719","1":"product","2":"type-product","3":"status-publish","4":"has-post-thumbnail","6":"product_cat-wholesale-chocolate-covered-sunflower-seeds","8":"first","9":"instock","10":"shipping-taxable","11":"product-type-simple"},"_links":{"self":[{"href":"https:\/\/jxgchocolate.com\/de\/wp-json\/wp\/v2\/product\/29719","targetHints":{"allow":["GET"]}}],"collection":[{"href":"https:\/\/jxgchocolate.com\/de\/wp-json\/wp\/v2\/product"}],"about":[{"href":"https:\/\/jxgchocolate.com\/de\/wp-json\/wp\/v2\/types\/product"}],"replies":[{"embeddable":true,"href":"https:\/\/jxgchocolate.com\/de\/wp-json\/wp\/v2\/comments?post=29719"}],"version-history":[{"count":0,"href":"https:\/\/jxgchocolate.com\/de\/wp-json\/wp\/v2\/product\/29719\/revisions"}],"wp:featuredmedia":[{"embeddable":true,"href":"https:\/\/jxgchocolate.com\/de\/wp-json\/wp\/v2\/media\/29735"}],"wp:attachment":[{"href":"https:\/\/jxgchocolate.com\/de\/wp-json\/wp\/v2\/media?parent=29719"}],"wp:term":[{"taxonomy":"product_cat","embeddable":true,"href":"https:\/\/jxgchocolate.com\/de\/wp-json\/wp\/v2\/product_cat?post=29719"},{"taxonomy":"product_tag","embeddable":true,"href":"https:\/\/jxgchocolate.com\/de\/wp-json\/wp\/v2\/product_tag?post=29719"}],"curies":[{"name":"wp","href":"https:\/\/api.w.org\/{rel}","templated":true}]}}