{"id":29725,"date":"2025-04-01T03:30:50","date_gmt":"2025-04-01T03:30:50","guid":{"rendered":"https:\/\/jxgchocolate.com\/?post_type=product&#038;p=29725"},"modified":"2025-04-01T03:30:52","modified_gmt":"2025-04-01T03:30:52","slug":"bulk-buy-chocolate-balls","status":"publish","type":"product","link":"https:\/\/jxgchocolate.com\/de\/produkt\/bulk-buy-chocolate-balls\/","title":{"rendered":"Bulk Buy Chocolate Balls Popular Multiple Colors Chocolate Crunchy Balls Wholesale"},"content":{"rendered":"<div class=\"wp-block-columns is-layout-flex wp-container-core-columns-is-layout-9d6595d7 wp-block-columns-is-layout-flex\">\n<div class=\"wp-block-column is-layout-flow wp-block-column-is-layout-flow\">\n<h2 class=\"wp-block-heading\">Premium Bulk Buy Chocolate Balls Eigenschaften:<\/h2>\n\n\n\n<p><strong>Einzigartiger, vielschichtiger Geschmack:<\/strong> Wenn man Schokoladenkugeln in gro\u00dfen Mengen kauft, sp\u00fcrt man bei jedem Bissen das seidige Schmelzgef\u00fchl der \u00e4u\u00dferen Schokolade und die Knusprigkeit der inneren Kekse, was ein kontrastreiches, aber harmonisches Geschmackserlebnis schafft. Der \u00dcbergang von s\u00fc\u00dfer Schokolade zu knusprigen Keksen bietet den Verbrauchern ein reichhaltiges Geschmackserlebnis.<\/p>\n\n\n\n<p><strong>Auffallend buntes Aussehen: <\/strong>Diese Schokoladen-Knusperkugeln sind im Gro\u00dfhandel mit gef\u00e4rbter Schokolade erh\u00e4ltlich und typischerweise in einer Reihe von leuchtenden Farben wie rot, blau, gr\u00fcn, gelb usw., so dass sie in den Regalen ins Auge fallen und besonders Kinder und Jugendliche anziehen.<\/p>\n\n\n\n<p><strong>Praktische Verpackung: <\/strong>Die biskuitfarbenen Schokoladenprodukte sind in unabh\u00e4ngigen kleinen Beuteln verpackt. Bulk kaufen Schokolade Kugeln sind leicht zu tragen und zu teilen, so dass sie sehr geeignet f\u00fcr Outdoor-Aktivit\u00e4ten und Reisen zu jeder Zeit zu genie\u00dfen.<\/p>\n\n\n\n<p><strong>Geeignet f\u00fcr verschiedene Anl\u00e4sse:<\/strong> Diese Schokoladen-Knusperkugeln im Gro\u00dfhandel eignen sich als Snack f\u00fcr die Freizeit; sie k\u00f6nnen in Arbeitspausen oder bei Familientreffen f\u00fcr angenehmen Genuss sorgen. Kombinieren Sie sie mit einer Tasse hei\u00dfem Tee oder Kaffee, um einen perfekten Nachmittagstee Dim Sum zu machen. Sie k\u00f6nnen auch verwendet werden, um kreativere Desserts herzustellen, wie z. B. Sandwich-Kekse, Kuchendekorationen usw., um den Spa\u00df am Backen zu erh\u00f6hen.<\/p>\n<\/div>\n\n\n\n<div class=\"wp-block-column is-layout-flow wp-block-column-is-layout-flow\">\n<figure class=\"wp-block-image size-full\"><img fetchpriority=\"high\" decoding=\"async\" width=\"750\" height=\"750\" src=\"https:\/\/jxgchocolate.com\/wp-content\/uploads\/2025\/03\/bulk-buy-chocolate-balls-popular-multiple-colors-chocolate-crunchy-balls-wholesale-5.webp\" alt=\"bulk-buy-schokolade-kugeln-beliebt-mehrfarbig-schokolade-knusprige-kugeln-grosshandel-5\" class=\"wp-image-29745\" srcset=\"https:\/\/jxgchocolate.com\/wp-content\/uploads\/2025\/03\/bulk-buy-chocolate-balls-popular-multiple-colors-chocolate-crunchy-balls-wholesale-5.webp 750w, https:\/\/jxgchocolate.com\/wp-content\/uploads\/2025\/03\/bulk-buy-chocolate-balls-popular-multiple-colors-chocolate-crunchy-balls-wholesale-5-300x300.webp 300w, https:\/\/jxgchocolate.com\/wp-content\/uploads\/2025\/03\/bulk-buy-chocolate-balls-popular-multiple-colors-chocolate-crunchy-balls-wholesale-5-150x150.webp 150w, https:\/\/jxgchocolate.com\/wp-content\/uploads\/2025\/03\/bulk-buy-chocolate-balls-popular-multiple-colors-chocolate-crunchy-balls-wholesale-5-12x12.webp 12w, https:\/\/jxgchocolate.com\/wp-content\/uploads\/2025\/03\/bulk-buy-chocolate-balls-popular-multiple-colors-chocolate-crunchy-balls-wholesale-5-430x430.webp 430w, https:\/\/jxgchocolate.com\/wp-content\/uploads\/2025\/03\/bulk-buy-chocolate-balls-popular-multiple-colors-chocolate-crunchy-balls-wholesale-5-700x700.webp 700w\" sizes=\"(max-width: 750px) 100vw, 750px\" \/><\/figure>\n<\/div>\n<\/div>\n\n\n\n<p><\/p>","protected":false},"excerpt":{"rendered":"<p>Willkommen bei Bulk kaufen Schokolade Kugeln. Diese Schokolade knackige Kugeln Gro\u00dfhandel Farbige ist ein innovatives S\u00fc\u00dfigkeiten Produkt, das die s\u00fc\u00dfe und seidige Textur von Schokolade mit dem knusprigen Geschmack von Cookies kombiniert und f\u00fcgt visuellen Reiz durch seine bunte Au\u00dfendesign.<\/p>\n<table width=\"275\">\n<tbody>\n<tr>\n<td width=\"108\">Hersteller<\/td>\n<td width=\"167\">Gl\u00fcckliche Zwillinge<\/td>\n<\/tr>\n<tr>\n<td>MODELL NR.<\/td>\n<td>JXG11<\/td>\n<\/tr>\n<tr>\n<td>Typ<\/td>\n<td>Knusprige Schokoladenkugeln<\/td>\n<\/tr>\n<tr>\n<td>Verpackung<\/td>\n<td>Verpackung der Tasche<\/td>\n<\/tr>\n<tr>\n<td>Spezifikation<\/td>\n<td>280g*30Beutel<\/td>\n<\/tr>\n<tr>\n<td>Gr\u00f6\u00dfe des Kartons<\/td>\n<td>53*33*39 cm<\/td>\n<\/tr>\n<tr>\n<td>N.W \/SET<\/td>\n<td>4g*70St\u00fcck*30Beutel<\/td>\n<\/tr>\n<tr>\n<td>Farbe<\/td>\n<td>Multicolor<\/td>\n<\/tr>\n<tr>\n<td>MOQ<\/td>\n<td>500 Kartons<\/td>\n<\/tr>\n<tr>\n<td>Personalisierung<\/td>\n<td>Verpackung\/LOGO<\/td>\n<\/tr>\n<\/tbody>\n<\/table>","protected":false},"featured_media":29744,"comment_status":"closed","ping_status":"closed","template":"","meta":[],"product_cat":[74],"product_tag":[],"class_list":{"0":"post-29725","1":"product","2":"type-product","3":"status-publish","4":"has-post-thumbnail","6":"product_cat-wholesale-crunchy-chocolate-balls","8":"first","9":"instock","10":"shipping-taxable","11":"product-type-simple"},"_links":{"self":[{"href":"https:\/\/jxgchocolate.com\/de\/wp-json\/wp\/v2\/product\/29725","targetHints":{"allow":["GET"]}}],"collection":[{"href":"https:\/\/jxgchocolate.com\/de\/wp-json\/wp\/v2\/product"}],"about":[{"href":"https:\/\/jxgchocolate.com\/de\/wp-json\/wp\/v2\/types\/product"}],"replies":[{"embeddable":true,"href":"https:\/\/jxgchocolate.com\/de\/wp-json\/wp\/v2\/comments?post=29725"}],"version-history":[{"count":0,"href":"https:\/\/jxgchocolate.com\/de\/wp-json\/wp\/v2\/product\/29725\/revisions"}],"wp:featuredmedia":[{"embeddable":true,"href":"https:\/\/jxgchocolate.com\/de\/wp-json\/wp\/v2\/media\/29744"}],"wp:attachment":[{"href":"https:\/\/jxgchocolate.com\/de\/wp-json\/wp\/v2\/media?parent=29725"}],"wp:term":[{"taxonomy":"product_cat","embeddable":true,"href":"https:\/\/jxgchocolate.com\/de\/wp-json\/wp\/v2\/product_cat?post=29725"},{"taxonomy":"product_tag","embeddable":true,"href":"https:\/\/jxgchocolate.com\/de\/wp-json\/wp\/v2\/product_tag?post=29725"}],"curies":[{"name":"wp","href":"https:\/\/api.w.org\/{rel}","templated":true}]}}