{"id":29749,"date":"2025-04-07T07:14:49","date_gmt":"2025-04-07T07:14:49","guid":{"rendered":"https:\/\/jxgchocolate.com\/?post_type=product&#038;p=29749"},"modified":"2025-04-07T07:14:52","modified_gmt":"2025-04-07T07:14:52","slug":"maltesers-wholesale","status":"publish","type":"product","link":"https:\/\/jxgchocolate.com\/de\/produkt\/maltesers-wholesale\/","title":{"rendered":"Klassische Maltesers Gro\u00dfhandel, Gro\u00dfhandel Schokoladenkugeln mit Keks Sandwich"},"content":{"rendered":"<div class=\"wp-block-columns is-layout-flex wp-container-core-columns-is-layout-9d6595d7 wp-block-columns-is-layout-flex\">\n<div class=\"wp-block-column is-layout-flow wp-block-column-is-layout-flow\">\n<h2 class=\"wp-block-heading\">Premium Maltesers Gro\u00dfhandel Merkmale:<\/h2>\n\n\n\n<p><strong>Einzigartiges Geschmackserlebnis:<\/strong> Diese Keks-Sandwich-Schokoladenkugeln aus dem Gro\u00dfhandel haben in der Regel einen glatten Schokoladen\u00fcberzug auf der Au\u00dfenseite und einen knusprigen Malzkern im Innern, der f\u00fcr einen geschmacksintensiven \u00dcbergang von glatt zu knusprig sorgt. Im Vergleich zu anderen Schokoladenprodukten ist die innere Struktur von Malibu vergleichsweise leicht und keineswegs fettig, was sie f\u00fcr Liebhaber von s\u00fc\u00dfen Leckereien einfach macht.<\/p>\n\n\n\n<p><strong>Klassisch und nostalgisch: <\/strong>Als Marke mit einer langen Geschichte ist Mylikes f\u00fcr viele Menschen mit Kindheitserinnerungen verbunden. F\u00fcr diejenigen, die sch\u00f6ne Erinnerungen aufleben lassen wollen, ist es nicht nur ein Snack, sondern auch eine emotionale Bindung. Wir k\u00f6nnen Verpackungsdesigns f\u00fcr Maltesers im Gro\u00dfhandel mit einem Retro-Stil anpassen, um die nostalgischen Gef\u00fchle der Verbraucher noch mehr zu wecken.<\/p>\n\n\n\n<p><strong>Praktisches Verpackungsdesign:<\/strong> Klassische Maltesers Gro\u00dfhandel ist in unabh\u00e4ngigen kleinen Taschen, die leicht zu tragen und zu teilen sind, so dass es sehr geeignet f\u00fcr Outdoor-Aktivit\u00e4ten und Reisen zu jeder Zeit zu genie\u00dfen. Ein gro\u00dfes Fassungsverm\u00f6gen boxed Verpackung f\u00fcr Heimanwender, die sowohl kosteng\u00fcnstig ist und erm\u00f6glicht den Kauf von mehreren Geschmacksrichtungen auf einmal f\u00fcr die ganze Familie zu teilen konzipiert.<\/p>\n\n\n\n<p><strong>Geeignet f\u00fcr den Verkauf in mehreren Szenarien:<\/strong> Diese Maltesers Gro\u00dfhandel Markenverpackungen oder Bulk-Spezifikationen k\u00f6nnen je nach Marktnachfrage angepasst werden; geeignet f\u00fcr Einzelhandel, Superm\u00e4rkte, Casual Snack Shops und Urlaub Geschenk-Boxen zu entsprechen.<\/p>\n<\/div>\n\n\n\n<div class=\"wp-block-column is-layout-flow wp-block-column-is-layout-flow\">\n<figure class=\"wp-block-image size-full\"><img fetchpriority=\"high\" decoding=\"async\" width=\"750\" height=\"750\" src=\"https:\/\/jxgchocolate.com\/wp-content\/uploads\/2025\/04\/Classical-Mylikes-Chocolate-Beans-with-Biscuit-Sandwich-From-China-Supplier1.webp\" alt=\"klassische-maltesers-gro\u00dfhandel-gro\u00dfhandel-schokoladen-kugeln-mit-keks-sandwich-1\" class=\"wp-image-29753\" srcset=\"https:\/\/jxgchocolate.com\/wp-content\/uploads\/2025\/04\/Classical-Mylikes-Chocolate-Beans-with-Biscuit-Sandwich-From-China-Supplier1.webp 750w, https:\/\/jxgchocolate.com\/wp-content\/uploads\/2025\/04\/Classical-Mylikes-Chocolate-Beans-with-Biscuit-Sandwich-From-China-Supplier1-300x300.webp 300w, https:\/\/jxgchocolate.com\/wp-content\/uploads\/2025\/04\/Classical-Mylikes-Chocolate-Beans-with-Biscuit-Sandwich-From-China-Supplier1-150x150.webp 150w, https:\/\/jxgchocolate.com\/wp-content\/uploads\/2025\/04\/Classical-Mylikes-Chocolate-Beans-with-Biscuit-Sandwich-From-China-Supplier1-12x12.webp 12w, https:\/\/jxgchocolate.com\/wp-content\/uploads\/2025\/04\/Classical-Mylikes-Chocolate-Beans-with-Biscuit-Sandwich-From-China-Supplier1-430x430.webp 430w, https:\/\/jxgchocolate.com\/wp-content\/uploads\/2025\/04\/Classical-Mylikes-Chocolate-Beans-with-Biscuit-Sandwich-From-China-Supplier1-700x700.webp 700w\" sizes=\"(max-width: 750px) 100vw, 750px\" \/><\/figure>\n<\/div>\n<\/div>","protected":false},"excerpt":{"rendered":"<p>Willkommen zum Einkauf von Maltesern im Gro\u00dfhandel. Mylikes Schokoladenkugeln mit Keks-Sandwiches nehmen mit ihrem einzigartigen Geschmack, ihrem klassischen Markenimage und ihren vielf\u00e4ltigen Geschmacksm\u00f6glichkeiten einen Platz unter den vielen Schokoladenprodukten ein. Ob als t\u00e4glicher Snack, als Urlaubsgeschenk oder als Souvenir f\u00fcr besondere Anl\u00e4sse, Malteser-Schokoladenkugeln k\u00f6nnen den Verbrauchern ein angenehmes Vergn\u00fcgen bereiten.<\/p>\n<table style=\"border-collapse: collapse; width: 275.02pt;\" border=\"0\" width=\"275\" cellspacing=\"0\" cellpadding=\"0\">\n<tbody>\n<tr style=\"height: 17.60pt;\">\n<td class=\"et3\" style=\"height: 17.60pt; width: 108.35pt;\" width=\"108\" height=\"17\">Hersteller<\/td>\n<td class=\"et3\" style=\"width: 167.10pt;\" width=\"167\">Gl\u00fcckliche Zwillinge<\/td>\n<\/tr>\n<tr style=\"height: 17.60pt;\">\n<td class=\"et3\" style=\"height: 17.60pt;\" height=\"17\">MODELL NR.<\/td>\n<td class=\"et3\">JXG14<\/td>\n<\/tr>\n<tr style=\"height: 17.60pt;\">\n<td class=\"et3\" style=\"height: 17.60pt;\" height=\"17\">Typ<\/td>\n<td class=\"et3\">Knusprige Schokoladenkugeln<\/td>\n<\/tr>\n<tr style=\"height: 17.60pt;\">\n<td class=\"et3\" style=\"height: 17.60pt;\" height=\"17\">Verpackung<\/td>\n<td class=\"et3\">Verpackung der Box<\/td>\n<\/tr>\n<tr style=\"height: 17.60pt;\">\n<td class=\"et3\" style=\"height: 17.60pt;\" height=\"17\">Spezifikation<\/td>\n<td class=\"et3\">30S\u00e4cke*20Kartons<\/td>\n<\/tr>\n<tr style=\"height: 17.60pt;\">\n<td class=\"et3\" style=\"height: 17.60pt;\" height=\"17\">Gr\u00f6\u00dfe des Kartons<\/td>\n<td class=\"et3\">49*40,5*40,5 cm<\/td>\n<\/tr>\n<tr style=\"height: 17.60pt;\">\n<td class=\"et3\" style=\"height: 17.60pt;\" height=\"17\">N.W \/SET<\/td>\n<td class=\"et3\">12g*30Beutel*20Kartons<\/td>\n<\/tr>\n<tr style=\"height: 17.60pt;\">\n<td class=\"et3\" style=\"height: 17.60pt;\" height=\"17\">Farbe<\/td>\n<td class=\"et3\">Dunkelheit<\/td>\n<\/tr>\n<tr style=\"height: 17.60pt;\">\n<td class=\"et3\" style=\"height: 17.60pt;\" height=\"17\">MOQ<\/td>\n<td class=\"et3\">500 Kartons<\/td>\n<\/tr>\n<tr style=\"height: 17.60pt;\">\n<td class=\"et3\" style=\"height: 17.60pt;\" height=\"17\">Personalisierung<\/td>\n<td class=\"et3\">Verpackung\/LOGO<\/td>\n<\/tr>\n<\/tbody>\n<\/table>","protected":false},"featured_media":29752,"comment_status":"closed","ping_status":"closed","template":"","meta":[],"product_cat":[74],"product_tag":[],"class_list":{"0":"post-29749","1":"product","2":"type-product","3":"status-publish","4":"has-post-thumbnail","6":"product_cat-wholesale-crunchy-chocolate-balls","8":"first","9":"instock","10":"shipping-taxable","11":"product-type-simple"},"_links":{"self":[{"href":"https:\/\/jxgchocolate.com\/de\/wp-json\/wp\/v2\/product\/29749","targetHints":{"allow":["GET"]}}],"collection":[{"href":"https:\/\/jxgchocolate.com\/de\/wp-json\/wp\/v2\/product"}],"about":[{"href":"https:\/\/jxgchocolate.com\/de\/wp-json\/wp\/v2\/types\/product"}],"replies":[{"embeddable":true,"href":"https:\/\/jxgchocolate.com\/de\/wp-json\/wp\/v2\/comments?post=29749"}],"version-history":[{"count":0,"href":"https:\/\/jxgchocolate.com\/de\/wp-json\/wp\/v2\/product\/29749\/revisions"}],"wp:featuredmedia":[{"embeddable":true,"href":"https:\/\/jxgchocolate.com\/de\/wp-json\/wp\/v2\/media\/29752"}],"wp:attachment":[{"href":"https:\/\/jxgchocolate.com\/de\/wp-json\/wp\/v2\/media?parent=29749"}],"wp:term":[{"taxonomy":"product_cat","embeddable":true,"href":"https:\/\/jxgchocolate.com\/de\/wp-json\/wp\/v2\/product_cat?post=29749"},{"taxonomy":"product_tag","embeddable":true,"href":"https:\/\/jxgchocolate.com\/de\/wp-json\/wp\/v2\/product_tag?post=29749"}],"curies":[{"name":"wp","href":"https:\/\/api.w.org\/{rel}","templated":true}]}}