{"id":29759,"date":"2025-04-07T07:49:41","date_gmt":"2025-04-07T07:49:41","guid":{"rendered":"https:\/\/jxgchocolate.com\/?post_type=product&#038;p=29759"},"modified":"2025-04-07T07:49:43","modified_gmt":"2025-04-07T07:49:43","slug":"wholesale-chocolate-balls","status":"publish","type":"product","link":"https:\/\/jxgchocolate.com\/de\/produkt\/wholesale-chocolate-balls\/","title":{"rendered":"Gro\u00dfhandel Schokolade Kugeln bedeckt Kekse, Halal knusprige farbige Schokolade S\u00fc\u00dfigkeiten Bulk"},"content":{"rendered":"<div class=\"wp-block-columns is-layout-flex wp-container-core-columns-is-layout-9d6595d7 wp-block-columns-is-layout-flex\">\n<div class=\"wp-block-column is-layout-flow wp-block-column-is-layout-flow\">\n<h2 class=\"wp-block-heading\">Premium Gro\u00dfhandel Schokolade Kugeln Merkmale:<\/h2>\n\n\n\n<p><strong>Farbiges Aussehen: <\/strong>Die mit Schokoladenkugeln \u00fcberzogenen farbigen Kekse des Gro\u00dfhandels sind in der Regel in verschiedenen leuchtenden Farben erh\u00e4ltlich, wie z. B. rot, blau, gr\u00fcn, gelb usw., wodurch sie in den Regalen auffallen und besonders f\u00fcr Kinder und Jugendliche attraktiv sind. Saisonale oder feiertagsbezogene Verpackungen k\u00f6nnen auf der Grundlage verschiedener Feiertage oder Jahreszeiten auf den Markt gebracht werden, wie z. B. rot und rosa f\u00fcr den Valentinstag, gr\u00fcn und rot f\u00fcr Weihnachten, orange und schwarz f\u00fcr Halloween usw., um den Spa\u00df und das Partythema der Produkte zu feiern.<\/p>\n\n\n\n<p><strong>Funktionelle Verpackung: <\/strong>Die meisten Biskuit-Schokoladen-Bonbons sind farbig und in kleinen Einzelpackungen verpackt, so dass sie leicht zu transportieren und zu teilen sind und sich daher sehr gut f\u00fcr Aktivit\u00e4ten im Freien und auf Reisen eignen, um jederzeit konsumiert zu werden. Die Gro\u00dfpackungen, die f\u00fcr Familien eingef\u00fchrt wurden, sind nicht nur kosteng\u00fcnstig, sondern erm\u00f6glichen auch den Kauf mehrerer Geschmacksrichtungen auf einmal, die sich die ganze Familie teilen kann.<\/p>\n\n\n\n<p><strong>Einzigartiger, vielschichtiger Geschmack:<\/strong> Bei den mit Schokoladenkugeln \u00fcberzogenen Keksen aus dem Gro\u00dfhandel sp\u00fcrt man bei jedem Bissen das seidige Schmelzgef\u00fchl der \u00e4u\u00dferen Schokolade und die Knusprigkeit der inneren Kekse, wodurch ein kontrastreiches und doch harmonisches Geschmackserlebnis entsteht. Der \u00dcbergang von s\u00fc\u00dfer Schokolade zu knusprigen Keksen bietet den Verbrauchern ein reichhaltiges Geschmackserlebnis.<\/p>\n\n\n\n<p><strong>Halal-Zertifizierung: <\/strong>Unsere Schokoladen-Bonbons entsprechen den muslimischen Ern\u00e4hrungsstandards und sind f\u00fcr den globalen Markt geeignet. Unterst\u00fctzung Gro\u00dfhandel Anpassung, geeignet f\u00fcr Snack-Marken, Superm\u00e4rkte, Party-Supplies und andere B-Side-Szenarien.<\/p>\n<\/div>\n\n\n\n<div class=\"wp-block-column is-layout-flow wp-block-column-is-layout-flow\">\n<figure class=\"wp-block-image size-full\"><img fetchpriority=\"high\" decoding=\"async\" width=\"750\" height=\"750\" src=\"https:\/\/jxgchocolate.com\/wp-content\/uploads\/2025\/04\/Bulk-Colored-Candy-Chocolate-Covered-Biscuits-Beans-Halal-Crispy-Candy5.jpg\" alt=\"gro\u00dfhandel-schokolade-kugeln-\u00fcberzogen-kekse-halal-schokolade-s\u00fc\u00dfigkeiten-bulk-1\" class=\"wp-image-29764\" srcset=\"https:\/\/jxgchocolate.com\/wp-content\/uploads\/2025\/04\/Bulk-Colored-Candy-Chocolate-Covered-Biscuits-Beans-Halal-Crispy-Candy5.jpg 750w, https:\/\/jxgchocolate.com\/wp-content\/uploads\/2025\/04\/Bulk-Colored-Candy-Chocolate-Covered-Biscuits-Beans-Halal-Crispy-Candy5-300x300.jpg 300w, https:\/\/jxgchocolate.com\/wp-content\/uploads\/2025\/04\/Bulk-Colored-Candy-Chocolate-Covered-Biscuits-Beans-Halal-Crispy-Candy5-150x150.jpg 150w, https:\/\/jxgchocolate.com\/wp-content\/uploads\/2025\/04\/Bulk-Colored-Candy-Chocolate-Covered-Biscuits-Beans-Halal-Crispy-Candy5-12x12.jpg 12w, https:\/\/jxgchocolate.com\/wp-content\/uploads\/2025\/04\/Bulk-Colored-Candy-Chocolate-Covered-Biscuits-Beans-Halal-Crispy-Candy5-430x430.jpg 430w, https:\/\/jxgchocolate.com\/wp-content\/uploads\/2025\/04\/Bulk-Colored-Candy-Chocolate-Covered-Biscuits-Beans-Halal-Crispy-Candy5-700x700.jpg 700w\" sizes=\"(max-width: 750px) 100vw, 750px\" \/><\/figure>\n<\/div>\n<\/div>\n\n\n\n<p><\/p>","protected":false},"excerpt":{"rendered":"<p>Willkommen in unserem Gro\u00dfhandel Schokolade Kugeln bedeckt Kekse zu kaufen. Unsere farbigen Schokoladenbonbons sind ein besonderes S\u00fc\u00dfwarenprodukt, das die S\u00fc\u00dfe und Geschmeidigkeit von Schokolade, das Knacken von Keksen und mehrere Farben kombiniert. Seine einzigartige Farbe, sein milder Geschmack und seine breite Anwendbarkeit machen es zu einer idealen Option f\u00fcr Verbraucher, die ein qualitativ hochwertiges Leben f\u00fchren. Ob als t\u00e4glicher Snack, als Backzutat oder als gro\u00dfartiges Geschenk, farbige Keksschokoladenbohnen bieten den Verbrauchern einen einzigartigen Genuss.<\/p>\n<table style=\"border-collapse: collapse; width: 275.02pt;\" border=\"0\" width=\"275\" cellspacing=\"0\" cellpadding=\"0\">\n<tbody>\n<tr style=\"height: 17.60pt;\">\n<td class=\"et3\" style=\"height: 17.60pt; width: 108.35pt;\" width=\"108\" height=\"17\">Hersteller<\/td>\n<td class=\"et3\" style=\"width: 167.10pt;\" width=\"167\">Gl\u00fcckliche Zwillinge<\/td>\n<\/tr>\n<tr style=\"height: 17.60pt;\">\n<td class=\"et3\" style=\"height: 17.60pt;\" height=\"17\">MODELL NR.<\/td>\n<td class=\"et3\">JXG12<\/td>\n<\/tr>\n<tr style=\"height: 17.60pt;\">\n<td class=\"et3\" style=\"height: 17.60pt;\" height=\"17\">Typ<\/td>\n<td class=\"et3\">Knusprige Schokoladenkugeln<\/td>\n<\/tr>\n<tr style=\"height: 17.60pt;\">\n<td class=\"et3\" style=\"height: 17.60pt;\" height=\"17\">Verpackung<\/td>\n<td class=\"et3\">Verpackung der Box<\/td>\n<\/tr>\n<tr style=\"height: 17.60pt;\">\n<td class=\"et3\" style=\"height: 17.60pt;\" height=\"17\">Spezifikation<\/td>\n<td class=\"et3\">30S\u00e4cke*20Kartons<\/td>\n<\/tr>\n<tr style=\"height: 17.60pt;\">\n<td class=\"et3\" style=\"height: 17.60pt;\" height=\"17\">Gr\u00f6\u00dfe des Kartons<\/td>\n<td class=\"et3\">49*40,5*40,5 cm<\/td>\n<\/tr>\n<tr style=\"height: 17.60pt;\">\n<td class=\"et3\" style=\"height: 17.60pt;\" height=\"17\">N.W \/SET<\/td>\n<td class=\"et3\">12g*30Beutel*20Kartons<\/td>\n<\/tr>\n<tr style=\"height: 17.60pt;\">\n<td class=\"et3\" style=\"height: 17.60pt;\" height=\"17\">Farbe<\/td>\n<td class=\"et3\">Multicolor<\/td>\n<\/tr>\n<tr style=\"height: 17.60pt;\">\n<td class=\"et3\" style=\"height: 17.60pt;\" height=\"17\">MOQ<\/td>\n<td class=\"et3\">500 Kartons<\/td>\n<\/tr>\n<tr style=\"height: 17.60pt;\">\n<td class=\"et3\" style=\"height: 17.60pt;\" height=\"17\">Personalisierung<\/td>\n<td class=\"et3\">Verpackung\/LOGO<\/td>\n<\/tr>\n<\/tbody>\n<\/table>","protected":false},"featured_media":29760,"comment_status":"closed","ping_status":"closed","template":"","meta":[],"product_cat":[74],"product_tag":[],"class_list":{"0":"post-29759","1":"product","2":"type-product","3":"status-publish","4":"has-post-thumbnail","6":"product_cat-wholesale-crunchy-chocolate-balls","8":"first","9":"instock","10":"shipping-taxable","11":"product-type-simple"},"_links":{"self":[{"href":"https:\/\/jxgchocolate.com\/de\/wp-json\/wp\/v2\/product\/29759","targetHints":{"allow":["GET"]}}],"collection":[{"href":"https:\/\/jxgchocolate.com\/de\/wp-json\/wp\/v2\/product"}],"about":[{"href":"https:\/\/jxgchocolate.com\/de\/wp-json\/wp\/v2\/types\/product"}],"replies":[{"embeddable":true,"href":"https:\/\/jxgchocolate.com\/de\/wp-json\/wp\/v2\/comments?post=29759"}],"version-history":[{"count":0,"href":"https:\/\/jxgchocolate.com\/de\/wp-json\/wp\/v2\/product\/29759\/revisions"}],"wp:featuredmedia":[{"embeddable":true,"href":"https:\/\/jxgchocolate.com\/de\/wp-json\/wp\/v2\/media\/29760"}],"wp:attachment":[{"href":"https:\/\/jxgchocolate.com\/de\/wp-json\/wp\/v2\/media?parent=29759"}],"wp:term":[{"taxonomy":"product_cat","embeddable":true,"href":"https:\/\/jxgchocolate.com\/de\/wp-json\/wp\/v2\/product_cat?post=29759"},{"taxonomy":"product_tag","embeddable":true,"href":"https:\/\/jxgchocolate.com\/de\/wp-json\/wp\/v2\/product_tag?post=29759"}],"curies":[{"name":"wp","href":"https:\/\/api.w.org\/{rel}","templated":true}]}}