{"id":29777,"date":"2025-04-16T08:46:02","date_gmt":"2025-04-16T08:46:02","guid":{"rendered":"https:\/\/jxgchocolate.com\/?post_type=product&#038;p=29777"},"modified":"2025-04-16T08:46:04","modified_gmt":"2025-04-16T08:46:04","slug":"chocolate-beans-wholesale","status":"publish","type":"product","link":"https:\/\/jxgchocolate.com\/de\/produkt\/chocolate-beans-wholesale\/","title":{"rendered":"Crispy Muti-Farben Keks Schokolade Bohnen Gro\u00dfhandel, knusprige Schokolade Kugeln in Bulk"},"content":{"rendered":"<div class=\"wp-block-columns is-layout-flex wp-container-core-columns-is-layout-9d6595d7 wp-block-columns-is-layout-flex\">\n<div class=\"wp-block-column is-layout-flow wp-block-column-is-layout-flow\">\n<h2 class=\"wp-block-heading\">Premium Biskuit-Schokolade Bohnen Gro\u00dfhandel Merkmale:<\/h2>\n\n\n\n<p><strong>Geeignet f\u00fcr verschiedene Anl\u00e4sse: <\/strong>Diese mehrfarbigen Biskuit-Schokobohnen im Gro\u00dfhandel eignen sich als Snack f\u00fcr die Freizeit. Sie k\u00f6nnen in Arbeitspausen oder bei Familientreffen f\u00fcr angenehmen Genuss sorgen. Verwenden Sie sie mit einem dampfenden Tee oder Kaffee, um den idealen Nachmittagstee Dim Sum zu machen. Sie k\u00f6nnen sogar f\u00fcr die Zubereitung kreativerer Desserts verwendet werden, z. B. f\u00fcr Kuchendekorationen, Sandwich-Kekse usw., um den Nervenkitzel beim Backen zu erh\u00f6hen.<\/p>\n\n\n\n<p><strong>Zielpublikum:<\/strong> Die bunten, knusprigen Schokoladenkugeln in loser Sch\u00fcttung haben lustige Formen und leuchtende Farben und sind besonders f\u00fcr Kinder und Jugendliche attraktiv und geh\u00f6ren zu ihren Lieblingssnacks. Sie eignen sich zum Verschenken an Freunde, Familie oder Partner, insbesondere als Weihnachtsgeschenke oder Andenken f\u00fcr besondere Anl\u00e4sse.<\/p>\n\n\n\n<p><strong>Einzigartiger, vielschichtiger Geschmack:<\/strong> Bei diesen mehrfarbigen Biskuit-Schokoladenbohnen im Gro\u00dfhandel sp\u00fcrt man bei jedem Biss das seidige Schmelzgef\u00fchl der \u00e4u\u00dferen Schokolade und die Knusprigkeit der inneren Kekse, wodurch ein kontrastreiches und doch harmonisches Geschmackserlebnis entsteht. Von s\u00fc\u00dfer Schokolade bis hin zu knusprigen Keksen und sogar m\u00f6glichen Sandwich-Saucen (falls vorhanden) bietet dieser \u00dcbergang von S\u00fc\u00dfe zu Knusprigkeit den Verbrauchern eine breite Palette an Geschmacksrichtungen.<\/p>\n<\/div>\n\n\n\n<div class=\"wp-block-column is-layout-flow wp-block-column-is-layout-flow\">\n<figure class=\"wp-block-image size-full\"><img fetchpriority=\"high\" decoding=\"async\" width=\"750\" height=\"750\" src=\"https:\/\/jxgchocolate.com\/wp-content\/uploads\/2025\/04\/Crispy-and-Smooth-Muti-colors-Biscuit-chocolate-beans-China-Wholesales-in-Bulk1.webp\" alt=\"schokolade-bohnen-gro\u00dfhandel-knusprige-schokolade-kugeln-im-beh\u00e4lter-1\" class=\"wp-image-29779\" srcset=\"https:\/\/jxgchocolate.com\/wp-content\/uploads\/2025\/04\/Crispy-and-Smooth-Muti-colors-Biscuit-chocolate-beans-China-Wholesales-in-Bulk1.webp 750w, https:\/\/jxgchocolate.com\/wp-content\/uploads\/2025\/04\/Crispy-and-Smooth-Muti-colors-Biscuit-chocolate-beans-China-Wholesales-in-Bulk1-300x300.webp 300w, https:\/\/jxgchocolate.com\/wp-content\/uploads\/2025\/04\/Crispy-and-Smooth-Muti-colors-Biscuit-chocolate-beans-China-Wholesales-in-Bulk1-150x150.webp 150w, https:\/\/jxgchocolate.com\/wp-content\/uploads\/2025\/04\/Crispy-and-Smooth-Muti-colors-Biscuit-chocolate-beans-China-Wholesales-in-Bulk1-12x12.webp 12w, https:\/\/jxgchocolate.com\/wp-content\/uploads\/2025\/04\/Crispy-and-Smooth-Muti-colors-Biscuit-chocolate-beans-China-Wholesales-in-Bulk1-430x430.webp 430w, https:\/\/jxgchocolate.com\/wp-content\/uploads\/2025\/04\/Crispy-and-Smooth-Muti-colors-Biscuit-chocolate-beans-China-Wholesales-in-Bulk1-700x700.webp 700w\" sizes=\"(max-width: 750px) 100vw, 750px\" \/><\/figure>\n<\/div>\n<\/div>\n\n\n\n<p><\/p>","protected":false},"excerpt":{"rendered":"<p>Willkommen zum Kauf von mehrfarbigen Biskuit-Schokobohnen im Gro\u00dfhandel. Die knusprigen Schokoladenkugeln im Gro\u00dfhandel mit bunten Biskuit-Schokobohnen sind ein einzigartiges S\u00fc\u00dfwarenprodukt, das die s\u00fc\u00dfe und seidige Textur von Schokolade, den knusprigen Geschmack von Keksen und das farbenfrohe Aussehen kombiniert. Ob als t\u00e4glicher Snack, als Backzutat oder als gro\u00dfartiges Geschenk, die bunten Biskuit-Kernschokoladenbohnen bieten den Verbrauchern einen einzigartigen Genuss.<\/p>\n<table width=\"423\">\n<tbody>\n<tr>\n<td width=\"166\">Hersteller<\/td>\n<td width=\"257\">Gl\u00fccksfrucht<\/td>\n<\/tr>\n<tr>\n<td>MODELL NR.<\/td>\n<td>JXG58<\/td>\n<\/tr>\n<tr>\n<td>Typ<\/td>\n<td>Biskuit-Schokolade<\/td>\n<\/tr>\n<tr>\n<td>Verpackung<\/td>\n<td>Verpackung der Tasche<\/td>\n<\/tr>\n<tr>\n<td>Spezifikation<\/td>\n<td>16g*20St\u00fcck<\/td>\n<\/tr>\n<tr>\n<td>Gr\u00f6\u00dfe des Kartons<\/td>\n<td>58*38*30<span style=\"font-family: inherit; font-size: inherit;\">cm<\/span><\/td>\n<\/tr>\n<tr>\n<td>N.W \/SET<\/td>\n<td>20Pcs*20Beutel<\/td>\n<\/tr>\n<tr>\n<td>Farbe<\/td>\n<td>Als Bild<\/td>\n<\/tr>\n<tr>\n<td>MOQ<\/td>\n<td>500 Kartons<\/td>\n<\/tr>\n<tr>\n<td>Personalisierung<\/td>\n<td>Verpackung\/LOGO<\/td>\n<\/tr>\n<\/tbody>\n<\/table>","protected":false},"featured_media":29779,"comment_status":"closed","ping_status":"closed","template":"","meta":[],"product_cat":[74],"product_tag":[],"class_list":{"0":"post-29777","1":"product","2":"type-product","3":"status-publish","4":"has-post-thumbnail","6":"product_cat-wholesale-crunchy-chocolate-balls","8":"first","9":"instock","10":"shipping-taxable","11":"product-type-simple"},"_links":{"self":[{"href":"https:\/\/jxgchocolate.com\/de\/wp-json\/wp\/v2\/product\/29777","targetHints":{"allow":["GET"]}}],"collection":[{"href":"https:\/\/jxgchocolate.com\/de\/wp-json\/wp\/v2\/product"}],"about":[{"href":"https:\/\/jxgchocolate.com\/de\/wp-json\/wp\/v2\/types\/product"}],"replies":[{"embeddable":true,"href":"https:\/\/jxgchocolate.com\/de\/wp-json\/wp\/v2\/comments?post=29777"}],"version-history":[{"count":0,"href":"https:\/\/jxgchocolate.com\/de\/wp-json\/wp\/v2\/product\/29777\/revisions"}],"wp:featuredmedia":[{"embeddable":true,"href":"https:\/\/jxgchocolate.com\/de\/wp-json\/wp\/v2\/media\/29779"}],"wp:attachment":[{"href":"https:\/\/jxgchocolate.com\/de\/wp-json\/wp\/v2\/media?parent=29777"}],"wp:term":[{"taxonomy":"product_cat","embeddable":true,"href":"https:\/\/jxgchocolate.com\/de\/wp-json\/wp\/v2\/product_cat?post=29777"},{"taxonomy":"product_tag","embeddable":true,"href":"https:\/\/jxgchocolate.com\/de\/wp-json\/wp\/v2\/product_tag?post=29777"}],"curies":[{"name":"wp","href":"https:\/\/api.w.org\/{rel}","templated":true}]}}