{"id":29789,"date":"2025-04-16T09:35:40","date_gmt":"2025-04-16T09:35:40","guid":{"rendered":"https:\/\/jxgchocolate.com\/?post_type=product&#038;p=29789"},"modified":"2025-04-16T09:35:42","modified_gmt":"2025-04-16T09:35:42","slug":"bulk-chocolate-beans","status":"publish","type":"product","link":"https:\/\/jxgchocolate.com\/de\/produkt\/bulk-chocolate-beans\/","title":{"rendered":"New Bulk Chocolate Beans, Factory Supply Chocolate Crisp Balls"},"content":{"rendered":"<div class=\"wp-block-columns is-layout-flex wp-container-core-columns-is-layout-9d6595d7 wp-block-columns-is-layout-flex\">\n<div class=\"wp-block-column is-layout-flow wp-block-column-is-layout-flow\">\n<h2 class=\"wp-block-heading\">Premium Bulk Chocolate Beans Eigenschaften:<\/h2>\n\n\n\n<p><strong>Reichhaltiger und vielschichtiger Geschmack:<\/strong> Bei diesen losen Schokoladenbohnen sp\u00fcrt man bei jedem Bissen den zarten Schmelz der \u00e4u\u00dferen Schokolade und die Knusprigkeit der inneren Kekse, die einen einzigartigen Geschmack bilden, der stark kontrastiert und doch harmonisch nebeneinander besteht. Von s\u00fc\u00dfer Schokolade zu knusprigen Keksen, dieser \u00dcbergang von s\u00fc\u00df zu noch s\u00fc\u00dfer bringt den Verbrauchern ein reiches Geschmacksniveau.<\/p>\n\n\n\n<p><strong>Geeignet f\u00fcr verschiedene Anl\u00e4sse:<\/strong> Unsere Fabrik liefert Schokoladen-Knusperkugeln, die als Snack f\u00fcr die Freizeit geeignet sind; sie k\u00f6nnen in Arbeitspausen oder bei Familientreffen f\u00fcr angenehmen Genuss sorgen. Kombiniert mit einer warmen Tasse Tee oder Kaffee eignen sie sich perfekt als Dim Sum f\u00fcr den Nachmittagstee. Sie k\u00f6nnen auch f\u00fcr die Herstellung kreativer Desserts verwendet werden, z. B. f\u00fcr Sandwich-Kekse, Kuchenbel\u00e4ge usw., damit das Backen noch mehr Spa\u00df macht.<\/p>\n\n\n\n<p><strong>Praktische Verpackungsform: <\/strong>Das lose Schokoladenbohnenprodukt wird in Form von kleinen Einzelverpackungen angeboten, die bequem zu transportieren und leicht zu teilen sind und sich daher hervorragend f\u00fcr Outdoor-Aktivit\u00e4ten und Reisen eignen, um jederzeit verwendet werden zu k\u00f6nnen. F\u00fcr den Heimgebrauch gibt es auch Verpackungen mit hohem Fassungsverm\u00f6gen, die wirtschaftlich sind und in gro\u00dfen Mengen f\u00fcr die ganze Familie gekauft werden k\u00f6nnen.<\/p>\n<\/div>\n\n\n\n<div class=\"wp-block-column is-layout-flow wp-block-column-is-layout-flow\">\n<figure class=\"wp-block-image size-full\"><img fetchpriority=\"high\" decoding=\"async\" width=\"2000\" height=\"2000\" src=\"https:\/\/jxgchocolate.com\/wp-content\/uploads\/2025\/04\/bulk-chocolate-beans-factory-supply-chocolate-crisp-balls-3.webp\" alt=\"Bulk-Schokolade-Bohnen-Fabrik-Vorrat-Schokolade-Knusperkugeln-1\" class=\"wp-image-29806\" srcset=\"https:\/\/jxgchocolate.com\/wp-content\/uploads\/2025\/04\/bulk-chocolate-beans-factory-supply-chocolate-crisp-balls-3.webp 2000w, https:\/\/jxgchocolate.com\/wp-content\/uploads\/2025\/04\/bulk-chocolate-beans-factory-supply-chocolate-crisp-balls-3-300x300.webp 300w, https:\/\/jxgchocolate.com\/wp-content\/uploads\/2025\/04\/bulk-chocolate-beans-factory-supply-chocolate-crisp-balls-3-150x150.webp 150w, https:\/\/jxgchocolate.com\/wp-content\/uploads\/2025\/04\/bulk-chocolate-beans-factory-supply-chocolate-crisp-balls-3-768x768.webp 768w, https:\/\/jxgchocolate.com\/wp-content\/uploads\/2025\/04\/bulk-chocolate-beans-factory-supply-chocolate-crisp-balls-3-12x12.webp 12w, https:\/\/jxgchocolate.com\/wp-content\/uploads\/2025\/04\/bulk-chocolate-beans-factory-supply-chocolate-crisp-balls-3-430x430.webp 430w, https:\/\/jxgchocolate.com\/wp-content\/uploads\/2025\/04\/bulk-chocolate-beans-factory-supply-chocolate-crisp-balls-3-700x700.webp 700w\" sizes=\"(max-width: 2000px) 100vw, 2000px\" \/><\/figure>\n<\/div>\n<\/div>","protected":false},"excerpt":{"rendered":"<p>Willkommen zum Kauf von Schokoladenbohnen in loser Sch\u00fcttung. Unsere Fabrik liefert knusprige Schokoladenkugeln nicht nur, um ein neues Geschmackserlebnis zu bieten, sondern auch, um einzigartige kulturelle Werte zu vermitteln. Ob als t\u00e4glicher Snack, als Backzutat oder als gro\u00dfartiges Geschenk, Keks-Schokoladenkugeln bringen den Verbrauchern einzigartigen Genuss.<\/p>\n<table width=\"423\">\n<tbody>\n<tr>\n<td width=\"166\">Hersteller<\/td>\n<td width=\"257\">Gl\u00fccksfrucht<\/td>\n<\/tr>\n<tr>\n<td>MODELL NR.<\/td>\n<td>JXG56<\/td>\n<\/tr>\n<tr>\n<td>Typ<\/td>\n<td>Biskuit-Schokolade<\/td>\n<\/tr>\n<tr>\n<td>Verpackung<\/td>\n<td>Box-Verpackung<\/td>\n<\/tr>\n<tr>\n<td>Spezifikation<\/td>\n<td>20S\u00e4cke*12Kartons<\/td>\n<\/tr>\n<tr>\n<td>Gr\u00f6\u00dfe des Kartons<\/td>\n<td>58*35.5*37.5cm<\/td>\n<\/tr>\n<tr>\n<td>N.W \/SET<\/td>\n<td>23g*20Beutel<\/td>\n<\/tr>\n<tr>\n<td>Farbe<\/td>\n<td>Als Bild<\/td>\n<\/tr>\n<tr>\n<td>MOQ<\/td>\n<td>500 Kartons<\/td>\n<\/tr>\n<tr>\n<td>Personalisierung<\/td>\n<td>Verpackung\/LOGO<\/td>\n<\/tr>\n<\/tbody>\n<\/table>","protected":false},"featured_media":29806,"comment_status":"closed","ping_status":"closed","template":"","meta":[],"product_cat":[74],"product_tag":[],"class_list":{"0":"post-29789","1":"product","2":"type-product","3":"status-publish","4":"has-post-thumbnail","6":"product_cat-wholesale-crunchy-chocolate-balls","8":"first","9":"instock","10":"shipping-taxable","11":"product-type-simple"},"_links":{"self":[{"href":"https:\/\/jxgchocolate.com\/de\/wp-json\/wp\/v2\/product\/29789","targetHints":{"allow":["GET"]}}],"collection":[{"href":"https:\/\/jxgchocolate.com\/de\/wp-json\/wp\/v2\/product"}],"about":[{"href":"https:\/\/jxgchocolate.com\/de\/wp-json\/wp\/v2\/types\/product"}],"replies":[{"embeddable":true,"href":"https:\/\/jxgchocolate.com\/de\/wp-json\/wp\/v2\/comments?post=29789"}],"version-history":[{"count":0,"href":"https:\/\/jxgchocolate.com\/de\/wp-json\/wp\/v2\/product\/29789\/revisions"}],"wp:featuredmedia":[{"embeddable":true,"href":"https:\/\/jxgchocolate.com\/de\/wp-json\/wp\/v2\/media\/29806"}],"wp:attachment":[{"href":"https:\/\/jxgchocolate.com\/de\/wp-json\/wp\/v2\/media?parent=29789"}],"wp:term":[{"taxonomy":"product_cat","embeddable":true,"href":"https:\/\/jxgchocolate.com\/de\/wp-json\/wp\/v2\/product_cat?post=29789"},{"taxonomy":"product_tag","embeddable":true,"href":"https:\/\/jxgchocolate.com\/de\/wp-json\/wp\/v2\/product_tag?post=29789"}],"curies":[{"name":"wp","href":"https:\/\/api.w.org\/{rel}","templated":true}]}}