{"id":29799,"date":"2025-04-22T02:57:40","date_gmt":"2025-04-22T02:57:40","guid":{"rendered":"https:\/\/jxgchocolate.com\/?post_type=product&#038;p=29799"},"modified":"2025-04-22T02:57:42","modified_gmt":"2025-04-22T02:57:42","slug":"bulk-crispy-chocolate-ball","status":"publish","type":"product","link":"https:\/\/jxgchocolate.com\/de\/produkt\/bulk-crispy-chocolate-ball\/","title":{"rendered":"Bulk Crispy Chocolate Ball, Chinesisch Gro\u00dfhandel Schokolade S\u00fc\u00dfigkeiten mit Cookies Innen"},"content":{"rendered":"<div class=\"wp-block-columns is-layout-flex wp-container-core-columns-is-layout-9d6595d7 wp-block-columns-is-layout-flex\">\n<div class=\"wp-block-column is-layout-flow wp-block-column-is-layout-flow\">\n<h2 class=\"wp-block-heading\">Premium Bulk Crispy Chocolate Ball Eigenschaften:<\/h2>\n\n\n\n<p><strong>Vielf\u00e4ltige Geschmacksoptionen:<\/strong> Neben den traditionellen mit Milchschokolade umh\u00fcllten Keksen bieten wir auch verschiedene Varianten wie dunkle Schokolade, wei\u00dfe Schokolade usw. an, um den Geschmacksvorlieben der verschiedenen Verbraucher gerecht zu werden. Speziell entwickelte Geschmacksrichtungen werden je nach Feiertag oder Jahreszeit eingef\u00fchrt, z. B. Lebkuchengeschmack f\u00fcr die Weihnachtszeit, K\u00fcrbisgeschmack f\u00fcr Halloween usw., um die Verbraucher zum Probieren neuer Geschmacksrichtungen zu bewegen. Wir akzeptieren kundenspezifische Dienstleistungen f\u00fcr OEM und ODM.<\/p>\n\n\n\n<p><strong>Multisensorische Erfahrung:<\/strong> Die knusprige Schale der Kekse aus Gro\u00dfhandelsschokolade kontrastiert mit der seidigen Textur der Schokolade und erf\u00fcllt so die beiden Geschmacksanforderungen \"knusprig + s\u00fc\u00df\".<\/p>\n\n\n\n<p><strong>Einzigartiger Geschmack: <\/strong>Unsere gro\u00dfen knusprigen Schokoladenkugeln, bei denen man bei jedem Biss den zarten Schmelz der \u00e4u\u00dferen Schokolade und die Knusprigkeit der inneren Kekse sp\u00fcrt, bilden einen einzigartigen Geschmack, der scharf kontrastiert und doch harmonisch nebeneinander besteht. Von s\u00fc\u00dfer Schokolade zu knusprigen Keksen, dieser \u00dcbergang von s\u00fc\u00df zu noch s\u00fc\u00dfer bringt den Verbrauchern ein reiches Geschmacksniveau.<\/p>\n<\/div>\n\n\n\n<div class=\"wp-block-column is-layout-flow wp-block-column-is-layout-flow\">\n<figure class=\"wp-block-image size-full\"><img fetchpriority=\"high\" decoding=\"async\" width=\"1500\" height=\"2000\" src=\"https:\/\/jxgchocolate.com\/wp-content\/uploads\/2025\/04\/bulk-crispy-chocolate-ball-chinese-wholesale-chocolate-candy-1.webp\" alt=\"lose-knusprige-Schokoladen-Kugel-China-Gro\u00dfhandel-Schokolade-Bonbons-1\" class=\"wp-image-29819\" srcset=\"https:\/\/jxgchocolate.com\/wp-content\/uploads\/2025\/04\/bulk-crispy-chocolate-ball-chinese-wholesale-chocolate-candy-1.webp 1500w, https:\/\/jxgchocolate.com\/wp-content\/uploads\/2025\/04\/bulk-crispy-chocolate-ball-chinese-wholesale-chocolate-candy-1-225x300.webp 225w, https:\/\/jxgchocolate.com\/wp-content\/uploads\/2025\/04\/bulk-crispy-chocolate-ball-chinese-wholesale-chocolate-candy-1-768x1024.webp 768w, https:\/\/jxgchocolate.com\/wp-content\/uploads\/2025\/04\/bulk-crispy-chocolate-ball-chinese-wholesale-chocolate-candy-1-9x12.webp 9w, https:\/\/jxgchocolate.com\/wp-content\/uploads\/2025\/04\/bulk-crispy-chocolate-ball-chinese-wholesale-chocolate-candy-1-430x573.webp 430w, https:\/\/jxgchocolate.com\/wp-content\/uploads\/2025\/04\/bulk-crispy-chocolate-ball-chinese-wholesale-chocolate-candy-1-700x933.webp 700w, https:\/\/jxgchocolate.com\/wp-content\/uploads\/2025\/04\/bulk-crispy-chocolate-ball-chinese-wholesale-chocolate-candy-1-150x200.webp 150w\" sizes=\"(max-width: 1500px) 100vw, 1500px\" \/><\/figure>\n<\/div>\n<\/div>\n\n\n\n<p><\/p>","protected":false},"excerpt":{"rendered":"<p>Willkommen bei unserem Gro\u00dfhandel knusprige Schokolade Kugeln zu kaufen. Die Gro\u00dfhandelsschokolade ist ein k\u00f6stlicher Snack, der einfach knusprige Kekse und reichhaltige Schokolade miteinander verbindet. Es hat nicht nur ein einzigartiges Geschmackserlebnis, sondern zieht auch Kunden unterschiedlichen Alters auf unterschiedliche Weise an.<\/p>\n<table width=\"423\">\n<tbody>\n<tr>\n<td width=\"166\">Hersteller<\/td>\n<td width=\"257\">Gl\u00fccksfrucht<\/td>\n<\/tr>\n<tr>\n<td>MODELL NR.<\/td>\n<td>JXG56<\/td>\n<\/tr>\n<tr>\n<td>Typ<\/td>\n<td>Kekse Schokolade<\/td>\n<\/tr>\n<tr>\n<td>Verpackung<\/td>\n<td>Verpackung der Flaschen<\/td>\n<\/tr>\n<tr>\n<td>Spezifikation<\/td>\n<td>23g*20St\u00fcck<\/td>\n<\/tr>\n<tr>\n<td>Gr\u00f6\u00dfe des Kartons<\/td>\n<td>49*37*26.2cm<\/td>\n<\/tr>\n<tr>\n<td>N.W \/SET<\/td>\n<td>20Pcs*12Flaschen<\/td>\n<\/tr>\n<tr>\n<td>Farbe<\/td>\n<td>Als Bild<\/td>\n<\/tr>\n<tr>\n<td>MOQ<\/td>\n<td>500 Kartons<\/td>\n<\/tr>\n<tr>\n<td>Personalisierung<\/td>\n<td>Verpackung\/LOGO<\/td>\n<\/tr>\n<\/tbody>\n<\/table>","protected":false},"featured_media":29819,"comment_status":"closed","ping_status":"closed","template":"","meta":[],"product_cat":[74],"product_tag":[],"class_list":{"0":"post-29799","1":"product","2":"type-product","3":"status-publish","4":"has-post-thumbnail","6":"product_cat-wholesale-crunchy-chocolate-balls","8":"first","9":"instock","10":"shipping-taxable","11":"product-type-simple"},"_links":{"self":[{"href":"https:\/\/jxgchocolate.com\/de\/wp-json\/wp\/v2\/product\/29799","targetHints":{"allow":["GET"]}}],"collection":[{"href":"https:\/\/jxgchocolate.com\/de\/wp-json\/wp\/v2\/product"}],"about":[{"href":"https:\/\/jxgchocolate.com\/de\/wp-json\/wp\/v2\/types\/product"}],"replies":[{"embeddable":true,"href":"https:\/\/jxgchocolate.com\/de\/wp-json\/wp\/v2\/comments?post=29799"}],"version-history":[{"count":0,"href":"https:\/\/jxgchocolate.com\/de\/wp-json\/wp\/v2\/product\/29799\/revisions"}],"wp:featuredmedia":[{"embeddable":true,"href":"https:\/\/jxgchocolate.com\/de\/wp-json\/wp\/v2\/media\/29819"}],"wp:attachment":[{"href":"https:\/\/jxgchocolate.com\/de\/wp-json\/wp\/v2\/media?parent=29799"}],"wp:term":[{"taxonomy":"product_cat","embeddable":true,"href":"https:\/\/jxgchocolate.com\/de\/wp-json\/wp\/v2\/product_cat?post=29799"},{"taxonomy":"product_tag","embeddable":true,"href":"https:\/\/jxgchocolate.com\/de\/wp-json\/wp\/v2\/product_tag?post=29799"}],"curies":[{"name":"wp","href":"https:\/\/api.w.org\/{rel}","templated":true}]}}