{"id":29830,"date":"2025-04-30T03:32:53","date_gmt":"2025-04-30T03:32:53","guid":{"rendered":"https:\/\/jxgchocolate.com\/?post_type=product&#038;p=29830"},"modified":"2025-04-30T03:32:55","modified_gmt":"2025-04-30T03:32:55","slug":"bulk-chocolate-candy","status":"publish","type":"product","link":"https:\/\/jxgchocolate.com\/de\/produkt\/bulk-chocolate-candy\/","title":{"rendered":"Hot Item Bulk Chocolate Candy Colored Crunchy Chocolate Balls Gro\u00dfhandel"},"content":{"rendered":"<div class=\"wp-block-columns is-layout-flex wp-container-core-columns-is-layout-9d6595d7 wp-block-columns-is-layout-flex\">\n<div class=\"wp-block-column is-layout-flow wp-block-column-is-layout-flow\">\n<h2 class=\"wp-block-heading\">Premium Bulk Chocolate Candy Merkmale:<\/h2>\n\n\n\n<p><strong>Einzigartiger, vielschichtiger Geschmack: <\/strong>Der \u00dcbergang von s\u00fc\u00dfer Schokolade zu knusprigen Keksen bietet den Verbrauchern eine breite Palette von Geschmacksrichtungen. Bei einem Biss kann man das zarte Schmelzgef\u00fchl der \u00e4u\u00dferen Schokolade und die Knusprigkeit der inneren Kekse schmecken, was ein kontrastreiches, aber harmonisches Geschmackserlebnis bietet.<\/p>\n\n\n\n<p><strong>Auffallend buntes Erscheinungsbild:<\/strong> Diese bunten, knusprigen Schokoladenkugeln werden im Gro\u00dfhandel in der Regel in verschiedenen leuchtenden Farben wie Rot, Gr\u00fcn, Gelb usw. angeboten, die in den Regalen der Gesch\u00e4fte gut sichtbar sind und Kinder und Jugendliche sehr ansprechen.<\/p>\n\n\n\n<p><strong>N\u00e4hrstoffreich:<\/strong> Die gro\u00dfen Schokoladenbonbons sind eine hochwertige Kohlenhydratquelle, die schnell Energie liefert und daher nach dem Sport oder zur schnellen Erholung eingenommen werden kann. Schokolade ist die Energiequelle, die der K\u00f6rper braucht.<\/p>\n\n\n\n<p><strong>Unterst\u00fctzung f\u00fcr Massenanpassung:<\/strong> Diese farbigen, knusprigen Schokoladenkugeln f\u00fcr den Gro\u00dfhandel eignen sich f\u00fcr Superm\u00e4rkte, S\u00fc\u00dfwarenmarken, Festivals und andere Gro\u00dfeink\u00e4ufe und k\u00f6nnen je nach Bedarf an die Verpackung, Farbkombinationen oder Markenetiketten angepasst werden.<\/p>\n<\/div>\n\n\n\n<div class=\"wp-block-column is-layout-flow wp-block-column-is-layout-flow\">\n<figure class=\"wp-block-image size-full\"><img fetchpriority=\"high\" decoding=\"async\" width=\"750\" height=\"750\" src=\"https:\/\/jxgchocolate.com\/wp-content\/uploads\/2025\/04\/Hot-Item-Customized-Design-Colored-Crispy-Chocolate-Beans-Wholesales2.jpg\" alt=\"hot-item-bulk-chocolate-candy-colored-crunchy-chocolate-balls-wholesale-1\" class=\"wp-image-29833\" srcset=\"https:\/\/jxgchocolate.com\/wp-content\/uploads\/2025\/04\/Hot-Item-Customized-Design-Colored-Crispy-Chocolate-Beans-Wholesales2.jpg 750w, https:\/\/jxgchocolate.com\/wp-content\/uploads\/2025\/04\/Hot-Item-Customized-Design-Colored-Crispy-Chocolate-Beans-Wholesales2-300x300.jpg 300w, https:\/\/jxgchocolate.com\/wp-content\/uploads\/2025\/04\/Hot-Item-Customized-Design-Colored-Crispy-Chocolate-Beans-Wholesales2-150x150.jpg 150w, https:\/\/jxgchocolate.com\/wp-content\/uploads\/2025\/04\/Hot-Item-Customized-Design-Colored-Crispy-Chocolate-Beans-Wholesales2-12x12.jpg 12w, https:\/\/jxgchocolate.com\/wp-content\/uploads\/2025\/04\/Hot-Item-Customized-Design-Colored-Crispy-Chocolate-Beans-Wholesales2-430x430.jpg 430w, https:\/\/jxgchocolate.com\/wp-content\/uploads\/2025\/04\/Hot-Item-Customized-Design-Colored-Crispy-Chocolate-Beans-Wholesales2-700x700.jpg 700w\" sizes=\"(max-width: 750px) 100vw, 750px\" \/><\/figure>\n<\/div>\n<\/div>","protected":false},"excerpt":{"rendered":"<p>Willkommen zum Kauf unserer farbigen knusprigen Schokoladenkugeln im Gro\u00dfhandel. Das lose Schokoladenbonbon ist ein einzigartiges S\u00fc\u00dfwarenprodukt, das die s\u00fc\u00dfe und seidige Textur von Schokolade, den knusprigen Geschmack von Keksen und das farbenfrohe Aussehen kombiniert. Es bietet nicht nur ein v\u00f6llig neues Geschmackserlebnis, sondern vermittelt auch einen gesunden Lebensstil und kulturelle Werte.<\/p>\n<table width=\"423\">\n<tbody>\n<tr>\n<td width=\"166\">Hersteller<\/td>\n<td width=\"257\">Gl\u00fccksfrucht<\/td>\n<\/tr>\n<tr>\n<td>MODELL NR.<\/td>\n<td>JXG60<\/td>\n<\/tr>\n<tr>\n<td>Typ<\/td>\n<td>Farbige Biskuit-Schokolade<\/td>\n<\/tr>\n<tr>\n<td>Verpackung<\/td>\n<td>Verpackung der Tasche<\/td>\n<\/tr>\n<tr>\n<td>Spezifikation<\/td>\n<td>18g*30St\u00fcck<\/td>\n<\/tr>\n<tr>\n<td>Gr\u00f6\u00dfe des Kartons<\/td>\n<td>60*30*50cm<\/td>\n<\/tr>\n<tr>\n<td>N.W \/SET<\/td>\n<td>30Pcs*30Beutel<\/td>\n<\/tr>\n<tr>\n<td>Farbe<\/td>\n<td>Als Bild<\/td>\n<\/tr>\n<tr>\n<td>MOQ<\/td>\n<td>500 Kartons<\/td>\n<\/tr>\n<tr>\n<td>Personalisierung<\/td>\n<td>Verpackung\/LOGO<\/td>\n<\/tr>\n<\/tbody>\n<\/table>","protected":false},"featured_media":29832,"comment_status":"closed","ping_status":"closed","template":"","meta":[],"product_cat":[74],"product_tag":[],"class_list":{"0":"post-29830","1":"product","2":"type-product","3":"status-publish","4":"has-post-thumbnail","6":"product_cat-wholesale-crunchy-chocolate-balls","8":"first","9":"instock","10":"shipping-taxable","11":"product-type-simple"},"_links":{"self":[{"href":"https:\/\/jxgchocolate.com\/de\/wp-json\/wp\/v2\/product\/29830","targetHints":{"allow":["GET"]}}],"collection":[{"href":"https:\/\/jxgchocolate.com\/de\/wp-json\/wp\/v2\/product"}],"about":[{"href":"https:\/\/jxgchocolate.com\/de\/wp-json\/wp\/v2\/types\/product"}],"replies":[{"embeddable":true,"href":"https:\/\/jxgchocolate.com\/de\/wp-json\/wp\/v2\/comments?post=29830"}],"version-history":[{"count":0,"href":"https:\/\/jxgchocolate.com\/de\/wp-json\/wp\/v2\/product\/29830\/revisions"}],"wp:featuredmedia":[{"embeddable":true,"href":"https:\/\/jxgchocolate.com\/de\/wp-json\/wp\/v2\/media\/29832"}],"wp:attachment":[{"href":"https:\/\/jxgchocolate.com\/de\/wp-json\/wp\/v2\/media?parent=29830"}],"wp:term":[{"taxonomy":"product_cat","embeddable":true,"href":"https:\/\/jxgchocolate.com\/de\/wp-json\/wp\/v2\/product_cat?post=29830"},{"taxonomy":"product_tag","embeddable":true,"href":"https:\/\/jxgchocolate.com\/de\/wp-json\/wp\/v2\/product_tag?post=29830"}],"curies":[{"name":"wp","href":"https:\/\/api.w.org\/{rel}","templated":true}]}}