{"id":29841,"date":"2025-04-30T08:53:07","date_gmt":"2025-04-30T08:53:07","guid":{"rendered":"https:\/\/jxgchocolate.com\/?post_type=product&#038;p=29841"},"modified":"2025-04-30T08:53:09","modified_gmt":"2025-04-30T08:53:09","slug":"chocolate-malt-balls-wholesale","status":"publish","type":"product","link":"https:\/\/jxgchocolate.com\/de\/produkt\/chocolate-malt-balls-wholesale\/","title":{"rendered":"Schokolade Malzkugeln Gro\u00dfhandel, benutzerdefinierte Schokolade S\u00fc\u00dfigkeiten bedeckt gepufftes Herz"},"content":{"rendered":"<div class=\"wp-block-columns is-layout-flex wp-container-core-columns-is-layout-9d6595d7 wp-block-columns-is-layout-flex\">\n<div class=\"wp-block-column is-layout-flow wp-block-column-is-layout-flow\">\n<h2 class=\"wp-block-heading\">Premium-Schokoladenmalzkugeln Gro\u00dfhandel Merkmale:<\/h2>\n\n\n\n<p><strong>Praktische Verpackung: <\/strong>Die Schokoladenmalzkugeln im Gro\u00dfhandel haben die Form einer unabh\u00e4ngigen kleinen T\u00fcte, die bequem zu tragen und leicht zu teilen ist, so dass sie sich sehr gut f\u00fcr Outdoor-Aktivit\u00e4ten und Reisen eignen, um sie jederzeit zu genie\u00dfen. Die f\u00fcr Privatanwender eingef\u00fchrte Version mit gro\u00dfem Fassungsverm\u00f6gen ist sowohl kosteng\u00fcnstig als auch erm\u00f6glicht den Kauf mehrerer Geschmacksrichtungen auf einmal f\u00fcr die ganze Familie.<\/p>\n\n\n\n<p><strong>Geeignet f\u00fcr verschiedene Anl\u00e4sse: <\/strong>Im Vergleich zu anderen Schokoladenprodukten ist die innere Struktur von Mylikes relativ leicht und macht nicht so schnell fettig, so dass sie f\u00fcr Menschen geeignet ist, die gerne und leicht S\u00fc\u00dfes essen. Mylikes eignet sich als Snack f\u00fcr die Freizeit, der in den Arbeitspausen oder bei Familientreffen ein angenehmes Vergn\u00fcgen bereitet. Oder es kann mit einer Tasse hei\u00dfem Tee oder Kaffee kombiniert werden, um den perfekten Nachmittagstee oder Dim Sum zuzubereiten. Es kann auch f\u00fcr die Herstellung kreativer Desserts verwendet werden, wie z. B. Sandwich-Kekse, Kuchendekorationen usw., um den Spa\u00df am Backen zu erh\u00f6hen.<\/p>\n\n\n\n<p><strong>Klassiker und Nostalgie: <\/strong>Als Marke mit einer langen Geschichte ist Mylikes f\u00fcr viele Menschen mit Kindheitserinnerungen verbunden. F\u00fcr diejenigen, die sch\u00f6ne Erinnerungen wieder aufleben lassen wollen, ist es nicht nur ein Snack, sondern auch eine emotionale Bindung.<\/p>\n\n\n\n<p><strong>Unterst\u00fctzt kundenspezifische Verpackungen und Markenlogos:<\/strong> Die Schokoladenmalzkugeln Gro\u00dfhandel Massenproduktion unterst\u00fctzt personalisierte Anpassung, einschlie\u00dflich bunte Verpackung, Urlaub Geschenk-Boxen, und Markenlogo Druck, ideal f\u00fcr Urlaub Aktionen, Private Label Produkte und Firmengeschenke.<\/p>\n<\/div>\n\n\n\n<div class=\"wp-block-column is-layout-flow wp-block-column-is-layout-flow\">\n<figure class=\"wp-block-image size-full\"><img fetchpriority=\"high\" decoding=\"async\" width=\"750\" height=\"750\" src=\"https:\/\/jxgchocolate.com\/wp-content\/uploads\/2025\/04\/Wholesale-Mylikes-Chocolate-Smooth-Chocolate-Covered-Puffed-Heart-3.webp\" alt=\"schokoladenmalzkugeln-gro\u00dfhandel-sonderanfertigung-schokolade-zucker-\u00fcberzogenes-gepufftes-herz-1\" class=\"wp-image-29844\" srcset=\"https:\/\/jxgchocolate.com\/wp-content\/uploads\/2025\/04\/Wholesale-Mylikes-Chocolate-Smooth-Chocolate-Covered-Puffed-Heart-3.webp 750w, https:\/\/jxgchocolate.com\/wp-content\/uploads\/2025\/04\/Wholesale-Mylikes-Chocolate-Smooth-Chocolate-Covered-Puffed-Heart-3-300x300.webp 300w, https:\/\/jxgchocolate.com\/wp-content\/uploads\/2025\/04\/Wholesale-Mylikes-Chocolate-Smooth-Chocolate-Covered-Puffed-Heart-3-150x150.webp 150w, https:\/\/jxgchocolate.com\/wp-content\/uploads\/2025\/04\/Wholesale-Mylikes-Chocolate-Smooth-Chocolate-Covered-Puffed-Heart-3-12x12.webp 12w, https:\/\/jxgchocolate.com\/wp-content\/uploads\/2025\/04\/Wholesale-Mylikes-Chocolate-Smooth-Chocolate-Covered-Puffed-Heart-3-430x430.webp 430w, https:\/\/jxgchocolate.com\/wp-content\/uploads\/2025\/04\/Wholesale-Mylikes-Chocolate-Smooth-Chocolate-Covered-Puffed-Heart-3-700x700.webp 700w\" sizes=\"(max-width: 750px) 100vw, 750px\" \/><\/figure>\n<\/div>\n<\/div>\n\n\n\n<p><\/p>","protected":false},"excerpt":{"rendered":"<p>Willkommen zum Kauf unserer Schokoladenmalzkugeln im Gro\u00dfhandel. Das mit Schokolade \u00fcberzogene, gepuffte Herz nimmt mit seinem einzigartigen Geschmack, dem klassischen Markenimage und der vielf\u00e4ltigen Geschmacksauswahl einen Platz unter den vielen Schokoladenprodukten ein. Ob als t\u00e4glicher Snack, als Urlaubsgeschenk oder als Souvenir f\u00fcr besondere Anl\u00e4sse, Mylikes k\u00f6nnen den Verbrauchern ein angenehmes Vergn\u00fcgen bereiten.<\/p>\n<table width=\"423\">\n<tbody>\n<tr>\n<td width=\"166\">Hersteller<\/td>\n<td width=\"257\">Gl\u00fccksfrucht<\/td>\n<\/tr>\n<tr>\n<td>MODELL NR.<\/td>\n<td>JXG61<\/td>\n<\/tr>\n<tr>\n<td>Typ<\/td>\n<td>Mylikes Schokolade<\/td>\n<\/tr>\n<tr>\n<td>Verpackung<\/td>\n<td>Verpackung der Tasche<\/td>\n<\/tr>\n<tr>\n<td>Spezifikation<\/td>\n<td>16g*30St\u00fcck<\/td>\n<\/tr>\n<tr>\n<td>Gr\u00f6\u00dfe des Kartons<\/td>\n<td>60*30*50cm<\/td>\n<\/tr>\n<tr>\n<td>N.W \/SET<\/td>\n<td>30Pcs*30Beutel<\/td>\n<\/tr>\n<tr>\n<td>Farbe<\/td>\n<td>Als Bild<\/td>\n<\/tr>\n<tr>\n<td>MOQ<\/td>\n<td>500 Kartons<\/td>\n<\/tr>\n<tr>\n<td>Personalisierung<\/td>\n<td>Verpackung\/LOGO<\/td>\n<\/tr>\n<\/tbody>\n<\/table>","protected":false},"featured_media":29842,"comment_status":"closed","ping_status":"closed","template":"","meta":[],"product_cat":[74],"product_tag":[],"class_list":{"0":"post-29841","1":"product","2":"type-product","3":"status-publish","4":"has-post-thumbnail","6":"product_cat-wholesale-crunchy-chocolate-balls","8":"first","9":"instock","10":"shipping-taxable","11":"product-type-simple"},"_links":{"self":[{"href":"https:\/\/jxgchocolate.com\/de\/wp-json\/wp\/v2\/product\/29841","targetHints":{"allow":["GET"]}}],"collection":[{"href":"https:\/\/jxgchocolate.com\/de\/wp-json\/wp\/v2\/product"}],"about":[{"href":"https:\/\/jxgchocolate.com\/de\/wp-json\/wp\/v2\/types\/product"}],"replies":[{"embeddable":true,"href":"https:\/\/jxgchocolate.com\/de\/wp-json\/wp\/v2\/comments?post=29841"}],"version-history":[{"count":0,"href":"https:\/\/jxgchocolate.com\/de\/wp-json\/wp\/v2\/product\/29841\/revisions"}],"wp:featuredmedia":[{"embeddable":true,"href":"https:\/\/jxgchocolate.com\/de\/wp-json\/wp\/v2\/media\/29842"}],"wp:attachment":[{"href":"https:\/\/jxgchocolate.com\/de\/wp-json\/wp\/v2\/media?parent=29841"}],"wp:term":[{"taxonomy":"product_cat","embeddable":true,"href":"https:\/\/jxgchocolate.com\/de\/wp-json\/wp\/v2\/product_cat?post=29841"},{"taxonomy":"product_tag","embeddable":true,"href":"https:\/\/jxgchocolate.com\/de\/wp-json\/wp\/v2\/product_tag?post=29841"}],"curies":[{"name":"wp","href":"https:\/\/api.w.org\/{rel}","templated":true}]}}