{"id":29856,"date":"2025-05-09T09:29:09","date_gmt":"2025-05-09T09:29:09","guid":{"rendered":"https:\/\/jxgchocolate.com\/?post_type=product&#038;p=29856"},"modified":"2025-05-09T09:29:11","modified_gmt":"2025-05-09T09:29:11","slug":"dark-chocolate-balls-bulk","status":"publish","type":"product","link":"https:\/\/jxgchocolate.com\/de\/produkt\/dark-chocolate-balls-bulk\/","title":{"rendered":"Bitterschokoladenkugeln in loser Sch\u00fcttung mit glatter Schokolade \u00fcberzogene knusprige Erdn\u00fcsse, kundenspezifische Verpackung"},"content":{"rendered":"<div class=\"wp-block-columns is-layout-flex wp-container-core-columns-is-layout-9d6595d7 wp-block-columns-is-layout-flex\">\n<div class=\"wp-block-column is-layout-flow wp-block-column-is-layout-flow\">\n<h2 class=\"wp-block-heading\">Premium Dark Chocolate Balls Bulk Merkmale:<\/h2>\n\n\n\n<p><strong>Verpackung aus dunkler Schokolade:<\/strong> Diese schokoladen\u00fcberzogenen Erdn\u00fcsse f\u00fcr den Gro\u00dfhandel bestehen aus hochwertiger Zartbitterschokolade mit einem weichen und reichhaltigen Geschmack, der das gesamte Geschmacksniveau erh\u00f6ht.<\/p>\n\n\n\n<p><strong>Knuspriger Erdnusskern: <\/strong>Unsere Bitterschokoladenkugeln sind f\u00fcr hochwertige Erdn\u00fcsse ausgew\u00e4hlt und ger\u00f6stet, um einen doppelten Genuss von knusprig und knackig zu bringen.<\/p>\n\n\n\n<p><strong>Lieferung im Gro\u00dfhandel: <\/strong>Diese schokoladen\u00fcberzogenen Erdn\u00fcsse f\u00fcr den Gro\u00dfhandel eignen sich f\u00fcr Marken, Vertriebsunternehmen und Einzelh\u00e4ndler, um Bestellungen mit hoher Nachfrage zu erf\u00fcllen und die Beschaffungskosten zu senken.<\/p>\n\n\n\n<p><strong>Unterst\u00fctzung f\u00fcr ma\u00dfgeschneiderte Verpackungen:<\/strong> Unsere Bitterschokoladekugeln in loser Sch\u00fcttung bieten eine Vielzahl von Verpackungsformaten und Designl\u00f6sungen, um den Anforderungen unterschiedlicher M\u00e4rkte und Markenpositionierungen gerecht zu werden.<\/p>\n<\/div>\n\n\n\n<div class=\"wp-block-column is-layout-flow wp-block-column-is-layout-flow\">\n<figure class=\"wp-block-image size-full\"><img fetchpriority=\"high\" decoding=\"async\" width=\"750\" height=\"750\" src=\"https:\/\/jxgchocolate.com\/wp-content\/uploads\/2025\/04\/Wholesales-Smooth-Chocolate-Covered-Crispy-Peanuts-Customized-Design-Packaging4.webp\" alt=\"dunkle-schokoladen-kugeln-glatte-schokolade-\u00fcberzogene-knusprige-erdn\u00fcsse-individuelle-verpackung-1\" class=\"wp-image-29861\" srcset=\"https:\/\/jxgchocolate.com\/wp-content\/uploads\/2025\/04\/Wholesales-Smooth-Chocolate-Covered-Crispy-Peanuts-Customized-Design-Packaging4.webp 750w, https:\/\/jxgchocolate.com\/wp-content\/uploads\/2025\/04\/Wholesales-Smooth-Chocolate-Covered-Crispy-Peanuts-Customized-Design-Packaging4-300x300.webp 300w, https:\/\/jxgchocolate.com\/wp-content\/uploads\/2025\/04\/Wholesales-Smooth-Chocolate-Covered-Crispy-Peanuts-Customized-Design-Packaging4-150x150.webp 150w, https:\/\/jxgchocolate.com\/wp-content\/uploads\/2025\/04\/Wholesales-Smooth-Chocolate-Covered-Crispy-Peanuts-Customized-Design-Packaging4-12x12.webp 12w, https:\/\/jxgchocolate.com\/wp-content\/uploads\/2025\/04\/Wholesales-Smooth-Chocolate-Covered-Crispy-Peanuts-Customized-Design-Packaging4-430x430.webp 430w, https:\/\/jxgchocolate.com\/wp-content\/uploads\/2025\/04\/Wholesales-Smooth-Chocolate-Covered-Crispy-Peanuts-Customized-Design-Packaging4-700x700.webp 700w\" sizes=\"(max-width: 750px) 100vw, 750px\" \/><\/figure>\n<\/div>\n<\/div>","protected":false},"excerpt":{"rendered":"<p>Willkommen zum Kauf unserer Gro\u00dfhandel Schokolade \u00fcberzogen Erdn\u00fcsse. Unsere dunkle Schokolade Kugeln bulk haben glatte dunkle Schokolade trifft knusprig ger\u00f6stete Erdn\u00fcsse in diesen genussvollen Schokolade Kugeln - perfekt f\u00fcr Gro\u00dfhandel und anpassbar an Ihre Marke die Verpackung Bed\u00fcrfnisse anzupassen. Ob als t\u00e4glicher Snack, als Backzutat oder als gro\u00dfartiges Geschenk, Erdnussschokolade bietet den Verbrauchern einen einzigartigen Genuss.<\/p>\n<table width=\"423\">\n<tbody>\n<tr>\n<td width=\"166\">Hersteller<\/td>\n<td width=\"257\">Gl\u00fccksfrucht<\/td>\n<\/tr>\n<tr>\n<td>MODELL NR.<\/td>\n<td>JXG60<\/td>\n<\/tr>\n<tr>\n<td>Typ<\/td>\n<td>Farbige Biskuit-Schokolade<\/td>\n<\/tr>\n<tr>\n<td>Verpackung<\/td>\n<td>Verpackung der Tasche<\/td>\n<\/tr>\n<tr>\n<td>Spezifikation<\/td>\n<td>18g*20St\u00fcck<\/td>\n<\/tr>\n<tr>\n<td>Gr\u00f6\u00dfe des Kartons<\/td>\n<td>58*38*36cm<\/td>\n<\/tr>\n<tr>\n<td>N.W \/SET<\/td>\n<td>20Pcs*24Beutel<\/td>\n<\/tr>\n<tr>\n<td>Farbe<\/td>\n<td>Als Bild<\/td>\n<\/tr>\n<tr>\n<td>MOQ<\/td>\n<td>500 Kartons<\/td>\n<\/tr>\n<tr>\n<td>Personalisierung<\/td>\n<td>Verpackung\/LOGO<\/td>\n<\/tr>\n<\/tbody>\n<\/table>","protected":false},"featured_media":29858,"comment_status":"closed","ping_status":"closed","template":"","meta":[],"product_cat":[73],"product_tag":[],"class_list":{"0":"post-29856","1":"product","2":"type-product","3":"status-publish","4":"has-post-thumbnail","6":"product_cat-wholesale-chocolate-covered-peanuts","8":"first","9":"instock","10":"shipping-taxable","11":"product-type-simple"},"_links":{"self":[{"href":"https:\/\/jxgchocolate.com\/de\/wp-json\/wp\/v2\/product\/29856","targetHints":{"allow":["GET"]}}],"collection":[{"href":"https:\/\/jxgchocolate.com\/de\/wp-json\/wp\/v2\/product"}],"about":[{"href":"https:\/\/jxgchocolate.com\/de\/wp-json\/wp\/v2\/types\/product"}],"replies":[{"embeddable":true,"href":"https:\/\/jxgchocolate.com\/de\/wp-json\/wp\/v2\/comments?post=29856"}],"version-history":[{"count":7,"href":"https:\/\/jxgchocolate.com\/de\/wp-json\/wp\/v2\/product\/29856\/revisions"}],"predecessor-version":[{"id":29887,"href":"https:\/\/jxgchocolate.com\/de\/wp-json\/wp\/v2\/product\/29856\/revisions\/29887"}],"wp:featuredmedia":[{"embeddable":true,"href":"https:\/\/jxgchocolate.com\/de\/wp-json\/wp\/v2\/media\/29858"}],"wp:attachment":[{"href":"https:\/\/jxgchocolate.com\/de\/wp-json\/wp\/v2\/media?parent=29856"}],"wp:term":[{"taxonomy":"product_cat","embeddable":true,"href":"https:\/\/jxgchocolate.com\/de\/wp-json\/wp\/v2\/product_cat?post=29856"},{"taxonomy":"product_tag","embeddable":true,"href":"https:\/\/jxgchocolate.com\/de\/wp-json\/wp\/v2\/product_tag?post=29856"}],"curies":[{"name":"wp","href":"https:\/\/api.w.org\/{rel}","templated":true}]}}