{"id":27274,"date":"2024-04-27T01:42:37","date_gmt":"2024-04-27T01:42:37","guid":{"rendered":"https:\/\/jxgchocolate.com\/?post_type=product&#038;p=27274"},"modified":"2024-11-11T02:22:05","modified_gmt":"2024-11-11T02:22:05","slug":"wholesale-crunchy-chocolate-balls","status":"publish","type":"product","link":"https:\/\/jxgchocolate.com\/es\/producto\/wholesale-crunchy-chocolate-balls\/","title":{"rendered":"Venta al por mayor Bolas de chocolate crujientes, Bolas de chocolate a granel"},"content":{"rendered":"<div class=\"wp-block-columns is-layout-flex wp-container-core-columns-is-layout-9d6595d7 wp-block-columns-is-layout-flex\">\n<div class=\"wp-block-column is-vertically-aligned-center is-layout-flow wp-block-column-is-layout-flow\">\n<h3 class=\"wp-block-heading\">Bolas de chocolate crujientes al por mayor de primera calidad Caracter\u00edsticas:<\/h3>\n\n\n\n<ol class=\"wp-block-list\">\n<li><strong>Textura agradable: <\/strong>Estas bolas de chocolate crujientes al por mayor tienen una textura tan agradable, vienen en chocolate fino en el exterior, regordeta y crujiente en el interior, lleno de ricas capas y sabores en cada bocado.<\/li>\n\n\n\n<li><strong>Multiusos: <\/strong>Adem\u00e1s de ser deliciosos aperitivos, estas bolas de chocolate a granel tambi\u00e9n pueden utilizarse para decorar pasteles, helados y postres, a\u00f1adiendo inter\u00e9s visual y gustativo en muchos tipos de cocina.<\/li>\n\n\n\n<li><strong>Garant\u00eda de frescura: <\/strong>Garantizamos a nuestros clientes que todas y cada una de sus compras de bolas de chocolate crujiente al por mayor con nosotros ser\u00e1n frescas, mientras que nuestra forma de utilizar m\u00e9todos de envasado y almacenamiento de alta calidad asegura un sabor regular tambi\u00e9n en calidad.<\/li>\n\n\n\n<li><strong>Precios competitivos: <\/strong>Nuestras bolas de chocolate a granel de alta calidad con precios al por mayor ofrecen beneficios estables de las operaciones y una ventaja competitiva en el mercado.<\/li>\n<\/ol>\n<\/div>\n\n\n\n<div class=\"wp-block-column is-layout-flow wp-block-column-is-layout-flow\">\n<figure class=\"wp-block-image size-full\"><img fetchpriority=\"high\" decoding=\"async\" width=\"750\" height=\"750\" src=\"https:\/\/jxgchocolate.com\/wp-content\/uploads\/2024\/04\/wholesale-crunchy-chocolate-balls-6_\u526f\u672c.webp\" alt=\"Venta al por mayor Bolas de chocolate crujientes, Bolas de chocolate a granel\" class=\"wp-image-28393\" srcset=\"https:\/\/jxgchocolate.com\/wp-content\/uploads\/2024\/04\/wholesale-crunchy-chocolate-balls-6_\u526f\u672c.webp 750w, https:\/\/jxgchocolate.com\/wp-content\/uploads\/2024\/04\/wholesale-crunchy-chocolate-balls-6_\u526f\u672c-300x300.webp 300w, https:\/\/jxgchocolate.com\/wp-content\/uploads\/2024\/04\/wholesale-crunchy-chocolate-balls-6_\u526f\u672c-150x150.webp 150w, https:\/\/jxgchocolate.com\/wp-content\/uploads\/2024\/04\/wholesale-crunchy-chocolate-balls-6_\u526f\u672c-430x430.webp 430w, https:\/\/jxgchocolate.com\/wp-content\/uploads\/2024\/04\/wholesale-crunchy-chocolate-balls-6_\u526f\u672c-700x700.webp 700w\" sizes=\"(max-width: 750px) 100vw, 750px\" \/><\/figure>\n<\/div>\n<\/div>","protected":false},"excerpt":{"rendered":"<p>Bienvenido a comprar bolas de chocolate al por mayor. Nuestras bolas de chocolate crujiente al por mayor tienen un sabor dulce, con cobertura de chocolate fino para satisfacer muchos gustos y necesidades de los consumidores, por lo tanto, traer el \u00e9xito y la expansi\u00f3n de su negocio.<\/p>\n<table width=\"275\">\n<tbody>\n<tr>\n<td width=\"108\">Fabricante<\/td>\n<td width=\"167\">Fruta de la suerte<\/td>\n<\/tr>\n<tr>\n<td>N\u00ba DE MODELO<\/td>\n<td>JXG11<\/td>\n<\/tr>\n<tr>\n<td>Tipo<\/td>\n<td>Bolas crujientes de chocolate<\/td>\n<\/tr>\n<tr>\n<td>Embalaje<\/td>\n<td>Embalaje en bolsas<\/td>\n<\/tr>\n<tr>\n<td>Especificaci\u00f3n<\/td>\n<td>70pcs*30bolsas<\/td>\n<\/tr>\n<tr>\n<td>Tama\u00f1o de la caja<\/td>\n<td>53*33*39 cm<\/td>\n<\/tr>\n<tr>\n<td>N.W \/SET<\/td>\n<td>4g*70pcs*30bolsas<\/td>\n<\/tr>\n<tr>\n<td>Color<\/td>\n<td>Multicolor<\/td>\n<\/tr>\n<tr>\n<td>MOQ<\/td>\n<td>500 cajas<\/td>\n<\/tr>\n<tr>\n<td>Personalizaci\u00f3n<\/td>\n<td>Embalaje\/LOGO<\/td>\n<\/tr>\n<\/tbody>\n<\/table>","protected":false},"featured_media":28394,"comment_status":"closed","ping_status":"closed","template":"","meta":[],"product_cat":[74],"product_tag":[],"class_list":{"0":"post-27274","1":"product","2":"type-product","3":"status-publish","4":"has-post-thumbnail","6":"product_cat-wholesale-crunchy-chocolate-balls","8":"first","9":"instock","10":"shipping-taxable","11":"product-type-simple"},"_links":{"self":[{"href":"https:\/\/jxgchocolate.com\/es\/wp-json\/wp\/v2\/product\/27274","targetHints":{"allow":["GET"]}}],"collection":[{"href":"https:\/\/jxgchocolate.com\/es\/wp-json\/wp\/v2\/product"}],"about":[{"href":"https:\/\/jxgchocolate.com\/es\/wp-json\/wp\/v2\/types\/product"}],"replies":[{"embeddable":true,"href":"https:\/\/jxgchocolate.com\/es\/wp-json\/wp\/v2\/comments?post=27274"}],"version-history":[{"count":0,"href":"https:\/\/jxgchocolate.com\/es\/wp-json\/wp\/v2\/product\/27274\/revisions"}],"wp:featuredmedia":[{"embeddable":true,"href":"https:\/\/jxgchocolate.com\/es\/wp-json\/wp\/v2\/media\/28394"}],"wp:attachment":[{"href":"https:\/\/jxgchocolate.com\/es\/wp-json\/wp\/v2\/media?parent=27274"}],"wp:term":[{"taxonomy":"product_cat","embeddable":true,"href":"https:\/\/jxgchocolate.com\/es\/wp-json\/wp\/v2\/product_cat?post=27274"},{"taxonomy":"product_tag","embeddable":true,"href":"https:\/\/jxgchocolate.com\/es\/wp-json\/wp\/v2\/product_tag?post=27274"}],"curies":[{"name":"wp","href":"https:\/\/api.w.org\/{rel}","templated":true}]}}